{"id":3459,"date":"2023-12-22T08:14:51","date_gmt":"2023-12-22T07:14:51","guid":{"rendered":"https:\/\/granagroup.eu\/oelsaaten-und-pflanzenoele\/"},"modified":"2025-10-22T09:43:40","modified_gmt":"2025-10-22T08:43:40","slug":"oelsaaten-und-pflanzenoele","status":"publish","type":"page","link":"https:\/\/granagroup.eu\/cs\/oelsaaten-und-pflanzenoele\/","title":{"rendered":"Olejnat\u00e1 semena a rostlinn\u00e9 oleje"},"content":{"rendered":"\n<p>P\u0159i obchodov\u00e1n\u00ed s olejnat\u00fdmi semeny a rostlinn\u00fdmi oleji \u00fazce spolupracujeme s rozs\u00e1hlou s\u00edt\u00ed dodavatel\u016f a zpracovatel\u016f. Zaji\u0161\u0165ujeme n\u00e1kup a prodej olejnat\u00fdch semen a<\/p>\n\n\n\n<p>z nich vyroben\u00fdch olej\u016f pro potravin\u00e1\u0159sk\u00fd a krmiv\u00e1\u0159sk\u00fd pr\u016fmysl.<strong><\/strong><\/p>\n\n\n\n<p>Na\u0161imi nejd\u016fle\u017eit\u011bj\u0161\u00edmi obchodn\u00edmi produkty jsou \u0159epka, slune\u010dnicov\u00e1 semena, \u0159epkov\u00fd olej, slune\u010dnicov\u00fd olej, ln\u011bn\u00fd olej, s\u00f3jov\u00fd olej a palmov\u00fd olej.<\/p>\n\n\n\n<hr class=\"wp-block-separator has-alpha-channel-opacity is-style-dots\"\/>\n\n\n\n<h3 class=\"wp-block-heading\"><strong>Va\u0161e kontakty pro obchodov\u00e1n\u00ed<\/strong><\/h3>\n\n\n\n<div style=\"height:10px\" aria-hidden=\"true\" class=\"wp-block-spacer\"><\/div>\n\n\n\n<div class=\"wp-block-columns\">\n<div class=\"wp-block-column\">\n<div class=\"wp-block-cloudweb-person-card is-style-with-languages wp-block-cloudweb-person-card-dynamic\">\n\t<div class=\"person-card-info\">\n\t\t<div class=\"person-card-image\">\n\t\t\t<img decoding=\"async\" src=\"https:\/\/granagroup.eu\/wp-content\/uploads\/2023\/12\/Windlin_Marco_GRANA_2022.jpg\" alt=\"\" width=\"443\" height=\"443\" loading=\"lazy\" \/>\t\t<\/div>\n\t\t<div class=\"person-card-details\">\n\t\t\t<h2 class=\"person-card-name\">Marco Windlin<\/h2>\n\t\t\t<p class=\"person-card-detail\">H\u00e4ndler<\/p><\/div>\n\t<\/div>\n\t<div class=\"person-card-contact\">\n\t\t\t\t\t<p class=\"person-card-phone\">\n\t\t\t\t<a href=\"tel:+4980333046618\" itemprop=\"telephone\" title=\"Call us\">+49 8033 304 66 18<\/a>\t\t\t<\/p>\n\t\t\t\t\t\t\t\t\t\t\t\t\t\t<p class=\"person-card-mobile\">\n\t\t\t\t\t<a href=\"tel:+491604075419\" itemprop=\"telephone\" title=\"Call us\">+49 1604 07 54 19<\/a>\t\t\t\t<\/p>\n\t\t\t\t\t\t\t\t\t\t<p class=\"person-card-mail\">\n\t\t\t\t<a href=\"mailto:&#109;%61&#114;co.w%69&#110;d%6c%69%6e&#64;&#103;&#114;a%6e&#97;g&#114;%6f%75%70.%65u\" title=\"Email us\" itemprop=\"email\">mar&#99;&#111;&#46;wind&#108;&#105;n&#64;&#103;&#114;a&#110;ag&#114;ou&#112;.&#101;&#117;<\/a>\t\t\t<\/p>\n\t\t\n\t<\/div>\n\t\t\t<div class=\"person-card-languages\">\n\t\t\t<span>Languages<\/span>\n\t\t\t<ul class=\"languages-list\">\n\t\t\t\t\t\t\t\t\t<li><i class=\"icon-lang icon-lang-de\"><\/i><\/li>\n\t\t\t\t\t\t\t\t\t<li><i class=\"icon-lang icon-lang-fr\"><\/i><\/li>\n\t\t\t\t\t\t\t\t\t<li><i class=\"icon-lang icon-lang-en\"><\/i><\/li>\n\t\t\t\t\t\t\t<\/ul>\n\t\t<\/div>\n\t<\/div>\n<\/div>\n\n\n\n<div class=\"wp-block-column\"><\/div>\n\n\n\n<div class=\"wp-block-column\"><\/div>\n<\/div>\n","protected":false},"excerpt":{"rendered":"<p>P\u0159i obchodov\u00e1n\u00ed s olejnat\u00fdmi semeny a rostlinn\u00fdmi oleji \u00fazce spolupracujeme s rozs\u00e1hlou s\u00edt\u00ed dodavatel\u016f a zpracovatel\u016f. Zaji\u0161\u0165ujeme n\u00e1kup a prodej olejnat\u00fdch semen a z nich vyroben\u00fdch olej\u016f pro potravin\u00e1\u0159sk\u00fd a krmiv\u00e1\u0159sk\u00fd pr\u016fmysl. Na\u0161imi nejd\u016fle\u017eit\u011bj\u0161\u00edmi obchodn\u00edmi produkty jsou \u0159epka, slune\u010dnicov\u00e1 semena, \u0159epkov\u00fd olej, slune\u010dnicov\u00fd olej, ln\u011bn\u00fd olej, s\u00f3jov\u00fd olej a palmov\u00fd olej. Va\u0161e kontakty pro obchodov\u00e1n\u00ed<\/p>\n","protected":false},"author":5,"featured_media":0,"parent":0,"menu_order":0,"comment_status":"closed","ping_status":"closed","template":"","meta":{"_acf_changed":false,"inline_featured_image":false,"_genesis_hide_title":false,"_genesis_hide_breadcrumbs":false,"_genesis_hide_singular_image":false,"_genesis_hide_footer_widgets":false,"_genesis_custom_body_class":"","_genesis_custom_post_class":"","_genesis_layout":"","footnotes":""},"class_list":{"0":"post-3459","1":"page","2":"type-page","3":"status-publish","5":"entry"},"acf":[],"_links":{"self":[{"href":"https:\/\/granagroup.eu\/cs\/wp-json\/wp\/v2\/pages\/3459","targetHints":{"allow":["GET"]}}],"collection":[{"href":"https:\/\/granagroup.eu\/cs\/wp-json\/wp\/v2\/pages"}],"about":[{"href":"https:\/\/granagroup.eu\/cs\/wp-json\/wp\/v2\/types\/page"}],"author":[{"embeddable":true,"href":"https:\/\/granagroup.eu\/cs\/wp-json\/wp\/v2\/users\/5"}],"replies":[{"embeddable":true,"href":"https:\/\/granagroup.eu\/cs\/wp-json\/wp\/v2\/comments?post=3459"}],"version-history":[{"count":0,"href":"https:\/\/granagroup.eu\/cs\/wp-json\/wp\/v2\/pages\/3459\/revisions"}],"wp:attachment":[{"href":"https:\/\/granagroup.eu\/cs\/wp-json\/wp\/v2\/media?parent=3459"}],"curies":[{"name":"wp","href":"https:\/\/api.w.org\/{rel}","templated":true}]}}