{"id":3466,"date":"2023-12-20T23:16:21","date_gmt":"2023-12-20T22:16:21","guid":{"rendered":"https:\/\/granagroup.eu\/logistik\/"},"modified":"2025-11-26T13:09:46","modified_gmt":"2025-11-26T12:09:46","slug":"logistik","status":"publish","type":"page","link":"https:\/\/granagroup.eu\/cs\/logistik\/","title":{"rendered":"Logistika"},"content":{"rendered":"\n<p>V mezin\u00e1rodn\u00ed logistice se granaagro op\u00edr\u00e1 jak o dlouholet\u00e9 zku\u0161enosti v oblasti dopravy a p\u0159ekl\u00e1dky zbo\u017e\u00ed, tak o profesion\u00e1ln\u00ed a silnou s\u00ed\u0165 logistick\u00fdch spole\u010dnost\u00ed zab\u00fdvaj\u00edc\u00edch se silni\u010dn\u00ed, \u017eelezni\u010dn\u00ed, lodn\u00ed dopravou a mo\u017enostmi skladov\u00e1n\u00ed. T\u00fdm vysoce kvalifikovan\u00fdch a jazykov\u011b vybaven\u00fdch spolupracovn\u00edk\u016f doprov\u00e1z\u00ed z\u00e1kazn\u00edky na ka\u017ed\u00e9m kroku, aby ve\u0161ker\u00e9 slu\u017eby p\u0159izp\u016fsobil jejich individu\u00e1ln\u00edm pot\u0159eb\u00e1m.<\/p>\n\n\n\n<p>Ve spolupr\u00e1ci s na\u0161\u00ed s\u00edt\u00ed nab\u00edz\u00edme individu\u00e1ln\u00ed \u0159e\u0161en\u00ed p\u0159epravy a tak\u00e9 pevn\u00e9 a spolehliv\u00e9 vztahy pro platebn\u00ed transakce.<\/p>\n\n\n\n<hr class=\"wp-block-separator has-alpha-channel-opacity is-style-dots\"\/>\n\n\n\n<h3 class=\"wp-block-heading\">V\u00e1\u0161 kontakt pro logistiku<\/h3>\n\n\n\n<div class=\"wp-block-columns\">\n<div class=\"wp-block-column\">\n<p>Head of Operations International<\/p>\n<\/div>\n\n\n\n<div class=\"wp-block-column\">\n<p>Teamlead logistics Kiefersfelden<\/p>\n<\/div>\n\n\n\n<div class=\"wp-block-column\">\n<p>Teamlead logistics L\u00f6rrach<\/p>\n<\/div>\n<\/div>\n\n\n\n<div class=\"wp-block-columns\">\n<div class=\"wp-block-column\">\n<div class=\"wp-block-cloudweb-person-card is-style-with-languages wp-block-cloudweb-person-card-dynamic\">\n\t<div class=\"person-card-info\">\n\t\t<div class=\"person-card-image\">\n\t\t\t<img decoding=\"async\" src=\"https:\/\/granagroup.eu\/wp-content\/uploads\/2023\/12\/Jumuga_Alexandru_GRANA_2023.jpg\" alt=\"\" width=\"800\" height=\"800\" loading=\"lazy\" \/>\t\t<\/div>\n\t\t<div class=\"person-card-details\">\n\t\t\t<h2 class=\"person-card-name\">Alexandru Jumuga<\/h2>\n\t\t\t<p class=\"person-card-detail\">Head of Operations International \/  Member of the extended Managing board<\/p><\/div>\n\t<\/div>\n\t<div class=\"person-card-contact\">\n\t\t\t\t\t<p class=\"person-card-phone\">\n\t\t\t\t<a href=\"tel:+4980333046615\" itemprop=\"telephone\" title=\"Call us\">+49 8033 304 66 15<\/a>\t\t\t<\/p>\n\t\t\t\t\t\t\t\t\t\t\t\t\t\t<p class=\"person-card-mobile\">\n\t\t\t\t\t<a href=\"tel:+4915156590298\" itemprop=\"telephone\" title=\"Call us\">+49 151 565 90 298<\/a>\t\t\t\t<\/p>\n\t\t\t\t\t\t\t\t\t\t<p class=\"person-card-mail\">\n\t\t\t\t<a href=\"mailto:al&#101;&#120;%61&#110;d&#114;%75&#46;jumug%61&#64;%67%72%61%6e%61g&#114;%6fu%70.&#101;u\" title=\"Email us\" itemprop=\"email\">a&#108;exa&#110;&#100;r&#117;.&#106;um&#117;&#103;&#97;&#64;&#103;rana&#103;&#114;ou&#112;.eu<\/a>\t\t\t<\/p>\n\t\t\n\t<\/div>\n\t\t\t<div class=\"person-card-languages\">\n\t\t\t<span>Languages<\/span>\n\t\t\t<ul class=\"languages-list\">\n\t\t\t\t\t\t\t\t\t<li><i class=\"icon-lang icon-lang-ro\"><\/i><\/li>\n\t\t\t\t\t\t\t\t\t<li><i class=\"icon-lang icon-lang-de\"><\/i><\/li>\n\t\t\t\t\t\t\t\t\t<li><i class=\"icon-lang icon-lang-en\"><\/i><\/li>\n\t\t\t\t\t\t\t<\/ul>\n\t\t<\/div>\n\t<\/div>\n<\/div>\n\n\n\n<div class=\"wp-block-column\">\n<div class=\"wp-block-cloudweb-person-card is-style-with-languages wp-block-cloudweb-person-card-dynamic\">\n\t<div class=\"person-card-info\">\n\t\t<div class=\"person-card-image\">\n\t\t\t<img decoding=\"async\" src=\"https:\/\/granagroup.eu\/wp-content\/uploads\/2025\/12\/MA-Fotos-4.jpg\" alt=\"\" width=\"658\" height=\"658\" loading=\"lazy\" \/>\t\t<\/div>\n\t\t<div class=\"person-card-details\">\n\t\t\t<h2 class=\"person-card-name\">Calogero Antonino Barone<\/h2>\n\t\t\t<p class=\"person-card-detail\">Standortleitung \/ Teamleitung Abwicklung und Logistik<\/p><\/div>\n\t<\/div>\n\t<div class=\"person-card-contact\">\n\t\t\t\t\t<p class=\"person-card-phone\">\n\t\t\t\t<a href=\"tel:+4980333046600\" itemprop=\"telephone\" title=\"Call us\">+49 8033 304 66 00<\/a>\t\t\t<\/p>\n\t\t\t\t\t\t\t\t\t\t\t\t\t\t<p class=\"person-card-mobile\">\n\t\t\t\t\t<a href=\"tel:+4915141491554\" itemprop=\"telephone\" title=\"Call us\">+49 1514 149 15 54<\/a>\t\t\t\t<\/p>\n\t\t\t\t\t\t\t\t\t\t<p class=\"person-card-mail\">\n\t\t\t\t<a href=\"mailto:c%61&#108;%6f%67er&#111;.%62&#97;ro&#110;&#101;&#64;&#103;%72a%6e&#97;g%72o&#117;&#112;%2e&#101;u\" title=\"Email us\" itemprop=\"email\">&#99;alo&#103;&#101;r&#111;&#46;&#98;&#97;r&#111;&#110;e&#64;g&#114;&#97;n&#97;gr&#111;u&#112;&#46;eu<\/a>\t\t\t<\/p>\n\t\t\n\t<\/div>\n\t\t\t<div class=\"person-card-languages\">\n\t\t\t<span>Languages<\/span>\n\t\t\t<ul class=\"languages-list\">\n\t\t\t\t\t\t\t\t\t<li><i class=\"icon-lang icon-lang-de\"><\/i><\/li>\n\t\t\t\t\t\t\t\t\t<li><i class=\"icon-lang icon-lang-it\"><\/i><\/li>\n\t\t\t\t\t\t\t\t\t<li><i class=\"icon-lang icon-lang-en\"><\/i><\/li>\n\t\t\t\t\t\t\t\t\t<li><i class=\"icon-lang icon-lang-fr\"><\/i><\/li>\n\t\t\t\t\t\t\t<\/ul>\n\t\t<\/div>\n\t<\/div>\n<\/div>\n\n\n\n<div class=\"wp-block-column\">\n<div class=\"wp-block-cloudweb-person-card is-style-with-languages wp-block-cloudweb-person-card-dynamic\">\n\t<div class=\"person-card-info\">\n\t\t<div class=\"person-card-image\">\n\t\t\t<img decoding=\"async\" src=\"https:\/\/granagroup.eu\/wp-content\/uploads\/2023\/12\/Sabrina_Chaillaud_GRANA_2023.jpg\" alt=\"\" width=\"800\" height=\"800\" loading=\"lazy\" \/>\t\t<\/div>\n\t\t<div class=\"person-card-details\">\n\t\t\t<h2 class=\"person-card-name\">Sabrina Chaillaud<\/h2>\n\t\t\t<p class=\"person-card-detail\">Teamleiterin Logistik \/ Vertragsabwicklung<\/p><\/div>\n\t<\/div>\n\t<div class=\"person-card-contact\">\n\t\t\t\t\t<p class=\"person-card-phone\">\n\t\t\t\t<a href=\"tel:+4976215879025\" itemprop=\"telephone\" title=\"Call us\">+49 7621 587 90 25<\/a>\t\t\t<\/p>\n\t\t\t\t\t\t\t\t\t\t\t\t\t\t\t\t\t<p class=\"person-card-mail\">\n\t\t\t\t<a href=\"mailto:sa%62&#114;ina.&#99;%68%61il%6c&#97;u&#100;&#64;gr&#97;&#110;a&#103;r&#111;%75p%2e&#101;&#117;\" title=\"Email us\" itemprop=\"email\">&#115;abr&#105;na.ch&#97;il&#108;a&#117;&#100;&#64;gr&#97;&#110;&#97;&#103;ro&#117;&#112;.e&#117;<\/a>\t\t\t<\/p>\n\t\t\n\t<\/div>\n\t\t\t<div class=\"person-card-languages\">\n\t\t\t<span>Languages<\/span>\n\t\t\t<ul class=\"languages-list\">\n\t\t\t\t\t\t\t\t\t<li><i class=\"icon-lang icon-lang-fr\"><\/i><\/li>\n\t\t\t\t\t\t\t\t\t<li><i class=\"icon-lang icon-lang-de\"><\/i><\/li>\n\t\t\t\t\t\t\t\t\t<li><i class=\"icon-lang icon-lang-en\"><\/i><\/li>\n\t\t\t\t\t\t\t<\/ul>\n\t\t<\/div>\n\t<\/div>\n<\/div>\n<\/div>\n\n\n\n<div class=\"wp-block-columns\">\n<div class=\"wp-block-column\">\n<p>Teamlead logistics Bio Berlin<\/p>\n<\/div>\n\n\n\n<div class=\"wp-block-column\"><\/div>\n\n\n\n<div class=\"wp-block-column\"><\/div>\n<\/div>\n\n\n\n<div class=\"wp-block-columns\">\n<div class=\"wp-block-column\">\n<div class=\"wp-block-cloudweb-person-card is-style-with-languages wp-block-cloudweb-person-card-dynamic\">\n\t<div class=\"person-card-info\">\n\t\t<div class=\"person-card-image\">\n\t\t\t<img decoding=\"async\" src=\"https:\/\/granagroup.eu\/wp-content\/uploads\/2023\/12\/Nabe_Mykola_GRANA_2022.jpg\" alt=\"\" width=\"800\" height=\"800\" loading=\"lazy\" \/>\t\t<\/div>\n\t\t<div class=\"person-card-details\">\n\t\t\t<h2 class=\"person-card-name\">Mykola Nabe<\/h2>\n\t\t\t<p class=\"person-card-detail\">Teamleiter Logistik \/ Vertragsabwicklung<\/p><\/div>\n\t<\/div>\n\t<div class=\"person-card-contact\">\n\t\t\t\t\t<p class=\"person-card-phone\">\n\t\t\t\t<a href=\"tel:+4930300109807\" itemprop=\"telephone\" title=\"Call us\">+49 303 0010 9807<\/a>\t\t\t<\/p>\n\t\t\t\t\t\t\t\t\t\t\t\t\t\t<p class=\"person-card-mobile\">\n\t\t\t\t\t<a href=\"tel:+491704500221\" itemprop=\"telephone\" title=\"Call us\">+49 170 4500 221<\/a>\t\t\t\t<\/p>\n\t\t\t\t\t\t\t\t\t\t<p class=\"person-card-mail\">\n\t\t\t\t<a href=\"mailto:m&#121;&#107;ol%61%2en%61b%65&#64;%67%72an&#97;%67&#114;%6fu%70%2e&#101;%75\" title=\"Email us\" itemprop=\"email\">my&#107;&#111;&#108;&#97;&#46;&#110;&#97;be&#64;&#103;r&#97;n&#97;&#103;ro&#117;&#112;&#46;&#101;u<\/a>\t\t\t<\/p>\n\t\t\n\t<\/div>\n\t\t\t<div class=\"person-card-languages\">\n\t\t\t<span>Languages<\/span>\n\t\t\t<ul class=\"languages-list\">\n\t\t\t\t\t\t\t\t\t<li><i class=\"icon-lang icon-lang-de\"><\/i><\/li>\n\t\t\t\t\t\t\t\t\t<li><i class=\"icon-lang icon-lang-uk\"><\/i><\/li>\n\t\t\t\t\t\t\t\t\t<li><i class=\"icon-lang icon-lang-ru\"><\/i><\/li>\n\t\t\t\t\t\t\t<\/ul>\n\t\t<\/div>\n\t<\/div>\n<\/div>\n\n\n\n<div class=\"wp-block-column\"><\/div>\n\n\n\n<div class=\"wp-block-column\"><\/div>\n<\/div>\n\n\n\n<p><\/p>\n","protected":false},"excerpt":{"rendered":"<p>V mezin\u00e1rodn\u00ed logistice se granaagro op\u00edr\u00e1 jak o dlouholet\u00e9 zku\u0161enosti v oblasti dopravy a p\u0159ekl\u00e1dky zbo\u017e\u00ed, tak o profesion\u00e1ln\u00ed a silnou s\u00ed\u0165 logistick\u00fdch spole\u010dnost\u00ed zab\u00fdvaj\u00edc\u00edch se silni\u010dn\u00ed, \u017eelezni\u010dn\u00ed, lodn\u00ed dopravou a mo\u017enostmi skladov\u00e1n\u00ed. T\u00fdm vysoce kvalifikovan\u00fdch a jazykov\u011b vybaven\u00fdch spolupracovn\u00edk\u016f doprov\u00e1z\u00ed z\u00e1kazn\u00edky na ka\u017ed\u00e9m kroku, aby ve\u0161ker\u00e9 slu\u017eby p\u0159izp\u016fsobil jejich individu\u00e1ln\u00edm pot\u0159eb\u00e1m. Ve spolupr\u00e1ci s [&hellip;]<\/p>\n","protected":false},"author":4,"featured_media":0,"parent":0,"menu_order":0,"comment_status":"closed","ping_status":"closed","template":"","meta":{"_acf_changed":false,"inline_featured_image":false,"_genesis_hide_title":false,"_genesis_hide_breadcrumbs":false,"_genesis_hide_singular_image":false,"_genesis_hide_footer_widgets":false,"_genesis_custom_body_class":"","_genesis_custom_post_class":"","_genesis_layout":"","footnotes":""},"class_list":{"0":"post-3466","1":"page","2":"type-page","3":"status-publish","5":"entry"},"acf":[],"_links":{"self":[{"href":"https:\/\/granagroup.eu\/cs\/wp-json\/wp\/v2\/pages\/3466","targetHints":{"allow":["GET"]}}],"collection":[{"href":"https:\/\/granagroup.eu\/cs\/wp-json\/wp\/v2\/pages"}],"about":[{"href":"https:\/\/granagroup.eu\/cs\/wp-json\/wp\/v2\/types\/page"}],"author":[{"embeddable":true,"href":"https:\/\/granagroup.eu\/cs\/wp-json\/wp\/v2\/users\/4"}],"replies":[{"embeddable":true,"href":"https:\/\/granagroup.eu\/cs\/wp-json\/wp\/v2\/comments?post=3466"}],"version-history":[{"count":0,"href":"https:\/\/granagroup.eu\/cs\/wp-json\/wp\/v2\/pages\/3466\/revisions"}],"wp:attachment":[{"href":"https:\/\/granagroup.eu\/cs\/wp-json\/wp\/v2\/media?parent=3466"}],"curies":[{"name":"wp","href":"https:\/\/api.w.org\/{rel}","templated":true}]}}