{"id":3467,"date":"2023-11-22T11:51:31","date_gmt":"2023-11-22T10:51:31","guid":{"rendered":"https:\/\/granagroup.eu\/geschichte\/"},"modified":"2024-03-14T14:52:23","modified_gmt":"2024-03-14T13:52:23","slug":"geschichte","status":"publish","type":"page","link":"https:\/\/granagroup.eu\/cs\/geschichte\/","title":{"rendered":"O n\u00e1s"},"content":{"rendered":"\n<p>Granaagro vych\u00e1z\u00ed z po\u010d\u00e1tk\u016f spole\u010dnosti Calcium AG (zalo\u017een\u00e9 v roce 1918) a \u00fasp\u011b\u0161n\u011b p\u016fsob\u00ed na mezin\u00e1rodn\u00edch zem\u011bd\u011blsk\u00fdch trz\u00edch v&nbsp;obchod\u011b s&nbsp;obilovinami, krmn\u00fdmi surovinami, speci\u00e1ln\u00edmi a vedlej\u0161\u00edmi mlyn\u00e1\u0159sk\u00fdmi produkty a olejninami.<\/p>\n\n\n\n<p>Skupinu tvo\u0159\u00ed dce\u0159in\u00e9 spole\u010dnosti granaagro Deutschland GmbH, granaagro Czechia s.r.o. a granaagro Danubia s.r.l. Od roku 2018 jsme d\u016fle\u017eitou sou\u010d\u00e1st\u00ed mezin\u00e1rodn\u00edch obchodn\u00edch aktivit \u0161v\u00fdcarsk\u00e9ho sdru\u017een\u00ed fenaco Genossenschaft.<\/p>\n\n\n\n<p>Na\u0161i zku\u0161en\u00ed obchodn\u00edci a kompetentn\u00ed logistick\u00fd t\u00fdm zaji\u0161\u0165uj\u00ed sv\u00fdmi zaj\u00edmav\u00fdmi a aktu\u00e1ln\u00edmi nab\u00eddkami bezprobl\u00e9movou realizaci dod\u00e1vek. Jsme aktivn\u00edm hr\u00e1\u010dem na evropsk\u00fdch trz\u00edch s obilovinami, olejninami, proteiny, vedlej\u0161\u00edmi mlyn\u00e1\u0159sk\u00fdmi produkty a krmivy. Za \u00fa\u010delem \u00fa\u010dasti na \u0161v\u00fdcarsk\u00e9m a mezin\u00e1rodn\u00edm trhu zalo\u017eila spole\u010dnost granaagro vlastn\u00ed dce\u0159in\u00e9 spole\u010dnosti nebo uzav\u0159ela dohody o aktivn\u00ed spolupr\u00e1ci ve vybran\u00fdch n\u00e1kupn\u00edch a prodejn\u00edch lokalit\u00e1ch (\u010cesk\u00e1 republika, N\u011bmecko, Rumunsko). Abychom p\u0159isp\u011bli k bezpe\u010dnosti potravin, pro\u0161li jsme certifikac\u00ed GMP+. T\u00edmto jsme uzn\u00e1van\u00fdm obchodn\u00edkem pro dod\u00e1vky surovin na trh ur\u010den\u00fdch k v\u00fdrob\u011b citliv\u00fdch potravin.<\/p>\n\n\n\n<div class=\"wp-block-cloudweb-timeline\"><div class=\"timeline-items\" data-autoplay-speed=\"{&quot;autoplaySpeed&quot;:2000}\">\n<div class=\"wp-block-cloudweb-timeline-item\"><div class=\"timeline-item\"><div class=\"timeline-item-year\"><span>2021<\/span><\/div><div class=\"timeline-item-details\"><p>Otev\u0159en\u00ed pobo\u010dky v Berl\u00edn\u011b \u2013 zam\u011b\u0159en\u00ed na bio kompetence<\/p><\/div><\/div><\/div>\n\n\n\n<div class=\"wp-block-cloudweb-timeline-item\"><div class=\"timeline-item\"><div class=\"timeline-item-year\"><span>2021<\/span><\/div><div class=\"timeline-item-details\"><p>Slou\u010den\u00ed spole\u010dnosti Grana agro GmbH se spole\u010dnost\u00ed granaagro Deutschland GmbH<\/p><\/div><\/div><\/div>\n\n\n\n<div class=\"wp-block-cloudweb-timeline-item\"><div class=\"timeline-item\"><div class=\"timeline-item-year\"><span>2020<\/span><\/div><div class=\"timeline-item-details\"><p>Zalo\u017een\u00ed spole\u010dnosti granaagro Danubia s.r.l. v Rumunsku<\/p><\/div><\/div><\/div>\n\n\n\n<div class=\"wp-block-cloudweb-timeline-item\"><div class=\"timeline-item\"><div class=\"timeline-item-year\"><span><strong>2020<\/strong><\/span><\/div><div class=\"timeline-item-details\"><p>P\u0159ejmenov\u00e1n\u00ed spole\u010dnosti DALZ agro trading s.r.o. na granaagro Czech s.r.o.<\/p><\/div><\/div><\/div>\n\n\n\n<div class=\"wp-block-cloudweb-timeline-item\"><div class=\"timeline-item\"><div class=\"timeline-item-year\"><span><strong>2020<\/strong><\/span><\/div><div class=\"timeline-item-details\"><p>P\u0159ejmenov\u00e1n\u00ed spole\u010dnosti Interagra GmbH na granaagro Deutschland GmbH<\/p><\/div><\/div><\/div>\n\n\n\n<div class=\"wp-block-cloudweb-timeline-item\"><div class=\"timeline-item\"><div class=\"timeline-item-year\"><span>2018<\/span><\/div><div class=\"timeline-item-details\"><p>P\u0159em\u00edst\u011bn\u00ed s\u00eddla spole\u010dnosti Interagra GmbH z Planeggu (Bavorsko) do L\u00f6rrachu (B\u00e1densko-W\u00fcrttembersko)<\/p><\/div><\/div><\/div>\n\n\n\n<div class=\"wp-block-cloudweb-timeline-item\"><div class=\"timeline-item\"><div class=\"timeline-item-year\"><span><strong>2018<\/strong><\/span><\/div><div class=\"timeline-item-details\"><p>P\u0159evzet\u00ed skupinou fenaco a slou\u010den\u00ed \u0161v\u00fdcarsk\u00fdch firem do spole\u010dnosti Swiss Grana Group AG<\/p><\/div><\/div><\/div>\n\n\n\n<div class=\"wp-block-cloudweb-timeline-item\"><div class=\"timeline-item\"><div class=\"timeline-item-year\"><span>2015<\/span><\/div><div class=\"timeline-item-details\"><p>Centralizace logistiky v Kiefersfeldenu<\/p><\/div><\/div><\/div>\n\n\n\n<div class=\"wp-block-cloudweb-timeline-item\"><div class=\"timeline-item\"><div class=\"timeline-item-year\"><span><strong>2010<\/strong><\/span><\/div><div class=\"timeline-item-details\"><p>Zalo\u017een\u00ed spole\u010dnosti \u201eRBR agro AG\u201c (pod\u00edlov\u00e1 spole\u010dnost pro \u0159\u00eddic\u00ed pracovn\u00edky)<\/p><\/div><\/div><\/div>\n\n\n\n<div class=\"wp-block-cloudweb-timeline-item\"><div class=\"timeline-item\"><div class=\"timeline-item-year\"><span><strong>2008<\/strong><\/span><\/div><div class=\"timeline-item-details\"><p>Zalo\u017een\u00ed spole\u010dnost\u00ed Grana Holding AG a Grana agro GmbH v N\u011bmecku<\/p><\/div><\/div><\/div>\n\n\n\n<div class=\"wp-block-cloudweb-timeline-item\"><div class=\"timeline-item\"><div class=\"timeline-item-year\"><span>2006<\/span><\/div><div class=\"timeline-item-details\"><p>Zalo\u017een\u00ed spole\u010dnosti Dalz agro trading s.r.o. v Olomouci<\/p><\/div><\/div><\/div>\n\n\n\n<div class=\"wp-block-cloudweb-timeline-item\"><div class=\"timeline-item\"><div class=\"timeline-item-year\"><span>2005<\/span><\/div><div class=\"timeline-item-details\"><p>P\u0159evzet\u00ed obchodn\u00edho \u00faseku a pod\u00edlu v silu spole\u010dnosti Blattmann und Co. AG<\/p><\/div><\/div><\/div>\n\n\n\n<div class=\"wp-block-cloudweb-timeline-item\"><div class=\"timeline-item\"><div class=\"timeline-item-year\"><span>2002<\/span><\/div><div class=\"timeline-item-details\"><p>Zalo\u017een\u00ed spole\u010dnosti Interagra GmbH v Planeggu (Bavorsko)<\/p><\/div><\/div><\/div>\n\n\n\n<div class=\"wp-block-cloudweb-timeline-item\"><div class=\"timeline-item\"><div class=\"timeline-item-year\"><span>2002<\/span><\/div><div class=\"timeline-item-details\"><p>Rozd\u011blen\u00ed obchodn\u00edch z\u00e1le\u017eitost\u00ed \/ investi\u010dn\u00edch z\u00e1le\u017eitost\u00ed na spole\u010dnosti Calcium agro AG \/ Calcium Invest IAG<\/p><\/div><\/div><\/div>\n\n\n\n<div class=\"wp-block-cloudweb-timeline-item\"><div class=\"timeline-item\"><div class=\"timeline-item-year\"><span>2001<\/span><\/div><div class=\"timeline-item-details\"><p>P\u0159evzet\u00ed spole\u010dnosti Silo Olten AG<\/p><\/div><\/div><\/div>\n\n\n\n<div class=\"wp-block-cloudweb-timeline-item\"><div class=\"timeline-item\"><div class=\"timeline-item-year\"><span>1996<\/span><\/div><div class=\"timeline-item-details\"><p>Restrukturalizace rodinn\u00e9 spole\u010dnosti a p\u0159est\u011bhov\u00e1n\u00ed do Oltenu<\/p><\/div><\/div><\/div>\n\n\n\n<div class=\"wp-block-cloudweb-timeline-item\"><div class=\"timeline-item\"><div class=\"timeline-item-year\"><span>1995<\/span><\/div><div class=\"timeline-item-details\"><p>Koup\u011b spole\u010dnosti Lemax AG (obchod s hnojivy) Zofingen<\/p><\/div><\/div><\/div>\n\n\n\n<div class=\"wp-block-cloudweb-timeline-item\"><div class=\"timeline-item\"><div class=\"timeline-item-year\"><span>1918<\/span><\/div><div class=\"timeline-item-details\"><p>Zalo\u017een\u00ed spole\u010dnosti Calicum AG se s\u00eddlem v Niederbippu (SO)<\/p><\/div><\/div><\/div>\n<\/div><\/div>\n\n\n\n<p><\/p>\n","protected":false},"excerpt":{"rendered":"<p>Granaagro vych\u00e1z\u00ed z po\u010d\u00e1tk\u016f spole\u010dnosti Calcium AG (zalo\u017een\u00e9 v roce 1918) a \u00fasp\u011b\u0161n\u011b p\u016fsob\u00ed na mezin\u00e1rodn\u00edch zem\u011bd\u011blsk\u00fdch trz\u00edch v&nbsp;obchod\u011b s&nbsp;obilovinami, krmn\u00fdmi surovinami, speci\u00e1ln\u00edmi a vedlej\u0161\u00edmi mlyn\u00e1\u0159sk\u00fdmi produkty a olejninami. Skupinu tvo\u0159\u00ed dce\u0159in\u00e9 spole\u010dnosti granaagro Deutschland GmbH, granaagro Czechia s.r.o. a granaagro Danubia s.r.l. Od roku 2018 jsme d\u016fle\u017eitou sou\u010d\u00e1st\u00ed mezin\u00e1rodn\u00edch obchodn\u00edch aktivit \u0161v\u00fdcarsk\u00e9ho sdru\u017een\u00ed fenaco [&hellip;]<\/p>\n","protected":false},"author":3,"featured_media":0,"parent":0,"menu_order":0,"comment_status":"closed","ping_status":"closed","template":"","meta":{"_acf_changed":false,"inline_featured_image":false,"_genesis_hide_title":false,"_genesis_hide_breadcrumbs":false,"_genesis_hide_singular_image":false,"_genesis_hide_footer_widgets":false,"_genesis_custom_body_class":"","_genesis_custom_post_class":"","_genesis_layout":"","footnotes":""},"class_list":{"0":"post-3467","1":"page","2":"type-page","3":"status-publish","5":"entry"},"acf":[],"_links":{"self":[{"href":"https:\/\/granagroup.eu\/cs\/wp-json\/wp\/v2\/pages\/3467","targetHints":{"allow":["GET"]}}],"collection":[{"href":"https:\/\/granagroup.eu\/cs\/wp-json\/wp\/v2\/pages"}],"about":[{"href":"https:\/\/granagroup.eu\/cs\/wp-json\/wp\/v2\/types\/page"}],"author":[{"embeddable":true,"href":"https:\/\/granagroup.eu\/cs\/wp-json\/wp\/v2\/users\/3"}],"replies":[{"embeddable":true,"href":"https:\/\/granagroup.eu\/cs\/wp-json\/wp\/v2\/comments?post=3467"}],"version-history":[{"count":0,"href":"https:\/\/granagroup.eu\/cs\/wp-json\/wp\/v2\/pages\/3467\/revisions"}],"wp:attachment":[{"href":"https:\/\/granagroup.eu\/cs\/wp-json\/wp\/v2\/media?parent=3467"}],"curies":[{"name":"wp","href":"https:\/\/api.w.org\/{rel}","templated":true}]}}