{"id":3532,"date":"2023-10-18T12:25:31","date_gmt":"2023-10-18T11:25:31","guid":{"rendered":"https:\/\/granagroup.eu\/front-page\/"},"modified":"2024-03-20T11:27:56","modified_gmt":"2024-03-20T10:27:56","slug":"front-page","status":"publish","type":"page","link":"https:\/\/granagroup.eu\/cs\/","title":{"rendered":"Front Page"},"content":{"rendered":"\n<div class=\"wp-block-cloudweb-hero-slider alignfull\" style=\"--bg-color: null\" data-settings=\"{&quot;dots&quot;:false,&quot;arrows&quot;:false,&quot;infinite&quot;:false,&quot;speed&quot;:300,&quot;slidesToShow&quot;:1,&quot;slidesToScroll&quot;:1,&quot;autoplay&quot;:false,&quot;autoplaySpeed&quot;:3000}\">\n<div class=\"wp-block-cloudweb-hero-slide\"><img loading=\"lazy\" decoding=\"async\" class=\"wp-image-1100\" src=\"https:\/\/granagroup.eu\/wp-content\/uploads\/2023\/12\/shutterstock_107643413-scaled.jpg\" alt=\"\" width=\"2560\" height=\"1707\" srcset=\"https:\/\/granagroup.eu\/wp-content\/uploads\/2023\/12\/shutterstock_107643413-scaled.jpg 2560w, https:\/\/granagroup.eu\/wp-content\/uploads\/2023\/12\/shutterstock_107643413-300x200.jpg 300w, https:\/\/granagroup.eu\/wp-content\/uploads\/2023\/12\/shutterstock_107643413-1024x683.jpg 1024w, https:\/\/granagroup.eu\/wp-content\/uploads\/2023\/12\/shutterstock_107643413-768x512.jpg 768w, https:\/\/granagroup.eu\/wp-content\/uploads\/2023\/12\/shutterstock_107643413-1536x1024.jpg 1536w, https:\/\/granagroup.eu\/wp-content\/uploads\/2023\/12\/shutterstock_107643413-2048x1365.jpg 2048w\" sizes=\"auto, (max-width: 2560px) 100vw, 2560px\" \/><\/div>\n<\/div>\n\n\n\n<div style=\"height:50px\" aria-hidden=\"true\" class=\"wp-block-spacer\"><\/div>\n\n\n\n<div class=\"wp-block-cloudweb-partnership\">\n<div class=\"wp-block-cloudweb-partnership-intro\">\n<h2 class=\"wp-block-heading\"><strong>Siln\u00fd partner<\/strong><\/h2>\n\n\n\n<p>Kvalitn\u00ed v\u00fdrobky a spolehliv\u00fd servis.<\/p>\n\n\n\n<p>Kl\u00ed\u010dem k na\u0161emu \u00fasp\u011bchu jsou kvalitn\u00ed produkty a v\u010dasn\u00e9 logistick\u00e9 slu\u017eby. D\u00edky dlouholet\u00fdm zku\u0161enostem a efektivn\u00edmu a \u00fasp\u011b\u0161n\u00e9mu obchodov\u00e1n\u00ed s obil\u00edm nab\u00edz\u00edme z\u00e1kazn\u00edk\u016fm&nbsp; optim\u00e1ln\u00ed podporu. Mezin\u00e1rodn\u00ed spolupracovn\u00edci na v\u0161ech \u00farovn\u00edch a specialist\u00e9 s odborn\u00fdmi znalostmi v oblasti obchodu, logistiky a zaji\u0161t\u011bn\u00ed kvality se staraj\u00ed o trvale vysokou kvalitu na\u0161ich slu\u017eeb.<\/p>\n\n\n\n<div class=\"wp-block-button is-style-fill is-style-fill--1\"><a class=\"wp-block-button__link wp-element-button\" href=\"https:\/\/granagroup.eu\/en\/contact-2\/\">Contact us<\/a><\/div>\n<\/div>\n\n\n\n<div class=\"wp-block-cloudweb-partnership-boxes\">\n<div class=\"wp-block-cloudweb-partnership-box\"><div class=\"partnership-box-icon\"><img loading=\"lazy\" decoding=\"async\" width=\"52\" height=\"56\" class=\"wp-image-1936\" src=\"https:\/\/granagroup.eu\/wp-content\/uploads\/2023\/12\/people_grana.svg\" alt=\"\"\/><\/div><h3><a href=\"https:\/\/granagroup.eu\/en\/mitarbeitende\/\" data-type=\"page\" data-id=\"305\">Competent team<\/a><\/h3><p>Our team of experts is always there to help and support you.<\/p><\/div>\n\n\n\n<div class=\"wp-block-cloudweb-partnership-box\"><div class=\"partnership-box-icon\"><img loading=\"lazy\" decoding=\"async\" width=\"50\" height=\"50\" class=\"wp-image-1984\" src=\"https:\/\/granagroup.eu\/wp-content\/uploads\/2023\/12\/home_grana-2.svg\" alt=\"\"\/><\/div><h3><a href=\"https:\/\/granagroup.eu\/en\/standorte\/\" data-type=\"page\" data-id=\"306\">5 locations<\/a><\/h3><p>Our geographical presence enables efficient and effective services.<\/p><\/div>\n\n\n\n<div class=\"wp-block-cloudweb-partnership-box\"><div class=\"partnership-box-icon\"><img loading=\"lazy\" decoding=\"async\" width=\"52\" height=\"49\" class=\"wp-image-1919\" src=\"https:\/\/granagroup.eu\/wp-content\/uploads\/2023\/12\/signature_grana.svg\" alt=\"\"\/><\/div><h3>Certification<\/h3><p>Our certificates emphasise our commitment to quality and safety.<\/p><\/div>\n\n\n\n<div class=\"wp-block-cloudweb-partnership-box\"><div class=\"partnership-box-icon\"><img loading=\"lazy\" decoding=\"async\" width=\"52\" height=\"53\" class=\"wp-image-1944\" src=\"https:\/\/granagroup.eu\/wp-content\/uploads\/2023\/12\/star_grana.svg\" alt=\"\"\/><\/div><h3><a href=\"https:\/\/granagroup.eu\/en\/geschichte\/\" data-type=\"page\" data-id=\"304\">Innovation<\/a><\/h3><p>We have been promoting innovation and building sustainable partnerships since 1918.<\/p><\/div>\n<\/div>\n<\/div>\n\n\n\n<div class=\"wp-block-cloudweb-offer-boxes\"><div class=\"offer-boxes-title\"><h2>What we offer<\/h2><\/div><div class=\"offer-boxes\">\n<div class=\"wp-block-cloudweb-offer-box\"><div class=\"offer-box\"><img loading=\"lazy\" decoding=\"async\" src=\"https:\/\/granagroup.eu\/wp-content\/uploads\/2023\/12\/shutterstock_1218690271-620x1242.jpg\" alt=\"\" width=\"2560\" height=\"1704\"\/><div class=\"offer-box-content\">\n<h2 class=\"wp-block-heading\">Konven\u010dn\u00ed obchodov\u00e1n\u00ed<\/h2>\n\n\n\n<p><a href=\"https:\/\/granagroup.eu\/cs\/getreide\/\" data-type=\"page\" data-id=\"3455\">Obiloviny<\/a><\/p>\n\n\n\n<p><a href=\"https:\/\/granagroup.eu\/cs\/leguminosen\/\" data-type=\"page\" data-id=\"3457\">Lu\u0161t\u011bniny<\/a><\/p>\n\n\n\n<p><a href=\"https:\/\/granagroup.eu\/cs\/oelsaaten-und-pflanzenoele\/\" data-type=\"page\" data-id=\"3459\"><strong>Olejnat\u00e1 semena a rostlinn\u00e9 oleje<\/strong><\/a><\/p>\n\n\n\n<p><a href=\"https:\/\/granagroup.eu\/cs\/futterproteine\/\" data-type=\"page\" data-id=\"3460\"><strong>Krmn\u00e9 proteiny<\/strong><\/a><\/p>\n\n\n\n<p><a href=\"https:\/\/granagroup.eu\/en\/nebenprodukte\/\" data-type=\"page\" data-id=\"1488\"><strong>Vedlej\u0161\u00ed produkty<\/strong><\/a><\/p>\n<\/div><\/div><\/div>\n\n\n\n<div class=\"wp-block-cloudweb-offer-box\"><div class=\"offer-box\"><img loading=\"lazy\" decoding=\"async\" src=\"https:\/\/granagroup.eu\/wp-content\/uploads\/2023\/11\/lebensmittel-620x1242.jpg\" alt=\"\" width=\"1080\" height=\"1863\"\/><div class=\"offer-box-content\">\n<h2 class=\"wp-block-heading\"><a href=\"https:\/\/granagroup.eu\/cs\/handel-bio\/\" data-type=\"page\" data-id=\"3463\">Obchodov\u00e1n\u00ed s bioprodukty<\/a><\/h2>\n<\/div><\/div><\/div>\n\n\n\n<div class=\"wp-block-cloudweb-offer-box\"><div class=\"offer-box\"><img loading=\"lazy\" decoding=\"async\" src=\"https:\/\/granagroup.eu\/wp-content\/uploads\/2023\/11\/lager-logistik-620x1242.jpg\" alt=\"\" width=\"1080\" height=\"1863\"\/><div class=\"offer-box-content\">\n<h2 class=\"wp-block-heading\"><a href=\"https:\/\/granagroup.eu\/cs\/logistik\/\" data-type=\"page\" data-id=\"3466\">Logistika<\/a><\/h2>\n<\/div><\/div><\/div>\n<\/div><\/div>\n\n\n\n<h2 class=\"wp-block-heading\">Locations<\/h2>\n\n\n<div class=\"wp-block-cloudweb-standorte\">\n\t<div class=\"standorte\">\n\t\t<div class=\"standorte-title\">\n\t\t\t<h2><\/h2>\n\t\t<\/div>\n\t\t<div class=\"standorte-content\">\n\t\t\t<div class=\"standorte-map-wrapper\">\n\t\t\t\t<div class=\"standorte-map\">\n\t\t\t\t\t<img decoding=\"async\" class=\"standorte-map-img\" src=\"https:\/\/granagroup.eu\/wp-content\/uploads\/2023\/12\/karte_fe-standorte-Europa.png\"\n\t\t\t\t\t\t alt=\"\">\n\t\t\t\t<\/div>\n\t\t\t\t<div class=\"standorte-map-pins\">\n\t\t\t\t\t<div class=\"standorte-map-pin\" data-x=\"42.406445593\" data-y=\"71.8902169373\" data-id=\"0\"><i class=\"icon icon-pin\"><\/i><\/div><div class=\"standorte-map-pin\" data-x=\"49.0559770026\" data-y=\"71.7647540805\" data-id=\"1\"><i class=\"icon icon-pin\"><\/i><\/div><div class=\"standorte-map-pin\" data-x=\"51.0633827111\" data-y=\"60.8494855403\" data-id=\"2\"><i class=\"icon icon-pin\"><\/i><\/div><div class=\"standorte-map-pin\" data-x=\"58.7166169749\" data-y=\"67.1226283795\" data-id=\"3\"><i class=\"icon icon-pin\"><\/i><\/div><div class=\"standorte-map-pin\" data-x=\"66.4618461204\" data-y=\"75.3652255063\" data-id=\"4\"><i class=\"icon icon-pin\"><\/i><\/div>\t\t\t\t<\/div>\n\t\t\t<\/div>\n\t\t\t<div class=\"standorte-sidebar\">\n\t\t\t\t<div class=\"standorte-sidebar-item close\" data-id=\"0\"><div class=\"standorte-sidebar-item-title\"><h3>L\u00f6rrach<\/h3><\/div><div class=\"standorte-sidebar-item-content\"><p><strong>granaagro Deutschland GmbH<br><\/strong>Weiler Strasse 7<br>79540\u00a0L\u00f6rrach<br>Deutschland<\/p><div class=\"standorte-sidebar-item-content-footer\"><p><span>Tel.<\/span> <a href=\"tel:+4976215879020\" itemprop=\"telephone\" title=\"Call us\">+49 7621 587 9020<\/a><\/p><\/div><\/div><\/div><div class=\"standorte-sidebar-item close\" data-id=\"1\"><div class=\"standorte-sidebar-item-title\"><h3>Kiefersfelden<\/h3><\/div><div class=\"standorte-sidebar-item-content\"><p><strong>granaagro Deutschland GmbH<br><\/strong>Marmorwerkstrasse 60<br>83088 Kiefersfelden<br>Deutschland<\/p><div class=\"standorte-sidebar-item-content-footer\"><p><span>Tel.<\/span> <a href=\"tel:+4980333046620\" itemprop=\"telephone\" title=\"Call us\">+49 8033 304 6620<\/a><\/p><\/div><\/div><\/div><div class=\"standorte-sidebar-item close\" data-id=\"2\"><div class=\"standorte-sidebar-item-title\"><h3>Berlin<\/h3><\/div><div class=\"standorte-sidebar-item-content\"><p><strong>granaagro Deutschland GmbH<br><\/strong>Alte Jakobstrasse 85\/86<br>10179 Berlin<br>Deutschland<\/p><div class=\"standorte-sidebar-item-content-footer\"><p><span>Tel.<\/span> <a href=\"tel:+4930300109800\u00a0\" itemprop=\"telephone\" title=\"Call us\">+49 3030 010 9800\u00a0<\/a><\/p><\/div><\/div><\/div><div class=\"standorte-sidebar-item close\" data-id=\"3\"><div class=\"standorte-sidebar-item-title\"><h3>Olomouc<\/h3><\/div><div class=\"standorte-sidebar-item-content\"><p><strong>granaagro Czechia s.r.o.<br><\/strong>Jungmannova 802<br>Hodolany<br>779 00 Olomouc<br>Tschechische Republik<\/p><div class=\"standorte-sidebar-item-content-footer\"><p><span>Tel.<\/span> <a href=\"tel:+420585757100\" itemprop=\"telephone\" title=\"Call us\">+42 0585 757 100<\/a><\/p><\/div><\/div><\/div><div class=\"standorte-sidebar-item close\" data-id=\"4\"><div class=\"standorte-sidebar-item-title\"><h3>Giroc<\/h3><\/div><div class=\"standorte-sidebar-item-content\"><p><strong>granaagro Danubia s.r.l.<br><\/strong>Strada arge\u015fului no. 14\/1<br>307220 Giroc<br>Rum\u00e4nien<\/p><div class=\"standorte-sidebar-item-content-footer\"><p><span>Tel.<\/span> <a href=\"tel:+40729056114\" itemprop=\"telephone\" title=\"Call us\">+40 729 056 114<\/a><\/p><\/div><\/div><\/div>\t\t\t<\/div>\n\t\t<\/div>\n\t<\/div>\n<\/div>\n","protected":false},"excerpt":{"rendered":"<p>Locations<\/p>\n","protected":false},"author":2,"featured_media":0,"parent":0,"menu_order":0,"comment_status":"closed","ping_status":"closed","template":"","meta":{"_acf_changed":false,"inline_featured_image":false,"_genesis_hide_title":false,"_genesis_hide_breadcrumbs":false,"_genesis_hide_singular_image":false,"_genesis_hide_footer_widgets":false,"_genesis_custom_body_class":"","_genesis_custom_post_class":"","_genesis_layout":"","footnotes":""},"class_list":{"0":"post-3532","1":"page","2":"type-page","3":"status-publish","5":"entry"},"acf":[],"_links":{"self":[{"href":"https:\/\/granagroup.eu\/cs\/wp-json\/wp\/v2\/pages\/3532","targetHints":{"allow":["GET"]}}],"collection":[{"href":"https:\/\/granagroup.eu\/cs\/wp-json\/wp\/v2\/pages"}],"about":[{"href":"https:\/\/granagroup.eu\/cs\/wp-json\/wp\/v2\/types\/page"}],"author":[{"embeddable":true,"href":"https:\/\/granagroup.eu\/cs\/wp-json\/wp\/v2\/users\/2"}],"replies":[{"embeddable":true,"href":"https:\/\/granagroup.eu\/cs\/wp-json\/wp\/v2\/comments?post=3532"}],"version-history":[{"count":0,"href":"https:\/\/granagroup.eu\/cs\/wp-json\/wp\/v2\/pages\/3532\/revisions"}],"wp:attachment":[{"href":"https:\/\/granagroup.eu\/cs\/wp-json\/wp\/v2\/media?parent=3532"}],"curies":[{"name":"wp","href":"https:\/\/api.w.org\/{rel}","templated":true}]}}