{"id":1588,"date":"2023-12-22T08:14:51","date_gmt":"2023-12-22T07:14:51","guid":{"rendered":"https:\/\/granagroup.wpenginepowered.com\/oelsaaten-und-pflanzenoele\/"},"modified":"2025-10-22T09:43:16","modified_gmt":"2025-10-22T08:43:16","slug":"oelsaaten-und-pflanzenoele","status":"publish","type":"page","link":"https:\/\/granagroup.eu\/fr\/oelsaaten-und-pflanzenoele\/","title":{"rendered":"Ol\u00e9agineux et huiles v\u00e9g\u00e9tales"},"content":{"rendered":"\n<p>Pour la commercialisation des ol\u00e9agineux et des huiles v\u00e9g\u00e9tales, nous travaillons en \u00e9troite collaboration avec un vaste r\u00e9seau de fournisseurs et de transformateurs. Nous achetons et vendons les graines ol\u00e9agineuses ainsi que les huiles qui en sont issues pour l&rsquo;industrie alimentaire et l&rsquo;alimentation animale.<\/p>\n\n\n\n<p>Nos principaux produits sont les graines de colza, les graines de tournesol, l&rsquo;huile de colza, l&rsquo;huile de tournesol, l&rsquo;huile de lin, l&rsquo;huile de soja et l&rsquo;huile de palme.<\/p>\n\n\n\n<hr class=\"wp-block-separator has-alpha-channel-opacity is-style-dots\"\/>\n\n\n\n<h3 class=\"wp-block-heading\">Votre contact pour le commerce<\/h3>\n\n\n\n<div style=\"height:10px\" aria-hidden=\"true\" class=\"wp-block-spacer\"><\/div>\n\n\n\n<div class=\"wp-block-columns\">\n<div class=\"wp-block-column\">\n<div class=\"wp-block-cloudweb-person-card is-style-with-languages wp-block-cloudweb-person-card-dynamic\">\n\t<div class=\"person-card-info\">\n\t\t<div class=\"person-card-image\">\n\t\t\t<img decoding=\"async\" src=\"https:\/\/granagroup.eu\/wp-content\/uploads\/2023\/12\/Windlin_Marco_GRANA_2022.jpg\" alt=\"\" width=\"443\" height=\"443\" loading=\"lazy\" \/>\t\t<\/div>\n\t\t<div class=\"person-card-details\">\n\t\t\t<h2 class=\"person-card-name\">Marco Windlin<\/h2>\n\t\t\t<p class=\"person-card-detail\">H\u00e4ndler<\/p><\/div>\n\t<\/div>\n\t<div class=\"person-card-contact\">\n\t\t\t\t\t<p class=\"person-card-phone\">\n\t\t\t\t<a href=\"tel:+4980333046618\" itemprop=\"telephone\" title=\"Call us\">+49 8033 304 66 18<\/a>\t\t\t<\/p>\n\t\t\t\t\t\t\t\t\t\t\t\t\t\t<p class=\"person-card-mobile\">\n\t\t\t\t\t<a href=\"tel:+491604075419\" itemprop=\"telephone\" title=\"Call us\">+49 1604 07 54 19<\/a>\t\t\t\t<\/p>\n\t\t\t\t\t\t\t\t\t\t<p class=\"person-card-mail\">\n\t\t\t\t<a href=\"mailto:m%61%72%63&#111;&#46;w&#105;ndl&#105;&#110;&#64;%67&#114;%61%6e%61%67&#114;&#111;u&#112;.%65%75\" title=\"Email us\" itemprop=\"email\">mar&#99;o.w&#105;&#110;&#100;&#108;&#105;&#110;&#64;&#103;&#114;an&#97;&#103;&#114;oup&#46;&#101;&#117;<\/a>\t\t\t<\/p>\n\t\t\n\t<\/div>\n\t\t\t<div class=\"person-card-languages\">\n\t\t\t<span>Langues<\/span>\n\t\t\t<ul class=\"languages-list\">\n\t\t\t\t\t\t\t\t\t<li><i class=\"icon-lang icon-lang-de\"><\/i><\/li>\n\t\t\t\t\t\t\t\t\t<li><i class=\"icon-lang icon-lang-fr\"><\/i><\/li>\n\t\t\t\t\t\t\t\t\t<li><i class=\"icon-lang icon-lang-en\"><\/i><\/li>\n\t\t\t\t\t\t\t<\/ul>\n\t\t<\/div>\n\t<\/div>\n<\/div>\n\n\n\n<div class=\"wp-block-column\"><\/div>\n\n\n\n<div class=\"wp-block-column\"><\/div>\n<\/div>\n","protected":false},"excerpt":{"rendered":"<p>Pour la commercialisation des ol\u00e9agineux et des huiles v\u00e9g\u00e9tales, nous travaillons en \u00e9troite collaboration avec un vaste r\u00e9seau de fournisseurs et de transformateurs. Nous achetons et vendons les graines ol\u00e9agineuses ainsi que les huiles qui en sont issues pour l&rsquo;industrie alimentaire et l&rsquo;alimentation animale. Nos principaux produits sont les graines de colza, les graines de [&hellip;]<\/p>\n","protected":false},"author":5,"featured_media":0,"parent":0,"menu_order":0,"comment_status":"closed","ping_status":"closed","template":"","meta":{"_acf_changed":false,"inline_featured_image":false,"_genesis_hide_title":false,"_genesis_hide_breadcrumbs":false,"_genesis_hide_singular_image":false,"_genesis_hide_footer_widgets":false,"_genesis_custom_body_class":"","_genesis_custom_post_class":"","_genesis_layout":"","footnotes":""},"class_list":{"0":"post-1588","1":"page","2":"type-page","3":"status-publish","5":"entry"},"acf":[],"_links":{"self":[{"href":"https:\/\/granagroup.eu\/fr\/wp-json\/wp\/v2\/pages\/1588","targetHints":{"allow":["GET"]}}],"collection":[{"href":"https:\/\/granagroup.eu\/fr\/wp-json\/wp\/v2\/pages"}],"about":[{"href":"https:\/\/granagroup.eu\/fr\/wp-json\/wp\/v2\/types\/page"}],"author":[{"embeddable":true,"href":"https:\/\/granagroup.eu\/fr\/wp-json\/wp\/v2\/users\/5"}],"replies":[{"embeddable":true,"href":"https:\/\/granagroup.eu\/fr\/wp-json\/wp\/v2\/comments?post=1588"}],"version-history":[{"count":0,"href":"https:\/\/granagroup.eu\/fr\/wp-json\/wp\/v2\/pages\/1588\/revisions"}],"wp:attachment":[{"href":"https:\/\/granagroup.eu\/fr\/wp-json\/wp\/v2\/media?parent=1588"}],"curies":[{"name":"wp","href":"https:\/\/api.w.org\/{rel}","templated":true}]}}