{"id":1768,"date":"2023-12-20T23:16:21","date_gmt":"2023-12-20T22:16:21","guid":{"rendered":"https:\/\/granagroup.wpenginepowered.com\/logistik\/"},"modified":"2025-11-26T13:11:48","modified_gmt":"2025-11-26T12:11:48","slug":"logistik","status":"publish","type":"page","link":"https:\/\/granagroup.eu\/fr\/logistik\/","title":{"rendered":"Logistique"},"content":{"rendered":"\n<p>Dans le domaine de la logistique internationale, granaagro mise sur une longue exp\u00e9rience dans le transport et la manutention de marchandises ainsi que sur un bon r\u00e9seau professionnel et solide avec des entreprises de logistique pour le transport routier, ferroviaire, maritime et les possibilit\u00e9s de stockage. Une \u00e9quipe de collaborateurs tr\u00e8s qualifi\u00e9s et polyglottes accompagne les clients \u00e0 chaque \u00e9tape afin d&rsquo;adapter les prestations \u00e0 leurs besoins individuels.<\/p>\n\n\n\n<p>Nous proposons des solutions de transport individuelles en collaboration avec notre r\u00e9seau ainsi que des rapports solides et fiables pour le trafic des paiements.<\/p>\n\n\n\n<hr class=\"wp-block-separator has-alpha-channel-opacity is-style-dots\"\/>\n\n\n\n<h3 class=\"wp-block-heading\">Vos contacts pour la logistique<\/h3>\n\n\n\n<div class=\"wp-block-columns\">\n<div class=\"wp-block-column\">\n<p>Head of Operations International<\/p>\n<\/div>\n\n\n\n<div class=\"wp-block-column\">\n<p>Teamlead logistics Kiefersfelden<\/p>\n<\/div>\n\n\n\n<div class=\"wp-block-column\">\n<p>Teamlead logistics L\u00f6rrach<\/p>\n<\/div>\n<\/div>\n\n\n\n<div class=\"wp-block-columns\">\n<div class=\"wp-block-column\">\n<div class=\"wp-block-cloudweb-person-card is-style-with-languages wp-block-cloudweb-person-card-dynamic\">\n\t<div class=\"person-card-info\">\n\t\t<div class=\"person-card-image\">\n\t\t\t<img decoding=\"async\" src=\"https:\/\/granagroup.eu\/wp-content\/uploads\/2023\/12\/Jumuga_Alexandru_GRANA_2023.jpg\" alt=\"\" width=\"800\" height=\"800\" loading=\"lazy\" \/>\t\t<\/div>\n\t\t<div class=\"person-card-details\">\n\t\t\t<h2 class=\"person-card-name\">Alexandru Jumuga<\/h2>\n\t\t\t<p class=\"person-card-detail\">Head of Operations International \/  Member of the extended Managing board<\/p><\/div>\n\t<\/div>\n\t<div class=\"person-card-contact\">\n\t\t\t\t\t<p class=\"person-card-phone\">\n\t\t\t\t<a href=\"tel:+4980333046615\" itemprop=\"telephone\" title=\"Call us\">+49 8033 304 66 15<\/a>\t\t\t<\/p>\n\t\t\t\t\t\t\t\t\t\t\t\t\t\t<p class=\"person-card-mobile\">\n\t\t\t\t\t<a href=\"tel:+4915156590298\" itemprop=\"telephone\" title=\"Call us\">+49 151 565 90 298<\/a>\t\t\t\t<\/p>\n\t\t\t\t\t\t\t\t\t\t<p class=\"person-card-mail\">\n\t\t\t\t<a href=\"mailto:%61%6c%65xa%6e%64&#114;%75%2e&#106;u&#109;uga&#64;&#103;r%61&#110;&#97;%67r&#111;&#117;&#112;&#46;%65%75\" title=\"Email us\" itemprop=\"email\">a&#108;&#101;x&#97;&#110;&#100;ru.j&#117;&#109;&#117;ga&#64;g&#114;an&#97;g&#114;ou&#112;.eu<\/a>\t\t\t<\/p>\n\t\t\n\t<\/div>\n\t\t\t<div class=\"person-card-languages\">\n\t\t\t<span>Languages<\/span>\n\t\t\t<ul class=\"languages-list\">\n\t\t\t\t\t\t\t\t\t<li><i class=\"icon-lang icon-lang-ro\"><\/i><\/li>\n\t\t\t\t\t\t\t\t\t<li><i class=\"icon-lang icon-lang-de\"><\/i><\/li>\n\t\t\t\t\t\t\t\t\t<li><i class=\"icon-lang icon-lang-en\"><\/i><\/li>\n\t\t\t\t\t\t\t<\/ul>\n\t\t<\/div>\n\t<\/div>\n<\/div>\n\n\n\n<div class=\"wp-block-column\">\n<div class=\"wp-block-cloudweb-person-card is-style-with-languages wp-block-cloudweb-person-card-dynamic\">\n\t<div class=\"person-card-info\">\n\t\t<div class=\"person-card-image\">\n\t\t\t<img decoding=\"async\" src=\"https:\/\/granagroup.eu\/wp-content\/uploads\/2025\/12\/MA-Fotos-4.jpg\" alt=\"\" width=\"658\" height=\"658\" loading=\"lazy\" \/>\t\t<\/div>\n\t\t<div class=\"person-card-details\">\n\t\t\t<h2 class=\"person-card-name\">Calogero Antonino Barone<\/h2>\n\t\t\t<p class=\"person-card-detail\">Standortleitung \/ Teamleitung Abwicklung und Logistik<\/p><\/div>\n\t<\/div>\n\t<div class=\"person-card-contact\">\n\t\t\t\t\t<p class=\"person-card-phone\">\n\t\t\t\t<a href=\"tel:+4980333046600\" itemprop=\"telephone\" title=\"Call us\">+49 8033 304 66 00<\/a>\t\t\t<\/p>\n\t\t\t\t\t\t\t\t\t\t\t\t\t\t<p class=\"person-card-mobile\">\n\t\t\t\t\t<a href=\"tel:+4915141491554\" itemprop=\"telephone\" title=\"Call us\">+49 1514 149 15 54<\/a>\t\t\t\t<\/p>\n\t\t\t\t\t\t\t\t\t\t<p class=\"person-card-mail\">\n\t\t\t\t<a href=\"mailto:&#99;a%6c&#111;&#103;ero&#46;&#98;a&#114;&#111;&#110;e&#64;%67%72%61%6ea%67%72ou&#112;&#46;e&#117;\" title=\"Email us\" itemprop=\"email\">ca&#108;&#111;&#103;ero&#46;bar&#111;&#110;e&#64;gr&#97;n&#97;g&#114;ou&#112;&#46;eu<\/a>\t\t\t<\/p>\n\t\t\n\t<\/div>\n\t\t\t<div class=\"person-card-languages\">\n\t\t\t<span>Languages<\/span>\n\t\t\t<ul class=\"languages-list\">\n\t\t\t\t\t\t\t\t\t<li><i class=\"icon-lang icon-lang-de\"><\/i><\/li>\n\t\t\t\t\t\t\t\t\t<li><i class=\"icon-lang icon-lang-it\"><\/i><\/li>\n\t\t\t\t\t\t\t\t\t<li><i class=\"icon-lang icon-lang-en\"><\/i><\/li>\n\t\t\t\t\t\t\t\t\t<li><i class=\"icon-lang icon-lang-fr\"><\/i><\/li>\n\t\t\t\t\t\t\t<\/ul>\n\t\t<\/div>\n\t<\/div>\n<\/div>\n\n\n\n<div class=\"wp-block-column\">\n<div class=\"wp-block-cloudweb-person-card is-style-with-languages wp-block-cloudweb-person-card-dynamic\">\n\t<div class=\"person-card-info\">\n\t\t<div class=\"person-card-image\">\n\t\t\t<img decoding=\"async\" src=\"https:\/\/granagroup.eu\/wp-content\/uploads\/2023\/12\/Sabrina_Chaillaud_GRANA_2023.jpg\" alt=\"\" width=\"800\" height=\"800\" loading=\"lazy\" \/>\t\t<\/div>\n\t\t<div class=\"person-card-details\">\n\t\t\t<h2 class=\"person-card-name\">Sabrina Chaillaud<\/h2>\n\t\t\t<p class=\"person-card-detail\">Responsable d&#039;\u00e9quipe Logistique \/ Traitement des contrats<\/p><\/div>\n\t<\/div>\n\t<div class=\"person-card-contact\">\n\t\t\t\t\t<p class=\"person-card-phone\">\n\t\t\t\t<a href=\"tel:+4976215879025\" itemprop=\"telephone\" title=\"Call us\">+49 7621 587 90 25<\/a>\t\t\t<\/p>\n\t\t\t\t\t\t\t\t\t\t\t\t\t\t\t\t\t<p class=\"person-card-mail\">\n\t\t\t\t<a href=\"mailto:&#115;&#97;%62&#114;&#105;na.ch&#97;%69%6c%6c&#97;%75&#100;&#64;%67%72&#97;%6e%61%67&#114;%6f%75%70&#46;eu\" title=\"Email us\" itemprop=\"email\">&#115;ab&#114;i&#110;&#97;.&#99;h&#97;&#105;l&#108;&#97;&#117;&#100;&#64;&#103;r&#97;&#110;a&#103;roup.e&#117;<\/a>\t\t\t<\/p>\n\t\t\n\t<\/div>\n\t\t\t<div class=\"person-card-languages\">\n\t\t\t<span>Langues<\/span>\n\t\t\t<ul class=\"languages-list\">\n\t\t\t\t\t\t\t\t\t<li><i class=\"icon-lang icon-lang-fr\"><\/i><\/li>\n\t\t\t\t\t\t\t\t\t<li><i class=\"icon-lang icon-lang-de\"><\/i><\/li>\n\t\t\t\t\t\t\t\t\t<li><i class=\"icon-lang icon-lang-en\"><\/i><\/li>\n\t\t\t\t\t\t\t<\/ul>\n\t\t<\/div>\n\t<\/div>\n<\/div>\n<\/div>\n\n\n\n<div class=\"wp-block-columns\">\n<div class=\"wp-block-column\">\n<p>Teamlead logistics Bio Berlin<\/p>\n<\/div>\n\n\n\n<div class=\"wp-block-column\"><\/div>\n\n\n\n<div class=\"wp-block-column\"><\/div>\n<\/div>\n\n\n\n<div class=\"wp-block-columns\">\n<div class=\"wp-block-column\">\n<div class=\"wp-block-cloudweb-person-card is-style-with-languages wp-block-cloudweb-person-card-dynamic\">\n\t<div class=\"person-card-info\">\n\t\t<div class=\"person-card-image\">\n\t\t\t<img decoding=\"async\" src=\"https:\/\/granagroup.eu\/wp-content\/uploads\/2023\/12\/Nabe_Mykola_GRANA_2022.jpg\" alt=\"\" width=\"800\" height=\"800\" loading=\"lazy\" \/>\t\t<\/div>\n\t\t<div class=\"person-card-details\">\n\t\t\t<h2 class=\"person-card-name\">Mykola Nabe<\/h2>\n\t\t\t<p class=\"person-card-detail\">Teamleiter Logistik \/ Vertragsabwicklung<\/p><\/div>\n\t<\/div>\n\t<div class=\"person-card-contact\">\n\t\t\t\t\t<p class=\"person-card-phone\">\n\t\t\t\t<a href=\"tel:+4930300109807\" itemprop=\"telephone\" title=\"Call us\">+49 303 0010 9807<\/a>\t\t\t<\/p>\n\t\t\t\t\t\t\t\t\t\t\t\t\t\t<p class=\"person-card-mobile\">\n\t\t\t\t\t<a href=\"tel:+491704500221\" itemprop=\"telephone\" title=\"Call us\">+49 170 4500 221<\/a>\t\t\t\t<\/p>\n\t\t\t\t\t\t\t\t\t\t<p class=\"person-card-mail\">\n\t\t\t\t<a href=\"mailto:my%6b%6fla%2e%6ea%62e&#64;&#103;ran&#97;%67r&#111;&#117;p%2eeu\" title=\"Email us\" itemprop=\"email\">&#109;y&#107;ola.&#110;ab&#101;&#64;gr&#97;&#110;a&#103;ro&#117;&#112;.e&#117;<\/a>\t\t\t<\/p>\n\t\t\n\t<\/div>\n\t\t\t<div class=\"person-card-languages\">\n\t\t\t<span>Langues<\/span>\n\t\t\t<ul class=\"languages-list\">\n\t\t\t\t\t\t\t\t\t<li><i class=\"icon-lang icon-lang-de\"><\/i><\/li>\n\t\t\t\t\t\t\t\t\t<li><i class=\"icon-lang icon-lang-uk\"><\/i><\/li>\n\t\t\t\t\t\t\t\t\t<li><i class=\"icon-lang icon-lang-ru\"><\/i><\/li>\n\t\t\t\t\t\t\t<\/ul>\n\t\t<\/div>\n\t<\/div>\n<\/div>\n\n\n\n<div class=\"wp-block-column\"><\/div>\n\n\n\n<div class=\"wp-block-column\"><\/div>\n<\/div>\n","protected":false},"excerpt":{"rendered":"<p>Dans le domaine de la logistique internationale, granaagro mise sur une longue exp\u00e9rience dans le transport et la manutention de marchandises ainsi que sur un bon r\u00e9seau professionnel et solide avec des entreprises de logistique pour le transport routier, ferroviaire, maritime et les possibilit\u00e9s de stockage. Une \u00e9quipe de collaborateurs tr\u00e8s qualifi\u00e9s et polyglottes accompagne [&hellip;]<\/p>\n","protected":false},"author":4,"featured_media":0,"parent":0,"menu_order":0,"comment_status":"closed","ping_status":"closed","template":"","meta":{"_acf_changed":false,"inline_featured_image":false,"_genesis_hide_title":false,"_genesis_hide_breadcrumbs":false,"_genesis_hide_singular_image":false,"_genesis_hide_footer_widgets":false,"_genesis_custom_body_class":"","_genesis_custom_post_class":"","_genesis_layout":"","footnotes":""},"class_list":{"0":"post-1768","1":"page","2":"type-page","3":"status-publish","5":"entry"},"acf":[],"_links":{"self":[{"href":"https:\/\/granagroup.eu\/fr\/wp-json\/wp\/v2\/pages\/1768","targetHints":{"allow":["GET"]}}],"collection":[{"href":"https:\/\/granagroup.eu\/fr\/wp-json\/wp\/v2\/pages"}],"about":[{"href":"https:\/\/granagroup.eu\/fr\/wp-json\/wp\/v2\/types\/page"}],"author":[{"embeddable":true,"href":"https:\/\/granagroup.eu\/fr\/wp-json\/wp\/v2\/users\/4"}],"replies":[{"embeddable":true,"href":"https:\/\/granagroup.eu\/fr\/wp-json\/wp\/v2\/comments?post=1768"}],"version-history":[{"count":0,"href":"https:\/\/granagroup.eu\/fr\/wp-json\/wp\/v2\/pages\/1768\/revisions"}],"wp:attachment":[{"href":"https:\/\/granagroup.eu\/fr\/wp-json\/wp\/v2\/media?parent=1768"}],"curies":[{"name":"wp","href":"https:\/\/api.w.org\/{rel}","templated":true}]}}