{"id":1779,"date":"2023-11-22T11:47:37","date_gmt":"2023-11-22T10:47:37","guid":{"rendered":"https:\/\/granagroup.wpenginepowered.com\/?page_id=1779"},"modified":"2024-01-26T14:12:27","modified_gmt":"2024-01-26T13:12:27","slug":"carriere","status":"publish","type":"page","link":"https:\/\/granagroup.eu\/fr\/carriere\/","title":{"rendered":"Carri\u00e8re"},"content":{"rendered":"\n<p>Que vous soyez au d\u00e9but de votre carri\u00e8re ou que vous ayez de l&rsquo;exp\u00e9rience, vous trouverez chez nous des d\u00e9fis int\u00e9ressants et des possibilit\u00e9s de formation continue dans un environnement international. Chez nous, vous assumerez des responsabilit\u00e9s d\u00e8s le premier jour et pourrez planifier et d\u00e9velopper activement votre carri\u00e8re professionnelle \u00e0 chaque \u00e9tape de votre vie.<\/p>\n\n\n\n<p>Nous offrons une multitude de possibilit\u00e9s d\u2019\u00e9volution, d\u2019excellentes options de formation continue et, bien entendu, des conditions de travail attrayantes. Nous mettons l&rsquo;accent sur la promotion et le d\u00e9veloppement cibl\u00e9s des collaboratrices et collaborateurs en encourageant les comp\u00e9tences par des formations continues et des cours de perfectionnement. Nous nous engageons activement dans la promotion des talents et la planification de la succession \u00e0 long terme.<\/p>\n\n\n\n<p>Nous faisons partie de fenaco soci\u00e9t\u00e9 coop\u00e9rative &#8211; fenaco est une soci\u00e9t\u00e9 coop\u00e9rative agricole suisse qui repose sur une id\u00e9e de 150\u00a0ans. Fenaco soci\u00e9t\u00e9 coop\u00e9rative emploie 11\u202f500\u202fcollaboratrices et collaborateurs et forme plus de 500\u202fapprenties et apprentis dans 21\u202fm\u00e9tiers, ce qui fait d\u2019elle l\u2019un des principaux employeurs de Suisse.\u00a0<\/p>\n\n\n\n<p>D\u00e9couvrez nos offres d&#8217;emploi actuelles et rejoignez une \u00e9quipe comp\u00e9tente qui c\u00e9l\u00e8bre ensemble ses succ\u00e8s. Nous nous r\u00e9jouissons de faire votre connaissance et de construire l&rsquo;avenir avec vous !<\/p>\n\n\n\n<div style=\"height:20px\" aria-hidden=\"true\" class=\"wp-block-spacer\"><\/div>\n\n\n\n<iframe src=\"https:\/\/ohws.prospective.ch\/public\/v1\/careercenter\/1001859\/?language=fr&#038;lang=en&#038;filter_30=1158637\" style=\"height:1000px;width:90%;\"><\/iframe>\n\n\n\n<hr class=\"wp-block-separator has-alpha-channel-opacity is-style-dots\"\/>\n\n\n\n<h3 class=\"wp-block-heading\">Your contact<\/h3>\n\n\n\n<div class=\"wp-block-cloudweb-person-card\"><div class=\"person-card-info\"><div class=\"person-card-image\"><img loading=\"lazy\" decoding=\"async\" src=\"https:\/\/granagroup.eu\/wp-content\/uploads\/2023\/12\/Kalwa_Karen_GRANA_2022.jpg\" alt=\"\" width=\"800\" height=\"800\"\/><\/div><div class=\"person-card-details\"><h2 class=\"person-card-name\">Karen Kalwa<\/h2><p class=\"person-card-detail\">HR Business Partner<\/p><\/div><\/div><div class=\"person-card-contact\"><p class=\"person-card-phone\"><a href=\"tel:+4976211543972\">+49 7621 154 39 72<\/a><\/p><p class=\"person-card-mail\"><a href=\"mailto:karen.kalwa@granagroup.eu\">karen.kalwa@granagroup.eu<\/a><\/p><\/div><\/div>\n","protected":false},"excerpt":{"rendered":"<p>Que vous soyez au d\u00e9but de votre carri\u00e8re ou que vous ayez de l&rsquo;exp\u00e9rience, vous trouverez chez nous des d\u00e9fis int\u00e9ressants et des possibilit\u00e9s de formation continue dans un environnement international. Chez nous, vous assumerez des responsabilit\u00e9s d\u00e8s le premier jour et pourrez planifier et d\u00e9velopper activement votre carri\u00e8re professionnelle \u00e0 chaque \u00e9tape de votre [&hellip;]<\/p>\n","protected":false},"author":4,"featured_media":0,"parent":0,"menu_order":0,"comment_status":"closed","ping_status":"closed","template":"","meta":{"_acf_changed":false,"inline_featured_image":false,"_genesis_hide_title":false,"_genesis_hide_breadcrumbs":false,"_genesis_hide_singular_image":false,"_genesis_hide_footer_widgets":false,"_genesis_custom_body_class":"","_genesis_custom_post_class":"","_genesis_layout":"","footnotes":""},"class_list":{"0":"post-1779","1":"page","2":"type-page","3":"status-publish","5":"entry"},"acf":[],"_links":{"self":[{"href":"https:\/\/granagroup.eu\/fr\/wp-json\/wp\/v2\/pages\/1779","targetHints":{"allow":["GET"]}}],"collection":[{"href":"https:\/\/granagroup.eu\/fr\/wp-json\/wp\/v2\/pages"}],"about":[{"href":"https:\/\/granagroup.eu\/fr\/wp-json\/wp\/v2\/types\/page"}],"author":[{"embeddable":true,"href":"https:\/\/granagroup.eu\/fr\/wp-json\/wp\/v2\/users\/4"}],"replies":[{"embeddable":true,"href":"https:\/\/granagroup.eu\/fr\/wp-json\/wp\/v2\/comments?post=1779"}],"version-history":[{"count":0,"href":"https:\/\/granagroup.eu\/fr\/wp-json\/wp\/v2\/pages\/1779\/revisions"}],"wp:attachment":[{"href":"https:\/\/granagroup.eu\/fr\/wp-json\/wp\/v2\/media?parent=1779"}],"curies":[{"name":"wp","href":"https:\/\/api.w.org\/{rel}","templated":true}]}}