{"id":1787,"date":"2023-12-15T10:04:13","date_gmt":"2023-12-15T09:04:13","guid":{"rendered":"https:\/\/granagroup.wpenginepowered.com\/qualitaet\/"},"modified":"2026-03-23T16:00:30","modified_gmt":"2026-03-23T15:00:30","slug":"qualitaet","status":"publish","type":"page","link":"https:\/\/granagroup.eu\/fr\/qualitaet\/","title":{"rendered":"Qualit\u00e9"},"content":{"rendered":"\n<p>Granaagro&nbsp;fait partie int\u00e9grante de la cha\u00eene logistique \u00e9tendue de nos clients. Nous sommes ainsi tr\u00e8s bien arm\u00e9s contre les risques de s\u00e9curit\u00e9, auxquels sont expos\u00e9s tous les produits de n\u00e9goce que nous distribuons. Parce que nous aspirons \u00e0 dominer le march\u00e9 avec une qualit\u00e9 de produit constante pour tous nos processus et services, nous pla\u00e7ons la qualit\u00e9 et le contr\u00f4le au centre de nos priorit\u00e9s.<\/p>\n\n\n\n<p>Nous utilisons notre propre syst\u00e8me de gestion de la qualit\u00e9 pour le maintien des normes de qualit\u00e9 strictes qui respectent ou d\u00e9passent les normes suivantes:<\/p>\n\n\n\n<div style=\"height:25px\" aria-hidden=\"true\" class=\"wp-block-spacer\"><\/div>\n\n\n\n<div class=\"wp-block-cloudweb-accordion alignfull alignwide\"><div class=\"accordion\">\n<div class=\"wp-block-cloudweb-accordion-item\"><div class=\"accordion-item\"><div class=\"accordion-item-header\"><h3 class=\"accordion-title\">Certifications granaagro Deutschland GmbH L\u00f6rrach<\/h3><\/div><div class=\"accordion-content\">\n<p class=\"is-style-accordion-link\"><a href=\"https:\/\/granagroup.eu\/wp-content\/uploads\/2024\/05\/240503_Zertifikat_EN_gaDE_GMP.pdf\" target=\"_blank\" rel=\"noreferrer noopener\">GMP+<\/a><\/p>\n\n\n\n<p class=\"is-style-accordion-link\"><a href=\"https:\/\/granagroup.eu\/wp-content\/uploads\/2026\/04\/DE-OeKO-006.276-0072602.2026.001.pdf\" target=\"_blank\" rel=\"noreferrer noopener\">EU Bio<\/a><\/p>\n\n\n\n<p class=\"is-style-accordion-link\"><a href=\"https:\/\/granagroup.eu\/wp-content\/uploads\/2024\/06\/240311_BioSuisse_Zertifikat.pdf\" target=\"_blank\" rel=\"noreferrer noopener\">Bio Suisse<\/a><\/p>\n\n\n\n<p class=\"is-style-accordion-link\"><a href=\"https:\/\/granagroup.eu\/wp-content\/uploads\/2023\/12\/230119_Zertifikat_DE_Loerrach_Europesoya.pdf\" target=\"_blank\" rel=\"noreferrer noopener\">Europe Soya<\/a><\/p>\n\n\n\n<p class=\"is-style-accordion-link\"><a href=\"https:\/\/granagroup.eu\/wp-content\/uploads\/2023\/12\/230119_Zertifikat_DE_Loerrach_Donausoja.pdf\" target=\"_blank\" rel=\"noreferrer noopener\">Donau Soja<\/a><\/p>\n<\/div><\/div><\/div>\n\n\n\n<div class=\"wp-block-cloudweb-accordion-item\"><div class=\"accordion-item\"><div class=\"accordion-item-header\"><h3 class=\"accordion-title\">Certifications granaagro Deutschland GmbH Berlin<\/h3><\/div><div class=\"accordion-content\">\n<p class=\"is-style-accordion-link\"><a href=\"https:\/\/granagroup.eu\/wp-content\/uploads\/2024\/05\/240503_Zertifikat_EN_gaDE_GMP.pdf\" target=\"_blank\" rel=\"noreferrer noopener\">GMP+<\/a><\/p>\n\n\n\n<p class=\"is-style-accordion-link\"><a href=\"https:\/\/granagroup.eu\/wp-content\/uploads\/2026\/04\/DE-OeKO-006.276-0072602.2026.001.pdf\" target=\"_blank\" rel=\"noreferrer noopener\">EU Bio<\/a><\/p>\n\n\n\n<p class=\"is-style-accordion-link\"><a href=\"https:\/\/granagroup.eu\/wp-content\/uploads\/2024\/06\/240311_BioSuisse_Zertifikat.pdf\" target=\"_blank\" rel=\"noreferrer noopener\">Bio Suisse<\/a><\/p>\n\n\n\n<p class=\"is-style-accordion-link\"><a href=\"https:\/\/granagroup.eu\/wp-content\/uploads\/2026\/04\/2025_Biokreis_Zertifikat_Granaagro.pdf\" target=\"_blank\" data-type=\"link\" data-id=\"https:\/\/granagroup.eu\/wp-content\/uploads\/2024\/05\/granaagro-Deutschland_Biokreis_bis-31.03.2026-1.pdf\" rel=\"noreferrer noopener\">Biokreis<\/a><\/p>\n<\/div><\/div><\/div>\n\n\n\n<div class=\"wp-block-cloudweb-accordion-item\"><div class=\"accordion-item\"><div class=\"accordion-item-header\"><h3 class=\"accordion-title\">Certifications granaagro Deutschland GmbH Kiefersfelden<\/h3><\/div><div class=\"accordion-content\">\n<p class=\"is-style-accordion-link\"><a href=\"https:\/\/granagroup.eu\/wp-content\/uploads\/2024\/05\/240503_Zertifikat_EN_gaDE_GMP.pdf\" target=\"_blank\" rel=\"noreferrer noopener\">GMP+<\/a><\/p>\n\n\n\n<p class=\"is-style-accordion-link\"><a href=\"https:\/\/granagroup.eu\/wp-content\/uploads\/2026\/04\/DE-OeKO-006.276-0072602.2026.001.pdf\" target=\"_blank\" rel=\"noreferrer noopener\">EU Bio<\/a><\/p>\n\n\n\n<p class=\"is-style-accordion-link\"><a href=\"https:\/\/granagroup.eu\/wp-content\/uploads\/2023\/12\/230731_Zertifikat_EN_Kiefersfelden_ISCC.pdf\" target=\"_blank\" rel=\"noreferrer noopener\">ISCC<\/a><\/p>\n<\/div><\/div><\/div>\n<\/div><\/div>\n\n\n\n<h3 class=\"wp-block-heading\">Concept HACCP<\/h3>\n\n\n\n<p>Les entreprises granaagro Deutschland GmbH, granaagro Czechia s.r.o. et granaagro Danubia s.r.l. utilisent en outre d\u2019un concept HACCP conforme aux 12 \u00e9tapes HACCP du codex alimentarius. Celui-ci exige entre autres des analyses compl\u00e8tes des dangers pour tous nos produits, l\u2019identification des points de contr\u00f4le critiques et la surveillance continue du syst\u00e8me.<\/p>\n\n\n\n<hr class=\"wp-block-separator has-alpha-channel-opacity is-style-dots\"\/>\n\n\n\n<h3 class=\"wp-block-heading\">Vos contacts pour la gestion de la qualit\u00e9<\/h3>\n\n\n\n<div class=\"wp-block-columns\">\n<div class=\"wp-block-column\">\n<p>L\u00f6rrach and Kiefersfelden (Conventionnel)<\/p>\n<\/div>\n<\/div>\n\n\n\n<div class=\"wp-block-columns\">\n<div class=\"wp-block-column\">\n<div class=\"wp-block-cloudweb-person-card is-style-without-languages wp-block-cloudweb-person-card-dynamic\">\n\t<div class=\"person-card-info\">\n\t\t<div class=\"person-card-image\">\n\t\t\t<img decoding=\"async\" src=\"https:\/\/granagroup.eu\/wp-content\/uploads\/2023\/12\/Nabe_Mykola_GRANA_2022.jpg\" alt=\"\" width=\"800\" height=\"800\" loading=\"lazy\" \/>\t\t<\/div>\n\t\t<div class=\"person-card-details\">\n\t\t\t<h2 class=\"person-card-name\">Mykola Nabe<\/h2>\n\t\t\t<p class=\"person-card-detail\">Teamleader logistics \/ contract execution<\/p><\/div>\n\t<\/div>\n\t<div class=\"person-card-contact\">\n\t\t\t\t\t<p class=\"person-card-phone\">\n\t\t\t\t<a href=\"tel:+4930300109807\" itemprop=\"telephone\" title=\"Call us\">+49 303 0010 9807<\/a>\t\t\t<\/p>\n\t\t\t\t\t\t\t\t\t<p class=\"person-card-mail\">\n\t\t\t\t<a href=\"mailto:%6d&#121;k&#111;l&#97;&#46;na&#98;%65&#64;gra&#110;ag%72o%75p.&#101;%75\" title=\"Email us\" itemprop=\"email\">&#109;&#121;&#107;ola&#46;n&#97;b&#101;&#64;&#103;&#114;a&#110;&#97;g&#114;o&#117;&#112;&#46;&#101;&#117;<\/a>\t\t\t<\/p>\n\t\t\n\t<\/div>\n\t<\/div>\n<\/div>\n\n\n\n<div class=\"wp-block-column\"><\/div>\n\n\n\n<div class=\"wp-block-column\"><\/div>\n<\/div>\n\n\n\n<p>Berlin (Bio)<\/p>\n\n\n\n<div class=\"wp-block-columns\">\n<div class=\"wp-block-column\">\n<div class=\"wp-block-cloudweb-person-card is-style-without-languages wp-block-cloudweb-person-card-dynamic\">\n\t<div class=\"person-card-info\">\n\t\t<div class=\"person-card-image\">\n\t\t\t<img decoding=\"async\" src=\"https:\/\/granagroup.eu\/wp-content\/uploads\/2023\/12\/Nabe_Mykola_GRANA_2022.jpg\" alt=\"\" width=\"800\" height=\"800\" loading=\"lazy\" \/>\t\t<\/div>\n\t\t<div class=\"person-card-details\">\n\t\t\t<h2 class=\"person-card-name\">Mykola Nabe<\/h2>\n\t\t\t<p class=\"person-card-detail\">Teamleader logistics \/ contract execution<\/p><\/div>\n\t<\/div>\n\t<div class=\"person-card-contact\">\n\t\t\t\t\t<p class=\"person-card-phone\">\n\t\t\t\t<a href=\"tel:+4930300109807\" itemprop=\"telephone\" title=\"Call us\">+49 303 0010 9807<\/a>\t\t\t<\/p>\n\t\t\t\t\t\t\t\t\t<p class=\"person-card-mail\">\n\t\t\t\t<a href=\"mailto:%6d&#121;&#107;o%6ca&#46;&#110;a&#98;e&#64;g%72a%6e&#97;%67r%6fup&#46;&#101;%75\" title=\"Email us\" itemprop=\"email\">my&#107;&#111;&#108;a&#46;&#110;&#97;&#98;e&#64;g&#114;a&#110;&#97;g&#114;&#111;u&#112;.eu<\/a>\t\t\t<\/p>\n\t\t\n\t<\/div>\n\t<\/div>\n<\/div>\n\n\n\n<div class=\"wp-block-column\">\n<div class=\"wp-block-cloudweb-person-card is-style-without-languages wp-block-cloudweb-person-card-dynamic\">\n\t<div class=\"person-card-info\">\n\t\t<div class=\"person-card-image\">\n\t\t\t<img decoding=\"async\" src=\"https:\/\/granagroup.eu\/wp-content\/uploads\/2024\/12\/Dominique_Hartmann_2024_thb.jpg\" alt=\"\" width=\"1200\" height=\"1200\" loading=\"lazy\" \/>\t\t<\/div>\n\t\t<div class=\"person-card-details\">\n\t\t\t<h2 class=\"person-card-name\">Dominique Hartmann<\/h2>\n\t\t\t<p class=\"person-card-detail\">Administration \/ Qualit\u00e4tsmanagement <\/p><\/div>\n\t<\/div>\n\t<div class=\"person-card-contact\">\n\t\t\t\t\t<p class=\"person-card-phone\">\n\t\t\t\t<a href=\"tel:+4930300109809\" itemprop=\"telephone\" title=\"Call us\">+49 303 0010 9809<\/a>\t\t\t<\/p>\n\t\t\t\t\t\t\t\t\t<p class=\"person-card-mail\">\n\t\t\t\t<a href=\"mailto:&#100;&#111;%6di&#110;&#105;&#113;&#117;%65&#46;&#104;%61%72t%6d%61%6e%6e&#64;g&#114;an%61%67&#114;ou%70&#46;%65&#117;\" title=\"Email us\" itemprop=\"email\">&#100;&#111;&#109;&#105;&#110;i&#113;ue&#46;h&#97;&#114;t&#109;an&#110;&#64;&#103;ra&#110;ag&#114;o&#117;p&#46;eu<\/a>\t\t\t<\/p>\n\t\t\n\t<\/div>\n\t<\/div>\n<\/div>\n\n\n\n<div class=\"wp-block-column\"><\/div>\n<\/div>\n\n\n\n<p><\/p>\n","protected":false},"excerpt":{"rendered":"<p>Granaagro&nbsp;fait partie int\u00e9grante de la cha\u00eene logistique \u00e9tendue de nos clients. Nous sommes ainsi tr\u00e8s bien arm\u00e9s contre les risques de s\u00e9curit\u00e9, auxquels sont expos\u00e9s tous les produits de n\u00e9goce que nous distribuons. Parce que nous aspirons \u00e0 dominer le march\u00e9 avec une qualit\u00e9 de produit constante pour tous nos processus et services, nous pla\u00e7ons [&hellip;]<\/p>\n","protected":false},"author":5,"featured_media":0,"parent":0,"menu_order":0,"comment_status":"closed","ping_status":"closed","template":"","meta":{"_acf_changed":false,"inline_featured_image":false,"_genesis_hide_title":false,"_genesis_hide_breadcrumbs":false,"_genesis_hide_singular_image":false,"_genesis_hide_footer_widgets":false,"_genesis_custom_body_class":"","_genesis_custom_post_class":"","_genesis_layout":"","footnotes":""},"class_list":{"0":"post-1787","1":"page","2":"type-page","3":"status-publish","5":"entry"},"acf":[],"_links":{"self":[{"href":"https:\/\/granagroup.eu\/fr\/wp-json\/wp\/v2\/pages\/1787","targetHints":{"allow":["GET"]}}],"collection":[{"href":"https:\/\/granagroup.eu\/fr\/wp-json\/wp\/v2\/pages"}],"about":[{"href":"https:\/\/granagroup.eu\/fr\/wp-json\/wp\/v2\/types\/page"}],"author":[{"embeddable":true,"href":"https:\/\/granagroup.eu\/fr\/wp-json\/wp\/v2\/users\/5"}],"replies":[{"embeddable":true,"href":"https:\/\/granagroup.eu\/fr\/wp-json\/wp\/v2\/comments?post=1787"}],"version-history":[{"count":0,"href":"https:\/\/granagroup.eu\/fr\/wp-json\/wp\/v2\/pages\/1787\/revisions"}],"wp:attachment":[{"href":"https:\/\/granagroup.eu\/fr\/wp-json\/wp\/v2\/media?parent=1787"}],"curies":[{"name":"wp","href":"https:\/\/api.w.org\/{rel}","templated":true}]}}