{"id":1825,"date":"2023-10-18T12:25:31","date_gmt":"2023-10-18T11:25:31","guid":{"rendered":"https:\/\/granagroup.wpenginepowered.com\/front-page\/"},"modified":"2024-03-20T11:28:29","modified_gmt":"2024-03-20T10:28:29","slug":"front-page","status":"publish","type":"page","link":"https:\/\/granagroup.eu\/fr\/","title":{"rendered":"Front Page"},"content":{"rendered":"\n<div class=\"wp-block-cloudweb-hero-slider alignfull\" style=\"--bg-color: null\" data-settings=\"{&quot;dots&quot;:false,&quot;arrows&quot;:false,&quot;infinite&quot;:false,&quot;speed&quot;:300,&quot;slidesToShow&quot;:1,&quot;slidesToScroll&quot;:1,&quot;autoplay&quot;:false,&quot;autoplaySpeed&quot;:3000}\">\n<div class=\"wp-block-cloudweb-hero-slide\"><img loading=\"lazy\" decoding=\"async\" class=\"wp-image-1100\" src=\"https:\/\/granagroup.eu\/wp-content\/uploads\/2023\/12\/shutterstock_107643413-scaled.jpg\" alt=\"\" width=\"2560\" height=\"1707\" srcset=\"https:\/\/granagroup.eu\/wp-content\/uploads\/2023\/12\/shutterstock_107643413-scaled.jpg 2560w, https:\/\/granagroup.eu\/wp-content\/uploads\/2023\/12\/shutterstock_107643413-300x200.jpg 300w, https:\/\/granagroup.eu\/wp-content\/uploads\/2023\/12\/shutterstock_107643413-1024x683.jpg 1024w, https:\/\/granagroup.eu\/wp-content\/uploads\/2023\/12\/shutterstock_107643413-768x512.jpg 768w, https:\/\/granagroup.eu\/wp-content\/uploads\/2023\/12\/shutterstock_107643413-1536x1024.jpg 1536w, https:\/\/granagroup.eu\/wp-content\/uploads\/2023\/12\/shutterstock_107643413-2048x1365.jpg 2048w\" sizes=\"auto, (max-width: 2560px) 100vw, 2560px\" \/><\/div>\n<\/div>\n\n\n\n<div style=\"height:50px\" aria-hidden=\"true\" class=\"wp-block-spacer\"><\/div>\n\n\n\n<div class=\"wp-block-cloudweb-partnership\">\n<div class=\"wp-block-cloudweb-partnership-intro\">\n<h2 class=\"wp-block-heading\"><strong>Un partenaire fiable<\/strong><\/h2>\n\n\n\n<p>Produits de qualit\u00e9 et service fiable<\/p>\n\n\n\n<p>Des produits de qualit\u00e9 contr\u00f4l\u00e9e et des services logistiques ponctuels sont la cl\u00e9 de notre succ\u00e8s.<\/p>\n\n\n\n<p>Gr\u00e2ce \u00e0 notre longue exp\u00e9rience et \u00e0 un commerce efficace et florissant des c\u00e9r\u00e9ales, nous offrons un soutien optimal \u00e0 notre client\u00e8le. Des collaborateurs internationaux de tous niveaux et des sp\u00e9cialistes disposant d&rsquo;un savoir-faire en commerce, logistique et assurance qualit\u00e9 garantissent une qualit\u00e9 de service constante.<\/p>\n\n\n\n<div class=\"wp-block-button is-style-fill is-style-fill--1\"><a class=\"wp-block-button__link wp-element-button\" href=\"https:\/\/granagroup.eu\/fr\/contact\/\">Contact<\/a><\/div>\n<\/div>\n\n\n\n<div class=\"wp-block-cloudweb-partnership-boxes\">\n<div class=\"wp-block-cloudweb-partnership-box\"><div class=\"partnership-box-icon\"><img loading=\"lazy\" decoding=\"async\" class=\"wp-image-1934\" src=\"https:\/\/granagroup.eu\/wp-content\/uploads\/2023\/12\/people_grana.svg\" alt=\"\" width=\"52\" height=\"56\"\/><\/div><h3><a href=\"https:\/\/granagroup.eu\/fr\/mitarbeitende\/\" data-type=\"page\" data-id=\"305\">Une \u00e9quipe comp\u00e9tente<\/a><\/h3><p>Notre \u00e9quipe de sp\u00e9cialistes est toujours \u00e0 vos c\u00f4t\u00e9s pour vous conseiller et vous assister.<\/p><\/div>\n\n\n\n<div class=\"wp-block-cloudweb-partnership-box\"><div class=\"partnership-box-icon\"><img loading=\"lazy\" decoding=\"async\" class=\"wp-image-1982\" src=\"https:\/\/granagroup.eu\/wp-content\/uploads\/2023\/12\/home_grana-2.svg\" alt=\"\" width=\"50\" height=\"50\"\/><\/div><h3><a href=\"https:\/\/granagroup.eu\/fr\/emplacements\/\" data-type=\"page\" data-id=\"306\">5 emplacements<\/a><\/h3><p>Notre pr\u00e9sence g\u00e9ographique nous permet de fournir des services efficaces et efficients.<\/p><\/div>\n\n\n\n<div class=\"wp-block-cloudweb-partnership-box\"><div class=\"partnership-box-icon\"><img loading=\"lazy\" decoding=\"async\" class=\"wp-image-1917\" src=\"https:\/\/granagroup.eu\/wp-content\/uploads\/2023\/12\/signature_grana.svg\" alt=\"\" width=\"52\" height=\"49\"\/><\/div><h3><a href=\"https:\/\/granagroup.eu\/fr\/qualitaet\/\" data-type=\"page\" data-id=\"1156\">Certification<\/a><\/h3><p>Nos certificats soulignent notre engagement pour la qualit\u00e9 et la s\u00e9curit\u00e9.<\/p><\/div>\n\n\n\n<div class=\"wp-block-cloudweb-partnership-box\"><div class=\"partnership-box-icon\"><img loading=\"lazy\" decoding=\"async\" class=\"wp-image-1942\" src=\"https:\/\/granagroup.eu\/wp-content\/uploads\/2023\/12\/star_grana.svg\" alt=\"\" width=\"52\" height=\"53\"\/><\/div><h3><a href=\"https:\/\/granagroup.eu\/fr\/geschichte\/\" data-type=\"page\" data-id=\"304\">Innovation<\/a><\/h3><p>Depuis 1918, nous encourageons l&rsquo;innovation et construisons des partenariats durables.<\/p><\/div>\n<\/div>\n<\/div>\n\n\n\n<div class=\"wp-block-cloudweb-offer-boxes\"><div class=\"offer-boxes-title\"><h2>Ce que nous offrons<\/h2><\/div><div class=\"offer-boxes\">\n<div class=\"wp-block-cloudweb-offer-box\"><div class=\"offer-box\"><img loading=\"lazy\" decoding=\"async\" src=\"https:\/\/granagroup.eu\/wp-content\/uploads\/2023\/12\/shutterstock_1218690271-620x1242.jpg\" alt=\"\" width=\"2560\" height=\"1704\"\/><div class=\"offer-box-content\">\n<h2 class=\"wp-block-heading\">Commerce conventionnel<\/h2>\n\n\n\n<p><a href=\"https:\/\/granagroup.eu\/fr\/getreide\/\" data-type=\"page\" data-id=\"1484\">C\u00e9r\u00e9ales<\/a><\/p>\n\n\n\n<p><a href=\"https:\/\/granagroup.eu\/fr\/leguminosen\/\" data-type=\"page\" data-id=\"1485\">L\u00e9gumineuses<\/a><\/p>\n\n\n\n<p><a href=\"https:\/\/granagroup.eu\/fr\/oelsaaten-und-pflanzenoele\/\" data-type=\"page\" data-id=\"1486\">Ol\u00e9agineux et huiles v\u00e9g\u00e9tales<\/a><\/p>\n\n\n\n<p><a href=\"https:\/\/granagroup.eu\/fr\/futterproteine\/\" data-type=\"page\" data-id=\"1487\">Prot\u00e9ines fourrag\u00e8res<\/a><\/p>\n\n\n\n<p><a href=\"https:\/\/granagroup.eu\/fr\/nebenprodukte\/\" data-type=\"page\" data-id=\"1488\">Sous-produits<\/a><\/p>\n<\/div><\/div><\/div>\n\n\n\n<div class=\"wp-block-cloudweb-offer-box\"><div class=\"offer-box\"><img loading=\"lazy\" decoding=\"async\" src=\"https:\/\/granagroup.eu\/wp-content\/uploads\/2023\/11\/lebensmittel-620x1242.jpg\" alt=\"\" width=\"1080\" height=\"1863\"\/><div class=\"offer-box-content\">\n<h2 class=\"wp-block-heading\"><a href=\"https:\/\/granagroup.eu\/fr\/handel-bio\/\" data-type=\"page\" data-id=\"1467\">Commerce bio<\/a><\/h2>\n<\/div><\/div><\/div>\n\n\n\n<div class=\"wp-block-cloudweb-offer-box\"><div class=\"offer-box\"><img loading=\"lazy\" decoding=\"async\" src=\"https:\/\/granagroup.eu\/wp-content\/uploads\/2023\/11\/lager-logistik-620x1242.jpg\" alt=\"\" width=\"1080\" height=\"1863\"\/><div class=\"offer-box-content\">\n<h2 class=\"wp-block-heading\"><a href=\"https:\/\/granagroup.eu\/fr\/logistik\/\" data-type=\"page\" data-id=\"1468\">Logistique<\/a><\/h2>\n<\/div><\/div><\/div>\n<\/div><\/div>\n\n\n\n<h2 class=\"wp-block-heading\">Emplacements<\/h2>\n\n\n<div class=\"wp-block-cloudweb-standorte\">\n\t<div class=\"standorte\">\n\t\t<div class=\"standorte-title\">\n\t\t\t<h2><\/h2>\n\t\t<\/div>\n\t\t<div class=\"standorte-content\">\n\t\t\t<div class=\"standorte-map-wrapper\">\n\t\t\t\t<div class=\"standorte-map\">\n\t\t\t\t\t<img decoding=\"async\" class=\"standorte-map-img\" src=\"https:\/\/granagroup.eu\/wp-content\/uploads\/2023\/12\/karte_fe-standorte-Europa.png\"\n\t\t\t\t\t\t alt=\"\">\n\t\t\t\t<\/div>\n\t\t\t\t<div class=\"standorte-map-pins\">\n\t\t\t\t\t<div class=\"standorte-map-pin\" data-x=\"41.5073038978\" data-y=\"67.339644088\" data-id=\"0\"><i class=\"icon icon-pin\"><\/i><\/div><div class=\"standorte-map-pin\" data-x=\"44.5168969297\" data-y=\"67.2142443783\" data-id=\"1\"><i class=\"icon icon-pin\"><\/i><\/div><div class=\"standorte-map-pin\" data-x=\"50.7868824127\" data-y=\"61.5712574436\" data-id=\"2\"><i class=\"icon icon-pin\"><\/i><\/div><div class=\"standorte-map-pin\" data-x=\"55.0504725412\" data-y=\"64.8316498948\" data-id=\"3\"><i class=\"icon icon-pin\"><\/i><\/div><div class=\"standorte-map-pin\" data-x=\"66.4618461204\" data-y=\"75.3652255063\" data-id=\"4\"><i class=\"icon icon-pin\"><\/i><\/div>\t\t\t\t<\/div>\n\t\t\t<\/div>\n\t\t\t<div class=\"standorte-sidebar\">\n\t\t\t\t<div class=\"standorte-sidebar-item close\" data-id=\"0\"><div class=\"standorte-sidebar-item-title\"><h3>L\u00f6rrach<\/h3><\/div><div class=\"standorte-sidebar-item-content\"><p><strong>granaagro Deutschland GmbH<br><\/strong>Weiler Strasse 7<br>79540\u00a0L\u00f6rrach<br>Allemagne<\/p><div class=\"standorte-sidebar-item-content-footer\"><p><span>Tel.<\/span> <a href=\"tel:+4976215879020\" itemprop=\"telephone\" title=\"Call us\">+49 7621 587 9020<\/a><\/p><\/div><\/div><\/div><div class=\"standorte-sidebar-item close\" data-id=\"1\"><div class=\"standorte-sidebar-item-title\"><h3>Kiefersfelden<\/h3><\/div><div class=\"standorte-sidebar-item-content\"><p><strong>granaagro Deutschland GmbH<br><\/strong>Marmorwerkstrasse 60<br>83088 Kiefersfelden<br>Allemagne<\/p><div class=\"standorte-sidebar-item-content-footer\"><p><span>Tel.<\/span> <a href=\"tel:+4980333046620\" itemprop=\"telephone\" title=\"Call us\">+49 8033 304 6620<\/a><\/p><\/div><\/div><\/div><div class=\"standorte-sidebar-item close\" data-id=\"2\"><div class=\"standorte-sidebar-item-title\"><h3>Berlin<\/h3><\/div><div class=\"standorte-sidebar-item-content\"><p><strong>granaagro Deutschland GmbH<br><\/strong>Alte Jakobstrasse 85\/86<br>10179 Berlin<br>Allemagne<\/p><div class=\"standorte-sidebar-item-content-footer\"><p><span>Tel.<\/span> <a href=\"tel:+4930300109800\u00a0\" itemprop=\"telephone\" title=\"Call us\">+49 3030 010 9800\u00a0<\/a><\/p><\/div><\/div><\/div><div class=\"standorte-sidebar-item close\" data-id=\"3\"><div class=\"standorte-sidebar-item-title\"><h3>Olomouc<\/h3><\/div><div class=\"standorte-sidebar-item-content\"><p><strong>granaagro Czechia s.r.o.<br><\/strong>Jungmannova 802<br>Hodolany<br>79 00 Olomouc<br>R\u00e9publique tch\u00e8que<\/p><div class=\"standorte-sidebar-item-content-footer\"><p><span>Tel.<\/span> <a href=\"tel:+420585757100\" itemprop=\"telephone\" title=\"Call us\">+42 0585 757 100<\/a><\/p><\/div><\/div><\/div><div class=\"standorte-sidebar-item close\" data-id=\"4\"><div class=\"standorte-sidebar-item-title\"><h3>Giroc<\/h3><\/div><div class=\"standorte-sidebar-item-content\"><p><strong>granaagro Danubia s.r.l.<br><\/strong>Strada arge\u015fului no. 14\/1<br>307220 Giroc<br>Roumanie<\/p><div class=\"standorte-sidebar-item-content-footer\"><p><span>Tel.<\/span> <a href=\"tel:+40729056114\" itemprop=\"telephone\" title=\"Call us\">+40 729 056 114<\/a><\/p><\/div><\/div><\/div>\t\t\t<\/div>\n\t\t<\/div>\n\t<\/div>\n<\/div>\n","protected":false},"excerpt":{"rendered":"<p>Emplacements<\/p>\n","protected":false},"author":2,"featured_media":0,"parent":0,"menu_order":0,"comment_status":"closed","ping_status":"closed","template":"","meta":{"_acf_changed":false,"inline_featured_image":false,"_genesis_hide_title":false,"_genesis_hide_breadcrumbs":false,"_genesis_hide_singular_image":false,"_genesis_hide_footer_widgets":false,"_genesis_custom_body_class":"","_genesis_custom_post_class":"","_genesis_layout":"","footnotes":""},"class_list":{"0":"post-1825","1":"page","2":"type-page","3":"status-publish","5":"entry"},"acf":[],"_links":{"self":[{"href":"https:\/\/granagroup.eu\/fr\/wp-json\/wp\/v2\/pages\/1825","targetHints":{"allow":["GET"]}}],"collection":[{"href":"https:\/\/granagroup.eu\/fr\/wp-json\/wp\/v2\/pages"}],"about":[{"href":"https:\/\/granagroup.eu\/fr\/wp-json\/wp\/v2\/types\/page"}],"author":[{"embeddable":true,"href":"https:\/\/granagroup.eu\/fr\/wp-json\/wp\/v2\/users\/2"}],"replies":[{"embeddable":true,"href":"https:\/\/granagroup.eu\/fr\/wp-json\/wp\/v2\/comments?post=1825"}],"version-history":[{"count":0,"href":"https:\/\/granagroup.eu\/fr\/wp-json\/wp\/v2\/pages\/1825\/revisions"}],"wp:attachment":[{"href":"https:\/\/granagroup.eu\/fr\/wp-json\/wp\/v2\/media?parent=1825"}],"curies":[{"name":"wp","href":"https:\/\/api.w.org\/{rel}","templated":true}]}}