{"id":684,"date":"2023-11-22T11:51:31","date_gmt":"2023-11-22T10:51:31","guid":{"rendered":"https:\/\/granagroup.wpenginepowered.com\/?page_id=684"},"modified":"2025-07-14T15:32:48","modified_gmt":"2025-07-14T14:32:48","slug":"geschichte","status":"publish","type":"page","link":"https:\/\/granagroup.eu\/fr\/geschichte\/","title":{"rendered":"Notre profil"},"content":{"rendered":"\n<p>Granagro remonte \u00e0 l\u2019origine \u00e0 Calcium AG (cr\u00e9\u00e9e en 1918) et prosp\u00e8re sur les march\u00e9s agricoles internationaux avec le commerce de c\u00e9r\u00e9ales, de mati\u00e8res premi\u00e8res fourrag\u00e8res, de produits d\u00e9riv\u00e9s sp\u00e9ciaux et de meunerie ainsi que des ol\u00e9agineux.<\/p>\n\n\n\n<p>Le groupe est compos\u00e9 des subsidiaires granaagro Deutschland GmbH, granaagro Czechia s.r.o. et granaagro Danubia s.r.l.. Depuis 2018 nous sommes un \u00e9l\u00e9ment important dans les activit\u00e9s \u00e0 l\u2019\u00e9tranger de la coop\u00e9rative Fenaco en Suisse.<\/p>\n\n\n\n<p>C&rsquo;est gr\u00e2ce \u00e0 des offres int\u00e9ressantes et actuelles que nos revendeurs et logisticiens exp\u00e9riment\u00e9s assurent la fluidit\u00e9 des op\u00e9rations. Nous sommes un acteur actif des march\u00e9s europ\u00e9ens des c\u00e9r\u00e9ales, des ol\u00e9agineux, des produits prot\u00e9agineux, des produits d\u00e9riv\u00e9s de meunerie et des aliments pour animaux. Pour percer en Suisse et sur les march\u00e9s internationaux, granaagro a cr\u00e9\u00e9 ses propres filiales sur des sites d\u2019approvisionnement et de distribution s\u00e9lectionn\u00e9s (R\u00e9publique tch\u00e8que, Allemagne, Roumanie) et a int\u00e9gr\u00e9 des coop\u00e9rations actives. Pour apporter notre contribution \u00e0 la s\u00e9curit\u00e9 alimentaire nous avons pass\u00e9 les certifications GMP+. Nous sommes ainsi un n\u00e9gociant reconnu pour la commercialisation de produits destin\u00e9s \u00e0 la production alimentaire sensible.<\/p>\n\n\n\n<div class=\"wp-block-cloudweb-timeline\"><div class=\"timeline-items\" data-autoplay-speed=\"{&quot;autoplaySpeed&quot;:2000}\">\n<div class=\"wp-block-cloudweb-timeline-item\"><div class=\"timeline-item\"><div class=\"timeline-item-year\"><span>2021<\/span><\/div><div class=\"timeline-item-details\"><p>Ouverture du site de Berlin &#8211; Focalisation de la comp\u00e9tence bio<\/p><\/div><\/div><\/div>\n\n\n\n<div class=\"wp-block-cloudweb-timeline-item\"><div class=\"timeline-item\"><div class=\"timeline-item-year\"><span>2021<\/span><\/div><div class=\"timeline-item-details\"><p>Fusion de Grana agro GmbH avec granaagro Deutschland GmbH<\/p><\/div><\/div><\/div>\n\n\n\n<div class=\"wp-block-cloudweb-timeline-item\"><div class=\"timeline-item\"><div class=\"timeline-item-year\"><span>2020<\/span><\/div><div class=\"timeline-item-details\"><p>Cr\u00e9ation de granaagro Danubia s.r.l. en Roumanie<\/p><\/div><\/div><\/div>\n\n\n\n<div class=\"wp-block-cloudweb-timeline-item\"><div class=\"timeline-item\"><div class=\"timeline-item-year\"><span><strong>2020<\/strong><\/span><\/div><div class=\"timeline-item-details\"><p>Changement de la raison sociale de DALZ agro trading s.r.o. en granaagro Czechia s.r.o.<\/p><\/div><\/div><\/div>\n\n\n\n<div class=\"wp-block-cloudweb-timeline-item\"><div class=\"timeline-item\"><div class=\"timeline-item-year\"><span><strong>2020<\/strong><\/span><\/div><div class=\"timeline-item-details\"><p>Changement de la raison sociale d\u2019Interagra GmbH en granaagro Deutschland GmbH<\/p><\/div><\/div><\/div>\n\n\n\n<div class=\"wp-block-cloudweb-timeline-item\"><div class=\"timeline-item\"><div class=\"timeline-item-year\"><span>2018<\/span><\/div><div class=\"timeline-item-details\"><p>D\u00e9m\u00e9nagement du si\u00e8ge d\u2019Interagra GmbH de Planegg (Bavi\u00e8re) \u00e0 L\u00f6rrach (Bade-Wurtemberg)<\/p><\/div><\/div><\/div>\n\n\n\n<div class=\"wp-block-cloudweb-timeline-item\"><div class=\"timeline-item\"><div class=\"timeline-item-year\"><span><strong>2018<\/strong><\/span><\/div><div class=\"timeline-item-details\"><p>Reprise par le groupe Fenaco et fusion des soci\u00e9t\u00e9s suisses au sein du Swiss Grana Group AG<\/p><\/div><\/div><\/div>\n\n\n\n<div class=\"wp-block-cloudweb-timeline-item\"><div class=\"timeline-item\"><div class=\"timeline-item-year\"><span>2015<\/span><\/div><div class=\"timeline-item-details\"><p>Centralisation de la logistique \u00e0 Kiefersfelden<\/p><\/div><\/div><\/div>\n\n\n\n<div class=\"wp-block-cloudweb-timeline-item\"><div class=\"timeline-item\"><div class=\"timeline-item-year\"><span><strong>2010<\/strong><\/span><\/div><div class=\"timeline-item-details\"><p>Cr\u00e9ation de \u00ab RBR agro AG \u00bb (soci\u00e9t\u00e9 de participation pour les collaborateurs cadres)<\/p><\/div><\/div><\/div>\n\n\n\n<div class=\"wp-block-cloudweb-timeline-item\"><div class=\"timeline-item\"><div class=\"timeline-item-year\"><span><strong>2008<\/strong><\/span><\/div><div class=\"timeline-item-details\"><p>Cr\u00e9ation de Grana Holding AG et de Grana agro GmbH en Allemagne<\/p><\/div><\/div><\/div>\n\n\n\n<div class=\"wp-block-cloudweb-timeline-item\"><div class=\"timeline-item\"><div class=\"timeline-item-year\"><span>2006<\/span><\/div><div class=\"timeline-item-details\"><p>Cr\u00e9ation de Dalz agro trading s.r.o \u00e0 Olomouc<\/p><\/div><\/div><\/div>\n\n\n\n<div class=\"wp-block-cloudweb-timeline-item\"><div class=\"timeline-item\"><div class=\"timeline-item-year\"><span>2005<\/span><\/div><div class=\"timeline-item-details\"><p>Reprise de l\u2019activit\u00e9 commerciale et de la participation aux silos de Blattmann und Co. AG<\/p><\/div><\/div><\/div>\n\n\n\n<div class=\"wp-block-cloudweb-timeline-item\"><div class=\"timeline-item\"><div class=\"timeline-item-year\"><span>2002<\/span><\/div><div class=\"timeline-item-details\"><p>Cr\u00e9ation d\u2019Interagra GmbH \u00e0 Planegg (Bavi\u00e8re)<\/p><\/div><\/div><\/div>\n\n\n\n<div class=\"wp-block-cloudweb-timeline-item\"><div class=\"timeline-item\"><div class=\"timeline-item-year\"><span>2002<\/span><\/div><div class=\"timeline-item-details\"><p>S\u00e9paration de l\u2019activit\u00e9 de n\u00e9goce et de l\u2019activit\u00e9 d\u2019investissement en Calcium agro AG et Calcium Invest IAG<\/p><\/div><\/div><\/div>\n\n\n\n<div class=\"wp-block-cloudweb-timeline-item\"><div class=\"timeline-item\"><div class=\"timeline-item-year\"><span>2001<\/span><\/div><div class=\"timeline-item-details\"><p>Reprise de Silo Olten AG<\/p><\/div><\/div><\/div>\n\n\n\n<div class=\"wp-block-cloudweb-timeline-item\"><div class=\"timeline-item\"><div class=\"timeline-item-year\"><span>1996<\/span><\/div><div class=\"timeline-item-details\"><p>Restructuration de l\u2019affaire familiale et d\u00e9m\u00e9nagement \u00e0 Olten<\/p><\/div><\/div><\/div>\n\n\n\n<div class=\"wp-block-cloudweb-timeline-item\"><div class=\"timeline-item\"><div class=\"timeline-item-year\"><span>1995<\/span><\/div><div class=\"timeline-item-details\"><p>Achat de Lemax AG (n\u00e9goce d\u2019engrais) \u00e0 Zofingen<\/p><\/div><\/div><\/div>\n\n\n\n<div class=\"wp-block-cloudweb-timeline-item\"><div class=\"timeline-item\"><div class=\"timeline-item-year\"><span>1918<\/span><\/div><div class=\"timeline-item-details\"><p>Cr\u00e9ation de Calicum AG ayant son si\u00e8ge \u00e0 Niederbipp (SO)<\/p><\/div><\/div><\/div>\n<\/div><\/div>\n\n\n\n<p><\/p>\n\n\n\n<p>D\u00e9couvrez nos activit\u00e9s et celles de notre soci\u00e9t\u00e9 m\u00e8re fenaco GOF dans notre vid\u00e9o d\u2019entreprise. (En allemand avec sous-titres en fran\u00e7ais)<\/p>\n\n\n\n<figure class=\"wp-block-embed is-type-video is-provider-youtube wp-block-embed-youtube wp-embed-aspect-16-9 wp-has-aspect-ratio\"><div class=\"wp-block-embed__wrapper\">\n<iframe loading=\"lazy\" title=\"Rohstoffe in Bewegung \u2013 Was macht eigentlich fenaco GOF?\" width=\"500\" height=\"281\" src=\"https:\/\/www.youtube.com\/embed\/sNUuttMUrBc?start=1&#038;feature=oembed\" frameborder=\"0\" allow=\"accelerometer; autoplay; clipboard-write; encrypted-media; gyroscope; picture-in-picture; web-share\" referrerpolicy=\"strict-origin-when-cross-origin\" allowfullscreen><\/iframe>\n<\/div><\/figure>\n","protected":false},"excerpt":{"rendered":"<p>Granagro remonte \u00e0 l\u2019origine \u00e0 Calcium AG (cr\u00e9\u00e9e en 1918) et prosp\u00e8re sur les march\u00e9s agricoles internationaux avec le commerce de c\u00e9r\u00e9ales, de mati\u00e8res premi\u00e8res fourrag\u00e8res, de produits d\u00e9riv\u00e9s sp\u00e9ciaux et de meunerie ainsi que des ol\u00e9agineux. Le groupe est compos\u00e9 des subsidiaires granaagro Deutschland GmbH, granaagro Czechia s.r.o. et granaagro Danubia s.r.l.. Depuis 2018 [&hellip;]<\/p>\n","protected":false},"author":3,"featured_media":0,"parent":0,"menu_order":0,"comment_status":"closed","ping_status":"closed","template":"","meta":{"_acf_changed":false,"inline_featured_image":false,"_genesis_hide_title":false,"_genesis_hide_breadcrumbs":false,"_genesis_hide_singular_image":false,"_genesis_hide_footer_widgets":false,"_genesis_custom_body_class":"","_genesis_custom_post_class":"","_genesis_layout":"","footnotes":""},"class_list":{"0":"post-684","1":"page","2":"type-page","3":"status-publish","5":"entry"},"acf":[],"_links":{"self":[{"href":"https:\/\/granagroup.eu\/fr\/wp-json\/wp\/v2\/pages\/684","targetHints":{"allow":["GET"]}}],"collection":[{"href":"https:\/\/granagroup.eu\/fr\/wp-json\/wp\/v2\/pages"}],"about":[{"href":"https:\/\/granagroup.eu\/fr\/wp-json\/wp\/v2\/types\/page"}],"author":[{"embeddable":true,"href":"https:\/\/granagroup.eu\/fr\/wp-json\/wp\/v2\/users\/3"}],"replies":[{"embeddable":true,"href":"https:\/\/granagroup.eu\/fr\/wp-json\/wp\/v2\/comments?post=684"}],"version-history":[{"count":0,"href":"https:\/\/granagroup.eu\/fr\/wp-json\/wp\/v2\/pages\/684\/revisions"}],"wp:attachment":[{"href":"https:\/\/granagroup.eu\/fr\/wp-json\/wp\/v2\/media?parent=684"}],"curies":[{"name":"wp","href":"https:\/\/api.w.org\/{rel}","templated":true}]}}