{"id":2609,"date":"2024-02-21T10:48:56","date_gmt":"2024-02-21T09:48:56","guid":{"rendered":"https:\/\/granagroup.eu\/?page_id=2609"},"modified":"2024-04-11T14:14:01","modified_gmt":"2024-04-11T13:14:01","slug":"01-24","status":"publish","type":"page","link":"https:\/\/granagroup.eu\/hu\/01-24\/","title":{"rendered":"! INFO ! : Neue Referenzen !"},"content":{"rendered":"\n<p>Sehr geehrte Damen und Herren<\/p>\n\n\n\n<p>Unsere Prozesse konnten mit der \u00abAuftrags-\/Freistellungs-Nummer\u00bb nicht mehr weiter optimiert werden. Damit wir unsere Leistung hinsichtlich verbessertem Informationsfluss, R\u00fcckverfolgbarkeit, Automation sowie Digitalisierung sicherzustellen k\u00f6nnen, haben wir unsere Kommunikation auf Lieferungsreferenzen umgestellt.<\/p>\n\n\n\n<p>Das heisst, anstatt eine \u00abAuftrags-\/Freistellungs-Nummer\u00bb f\u00fcr z.B. 4 LKW werden wir mit der \u00abLieferungs-\/GSIN-Nummer\u00bb 4 Referenzen f\u00fcr die einzelnen LKW (1 Referenz pro Transportmittel) vergeben.<\/p>\n\n\n\n<p>Intern haben wir die Prozesse im Dezember 2023 umgestellt, ab M\u00e4rz 2024 werden alle Lieferungen UFA AG nur noch mit der \u00abLIEFERUNGS-\/GSIN-NUMMER\u00bb funktionieren. Bitte seien Sie vorbereitet, wenn Sie neben der Auftrag\/Freistellung-Nummer auch nach der Lieferung\/GSIN-Nummer gefragt werden, damit Verz\u00f6gerungen beim Be- oder Ablad vermieden werden k\u00f6nnen.<\/p>\n\n\n\n<p>Im Zuge einer vollst\u00e4ndigen R\u00fcckverfolgbarkeit und Automation pro Transportmittel, ist es zwingend notwendig, dass statt der bekannten \u00abAuftrags-\/Freistellungs-Nummer\u00bb zuk\u00fcnftig die \u00abLieferungs-\/GSIN-Nummer\u00bb auf allen von Ihnen erstellten Dokumenten genutzt wird.<\/p>\n\n\n\n<p>In den kommenden Monaten wird die Verarbeitung von Lieferantenrechnungen auf \u00abLieferungs-\/GSIN-Nummer\u00bb umgestellt.<\/p>\n\n\n\n<p>Bitte beachten Sie, dass die \u00abLieferungs-\/GSIN-Nummer\u00bb eine Nummer ist, welche eindeutig ist und einmalig verwendet werden kann.<\/p>\n\n\n\n<p>Sollten Sie Fragen haben, finden Sie nachfolgend ein FAQ mit m\u00f6glichen Fragen, welche bei Ihnen aufkommen k\u00f6nnten. Sollten Sie trotzdem weitere Fragen haben, wenden Sie sich bitte an die Person, von welcher Sie das Dokument mit dem Link zu dieser Seite erhalten haben. Diese Person wird Ihnen sicherlich weiterhelfen oder die Fragestellung aufnehmen und intern in Erfahrung bringen k\u00f6nnen.<\/p>\n\n\n\n<div style=\"height:30px\" aria-hidden=\"true\" class=\"wp-block-spacer\"><\/div>\n\n\n\n<div class=\"wp-block-columns\">\n<div class=\"wp-block-column\">\n<figure class=\"wp-block-image size-large is-resized\"><img loading=\"lazy\" decoding=\"async\" width=\"722\" height=\"1024\" src=\"https:\/\/granagroup.eu\/wp-content\/uploads\/2024\/04\/20240411-Grana-NeueReferenz-MitQR-722x1024.jpg\" alt=\"\" class=\"wp-image-3831\" style=\"width:650px\" srcset=\"https:\/\/granagroup.eu\/wp-content\/uploads\/2024\/04\/20240411-Grana-NeueReferenz-MitQR-722x1024.jpg 722w, https:\/\/granagroup.eu\/wp-content\/uploads\/2024\/04\/20240411-Grana-NeueReferenz-MitQR-211x300.jpg 211w, https:\/\/granagroup.eu\/wp-content\/uploads\/2024\/04\/20240411-Grana-NeueReferenz-MitQR-768x1090.jpg 768w, https:\/\/granagroup.eu\/wp-content\/uploads\/2024\/04\/20240411-Grana-NeueReferenz-MitQR-rotated.jpg 948w\" sizes=\"auto, (max-width: 722px) 100vw, 722px\" \/><figcaption class=\"wp-element-caption\">Mit QR-Code<\/figcaption><\/figure>\n<\/div>\n\n\n\n<div class=\"wp-block-column\">\n<figure class=\"wp-block-image size-large is-resized\"><img loading=\"lazy\" decoding=\"async\" width=\"722\" height=\"1024\" src=\"https:\/\/granagroup.eu\/wp-content\/uploads\/2024\/04\/20240411-Grana-NeueReferenz-OhneQR-722x1024.jpg\" alt=\"\" class=\"wp-image-3839\" style=\"width:650px\" srcset=\"https:\/\/granagroup.eu\/wp-content\/uploads\/2024\/04\/20240411-Grana-NeueReferenz-OhneQR-722x1024.jpg 722w, https:\/\/granagroup.eu\/wp-content\/uploads\/2024\/04\/20240411-Grana-NeueReferenz-OhneQR-211x300.jpg 211w, https:\/\/granagroup.eu\/wp-content\/uploads\/2024\/04\/20240411-Grana-NeueReferenz-OhneQR-768x1090.jpg 768w, https:\/\/granagroup.eu\/wp-content\/uploads\/2024\/04\/20240411-Grana-NeueReferenz-OhneQR-rotated.jpg 948w\" sizes=\"auto, (max-width: 722px) 100vw, 722px\" \/><figcaption class=\"wp-element-caption\">Ohne QR-Code<\/figcaption><\/figure>\n<\/div>\n<\/div>\n\n\n\n<hr class=\"wp-block-separator has-alpha-channel-opacity is-style-dots\"\/>\n\n\n\n<h2 class=\"wp-block-heading\">H\u00e4ufig gestellte Fragen (FAQ)<\/h2>\n\n\n\n<div class=\"wp-block-cloudweb-accordion alignfull\"><div class=\"accordion\">\n<div class=\"wp-block-cloudweb-accordion-item\"><div class=\"accordion-item\"><div class=\"accordion-item-header\"><h3 class=\"accordion-title\">Wieso verwenden wir die GSIN-Nummer?\u00a0<\/h3><\/div><div class=\"accordion-content\">\n<p>Dank der Eigenschaften der GSIN-Nummer, k\u00f6nnen wir die Nachverfolgbarkeit gew\u00e4hrleisten und zuverl\u00e4ssigen elektronischen Datenaustausch (EDI) bieten.<\/p>\n\n\n\n<p>Die Digitalisierung vom Lieferungs-Prozess (Planung, Belade, Verzollung, Entlade, Kontrolle,, \u2026) wird dank\/mit diese\/r GSIN-Nummer durchgef\u00fchrt.&nbsp;<\/p>\n\n\n\n<p>Die GSIN-Nummer wird auch als Referenz f\u00fcr die Rechnungen verwendet werden. Was uns auch eine Automatisierung des Rechnungs-Prozess erlaubt und daher eine schnelle Bezahlung der Rechnungen.&nbsp;<\/p>\n<\/div><\/div><\/div>\n\n\n\n<div class=\"wp-block-cloudweb-accordion-item\"><div class=\"accordion-item\"><div class=\"accordion-item-header\"><h3 class=\"accordion-title\">Wo finde ich die GSIN-Nummer auf dem Dokument?<\/h3><\/div><div class=\"accordion-content\">\n<p>Die GSIN-Nummer finden Sie meistens im unteren Bereich der Dokumente, welche Sie erhalten.<\/p>\n\n\n\n<figure class=\"wp-block-image size-large\"><img loading=\"lazy\" decoding=\"async\" width=\"722\" height=\"1024\" src=\"https:\/\/granagroup.eu\/wp-content\/uploads\/2024\/04\/20240411-Grana-NeueReferenz-OhneQR-722x1024.jpg\" alt=\"\" class=\"wp-image-3839\" srcset=\"https:\/\/granagroup.eu\/wp-content\/uploads\/2024\/04\/20240411-Grana-NeueReferenz-OhneQR-722x1024.jpg 722w, https:\/\/granagroup.eu\/wp-content\/uploads\/2024\/04\/20240411-Grana-NeueReferenz-OhneQR-211x300.jpg 211w, https:\/\/granagroup.eu\/wp-content\/uploads\/2024\/04\/20240411-Grana-NeueReferenz-OhneQR-768x1090.jpg 768w, https:\/\/granagroup.eu\/wp-content\/uploads\/2024\/04\/20240411-Grana-NeueReferenz-OhneQR-rotated.jpg 948w\" sizes=\"auto, (max-width: 722px) 100vw, 722px\" \/><\/figure>\n<\/div><\/div><\/div>\n\n\n\n<div class=\"wp-block-cloudweb-accordion-item\"><div class=\"accordion-item\"><div class=\"accordion-item-header\"><h3 class=\"accordion-title\">Ich kann nicht die gesamte GSIN-Nummer im System eintragen.<\/h3><\/div><div class=\"accordion-content\">\n<p>Die GSIN-Nummer kann gek\u00fcrzt werden. Die&nbsp;<strong>letzten 9 Nummern<\/strong>&nbsp;werden zwingend ben\u00f6tigt.<\/p>\n<\/div><\/div><\/div>\n\n\n\n<div class=\"wp-block-cloudweb-accordion-item\"><div class=\"accordion-item\"><div class=\"accordion-item-header\"><h3 class=\"accordion-title\">Ich kann nicht die gesamte GSIN-Nummer auf die Dokumente abdrucken.<\/h3><\/div><div class=\"accordion-content\">\n<p>Die GSIN-Nummer kann gek\u00fcrzt werden. Die&nbsp;<strong>letzten 9 Nummern<\/strong>&nbsp;werden zwingend ben\u00f6tigt.<\/p>\n<\/div><\/div><\/div>\n\n\n\n<div class=\"wp-block-cloudweb-accordion-item\"><div class=\"accordion-item\"><div class=\"accordion-item-header\"><h3 class=\"accordion-title\">Kann ich die GSIN mehrfach verwenden?<\/h3><\/div><div class=\"accordion-content\">\n<p>Nein, die GSIN ist eine eindeutige Nummer, welche nur 1x genutzt werden kann.<\/p>\n<\/div><\/div><\/div>\n\n\n\n<div class=\"wp-block-cloudweb-accordion-item\"><div class=\"accordion-item\"><div class=\"accordion-item-header\"><h3 class=\"accordion-title\">Was passiert mit der \u00abAuftrag\/Freistellungs-Nummer\u00bb?<\/h3><\/div><div class=\"accordion-content\">\n<p>Die \u00abAuftrag\/Freistellungs-Nummer\u00bb bleibt bestehen. Damit wir den Lieferungs-Prozess digitalisieren k\u00f6nnen, ben\u00f6tigen wir&nbsp;zus\u00e4tzlich&nbsp;eine eindeutige ID pro Lieferung.&nbsp;<\/p>\n\n\n\n<p>Beispiel (LKW): der Auftrag (4711) von&nbsp;100&#8217;000 kg wird in&nbsp;4 Lieferungen\/LKW (0815, 0816, 0817, 0818) von je 25&#8217;000 kg geliefert.&nbsp;<\/p>\n<\/div><\/div><\/div>\n\n\n\n<div class=\"wp-block-cloudweb-accordion-item\"><div class=\"accordion-item\"><div class=\"accordion-item-header\"><h3 class=\"accordion-title\">Welche Referenz muss ich auf meinen Rechnungen angeben?<\/h3><\/div><div class=\"accordion-content\">\n<p>Die GSIN-Nummer wird auch als Referenz f\u00fcr die Rechnungen verwendet werden. Was uns auch eine Automatisierung des Rechnungs-Prozess erlaubt und daher eine schnelle Bezahlung der Rechnungen.&nbsp;<\/p>\n<\/div><\/div><\/div>\n\n\n\n<div class=\"wp-block-cloudweb-accordion-item\"><div class=\"accordion-item\"><div class=\"accordion-item-header\"><h3 class=\"accordion-title\">Wann wird eine GSIN-Nummer verwendet?\u00a0<\/h3><\/div><div class=\"accordion-content\">\n<p>Die GSIN-Nummer ist eine Nummer, die von einem Verk\u00e4ufer, Versender oder Transporteur von Waren vergeben wird, um eine Sendung zu identifizieren. Die logistischen Einheiten behalten dieselbe GSIN w\u00e4hrend aller Transportphasen, vom Ursprung bis zum endg\u00fcltigen Bestimmungsort.<\/p>\n<\/div><\/div><\/div>\n\n\n\n<div class=\"wp-block-cloudweb-accordion-item\"><div class=\"accordion-item\"><div class=\"accordion-item-header\"><h3 class=\"accordion-title\">Was ist eine GSIN-Nummer?\u00a0<\/h3><\/div><div class=\"accordion-content\">\n<p>Eine eindeutige Identifikation einer Lieferung nach dem GS1 Standard GSIN (Global Shipment Identification Number) ist eine standardisierte L\u00f6sung (GS1 Standard) weltweit anerkannt \/ verbreitet (mehr Info auf&nbsp;<a href=\"https:\/\/www.gs1.org\/standards\/id-keys\/gsin\" target=\"_blank\" rel=\"noopener\">https:\/\/www.gs1.org\/standards\/id-keys\/gsin<\/a>).<\/p>\n<\/div><\/div><\/div>\n\n\n\n<div class=\"wp-block-cloudweb-accordion-item\"><div class=\"accordion-item\"><div class=\"accordion-item-header\"><h3 class=\"accordion-title\">Was sind die Vorteile einer GSIN-Nummer?<\/h3><\/div><div class=\"accordion-content\">\n<ul class=\"wp-block-list\">\n<li>Jede GSIN-Nummer ist eindeutig, aufgrund einer definierte Struktur:\n<ul class=\"wp-block-list\">\n<li>(i) Unternehmens-Pr\u00e4fix&nbsp;<a href=\"https:\/\/www.gs1.org\/standards\/id-keys\/company-prefix\" target=\"_blank\" rel=\"noopener\">https:\/\/www.gs1.org\/standards\/id-keys\/company-prefix<\/a>,<\/li>\n\n\n\n<li>(ii) Versand-Referenz,<\/li>\n\n\n\n<li>(iii)&nbsp;<strong>Pr\u00fcfziffer&nbsp;<\/strong>(wie z.B. bei einer IBAN- oder Kreditkarten-Nummer)<\/li>\n<\/ul>\n<\/li>\n\n\n\n<li>Eine GSIN-Nummer darf w\u00e4hrend zehn (10) Jahren nicht mehrmals gebraucht werden.<\/li>\n\n\n\n<li>Die GSIN-Nummer kann in einem Barcode\/Strichcode (auf Logistik Etikett) angezeigt\/codiert&nbsp;&nbsp;werden<\/li>\n\n\n\n<li>Die GSIN-Nummer erf\u00fcllt die Anforderungen f\u00fcr eine eindeutige Sendungsreferenz (UCR) gem\u00e4ss der Weltzollorganisation.<\/li>\n<\/ul>\n<\/div><\/div><\/div>\n<\/div><\/div>\n","protected":false},"excerpt":{"rendered":"<p>Sehr geehrte Damen und Herren Unsere Prozesse konnten mit der \u00abAuftrags-\/Freistellungs-Nummer\u00bb nicht mehr weiter optimiert werden. Damit wir unsere Leistung hinsichtlich verbessertem Informationsfluss, R\u00fcckverfolgbarkeit, Automation sowie Digitalisierung sicherzustellen k\u00f6nnen, haben wir unsere Kommunikation auf Lieferungsreferenzen umgestellt. Das heisst, anstatt eine \u00abAuftrags-\/Freistellungs-Nummer\u00bb f\u00fcr z.B. 4 LKW werden wir mit der \u00abLieferungs-\/GSIN-Nummer\u00bb 4 Referenzen f\u00fcr die einzelnen [&hellip;]<\/p>\n","protected":false},"author":4,"featured_media":0,"parent":0,"menu_order":0,"comment_status":"closed","ping_status":"closed","template":"","meta":{"_acf_changed":false,"inline_featured_image":false,"_genesis_hide_title":false,"_genesis_hide_breadcrumbs":false,"_genesis_hide_singular_image":false,"_genesis_hide_footer_widgets":false,"_genesis_custom_body_class":"","_genesis_custom_post_class":"","_genesis_layout":"","footnotes":""},"class_list":{"0":"post-2609","1":"page","2":"type-page","3":"status-publish","5":"entry"},"acf":[],"_links":{"self":[{"href":"https:\/\/granagroup.eu\/hu\/wp-json\/wp\/v2\/pages\/2609","targetHints":{"allow":["GET"]}}],"collection":[{"href":"https:\/\/granagroup.eu\/hu\/wp-json\/wp\/v2\/pages"}],"about":[{"href":"https:\/\/granagroup.eu\/hu\/wp-json\/wp\/v2\/types\/page"}],"author":[{"embeddable":true,"href":"https:\/\/granagroup.eu\/hu\/wp-json\/wp\/v2\/users\/4"}],"replies":[{"embeddable":true,"href":"https:\/\/granagroup.eu\/hu\/wp-json\/wp\/v2\/comments?post=2609"}],"version-history":[{"count":0,"href":"https:\/\/granagroup.eu\/hu\/wp-json\/wp\/v2\/pages\/2609\/revisions"}],"wp:attachment":[{"href":"https:\/\/granagroup.eu\/hu\/wp-json\/wp\/v2\/media?parent=2609"}],"curies":[{"name":"wp","href":"https:\/\/api.w.org\/{rel}","templated":true}]}}