{"id":3471,"date":"2023-12-22T08:11:04","date_gmt":"2023-12-22T07:11:04","guid":{"rendered":"https:\/\/granagroup.eu\/getreide\/"},"modified":"2025-10-22T09:25:47","modified_gmt":"2025-10-22T08:25:47","slug":"getreide","status":"publish","type":"page","link":"https:\/\/granagroup.eu\/hu\/getreide\/","title":{"rendered":"Gabona"},"content":{"rendered":"\n<p>A gabonakereskedelem t\u00f6bb mint 100 \u00e9ve \u00fczleti tev\u00e9kenys\u00e9g\u00fcnk egyik alappill\u00e9re. A granaagro \u0151r\u00f6lt \u00e9s takarm\u00e1nygabon\u00e1t egyar\u00e1nt v\u00e1s\u00e1rol \u00e9s \u00e9rt\u00e9kes\u00edt, \u00e9s nemzetk\u00f6zi h\u00e1l\u00f3zat\u00e1nak k\u00f6sz\u00f6nhet\u0151en mindk\u00e9t ter\u00fcleten er\u0151s partnere \u00fcgyfeleinek.<strong><\/strong><\/p>\n\n\n\n<p>Legfontosabb kereskedelmi term\u00e9keink a b\u00faza, kukorica, \u00e1rpa, zab, rozs, tritik\u00e1l\u00e9, t\u00f6nk\u00f6lyb\u00faza, k\u00e9tszem\u0171 b\u00faza, alakor, hajdina, cirok, cukorcirok, rizs \u00e9s durumb\u00faza.<\/p>\n\n\n\n<hr class=\"wp-block-separator has-alpha-channel-opacity is-style-dots\"\/>\n\n\n\n<h3 class=\"wp-block-heading\"><strong>Az \u00d6n kereskedelmi kapcsolatai<\/strong><\/h3>\n\n\n\n<div class=\"wp-block-columns\">\n<div class=\"wp-block-column\">\n<p>Minden r\u00e9gi\u00f3<\/p>\n<\/div>\n\n\n\n<div class=\"wp-block-column\">\n<p>N\u00e9metorsz\u00e1g, Olaszorsz\u00e1g, Rom\u00e1nia, Sv\u00e1jc, Magyarorsz\u00e1g, Ukrajna<\/p>\n<\/div>\n\n\n\n<div class=\"wp-block-column\">\n<p>Belgium, Franciaorsz\u00e1g, Luxemburg, Hollandia, Sv\u00e1jc<\/p>\n<\/div>\n<\/div>\n\n\n\n<div class=\"wp-block-columns\">\n<div class=\"wp-block-column\">\n<div class=\"wp-block-cloudweb-person-card is-style-with-languages wp-block-cloudweb-person-card-dynamic\">\n\t<div class=\"person-card-info\">\n\t\t<div class=\"person-card-image\">\n\t\t\t<img decoding=\"async\" src=\"https:\/\/granagroup.eu\/wp-content\/uploads\/2024\/03\/Berner_Juerg_GOF_2019.jpg\" alt=\"\" width=\"800\" height=\"800\" loading=\"lazy\" \/>\t\t<\/div>\n\t\t<div class=\"person-card-details\">\n\t\t\t<h2 class=\"person-card-name\">J\u00fcrg Berner<\/h2>\n\t\t\t<p class=\"person-card-detail\">Head of business division trading conventional \/ Member of the extended Managing board<\/p><\/div>\n\t<\/div>\n\t<div class=\"person-card-contact\">\n\t\t\t\t\t<p class=\"person-card-phone\">\n\t\t\t\t<a href=\"tel:+42588884316\" itemprop=\"telephone\" title=\"Call us\">+42 588 884 316<\/a>\t\t\t<\/p>\n\t\t\t\t\t\t\t\t\t\t\t\t\t\t<p class=\"person-card-mobile\">\n\t\t\t\t\t<a href=\"tel:+41796474923\" itemprop=\"telephone\" title=\"Call us\">+41 79 647 49 23<\/a>\t\t\t\t<\/p>\n\t\t\t\t\t\t\t\t\t\t<p class=\"person-card-mail\">\n\t\t\t\t<a href=\"mailto:j&#117;%65%72&#103;.&#98;e&#114;ne&#114;&#64;&#103;%72%61n&#97;&#103;r%6f&#117;&#112;&#46;e&#117;\" title=\"Email us\" itemprop=\"email\">j&#117;&#101;&#114;g&#46;be&#114;ner&#64;&#103;&#114;&#97;n&#97;&#103;roup&#46;eu<\/a>\t\t\t<\/p>\n\t\t\n\t<\/div>\n\t\t\t<div class=\"person-card-languages\">\n\t\t\t<span>Languages<\/span>\n\t\t\t<ul class=\"languages-list\">\n\t\t\t\t\t\t\t\t\t<li><i class=\"icon-lang icon-lang-de\"><\/i><\/li>\n\t\t\t\t\t\t\t\t\t<li><i class=\"icon-lang icon-lang-fr\"><\/i><\/li>\n\t\t\t\t\t\t\t\t\t<li><i class=\"icon-lang icon-lang-en\"><\/i><\/li>\n\t\t\t\t\t\t\t\t\t<li><i class=\"icon-lang icon-lang-cz\"><\/i><\/li>\n\t\t\t\t\t\t\t\t\t<li><i class=\"icon-lang icon-lang-it\"><\/i><\/li>\n\t\t\t\t\t\t\t<\/ul>\n\t\t<\/div>\n\t<\/div>\n<\/div>\n\n\n\n<div class=\"wp-block-column\">\n<div class=\"wp-block-cloudweb-person-card is-style-with-languages wp-block-cloudweb-person-card-dynamic\">\n\t<div class=\"person-card-info\">\n\t\t<div class=\"person-card-image\">\n\t\t\t<img decoding=\"async\" src=\"https:\/\/granagroup.eu\/wp-content\/uploads\/2023\/12\/Windlin_Marco_GRANA_2022.jpg\" alt=\"\" width=\"443\" height=\"443\" loading=\"lazy\" \/>\t\t<\/div>\n\t\t<div class=\"person-card-details\">\n\t\t\t<h2 class=\"person-card-name\">Marco Windlin<\/h2>\n\t\t\t<p class=\"person-card-detail\">Trader<\/p><\/div>\n\t<\/div>\n\t<div class=\"person-card-contact\">\n\t\t\t\t\t<p class=\"person-card-phone\">\n\t\t\t\t<a href=\"tel:+4980333046618\" itemprop=\"telephone\" title=\"Call us\">+49 8033 304 66 18<\/a>\t\t\t<\/p>\n\t\t\t\t\t\t\t\t\t\t\t\t\t\t<p class=\"person-card-mobile\">\n\t\t\t\t\t<a href=\"tel:+491604075419\" itemprop=\"telephone\" title=\"Call us\">+49 1604 07 54 19<\/a>\t\t\t\t<\/p>\n\t\t\t\t\t\t\t\t\t\t<p class=\"person-card-mail\">\n\t\t\t\t<a href=\"mailto:m&#97;%72&#99;&#111;%2e&#119;&#105;&#110;&#100;&#108;%69n&#64;%67r%61&#110;&#97;&#103;ro%75p&#46;%65u\" title=\"Email us\" itemprop=\"email\">m&#97;r&#99;o&#46;&#119;indlin&#64;&#103;&#114;anagroup&#46;e&#117;<\/a>\t\t\t<\/p>\n\t\t\n\t<\/div>\n\t\t\t<div class=\"person-card-languages\">\n\t\t\t<span>Languages<\/span>\n\t\t\t<ul class=\"languages-list\">\n\t\t\t\t\t\t\t\t\t<li><i class=\"icon-lang icon-lang-de\"><\/i><\/li>\n\t\t\t\t\t\t\t\t\t<li><i class=\"icon-lang icon-lang-fr\"><\/i><\/li>\n\t\t\t\t\t\t\t\t\t<li><i class=\"icon-lang icon-lang-en\"><\/i><\/li>\n\t\t\t\t\t\t\t<\/ul>\n\t\t<\/div>\n\t<\/div>\n<\/div>\n\n\n\n<div class=\"wp-block-column\">\n<div class=\"wp-block-cloudweb-person-card is-style-with-languages wp-block-cloudweb-person-card-dynamic\">\n\t<div class=\"person-card-info\">\n\t\t<div class=\"person-card-image\">\n\t\t\t<img decoding=\"async\" src=\"https:\/\/granagroup.eu\/wp-content\/uploads\/2023\/12\/Jakob_Stephan_GRANA_2022.jpg\" alt=\"\" width=\"800\" height=\"800\" loading=\"lazy\" \/>\t\t<\/div>\n\t\t<div class=\"person-card-details\">\n\t\t\t<h2 class=\"person-card-name\">Stephan Jakob<\/h2>\n\t\t\t<p class=\"person-card-detail\">Trader<\/p><\/div>\n\t<\/div>\n\t<div class=\"person-card-contact\">\n\t\t\t\t\t<p class=\"person-card-phone\">\n\t\t\t\t<a href=\"tel:+4976215879024\" itemprop=\"telephone\" title=\"Call us\">+49 7621 587 90 24<\/a>\t\t\t<\/p>\n\t\t\t\t\t\t\t\t\t\t\t\t\t\t\t\t\t<p class=\"person-card-mail\">\n\t\t\t\t<a href=\"mailto:s%74e&#112;&#104;%61&#110;&#46;j%61ko%62&#64;g&#114;%61na&#103;%72o%75p&#46;%65&#117;\" title=\"Email us\" itemprop=\"email\">s&#116;&#101;&#112;&#104;&#97;&#110;&#46;j&#97;ko&#98;&#64;&#103;&#114;anagroup.e&#117;<\/a>\t\t\t<\/p>\n\t\t\n\t<\/div>\n\t\t\t<div class=\"person-card-languages\">\n\t\t\t<span>Languages<\/span>\n\t\t\t<ul class=\"languages-list\">\n\t\t\t\t\t\t\t\t\t<li><i class=\"icon-lang icon-lang-fr\"><\/i><\/li>\n\t\t\t\t\t\t\t\t\t<li><i class=\"icon-lang icon-lang-de\"><\/i><\/li>\n\t\t\t\t\t\t\t\t\t<li><i class=\"icon-lang icon-lang-en\"><\/i><\/li>\n\t\t\t\t\t\t\t<\/ul>\n\t\t<\/div>\n\t<\/div>\n<\/div>\n<\/div>\n\n\n\n<div class=\"wp-block-columns\">\n<div class=\"wp-block-column\">\n<p>N\u00e9metorsz\u00e1g, Olaszorsz\u00e1g, Sv\u00e1jc<\/p>\n<\/div>\n\n\n\n<div class=\"wp-block-column\">\n<p><\/p>\n<\/div>\n\n\n\n<div class=\"wp-block-column\"><\/div>\n<\/div>\n\n\n\n<div class=\"wp-block-columns\">\n<div class=\"wp-block-column\">\n<div class=\"wp-block-cloudweb-person-card is-style-with-languages wp-block-cloudweb-person-card-dynamic\">\n\t<div class=\"person-card-info\">\n\t\t<div class=\"person-card-image\">\n\t\t\t<img decoding=\"async\" src=\"https:\/\/granagroup.eu\/wp-content\/uploads\/2023\/12\/Hund_Werner_GRANA_2023.jpg\" alt=\"\" width=\"476\" height=\"476\" loading=\"lazy\" \/>\t\t<\/div>\n\t\t<div class=\"person-card-details\">\n\t\t\t<h2 class=\"person-card-name\">Werner Hund<\/h2>\n\t\t\t<p class=\"person-card-detail\">Trader<\/p><\/div>\n\t<\/div>\n\t<div class=\"person-card-contact\">\n\t\t\t\t\t<p class=\"person-card-phone\">\n\t\t\t\t<a href=\"tel:+4975849278930\" itemprop=\"telephone\" title=\"Call us\">+49 7584 927 89 30<\/a>\t\t\t<\/p>\n\t\t\t\t\t\t\t\t\t\t\t\t\t\t<p class=\"person-card-mobile\">\n\t\t\t\t\t<a href=\"tel:+4915140714445\" itemprop=\"telephone\" title=\"Call us\">+49 1514 071 44 45<\/a>\t\t\t\t<\/p>\n\t\t\t\t\t\t\t\t\t\t<p class=\"person-card-mail\">\n\t\t\t\t<a href=\"mailto:%77&#101;&#114;%6e&#101;%72&#46;%68%75%6ed&#64;%67%72a&#110;a%67%72&#111;u%70.%65%75\" title=\"Email us\" itemprop=\"email\">w&#101;rn&#101;&#114;&#46;&#104;u&#110;&#100;&#64;&#103;r&#97;n&#97;&#103;&#114;&#111;up.&#101;u<\/a>\t\t\t<\/p>\n\t\t\n\t<\/div>\n\t\t\t<div class=\"person-card-languages\">\n\t\t\t<span>Languages<\/span>\n\t\t\t<ul class=\"languages-list\">\n\t\t\t\t\t\t\t\t\t<li><i class=\"icon-lang icon-lang-de\"><\/i><\/li>\n\t\t\t\t\t\t\t<\/ul>\n\t\t<\/div>\n\t<\/div>\n<\/div>\n\n\n\n<div class=\"wp-block-column\"><\/div>\n\n\n\n<div class=\"wp-block-column\"><\/div>\n<\/div>\n\n\n\n<div class=\"wp-block-columns\">\n<div class=\"wp-block-column\"><\/div>\n\n\n\n<div class=\"wp-block-column\"><\/div>\n\n\n\n<div class=\"wp-block-column\"><\/div>\n\n\n\n<div class=\"wp-block-column\"><\/div>\n<\/div>\n","protected":false},"excerpt":{"rendered":"<p>A gabonakereskedelem t\u00f6bb mint 100 \u00e9ve \u00fczleti tev\u00e9kenys\u00e9g\u00fcnk egyik alappill\u00e9re. A granaagro \u0151r\u00f6lt \u00e9s takarm\u00e1nygabon\u00e1t egyar\u00e1nt v\u00e1s\u00e1rol \u00e9s \u00e9rt\u00e9kes\u00edt, \u00e9s nemzetk\u00f6zi h\u00e1l\u00f3zat\u00e1nak k\u00f6sz\u00f6nhet\u0151en mindk\u00e9t ter\u00fcleten er\u0151s partnere \u00fcgyfeleinek. Legfontosabb kereskedelmi term\u00e9keink a b\u00faza, kukorica, \u00e1rpa, zab, rozs, tritik\u00e1l\u00e9, t\u00f6nk\u00f6lyb\u00faza, k\u00e9tszem\u0171 b\u00faza, alakor, hajdina, cirok, cukorcirok, rizs \u00e9s durumb\u00faza. Az \u00d6n kereskedelmi kapcsolatai Minden r\u00e9gi\u00f3 N\u00e9metorsz\u00e1g, [&hellip;]<\/p>\n","protected":false},"author":5,"featured_media":0,"parent":0,"menu_order":0,"comment_status":"closed","ping_status":"closed","template":"","meta":{"_acf_changed":false,"inline_featured_image":false,"_genesis_hide_title":false,"_genesis_hide_breadcrumbs":false,"_genesis_hide_singular_image":false,"_genesis_hide_footer_widgets":false,"_genesis_custom_body_class":"","_genesis_custom_post_class":"","_genesis_layout":"","footnotes":""},"class_list":{"0":"post-3471","1":"page","2":"type-page","3":"status-publish","5":"entry"},"acf":[],"_links":{"self":[{"href":"https:\/\/granagroup.eu\/hu\/wp-json\/wp\/v2\/pages\/3471","targetHints":{"allow":["GET"]}}],"collection":[{"href":"https:\/\/granagroup.eu\/hu\/wp-json\/wp\/v2\/pages"}],"about":[{"href":"https:\/\/granagroup.eu\/hu\/wp-json\/wp\/v2\/types\/page"}],"author":[{"embeddable":true,"href":"https:\/\/granagroup.eu\/hu\/wp-json\/wp\/v2\/users\/5"}],"replies":[{"embeddable":true,"href":"https:\/\/granagroup.eu\/hu\/wp-json\/wp\/v2\/comments?post=3471"}],"version-history":[{"count":0,"href":"https:\/\/granagroup.eu\/hu\/wp-json\/wp\/v2\/pages\/3471\/revisions"}],"wp:attachment":[{"href":"https:\/\/granagroup.eu\/hu\/wp-json\/wp\/v2\/media?parent=3471"}],"curies":[{"name":"wp","href":"https:\/\/api.w.org\/{rel}","templated":true}]}}