{"id":3473,"date":"2023-12-22T08:13:46","date_gmt":"2023-12-22T07:13:46","guid":{"rendered":"https:\/\/granagroup.eu\/leguminosen\/"},"modified":"2025-10-22T09:38:18","modified_gmt":"2025-10-22T08:38:18","slug":"leguminosen","status":"publish","type":"page","link":"https:\/\/granagroup.eu\/hu\/leguminosen\/","title":{"rendered":"H\u00fcvelyesek"},"content":{"rendered":"\n<p>A granaagro eg\u00e9sz Eur\u00f3p\u00e1b\u00f3l szerzi be \u00e9s az eg\u00e9sz kontinensen \u00e9rt\u00e9kes\u00edti ezeket a feh\u00e9rj\u00e9ben gazdag z\u00f6lds\u00e9gf\u00e9l\u00e9ket. Legfontosabb kereskedelmi term\u00e9keink a bors\u00f3, a l\u00f3bab, a csillagf\u00fcrt \u00e9s a lencse.<\/p>\n\n\n\n<hr class=\"wp-block-separator has-alpha-channel-opacity is-style-dots\"\/>\n\n\n\n<h3 class=\"wp-block-heading\"><strong>Az \u00d6n kereskedelmi kapcsolatai<\/strong><\/h3>\n\n\n\n<div style=\"height:10px\" aria-hidden=\"true\" class=\"wp-block-spacer\"><\/div>\n\n\n\n<div class=\"wp-block-columns\">\n<div class=\"wp-block-column\">\n<p>Belgium, Franciaorsz\u00e1g, Luxemburg, Hollandia, Sv\u00e1jc<\/p>\n<\/div>\n\n\n\n<div class=\"wp-block-column\">\n<p>N\u00e9metorsz\u00e1g, Olaszorsz\u00e1g, Sv\u00e1jc<\/p>\n<\/div>\n\n\n\n<div class=\"wp-block-column\">\n<p>Ausztria, Szlov\u00e1kia, Sv\u00e1jc, Csehorsz\u00e1g<\/p>\n<\/div>\n<\/div>\n\n\n\n<div class=\"wp-block-columns\">\n<div class=\"wp-block-column\">\n<div class=\"wp-block-cloudweb-person-card is-style-with-languages wp-block-cloudweb-person-card-dynamic\">\n\t<div class=\"person-card-info\">\n\t\t<div class=\"person-card-image\">\n\t\t\t<img decoding=\"async\" src=\"https:\/\/granagroup.eu\/wp-content\/uploads\/2023\/12\/Jakob_Stephan_GRANA_2022.jpg\" alt=\"\" width=\"800\" height=\"800\" loading=\"lazy\" \/>\t\t<\/div>\n\t\t<div class=\"person-card-details\">\n\t\t\t<h2 class=\"person-card-name\">Stephan Jakob<\/h2>\n\t\t\t<p class=\"person-card-detail\">H\u00e4ndler<\/p><\/div>\n\t<\/div>\n\t<div class=\"person-card-contact\">\n\t\t\t\t\t<p class=\"person-card-phone\">\n\t\t\t\t<a href=\"tel:+4976215879024\" itemprop=\"telephone\" title=\"Call us\">+49 7621 587 90 24<\/a>\t\t\t<\/p>\n\t\t\t\t\t\t\t\t\t\t\t\t\t\t\t\t\t<p class=\"person-card-mail\">\n\t\t\t\t<a href=\"mailto:%73&#116;%65p&#104;an%2e%6aa%6b%6f&#98;&#64;%67%72a%6ea%67ro&#117;&#112;&#46;%65%75\" title=\"Email us\" itemprop=\"email\">st&#101;ph&#97;&#110;&#46;&#106;&#97;&#107;o&#98;&#64;gran&#97;&#103;&#114;oup&#46;eu<\/a>\t\t\t<\/p>\n\t\t\n\t<\/div>\n\t\t\t<div class=\"person-card-languages\">\n\t\t\t<span>Languages<\/span>\n\t\t\t<ul class=\"languages-list\">\n\t\t\t\t\t\t\t\t\t<li><i class=\"icon-lang icon-lang-fr\"><\/i><\/li>\n\t\t\t\t\t\t\t\t\t<li><i class=\"icon-lang icon-lang-de\"><\/i><\/li>\n\t\t\t\t\t\t\t\t\t<li><i class=\"icon-lang icon-lang-en\"><\/i><\/li>\n\t\t\t\t\t\t\t<\/ul>\n\t\t<\/div>\n\t<\/div>\n<\/div>\n\n\n\n<div class=\"wp-block-column\">\n<div class=\"wp-block-cloudweb-person-card is-style-with-languages wp-block-cloudweb-person-card-dynamic\">\n\t<div class=\"person-card-info\">\n\t\t<div class=\"person-card-image\">\n\t\t\t<img decoding=\"async\" src=\"https:\/\/granagroup.eu\/wp-content\/uploads\/2023\/12\/Hund_Werner_GRANA_2023.jpg\" alt=\"\" width=\"476\" height=\"476\" loading=\"lazy\" \/>\t\t<\/div>\n\t\t<div class=\"person-card-details\">\n\t\t\t<h2 class=\"person-card-name\">Werner Hund<\/h2>\n\t\t\t<p class=\"person-card-detail\">H\u00e4ndler<\/p><\/div>\n\t<\/div>\n\t<div class=\"person-card-contact\">\n\t\t\t\t\t<p class=\"person-card-phone\">\n\t\t\t\t<a href=\"tel:+4975849278930\" itemprop=\"telephone\" title=\"Call us\">+49 7584 927 89 30<\/a>\t\t\t<\/p>\n\t\t\t\t\t\t\t\t\t\t\t\t\t\t<p class=\"person-card-mobile\">\n\t\t\t\t\t<a href=\"tel:+4915140714445\" itemprop=\"telephone\" title=\"Call us\">+49 1514 071 44 45<\/a>\t\t\t\t<\/p>\n\t\t\t\t\t\t\t\t\t\t<p class=\"person-card-mail\">\n\t\t\t\t<a href=\"mailto:&#119;e&#114;&#110;%65%72&#46;h%75&#110;%64%40%67%72&#97;&#110;a%67%72o%75&#112;.&#101;%75\" title=\"Email us\" itemprop=\"email\">&#119;e&#114;&#110;er.h&#117;&#110;&#100;&#64;&#103;r&#97;na&#103;&#114;oup&#46;&#101;&#117;<\/a>\t\t\t<\/p>\n\t\t\n\t<\/div>\n\t\t\t<div class=\"person-card-languages\">\n\t\t\t<span>Languages<\/span>\n\t\t\t<ul class=\"languages-list\">\n\t\t\t\t\t\t\t\t\t<li><i class=\"icon-lang icon-lang-de\"><\/i><\/li>\n\t\t\t\t\t\t\t<\/ul>\n\t\t<\/div>\n\t<\/div>\n<\/div>\n\n\n\n<div class=\"wp-block-column\">\n<div class=\"wp-block-cloudweb-person-card is-style-with-languages wp-block-cloudweb-person-card-dynamic\">\n\t<div class=\"person-card-info\">\n\t\t<div class=\"person-card-image\">\n\t\t\t<img decoding=\"async\" src=\"https:\/\/granagroup.eu\/wp-content\/uploads\/2024\/03\/Berner_Juerg_GOF_2019.jpg\" alt=\"\" width=\"800\" height=\"800\" loading=\"lazy\" \/>\t\t<\/div>\n\t\t<div class=\"person-card-details\">\n\t\t\t<h2 class=\"person-card-name\">J\u00fcrg Berner<\/h2>\n\t\t\t<p class=\"person-card-detail\">Head of business division trading conventional \/ Member of the extended Managing board<\/p><\/div>\n\t<\/div>\n\t<div class=\"person-card-contact\">\n\t\t\t\t\t<p class=\"person-card-phone\">\n\t\t\t\t<a href=\"tel:+42588884316\" itemprop=\"telephone\" title=\"Call us\">+42 588 884 316<\/a>\t\t\t<\/p>\n\t\t\t\t\t\t\t\t\t\t\t\t\t\t<p class=\"person-card-mobile\">\n\t\t\t\t\t<a href=\"tel:+41796474923\" itemprop=\"telephone\" title=\"Call us\">+41 79 647 49 23<\/a>\t\t\t\t<\/p>\n\t\t\t\t\t\t\t\t\t\t<p class=\"person-card-mail\">\n\t\t\t\t<a href=\"mailto:j&#117;%65&#114;%67%2e%62e&#114;%6e%65&#114;&#64;%67r&#97;n&#97;&#103;ro&#117;&#112;%2e&#101;%75\" title=\"Email us\" itemprop=\"email\">j&#117;e&#114;&#103;&#46;&#98;&#101;&#114;n&#101;&#114;&#64;&#103;r&#97;&#110;a&#103;r&#111;&#117;&#112;&#46;e&#117;<\/a>\t\t\t<\/p>\n\t\t\n\t<\/div>\n\t\t\t<div class=\"person-card-languages\">\n\t\t\t<span>Languages<\/span>\n\t\t\t<ul class=\"languages-list\">\n\t\t\t\t\t\t\t\t\t<li><i class=\"icon-lang icon-lang-de\"><\/i><\/li>\n\t\t\t\t\t\t\t\t\t<li><i class=\"icon-lang icon-lang-fr\"><\/i><\/li>\n\t\t\t\t\t\t\t\t\t<li><i class=\"icon-lang icon-lang-en\"><\/i><\/li>\n\t\t\t\t\t\t\t\t\t<li><i class=\"icon-lang icon-lang-cz\"><\/i><\/li>\n\t\t\t\t\t\t\t\t\t<li><i class=\"icon-lang icon-lang-it\"><\/i><\/li>\n\t\t\t\t\t\t\t<\/ul>\n\t\t<\/div>\n\t<\/div>\n<\/div>\n<\/div>\n","protected":false},"excerpt":{"rendered":"<p>A granaagro eg\u00e9sz Eur\u00f3p\u00e1b\u00f3l szerzi be \u00e9s az eg\u00e9sz kontinensen \u00e9rt\u00e9kes\u00edti ezeket a feh\u00e9rj\u00e9ben gazdag z\u00f6lds\u00e9gf\u00e9l\u00e9ket. Legfontosabb kereskedelmi term\u00e9keink a bors\u00f3, a l\u00f3bab, a csillagf\u00fcrt \u00e9s a lencse. Az \u00d6n kereskedelmi kapcsolatai Belgium, Franciaorsz\u00e1g, Luxemburg, Hollandia, Sv\u00e1jc N\u00e9metorsz\u00e1g, Olaszorsz\u00e1g, Sv\u00e1jc Ausztria, Szlov\u00e1kia, Sv\u00e1jc, Csehorsz\u00e1g<\/p>\n","protected":false},"author":5,"featured_media":0,"parent":0,"menu_order":0,"comment_status":"closed","ping_status":"closed","template":"","meta":{"_acf_changed":false,"inline_featured_image":false,"_genesis_hide_title":false,"_genesis_hide_breadcrumbs":false,"_genesis_hide_singular_image":false,"_genesis_hide_footer_widgets":false,"_genesis_custom_body_class":"","_genesis_custom_post_class":"","_genesis_layout":"","footnotes":""},"class_list":{"0":"post-3473","1":"page","2":"type-page","3":"status-publish","5":"entry"},"acf":[],"_links":{"self":[{"href":"https:\/\/granagroup.eu\/hu\/wp-json\/wp\/v2\/pages\/3473","targetHints":{"allow":["GET"]}}],"collection":[{"href":"https:\/\/granagroup.eu\/hu\/wp-json\/wp\/v2\/pages"}],"about":[{"href":"https:\/\/granagroup.eu\/hu\/wp-json\/wp\/v2\/types\/page"}],"author":[{"embeddable":true,"href":"https:\/\/granagroup.eu\/hu\/wp-json\/wp\/v2\/users\/5"}],"replies":[{"embeddable":true,"href":"https:\/\/granagroup.eu\/hu\/wp-json\/wp\/v2\/comments?post=3473"}],"version-history":[{"count":0,"href":"https:\/\/granagroup.eu\/hu\/wp-json\/wp\/v2\/pages\/3473\/revisions"}],"wp:attachment":[{"href":"https:\/\/granagroup.eu\/hu\/wp-json\/wp\/v2\/media?parent=3473"}],"curies":[{"name":"wp","href":"https:\/\/api.w.org\/{rel}","templated":true}]}}