{"id":3475,"date":"2023-12-22T08:14:51","date_gmt":"2023-12-22T07:14:51","guid":{"rendered":"https:\/\/granagroup.eu\/oelsaaten-und-pflanzenoele\/"},"modified":"2025-10-22T09:46:20","modified_gmt":"2025-10-22T08:46:20","slug":"oelsaaten-und-pflanzenoele","status":"publish","type":"page","link":"https:\/\/granagroup.eu\/hu\/oelsaaten-und-pflanzenoele\/","title":{"rendered":"Olajos magvak \u00e9s n\u00f6v\u00e9nyi olajok"},"content":{"rendered":"\n<p>Az olajos magvak \u00e9s n\u00f6v\u00e9nyi olajok forgalmaz\u00e1sa \u00e9rdek\u00e9ben besz\u00e1ll\u00edt\u00f3k \u00e9s feldolgoz\u00f3k sz\u00e9les h\u00e1l\u00f3zat\u00e1val folytatunk szoros egy\u00fcttm\u0171k\u00f6d\u00e9st. Mind az olajos magvakat, mind az azokb\u00f3l nyert olajokat az \u00e9lelmiszer- \u00e9s takarm\u00e1nyipar sz\u00e1m\u00e1ra szerezz\u00fck be \u00e9s \u00e9rt\u00e9kes\u00edtj\u00fck.<\/p>\n\n\n\n<p>Legfontosabb kereskedelmi term\u00e9keink a repcemag, a napraforg\u00f3mag, a repceolaj, a napraforg\u00f3olaj, a lenmagolaj, a sz\u00f3jaolaj \u00e9s a p\u00e1lmaolaj.<\/p>\n\n\n\n<hr class=\"wp-block-separator has-alpha-channel-opacity is-style-dots\"\/>\n\n\n\n<h3 class=\"wp-block-heading\"><strong>Az \u00d6n kereskedelmi kapcsolatai<\/strong><\/h3>\n\n\n\n<div style=\"height:10px\" aria-hidden=\"true\" class=\"wp-block-spacer\"><\/div>\n\n\n\n<div class=\"wp-block-columns\">\n<div class=\"wp-block-column\">\n<div class=\"wp-block-cloudweb-person-card is-style-with-languages wp-block-cloudweb-person-card-dynamic\">\n\t<div class=\"person-card-info\">\n\t\t<div class=\"person-card-image\">\n\t\t\t<img decoding=\"async\" src=\"https:\/\/granagroup.eu\/wp-content\/uploads\/2023\/12\/Windlin_Marco_GRANA_2022.jpg\" alt=\"\" width=\"443\" height=\"443\" loading=\"lazy\" \/>\t\t<\/div>\n\t\t<div class=\"person-card-details\">\n\t\t\t<h2 class=\"person-card-name\">Marco Windlin<\/h2>\n\t\t\t<p class=\"person-card-detail\">H\u00e4ndler<\/p><\/div>\n\t<\/div>\n\t<div class=\"person-card-contact\">\n\t\t\t\t\t<p class=\"person-card-phone\">\n\t\t\t\t<a href=\"tel:+4980333046618\" itemprop=\"telephone\" title=\"Call us\">+49 8033 304 66 18<\/a>\t\t\t<\/p>\n\t\t\t\t\t\t\t\t\t\t\t\t\t\t<p class=\"person-card-mobile\">\n\t\t\t\t\t<a href=\"tel:+491604075419\" itemprop=\"telephone\" title=\"Call us\">+49 1604 07 54 19<\/a>\t\t\t\t<\/p>\n\t\t\t\t\t\t\t\t\t\t<p class=\"person-card-mail\">\n\t\t\t\t<a href=\"mailto:m&#97;%72&#99;o&#46;%77i&#110;%64l&#105;%6e&#64;%67%72&#97;%6eag%72%6fup.eu\" title=\"Email us\" itemprop=\"email\">m&#97;r&#99;o.w&#105;&#110;d&#108;i&#110;&#64;g&#114;&#97;n&#97;&#103;&#114;o&#117;p&#46;&#101;u<\/a>\t\t\t<\/p>\n\t\t\n\t<\/div>\n\t\t\t<div class=\"person-card-languages\">\n\t\t\t<span>Languages<\/span>\n\t\t\t<ul class=\"languages-list\">\n\t\t\t\t\t\t\t\t\t<li><i class=\"icon-lang icon-lang-de\"><\/i><\/li>\n\t\t\t\t\t\t\t\t\t<li><i class=\"icon-lang icon-lang-fr\"><\/i><\/li>\n\t\t\t\t\t\t\t\t\t<li><i class=\"icon-lang icon-lang-en\"><\/i><\/li>\n\t\t\t\t\t\t\t<\/ul>\n\t\t<\/div>\n\t<\/div>\n<\/div>\n\n\n\n<div class=\"wp-block-column\"><\/div>\n\n\n\n<div class=\"wp-block-column\"><\/div>\n<\/div>\n","protected":false},"excerpt":{"rendered":"<p>Az olajos magvak \u00e9s n\u00f6v\u00e9nyi olajok forgalmaz\u00e1sa \u00e9rdek\u00e9ben besz\u00e1ll\u00edt\u00f3k \u00e9s feldolgoz\u00f3k sz\u00e9les h\u00e1l\u00f3zat\u00e1val folytatunk szoros egy\u00fcttm\u0171k\u00f6d\u00e9st. Mind az olajos magvakat, mind az azokb\u00f3l nyert olajokat az \u00e9lelmiszer- \u00e9s takarm\u00e1nyipar sz\u00e1m\u00e1ra szerezz\u00fck be \u00e9s \u00e9rt\u00e9kes\u00edtj\u00fck. Legfontosabb kereskedelmi term\u00e9keink a repcemag, a napraforg\u00f3mag, a repceolaj, a napraforg\u00f3olaj, a lenmagolaj, a sz\u00f3jaolaj \u00e9s a p\u00e1lmaolaj. Az \u00d6n kereskedelmi [&hellip;]<\/p>\n","protected":false},"author":5,"featured_media":0,"parent":0,"menu_order":0,"comment_status":"closed","ping_status":"closed","template":"","meta":{"_acf_changed":false,"inline_featured_image":false,"_genesis_hide_title":false,"_genesis_hide_breadcrumbs":false,"_genesis_hide_singular_image":false,"_genesis_hide_footer_widgets":false,"_genesis_custom_body_class":"","_genesis_custom_post_class":"","_genesis_layout":"","footnotes":""},"class_list":{"0":"post-3475","1":"page","2":"type-page","3":"status-publish","5":"entry"},"acf":[],"_links":{"self":[{"href":"https:\/\/granagroup.eu\/hu\/wp-json\/wp\/v2\/pages\/3475","targetHints":{"allow":["GET"]}}],"collection":[{"href":"https:\/\/granagroup.eu\/hu\/wp-json\/wp\/v2\/pages"}],"about":[{"href":"https:\/\/granagroup.eu\/hu\/wp-json\/wp\/v2\/types\/page"}],"author":[{"embeddable":true,"href":"https:\/\/granagroup.eu\/hu\/wp-json\/wp\/v2\/users\/5"}],"replies":[{"embeddable":true,"href":"https:\/\/granagroup.eu\/hu\/wp-json\/wp\/v2\/comments?post=3475"}],"version-history":[{"count":0,"href":"https:\/\/granagroup.eu\/hu\/wp-json\/wp\/v2\/pages\/3475\/revisions"}],"wp:attachment":[{"href":"https:\/\/granagroup.eu\/hu\/wp-json\/wp\/v2\/media?parent=3475"}],"curies":[{"name":"wp","href":"https:\/\/api.w.org\/{rel}","templated":true}]}}