{"id":3477,"date":"2023-12-22T08:15:44","date_gmt":"2023-12-22T07:15:44","guid":{"rendered":"https:\/\/granagroup.eu\/futterproteine\/"},"modified":"2025-10-24T15:18:25","modified_gmt":"2025-10-24T14:18:25","slug":"futterproteine","status":"publish","type":"page","link":"https:\/\/granagroup.eu\/hu\/futterproteine\/","title":{"rendered":"Takarm\u00e1nyfeh\u00e9rj\u00e9k"},"content":{"rendered":"\n<p>A granaagro a takarm\u00e1nyfeh\u00e9rj\u00e9k kereskedelme ter\u00e9n eur\u00f3pai \u00e9s nemzetk\u00f6zi h\u00e1l\u00f3zat\u00e1ra t\u00e1maszkodik. A hossz\u00fa ell\u00e1t\u00e1si l\u00e1ncok elker\u00fcl\u00e9se \u00e9rdek\u00e9ben a gy\u00e1rt\u00f3hoz a lehet\u0151 legk\u00f6zelebb v\u00e1s\u00e1rolunk kiv\u00e1l\u00f3 min\u0151s\u00e9g\u0171 \u00e1rukat, \u00edgy a lehet\u0151 legnagyobb m\u00e9rt\u00e9kben befoly\u00e1solni tudjuk a term\u00e9kek min\u0151s\u00e9g\u00e9t \u00e9s fenntarthat\u00f3s\u00e1g\u00e1t.<strong><\/strong><\/p>\n\n\n\n<p>Legfontosabb kereskedelmi term\u00e9keink a sz\u00f3jadara (\u201eGMO\u201d \u00e9s \u201eNON GMO\u201d [g\u00e9ntechnol\u00f3gi\u00e1val m\u00f3dos\u00edtott, illetve a g\u00e9ntechnol\u00f3gi\u00e1val nem m\u00f3dos\u00edtott]), a repcedara \u00e9s a napraforg\u00f3dara.<\/p>\n\n\n\n<hr class=\"wp-block-separator has-alpha-channel-opacity is-style-dots\"\/>\n\n\n\n<h3 class=\"wp-block-heading\"><strong>Az \u00d6n kereskedelmi kapcsolatai<\/strong><\/h3>\n\n\n\n<div style=\"height:10px\" aria-hidden=\"true\" class=\"wp-block-spacer\"><\/div>\n\n\n\n<div class=\"wp-block-columns\">\n<div class=\"wp-block-column\">\n<div class=\"wp-block-cloudweb-person-card is-style-with-languages wp-block-cloudweb-person-card-dynamic\">\n\t<div class=\"person-card-info\">\n\t\t<div class=\"person-card-image\">\n\t\t\t<img decoding=\"async\" src=\"https:\/\/granagroup.eu\/wp-content\/uploads\/2023\/12\/Saboureault_Alexandre_GRANA_2022.jpg\" alt=\"\" width=\"800\" height=\"800\" loading=\"lazy\" \/>\t\t<\/div>\n\t\t<div class=\"person-card-details\">\n\t\t\t<h2 class=\"person-card-name\">Alexandre Saboureault<\/h2>\n\t\t\t<p class=\"person-card-detail\">Trader<\/p><\/div>\n\t<\/div>\n\t<div class=\"person-card-contact\">\n\t\t\t\t\t<p class=\"person-card-phone\">\n\t\t\t\t<a href=\"tel:+4976215879029\" itemprop=\"telephone\" title=\"Call us\">+49 7621 587 90 29<\/a>\t\t\t<\/p>\n\t\t\t\t\t\t\t\t\t\t\t\t\t\t<p class=\"person-card-mobile\">\n\t\t\t\t\t<a href=\"tel:+491706742574\" itemprop=\"telephone\" title=\"Call us\">+49 170 674 25 74<\/a>\t\t\t\t<\/p>\n\t\t\t\t\t\t\t\t\t\t<p class=\"person-card-mail\">\n\t\t\t\t<a href=\"mailto:al%65%78%61&#110;&#100;&#114;e&#46;&#115;%61&#98;o&#117;r&#101;%61%75lt&#64;g%72&#97;%6eag&#114;%6f&#117;p%2e&#101;%75\" title=\"Email us\" itemprop=\"email\">&#97;l&#101;x&#97;ndre.&#115;&#97;&#98;oure&#97;&#117;&#108;t&#64;&#103;&#114;a&#110;&#97;&#103;&#114;o&#117;p.&#101;&#117;<\/a>\t\t\t<\/p>\n\t\t\n\t<\/div>\n\t\t\t<div class=\"person-card-languages\">\n\t\t\t<span>Languages<\/span>\n\t\t\t<ul class=\"languages-list\">\n\t\t\t\t\t\t\t\t\t<li><i class=\"icon-lang icon-lang-fr\"><\/i><\/li>\n\t\t\t\t\t\t\t\t\t<li><i class=\"icon-lang icon-lang-en\"><\/i><\/li>\n\t\t\t\t\t\t\t\t\t<li><i class=\"icon-lang icon-lang-it\"><\/i><\/li>\n\t\t\t\t\t\t\t<\/ul>\n\t\t<\/div>\n\t<\/div>\n<\/div>\n\n\n\n<div class=\"wp-block-column\"><\/div>\n\n\n\n<div class=\"wp-block-column\"><\/div>\n<\/div>\n","protected":false},"excerpt":{"rendered":"<p>A granaagro a takarm\u00e1nyfeh\u00e9rj\u00e9k kereskedelme ter\u00e9n eur\u00f3pai \u00e9s nemzetk\u00f6zi h\u00e1l\u00f3zat\u00e1ra t\u00e1maszkodik. A hossz\u00fa ell\u00e1t\u00e1si l\u00e1ncok elker\u00fcl\u00e9se \u00e9rdek\u00e9ben a gy\u00e1rt\u00f3hoz a lehet\u0151 legk\u00f6zelebb v\u00e1s\u00e1rolunk kiv\u00e1l\u00f3 min\u0151s\u00e9g\u0171 \u00e1rukat, \u00edgy a lehet\u0151 legnagyobb m\u00e9rt\u00e9kben befoly\u00e1solni tudjuk a term\u00e9kek min\u0151s\u00e9g\u00e9t \u00e9s fenntarthat\u00f3s\u00e1g\u00e1t. Legfontosabb kereskedelmi term\u00e9keink a sz\u00f3jadara (\u201eGMO\u201d \u00e9s \u201eNON GMO\u201d [g\u00e9ntechnol\u00f3gi\u00e1val m\u00f3dos\u00edtott, illetve a g\u00e9ntechnol\u00f3gi\u00e1val nem m\u00f3dos\u00edtott]), a [&hellip;]<\/p>\n","protected":false},"author":5,"featured_media":0,"parent":0,"menu_order":0,"comment_status":"closed","ping_status":"closed","template":"","meta":{"_acf_changed":false,"inline_featured_image":false,"_genesis_hide_title":false,"_genesis_hide_breadcrumbs":false,"_genesis_hide_singular_image":false,"_genesis_hide_footer_widgets":false,"_genesis_custom_body_class":"","_genesis_custom_post_class":"","_genesis_layout":"","footnotes":""},"class_list":{"0":"post-3477","1":"page","2":"type-page","3":"status-publish","5":"entry"},"acf":[],"_links":{"self":[{"href":"https:\/\/granagroup.eu\/hu\/wp-json\/wp\/v2\/pages\/3477","targetHints":{"allow":["GET"]}}],"collection":[{"href":"https:\/\/granagroup.eu\/hu\/wp-json\/wp\/v2\/pages"}],"about":[{"href":"https:\/\/granagroup.eu\/hu\/wp-json\/wp\/v2\/types\/page"}],"author":[{"embeddable":true,"href":"https:\/\/granagroup.eu\/hu\/wp-json\/wp\/v2\/users\/5"}],"replies":[{"embeddable":true,"href":"https:\/\/granagroup.eu\/hu\/wp-json\/wp\/v2\/comments?post=3477"}],"version-history":[{"count":0,"href":"https:\/\/granagroup.eu\/hu\/wp-json\/wp\/v2\/pages\/3477\/revisions"}],"wp:attachment":[{"href":"https:\/\/granagroup.eu\/hu\/wp-json\/wp\/v2\/media?parent=3477"}],"curies":[{"name":"wp","href":"https:\/\/api.w.org\/{rel}","templated":true}]}}