{"id":3478,"date":"2023-12-22T08:17:04","date_gmt":"2023-12-22T07:17:04","guid":{"rendered":"https:\/\/granagroup.eu\/nebenprodukte\/"},"modified":"2025-10-22T07:36:21","modified_gmt":"2025-10-22T06:36:21","slug":"nebenprodukte","status":"publish","type":"page","link":"https:\/\/granagroup.eu\/hu\/nebenprodukte\/","title":{"rendered":"Mell\u00e9kterm\u00e9kek"},"content":{"rendered":"\n<p>A granaagro az \u00e1llati takarm\u00e1ny el\u0151\u00e1ll\u00edt\u00e1s\u00e1hoz haszn\u00e1lt mell\u00e9kterm\u00e9kek sz\u00e9les sk\u00e1l\u00e1j\u00e1val kereskedik. Kiterjedt h\u00e1l\u00f3zatunknak k\u00f6sz\u00f6nhet\u0151en \u00e9rt\u00e9kes mell\u00e9kterm\u00e9keket tudunk v\u00e1s\u00e1rolni k\u00fcl\u00f6nb\u00f6z\u0151 ipar\u00e1gakt\u00f3l, \u00e9s azokat tov\u00e1bbi felhaszn\u00e1l\u00e1s c\u00e9lj\u00e1b\u00f3l \u00e9rt\u00e9kes\u00edtj\u00fck. <strong><\/strong><\/p>\n\n\n\n<p>Legfontosabb kereskedelmi term\u00e9keink a malomipari mell\u00e9kterm\u00e9kek, a kukorica DDGS, a mal\u00e1tacs\u00edra, a s\u00f6rt\u00f6rk\u00f6ly, a melasz pellet, az almat\u00f6rk\u00f6ly, a kaka\u00f3h\u00e9j, a b\u00faza- \u00e9s kukoricaglut\u00e9n, valamint a sz\u00e1lastakarm\u00e1ny.<\/p>\n\n\n\n<hr class=\"wp-block-separator has-alpha-channel-opacity is-style-dots\"\/>\n\n\n\n<h3 class=\"wp-block-heading\"><strong>Az \u00d6n kereskedelmi kapcsolatai<\/strong><\/h3>\n\n\n\n<div style=\"height:10px\" aria-hidden=\"true\" class=\"wp-block-spacer\"><\/div>\n\n\n\n<div class=\"wp-block-columns\">\n<div class=\"wp-block-column\">\n<div class=\"wp-block-cloudweb-person-card is-style-with-languages wp-block-cloudweb-person-card-dynamic\">\n\t<div class=\"person-card-info\">\n\t\t<div class=\"person-card-image\">\n\t\t\t<img decoding=\"async\" src=\"https:\/\/granagroup.eu\/wp-content\/uploads\/2025\/05\/Christopher-Schreiner-V2_thb.jpg\" alt=\"\" width=\"1200\" height=\"1200\" loading=\"lazy\" \/>\t\t<\/div>\n\t\t<div class=\"person-card-details\">\n\t\t\t<h2 class=\"person-card-name\">Christopher Schreiner<\/h2>\n\t\t\t<p class=\"person-card-detail\">H\u00e4ndler<\/p><\/div>\n\t<\/div>\n\t<div class=\"person-card-contact\">\n\t\t\t\t\t<p class=\"person-card-phone\">\n\t\t\t\t<a href=\"tel:+4980333046616\" itemprop=\"telephone\" title=\"Call us\">+49 8033 304 66 16<\/a>\t\t\t<\/p>\n\t\t\t\t\t\t\t\t\t\t\t\t\t\t<p class=\"person-card-mobile\">\n\t\t\t\t\t<a href=\"tel:+4915151510398\" itemprop=\"telephone\" title=\"Call us\">+49 1515 151 03 98<\/a>\t\t\t\t<\/p>\n\t\t\t\t\t\t\t\t\t\t<p class=\"person-card-mail\">\n\t\t\t\t<a href=\"mailto:&#99;hr&#105;sto&#112;h%65%72.sc&#104;%72%65&#105;ner%40%67ran%61&#103;%72%6fu&#112;&#46;&#101;&#117;\" title=\"Email us\" itemprop=\"email\">ch&#114;i&#115;&#116;ophe&#114;&#46;sch&#114;&#101;i&#110;e&#114;&#64;&#103;&#114;anagrou&#112;.&#101;u<\/a>\t\t\t<\/p>\n\t\t\n\t<\/div>\n\t\t\t<div class=\"person-card-languages\">\n\t\t\t<span>Languages<\/span>\n\t\t\t<ul class=\"languages-list\">\n\t\t\t\t\t\t\t\t\t<li><i class=\"icon-lang icon-lang-de\"><\/i><\/li>\n\t\t\t\t\t\t\t\t\t<li><i class=\"icon-lang icon-lang-en\"><\/i><\/li>\n\t\t\t\t\t\t\t\t\t<li><i class=\"icon-lang icon-lang-es\"><\/i><\/li>\n\t\t\t\t\t\t\t<\/ul>\n\t\t<\/div>\n\t<\/div>\n<\/div>\n\n\n\n<div class=\"wp-block-column\">\n<div class=\"wp-block-cloudweb-person-card is-style-with-languages wp-block-cloudweb-person-card-dynamic\">\n\t<div class=\"person-card-info\">\n\t\t<div class=\"person-card-image\">\n\t\t\t<img decoding=\"async\" src=\"https:\/\/granagroup.eu\/wp-content\/uploads\/2025\/05\/Souita-Sami_thb-1-scaled-1.jpg\" alt=\"\" width=\"2560\" height=\"2560\" loading=\"lazy\" \/>\t\t<\/div>\n\t\t<div class=\"person-card-details\">\n\t\t\t<h2 class=\"person-card-name\">Sami Souita<\/h2>\n\t\t\t<p class=\"person-card-detail\">H\u00e4ndler<\/p><\/div>\n\t<\/div>\n\t<div class=\"person-card-contact\">\n\t\t\t\t\t<p class=\"person-card-phone\">\n\t\t\t\t<a href=\"tel:+4976211543973\" itemprop=\"telephone\" title=\"Call us\">+49 7621 154 39 73<\/a>\t\t\t<\/p>\n\t\t\t\t\t\t\t\t\t\t\t\t\t\t<p class=\"person-card-mobile\">\n\t\t\t\t\t<a href=\"tel:+4915167985260\" itemprop=\"telephone\" title=\"Call us\">+49 1516 798 52 60<\/a>\t\t\t\t<\/p>\n\t\t\t\t\t\t\t\t\t\t<p class=\"person-card-mail\">\n\t\t\t\t<a href=\"mailto:sa%6d&#105;.&#115;o&#117;&#105;ta&#64;%67r&#97;nagr&#111;&#117;%70%2e&#101;%75\" title=\"Email us\" itemprop=\"email\">s&#97;&#109;i.s&#111;&#117;i&#116;&#97;&#64;&#103;&#114;&#97;n&#97;&#103;r&#111;u&#112;&#46;e&#117;<\/a>\t\t\t<\/p>\n\t\t\n\t<\/div>\n\t\t\t<div class=\"person-card-languages\">\n\t\t\t<span>Languages<\/span>\n\t\t\t<ul class=\"languages-list\">\n\t\t\t\t\t\t\t\t\t<li><i class=\"icon-lang icon-lang-de\"><\/i><\/li>\n\t\t\t\t\t\t\t\t\t<li><i class=\"icon-lang icon-lang-fr\"><\/i><\/li>\n\t\t\t\t\t\t\t\t\t<li><i class=\"icon-lang icon-lang-en\"><\/i><\/li>\n\t\t\t\t\t\t\t<\/ul>\n\t\t<\/div>\n\t<\/div>\n<\/div>\n\n\n\n<div class=\"wp-block-column\"><\/div>\n<\/div>\n","protected":false},"excerpt":{"rendered":"<p>A granaagro az \u00e1llati takarm\u00e1ny el\u0151\u00e1ll\u00edt\u00e1s\u00e1hoz haszn\u00e1lt mell\u00e9kterm\u00e9kek sz\u00e9les sk\u00e1l\u00e1j\u00e1val kereskedik. Kiterjedt h\u00e1l\u00f3zatunknak k\u00f6sz\u00f6nhet\u0151en \u00e9rt\u00e9kes mell\u00e9kterm\u00e9keket tudunk v\u00e1s\u00e1rolni k\u00fcl\u00f6nb\u00f6z\u0151 ipar\u00e1gakt\u00f3l, \u00e9s azokat tov\u00e1bbi felhaszn\u00e1l\u00e1s c\u00e9lj\u00e1b\u00f3l \u00e9rt\u00e9kes\u00edtj\u00fck. Legfontosabb kereskedelmi term\u00e9keink a malomipari mell\u00e9kterm\u00e9kek, a kukorica DDGS, a mal\u00e1tacs\u00edra, a s\u00f6rt\u00f6rk\u00f6ly, a melasz pellet, az almat\u00f6rk\u00f6ly, a kaka\u00f3h\u00e9j, a b\u00faza- \u00e9s kukoricaglut\u00e9n, valamint a sz\u00e1lastakarm\u00e1ny. Az \u00d6n [&hellip;]<\/p>\n","protected":false},"author":5,"featured_media":0,"parent":0,"menu_order":0,"comment_status":"closed","ping_status":"closed","template":"","meta":{"_acf_changed":false,"inline_featured_image":false,"_genesis_hide_title":false,"_genesis_hide_breadcrumbs":false,"_genesis_hide_singular_image":false,"_genesis_hide_footer_widgets":false,"_genesis_custom_body_class":"","_genesis_custom_post_class":"","_genesis_layout":"","footnotes":""},"class_list":{"0":"post-3478","1":"page","2":"type-page","3":"status-publish","5":"entry"},"acf":[],"_links":{"self":[{"href":"https:\/\/granagroup.eu\/hu\/wp-json\/wp\/v2\/pages\/3478","targetHints":{"allow":["GET"]}}],"collection":[{"href":"https:\/\/granagroup.eu\/hu\/wp-json\/wp\/v2\/pages"}],"about":[{"href":"https:\/\/granagroup.eu\/hu\/wp-json\/wp\/v2\/types\/page"}],"author":[{"embeddable":true,"href":"https:\/\/granagroup.eu\/hu\/wp-json\/wp\/v2\/users\/5"}],"replies":[{"embeddable":true,"href":"https:\/\/granagroup.eu\/hu\/wp-json\/wp\/v2\/comments?post=3478"}],"version-history":[{"count":0,"href":"https:\/\/granagroup.eu\/hu\/wp-json\/wp\/v2\/pages\/3478\/revisions"}],"wp:attachment":[{"href":"https:\/\/granagroup.eu\/hu\/wp-json\/wp\/v2\/media?parent=3478"}],"curies":[{"name":"wp","href":"https:\/\/api.w.org\/{rel}","templated":true}]}}