{"id":3526,"date":"2023-12-15T10:04:13","date_gmt":"2023-12-15T09:04:13","guid":{"rendered":"https:\/\/granagroup.eu\/qualitaet\/"},"modified":"2026-03-23T16:28:50","modified_gmt":"2026-03-23T15:28:50","slug":"qualitaet","status":"publish","type":"page","link":"https:\/\/granagroup.eu\/hu\/qualitaet\/","title":{"rendered":"Min\u0151s\u00e9g"},"content":{"rendered":"\n<p>A granaagro \u00fcgyfeleink szerte\u00e1gaz\u00f3 ell\u00e1t\u00e1si l\u00e1nc\u00e1nak r\u00e9sz\u00e9t k\u00e9pezi. \u00cdgy j\u00f3l ismeri azokat a biztons\u00e1gi kock\u00e1zatokat, amelyek az \u00e1ltalunk eladott valamennyi forgalmazott term\u00e9kkel j\u00e1rnak. Mivel minden folyamatunk \u00e9s szolg\u00e1ltat\u00e1sunk eset\u00e9n stabil term\u00e9kmin\u0151s\u00e9ggel szeretn\u00e9nk vezet\u0151 szerepet bet\u00f6lteni a piacon, a min\u0151s\u00e9g \u00e9s az ellen\u0151rz\u00e9s sz\u00e1munkra rendk\u00edv\u00fcl fontos szempontnak sz\u00e1m\u00edt.<\/p>\n\n\n\n<p>Saj\u00e1t min\u0151s\u00e9gir\u00e1ny\u00edt\u00e1si rendszert m\u0171k\u00f6dtet\u00fcnk a magas szint\u0171 min\u0151s\u00e9gi szabv\u00e1nyoknak val\u00f3 megfelel\u00e9s \u00e9rdek\u00e9ben, \u00e9s ez megfelel vagy meghaladja az al\u00e1bbi szabv\u00e1nyokat:<\/p>\n\n\n\n<div style=\"height:25px\" aria-hidden=\"true\" class=\"wp-block-spacer\"><\/div>\n\n\n\n<div class=\"wp-block-cloudweb-accordion alignfull alignwide\"><div class=\"accordion\">\n<div class=\"wp-block-cloudweb-accordion-item\"><div class=\"accordion-item\"><div class=\"accordion-item-header\"><h3 class=\"accordion-title\">Certificates granaagro Deutschland GmbH L\u00f6rrach<\/h3><\/div><div class=\"accordion-content\">\n<p class=\"is-style-accordion-link\"><a href=\"https:\/\/granagroup.eu\/wp-content\/uploads\/2024\/05\/240503_Zertifikat_EN_gaDE_GMP.pdf\" target=\"_blank\" rel=\"noreferrer noopener\">GMP+<\/a><\/p>\n\n\n\n<p class=\"is-style-accordion-link\"><a href=\"https:\/\/granagroup.eu\/wp-content\/uploads\/2026\/04\/DE-OeKO-006.276-0072602.2026.001.pdf\" target=\"_blank\" rel=\"noreferrer noopener\">EU Bio<\/a><\/p>\n\n\n\n<p class=\"is-style-accordion-link\"><a href=\"https:\/\/granagroup.eu\/wp-content\/uploads\/2025\/05\/granaagro-Deutschland_Bio-Suisse_bis-30.09.2026.pdf\" target=\"_blank\" rel=\"noreferrer noopener\">Bio Suisse<\/a><\/p>\n\n\n\n<p class=\"is-style-accordion-link\"><a href=\"https:\/\/granagroup.eu\/wp-content\/uploads\/2025\/08\/Zertifikat_Europe-Soya_bis-31.12.2026_Loerrach.pdf\" target=\"_blank\" rel=\"noreferrer noopener\">Europe Soya<\/a><\/p>\n\n\n\n<p class=\"is-style-accordion-link\"><a href=\"https:\/\/granagroup.eu\/wp-content\/uploads\/2025\/08\/Zertifikat_Donau-Soja_bis-31.12.2026_Loerrach.pdf\" target=\"_blank\" rel=\"noreferrer noopener\">Donau Soja<\/a><\/p>\n<\/div><\/div><\/div>\n\n\n\n<div class=\"wp-block-cloudweb-accordion-item\"><div class=\"accordion-item\"><div class=\"accordion-item-header\"><h3 class=\"accordion-title\">Certificates granaagro Deutschland GmbH Berlin<\/h3><\/div><div class=\"accordion-content\">\n<p class=\"is-style-accordion-link\"><a href=\"https:\/\/granagroup.eu\/wp-content\/uploads\/2024\/05\/240503_Zertifikat_EN_gaDE_GMP.pdf\" target=\"_blank\" rel=\"noreferrer noopener\">GMP+<\/a><\/p>\n\n\n\n<p class=\"is-style-accordion-link\"><a href=\"https:\/\/granagroup.eu\/wp-content\/uploads\/2026\/04\/DE-OeKO-006.276-0072602.2026.001.pdf\" target=\"_blank\" rel=\"noreferrer noopener\">EU Bio<\/a><\/p>\n\n\n\n<p class=\"is-style-accordion-link\"><a href=\"https:\/\/granagroup.eu\/wp-content\/uploads\/2025\/05\/granaagro-Deutschland_Bio-Suisse_bis-30.09.2026.pdf\" target=\"_blank\" rel=\"noreferrer noopener\">Bio Suisse<\/a><\/p>\n\n\n\n<p class=\"is-style-accordion-link\"><a href=\"https:\/\/granagroup.eu\/wp-content\/uploads\/2026\/04\/2025_Biokreis_Zertifikat_Granaagro.pdf\" target=\"_blank\" data-type=\"link\" data-id=\"https:\/\/granagroup.eu\/wp-content\/uploads\/2024\/05\/granaagro-Deutschland_Biokreis_bis-31.03.2026-1.pdf\" rel=\"noreferrer noopener\">Biokreis<\/a><\/p>\n\n\n\n<p class=\"is-style-accordion-link\"><a href=\"https:\/\/granagroup.eu\/wp-content\/uploads\/2025\/08\/Zertifikat_Donau-Soja_bis-31.12.2027_Berlin.pdf\" target=\"_blank\" data-type=\"link\" data-id=\"https:\/\/granagroup.eu\/wp-content\/uploads\/2024\/05\/granaagro-Deutschland_Biokreis_bis-31.03.2026-1.pdf\" rel=\"noreferrer noopener\">Donau Soja<\/a><\/p>\n\n\n\n<p class=\"is-style-accordion-link\"><a href=\"https:\/\/granagroup.eu\/wp-content\/uploads\/2025\/08\/Zertifikat_Europe-Soya_bis-31.12.2027_Berlin.pdf\" data-type=\"link\" data-id=\"https:\/\/granagroup.eu\/wp-content\/uploads\/2024\/05\/granaagro-Deutschland_Biokreis_bis-31.03.2026-1.pdf\" target=\"_blank\" rel=\"noreferrer noopener\">Europe Soya<\/a><\/p>\n<\/div><\/div><\/div>\n\n\n\n<div class=\"wp-block-cloudweb-accordion-item\"><div class=\"accordion-item\"><div class=\"accordion-item-header\"><h3 class=\"accordion-title\">Certificates granaagro Deutschland GmbH Kiefersfelden<\/h3><\/div><div class=\"accordion-content\">\n<p class=\"is-style-accordion-link\"><a href=\"https:\/\/granagroup.eu\/wp-content\/uploads\/2024\/05\/240503_Zertifikat_EN_gaDE_GMP.pdf\" target=\"_blank\" rel=\"noreferrer noopener\">GMP+<\/a><\/p>\n\n\n\n<p class=\"is-style-accordion-link\"><a href=\"https:\/\/granagroup.eu\/wp-content\/uploads\/2026\/04\/DE-OeKO-006.276-0072602.2026.001.pdf\" target=\"_blank\" rel=\"noreferrer noopener\">EU Bio<\/a><\/p>\n\n\n\n<p class=\"is-style-accordion-link\"><a href=\"https:\/\/granagroup.eu\/wp-content\/uploads\/2025\/07\/ISCC-certificate-1.pdf\" target=\"_blank\" rel=\"noreferrer noopener\">ISCC<\/a> EU<\/p>\n<\/div><\/div><\/div>\n<\/div><\/div>\n\n\n\n<h3 class=\"wp-block-heading\">HACCP concept<\/h3>\n\n\n\n<p>The companies granaagro Deutschland GmbH, granaagro Czechia s.r.o. and granaagro Danubia s.r.l. also have an HACCP concept in accordance with the 12 HACCP stages of the codex alimentarius. Among other things, this requires comprehensive hazard analyses for all our products, the identification of critical control points and continuous monitoring of the system.<\/p>\n\n\n\n<hr class=\"wp-block-separator has-alpha-channel-opacity is-style-dots\"\/>\n\n\n\n<h3 class=\"wp-block-heading\">Your contacts for quality management<\/h3>\n\n\n\n<div class=\"wp-block-columns\">\n<div class=\"wp-block-column\">\n<p>L\u00f6rrach and Kiefersfelden (Conventional)<\/p>\n<\/div>\n<\/div>\n\n\n\n<div class=\"wp-block-columns\">\n<div class=\"wp-block-column\">\n<div class=\"wp-block-cloudweb-person-card is-style-without-languages wp-block-cloudweb-person-card-dynamic\">\n\t<div class=\"person-card-info\">\n\t\t<div class=\"person-card-image\">\n\t\t\t<img decoding=\"async\" src=\"https:\/\/granagroup.eu\/wp-content\/uploads\/2023\/12\/Nabe_Mykola_GRANA_2022.jpg\" alt=\"\" width=\"800\" height=\"800\" loading=\"lazy\" \/>\t\t<\/div>\n\t\t<div class=\"person-card-details\">\n\t\t\t<h2 class=\"person-card-name\">Mykola Nabe<\/h2>\n\t\t\t<p class=\"person-card-detail\">Teamleader logistics \/ contract execution<\/p><\/div>\n\t<\/div>\n\t<div class=\"person-card-contact\">\n\t\t\t\t\t<p class=\"person-card-phone\">\n\t\t\t\t<a href=\"tel:+4930300109807\" itemprop=\"telephone\" title=\"Call us\">+49 303 0010 9807<\/a>\t\t\t<\/p>\n\t\t\t\t\t\t\t\t\t<p class=\"person-card-mail\">\n\t\t\t\t<a href=\"mailto:&#109;y&#107;%6fla%2e%6e&#97;&#98;%65%40%67ra%6e%61gr%6f%75&#112;&#46;e&#117;\" title=\"Email us\" itemprop=\"email\">my&#107;ola&#46;nabe&#64;g&#114;an&#97;&#103;rou&#112;&#46;&#101;&#117;<\/a>\t\t\t<\/p>\n\t\t\n\t<\/div>\n\t<\/div>\n<\/div>\n\n\n\n<div class=\"wp-block-column\"><\/div>\n\n\n\n<div class=\"wp-block-column\"><\/div>\n<\/div>\n\n\n\n<div class=\"wp-block-columns\">\n<div class=\"wp-block-column\">\n<p>Berlin (Organic)<\/p>\n<\/div>\n\n\n\n<div class=\"wp-block-column\"><\/div>\n\n\n\n<div class=\"wp-block-column\"><\/div>\n<\/div>\n\n\n\n<div class=\"wp-block-columns\">\n<div class=\"wp-block-column\">\n<div class=\"wp-block-cloudweb-person-card is-style-without-languages wp-block-cloudweb-person-card-dynamic\">\n\t<div class=\"person-card-info\">\n\t\t<div class=\"person-card-image\">\n\t\t\t<img decoding=\"async\" src=\"https:\/\/granagroup.eu\/wp-content\/uploads\/2023\/12\/Nabe_Mykola_GRANA_2022.jpg\" alt=\"\" width=\"800\" height=\"800\" loading=\"lazy\" \/>\t\t<\/div>\n\t\t<div class=\"person-card-details\">\n\t\t\t<h2 class=\"person-card-name\">Mykola Nabe<\/h2>\n\t\t\t<p class=\"person-card-detail\">Teamleader logistics \/ contract execution<\/p><\/div>\n\t<\/div>\n\t<div class=\"person-card-contact\">\n\t\t\t\t\t<p class=\"person-card-phone\">\n\t\t\t\t<a href=\"tel:+4930300109807\" itemprop=\"telephone\" title=\"Call us\">+49 303 0010 9807<\/a>\t\t\t<\/p>\n\t\t\t\t\t\t\t\t\t<p class=\"person-card-mail\">\n\t\t\t\t<a href=\"mailto:&#109;%79%6b%6f%6c%61.&#110;a%62&#101;%40%67%72a%6e&#97;g&#114;%6f%75p&#46;%65&#117;\" title=\"Email us\" itemprop=\"email\">&#109;ykol&#97;.na&#98;&#101;&#64;g&#114;&#97;&#110;&#97;g&#114;ou&#112;.&#101;u<\/a>\t\t\t<\/p>\n\t\t\n\t<\/div>\n\t<\/div>\n<\/div>\n\n\n\n<div class=\"wp-block-column\">\n<div class=\"wp-block-cloudweb-person-card is-style-without-languages wp-block-cloudweb-person-card-dynamic\">\n\t<div class=\"person-card-info\">\n\t\t<div class=\"person-card-image\">\n\t\t\t<img decoding=\"async\" src=\"https:\/\/granagroup.eu\/wp-content\/uploads\/2024\/12\/Dominique_Hartmann_2024_thb.jpg\" alt=\"\" width=\"1200\" height=\"1200\" loading=\"lazy\" \/>\t\t<\/div>\n\t\t<div class=\"person-card-details\">\n\t\t\t<h2 class=\"person-card-name\">Dominique Hartmann<\/h2>\n\t\t\t<p class=\"person-card-detail\">Administration \/ Quality management<\/p><\/div>\n\t<\/div>\n\t<div class=\"person-card-contact\">\n\t\t\t\t\t<p class=\"person-card-phone\">\n\t\t\t\t<a href=\"tel:+4930300109809\" itemprop=\"telephone\" title=\"Call us\">+49 303 0010 9809<\/a>\t\t\t<\/p>\n\t\t\t\t\t\t\t\t\t<p class=\"person-card-mail\">\n\t\t\t\t<a href=\"mailto:&#100;%6f&#109;&#105;ni&#113;&#117;&#101;%2eh&#97;rt&#109;ann&#64;gr&#97;n%61%67&#114;&#111;%75%70&#46;%65&#117;\" title=\"Email us\" itemprop=\"email\">do&#109;&#105;&#110;i&#113;ue.&#104;&#97;r&#116;m&#97;n&#110;&#64;grana&#103;&#114;o&#117;&#112;.&#101;&#117;<\/a>\t\t\t<\/p>\n\t\t\n\t<\/div>\n\t<\/div>\n<\/div>\n\n\n\n<div class=\"wp-block-column\"><\/div>\n<\/div>\n","protected":false},"excerpt":{"rendered":"<p>A granaagro \u00fcgyfeleink szerte\u00e1gaz\u00f3 ell\u00e1t\u00e1si l\u00e1nc\u00e1nak r\u00e9sz\u00e9t k\u00e9pezi. \u00cdgy j\u00f3l ismeri azokat a biztons\u00e1gi kock\u00e1zatokat, amelyek az \u00e1ltalunk eladott valamennyi forgalmazott term\u00e9kkel j\u00e1rnak. Mivel minden folyamatunk \u00e9s szolg\u00e1ltat\u00e1sunk eset\u00e9n stabil term\u00e9kmin\u0151s\u00e9ggel szeretn\u00e9nk vezet\u0151 szerepet bet\u00f6lteni a piacon, a min\u0151s\u00e9g \u00e9s az ellen\u0151rz\u00e9s sz\u00e1munkra rendk\u00edv\u00fcl fontos szempontnak sz\u00e1m\u00edt. Saj\u00e1t min\u0151s\u00e9gir\u00e1ny\u00edt\u00e1si rendszert m\u0171k\u00f6dtet\u00fcnk a magas szint\u0171 min\u0151s\u00e9gi [&hellip;]<\/p>\n","protected":false},"author":5,"featured_media":0,"parent":0,"menu_order":0,"comment_status":"closed","ping_status":"closed","template":"","meta":{"_acf_changed":false,"inline_featured_image":false,"_genesis_hide_title":false,"_genesis_hide_breadcrumbs":false,"_genesis_hide_singular_image":false,"_genesis_hide_footer_widgets":false,"_genesis_custom_body_class":"","_genesis_custom_post_class":"","_genesis_layout":"","footnotes":""},"class_list":{"0":"post-3526","1":"page","2":"type-page","3":"status-publish","5":"entry"},"acf":[],"_links":{"self":[{"href":"https:\/\/granagroup.eu\/hu\/wp-json\/wp\/v2\/pages\/3526","targetHints":{"allow":["GET"]}}],"collection":[{"href":"https:\/\/granagroup.eu\/hu\/wp-json\/wp\/v2\/pages"}],"about":[{"href":"https:\/\/granagroup.eu\/hu\/wp-json\/wp\/v2\/types\/page"}],"author":[{"embeddable":true,"href":"https:\/\/granagroup.eu\/hu\/wp-json\/wp\/v2\/users\/5"}],"replies":[{"embeddable":true,"href":"https:\/\/granagroup.eu\/hu\/wp-json\/wp\/v2\/comments?post=3526"}],"version-history":[{"count":0,"href":"https:\/\/granagroup.eu\/hu\/wp-json\/wp\/v2\/pages\/3526\/revisions"}],"wp:attachment":[{"href":"https:\/\/granagroup.eu\/hu\/wp-json\/wp\/v2\/media?parent=3526"}],"curies":[{"name":"wp","href":"https:\/\/api.w.org\/{rel}","templated":true}]}}