{"id":3535,"date":"2023-10-18T12:25:31","date_gmt":"2023-10-18T11:25:31","guid":{"rendered":"https:\/\/granagroup.eu\/front-page\/"},"modified":"2024-03-20T11:11:36","modified_gmt":"2024-03-20T10:11:36","slug":"front-page","status":"publish","type":"page","link":"https:\/\/granagroup.eu\/hu\/","title":{"rendered":"Front Page"},"content":{"rendered":"\n<div class=\"wp-block-cloudweb-hero-slider alignfull\" style=\"--bg-color: null\" data-settings=\"{&quot;dots&quot;:false,&quot;arrows&quot;:false,&quot;infinite&quot;:false,&quot;speed&quot;:300,&quot;slidesToShow&quot;:1,&quot;slidesToScroll&quot;:1,&quot;autoplay&quot;:false,&quot;autoplaySpeed&quot;:3000}\">\n<div class=\"wp-block-cloudweb-hero-slide\"><img loading=\"lazy\" decoding=\"async\" class=\"wp-image-1100\" src=\"https:\/\/granagroup.eu\/wp-content\/uploads\/2023\/12\/shutterstock_107643413-scaled.jpg\" alt=\"\" width=\"2560\" height=\"1707\" srcset=\"https:\/\/granagroup.eu\/wp-content\/uploads\/2023\/12\/shutterstock_107643413-scaled.jpg 2560w, https:\/\/granagroup.eu\/wp-content\/uploads\/2023\/12\/shutterstock_107643413-300x200.jpg 300w, https:\/\/granagroup.eu\/wp-content\/uploads\/2023\/12\/shutterstock_107643413-1024x683.jpg 1024w, https:\/\/granagroup.eu\/wp-content\/uploads\/2023\/12\/shutterstock_107643413-768x512.jpg 768w, https:\/\/granagroup.eu\/wp-content\/uploads\/2023\/12\/shutterstock_107643413-1536x1024.jpg 1536w, https:\/\/granagroup.eu\/wp-content\/uploads\/2023\/12\/shutterstock_107643413-2048x1365.jpg 2048w\" sizes=\"auto, (max-width: 2560px) 100vw, 2560px\" \/><\/div>\n<\/div>\n\n\n\n<div style=\"height:50px\" aria-hidden=\"true\" class=\"wp-block-spacer\"><\/div>\n\n\n\n<div class=\"wp-block-cloudweb-partnership\">\n<div class=\"wp-block-cloudweb-partnership-intro\">\n<h2 class=\"wp-block-heading\"><strong>Er\u0151s partner<\/strong><\/h2>\n\n\n\n<p>Min\u0151s\u00e9gi term\u00e9kek \u00e9s megb\u00edzhat\u00f3 szolg\u00e1ltat\u00e1s.<\/p>\n\n\n\n<p>Siker\u00fcnk kulcs\u00e1t a min\u0151s\u00e9gileg ellen\u0151rz\u00f6tt term\u00e9kek \u00e9s a pontos logisztikai szolg\u00e1ltat\u00e1sok alkotj\u00e1k. Sok\u00e9ves tapasztalatunknak, valamint a hat\u00e9kony \u00e9s sikeres gabonakereskedelemnek k\u00f6sz\u00f6nhet\u0151en optim\u00e1lis t\u00e1mogat\u00e1st ny\u00fajtunk az \u00fcgyfelek sz\u00e1m\u00e1ra. Szolg\u00e1ltat\u00e1saink k\u00f6vetkezetesen magas sz\u00ednvonal\u00e1t a k\u00fcl\u00f6nb\u00f6z\u0151 szinteken tev\u00e9kenyked\u0151 nemzetk\u00f6zi szem\u00e9lyzet tagjai, valamint a kereskedelem, a logisztika \u00e9s a min\u0151s\u00e9gbiztos\u00edt\u00e1s ter\u00fclet\u00e9n kell\u0151 szak\u00e9rtelemmel rendelkez\u0151 szakemberek biztos\u00edtj\u00e1k.<\/p>\n\n\n\n<div class=\"wp-block-button is-style-fill is-style-fill--1\"><a class=\"wp-block-button__link wp-element-button\" href=\"https:\/\/granagroup.eu\/en\/contact-2\/\">Contact us<\/a><\/div>\n<\/div>\n\n\n\n<div class=\"wp-block-cloudweb-partnership-boxes\">\n<div class=\"wp-block-cloudweb-partnership-box\"><div class=\"partnership-box-icon\"><img loading=\"lazy\" decoding=\"async\" width=\"52\" height=\"56\" class=\"wp-image-1936\" src=\"https:\/\/granagroup.eu\/wp-content\/uploads\/2023\/12\/people_grana.svg\" alt=\"\"\/><\/div><h3><a href=\"https:\/\/granagroup.eu\/en\/mitarbeitende\/\" data-type=\"page\" data-id=\"305\">Competent team<\/a><\/h3><p>Our team of experts is always there to help and support you.<\/p><\/div>\n\n\n\n<div class=\"wp-block-cloudweb-partnership-box\"><div class=\"partnership-box-icon\"><img loading=\"lazy\" decoding=\"async\" width=\"50\" height=\"50\" class=\"wp-image-1984\" src=\"https:\/\/granagroup.eu\/wp-content\/uploads\/2023\/12\/home_grana-2.svg\" alt=\"\"\/><\/div><h3><a href=\"https:\/\/granagroup.eu\/en\/standorte\/\" data-type=\"page\" data-id=\"306\">5 locations<\/a><\/h3><p>Our geographical presence enables efficient and effective services.<\/p><\/div>\n\n\n\n<div class=\"wp-block-cloudweb-partnership-box\"><div class=\"partnership-box-icon\"><img loading=\"lazy\" decoding=\"async\" width=\"52\" height=\"49\" class=\"wp-image-1919\" src=\"https:\/\/granagroup.eu\/wp-content\/uploads\/2023\/12\/signature_grana.svg\" alt=\"\"\/><\/div><h3>Certification<\/h3><p>Our certificates emphasise our commitment to quality and safety.<\/p><\/div>\n\n\n\n<div class=\"wp-block-cloudweb-partnership-box\"><div class=\"partnership-box-icon\"><img loading=\"lazy\" decoding=\"async\" width=\"52\" height=\"53\" class=\"wp-image-1944\" src=\"https:\/\/granagroup.eu\/wp-content\/uploads\/2023\/12\/star_grana.svg\" alt=\"\"\/><\/div><h3><a href=\"https:\/\/granagroup.eu\/en\/geschichte\/\" data-type=\"page\" data-id=\"304\">Innovation<\/a><\/h3><p>We have been promoting innovation and building sustainable partnerships since 1918.<\/p><\/div>\n<\/div>\n<\/div>\n\n\n\n<div class=\"wp-block-cloudweb-offer-boxes\"><div class=\"offer-boxes-title\"><h2>What we offer<\/h2><\/div><div class=\"offer-boxes\">\n<div class=\"wp-block-cloudweb-offer-box\"><div class=\"offer-box\"><img loading=\"lazy\" decoding=\"async\" src=\"https:\/\/granagroup.eu\/wp-content\/uploads\/2023\/12\/shutterstock_1218690271-620x1242.jpg\" alt=\"\" width=\"2560\" height=\"1704\"\/><div class=\"offer-box-content\">\n<h2 class=\"wp-block-heading\">Kereskedelem, hagyom\u00e1nyos m\u00f3don<\/h2>\n\n\n\n<p><strong><a href=\"https:\/\/granagroup.eu\/hu\/getreide\/\" data-type=\"page\" data-id=\"3471\">Gabona<\/a><\/strong><\/p>\n\n\n\n<p><strong><a href=\"https:\/\/granagroup.eu\/hu\/leguminosen\/\" data-type=\"page\" data-id=\"3473\">H\u00fcvelyesek<\/a><\/strong><\/p>\n\n\n\n<p><strong><a href=\"https:\/\/granagroup.eu\/hu\/oelsaaten-und-pflanzenoele\/\" data-type=\"page\" data-id=\"3475\">Olajos magvak \u00e9s n\u00f6v\u00e9nyi olajok<\/a><\/strong><\/p>\n\n\n\n<p><strong><a href=\"https:\/\/granagroup.eu\/hu\/futterproteine\/\" data-type=\"page\" data-id=\"3477\">Takarm\u00e1nyfeh\u00e9rj\u00e9k<\/a><\/strong><\/p>\n\n\n\n<p><strong><a href=\"https:\/\/granagroup.eu\/hu\/nebenprodukte\/\" data-type=\"page\" data-id=\"3478\">Mell\u00e9kterm\u00e9kek<\/a><\/strong><\/p>\n<\/div><\/div><\/div>\n\n\n\n<div class=\"wp-block-cloudweb-offer-box\"><div class=\"offer-box\"><img loading=\"lazy\" decoding=\"async\" src=\"https:\/\/granagroup.eu\/wp-content\/uploads\/2023\/11\/lebensmittel-620x1242.jpg\" alt=\"\" width=\"1080\" height=\"1863\"\/><div class=\"offer-box-content\">\n<h2 class=\"wp-block-heading\"><a href=\"https:\/\/granagroup.eu\/hu\/handel-bio\/\" data-type=\"page\" data-id=\"3479\">Bio kereskedelem<\/a><\/h2>\n<\/div><\/div><\/div>\n\n\n\n<div class=\"wp-block-cloudweb-offer-box\"><div class=\"offer-box\"><img loading=\"lazy\" decoding=\"async\" src=\"https:\/\/granagroup.eu\/wp-content\/uploads\/2023\/11\/lager-logistik-620x1242.jpg\" alt=\"\" width=\"1080\" height=\"1863\"\/><div class=\"offer-box-content\">\n<h2 class=\"wp-block-heading\"><a href=\"https:\/\/granagroup.eu\/hu\/logistik\/\" data-type=\"page\" data-id=\"3481\">Logisztika<\/a><\/h2>\n<\/div><\/div><\/div>\n<\/div><\/div>\n\n\n\n<h2 class=\"wp-block-heading\">Locations<\/h2>\n\n\n<div class=\"wp-block-cloudweb-standorte\">\n\t<div class=\"standorte\">\n\t\t<div class=\"standorte-title\">\n\t\t\t<h2><\/h2>\n\t\t<\/div>\n\t\t<div class=\"standorte-content\">\n\t\t\t<div class=\"standorte-map-wrapper\">\n\t\t\t\t<div class=\"standorte-map\">\n\t\t\t\t\t<img decoding=\"async\" class=\"standorte-map-img\" src=\"https:\/\/granagroup.eu\/wp-content\/uploads\/2023\/12\/karte_fe-standorte-Europa.png\"\n\t\t\t\t\t\t alt=\"\">\n\t\t\t\t<\/div>\n\t\t\t\t<div class=\"standorte-map-pins\">\n\t\t\t\t\t<div class=\"standorte-map-pin\" data-x=\"42.406445593\" data-y=\"71.8902169373\" data-id=\"0\"><i class=\"icon icon-pin\"><\/i><\/div><div class=\"standorte-map-pin\" data-x=\"49.0559770026\" data-y=\"71.7647540805\" data-id=\"1\"><i class=\"icon icon-pin\"><\/i><\/div><div class=\"standorte-map-pin\" data-x=\"51.0633827111\" data-y=\"60.8494855403\" data-id=\"2\"><i class=\"icon icon-pin\"><\/i><\/div><div class=\"standorte-map-pin\" data-x=\"58.7166169749\" data-y=\"67.1226283795\" data-id=\"3\"><i class=\"icon icon-pin\"><\/i><\/div><div class=\"standorte-map-pin\" data-x=\"66.4618461204\" data-y=\"75.3652255063\" data-id=\"4\"><i class=\"icon icon-pin\"><\/i><\/div>\t\t\t\t<\/div>\n\t\t\t<\/div>\n\t\t\t<div class=\"standorte-sidebar\">\n\t\t\t\t<div class=\"standorte-sidebar-item close\" data-id=\"0\"><div class=\"standorte-sidebar-item-title\"><h3>L\u00f6rrach<\/h3><\/div><div class=\"standorte-sidebar-item-content\"><p><strong>granaagro Deutschland GmbH<br><\/strong>Weiler Strasse 7<br>79540\u00a0L\u00f6rrach<br>Deutschland<\/p><div class=\"standorte-sidebar-item-content-footer\"><p><span>Tel.<\/span> <a href=\"tel:+4976215879020\" itemprop=\"telephone\" title=\"Call us\">+49 7621 587 9020<\/a><\/p><\/div><\/div><\/div><div class=\"standorte-sidebar-item close\" data-id=\"1\"><div class=\"standorte-sidebar-item-title\"><h3>Kiefersfelden<\/h3><\/div><div class=\"standorte-sidebar-item-content\"><p><strong>granaagro Deutschland GmbH<br><\/strong>Marmorwerkstrasse 60<br>83088 Kiefersfelden<br>Deutschland<\/p><div class=\"standorte-sidebar-item-content-footer\"><p><span>Tel.<\/span> <a href=\"tel:+4980333046620\" itemprop=\"telephone\" title=\"Call us\">+49 8033 304 6620<\/a><\/p><\/div><\/div><\/div><div class=\"standorte-sidebar-item close\" data-id=\"2\"><div class=\"standorte-sidebar-item-title\"><h3>Berlin<\/h3><\/div><div class=\"standorte-sidebar-item-content\"><p><strong>granaagro Deutschland GmbH<br><\/strong>Alte Jakobstrasse 85\/86<br>10179 Berlin<br>Deutschland<\/p><div class=\"standorte-sidebar-item-content-footer\"><p><span>Tel.<\/span> <a href=\"tel:+4930300109800\u00a0\" itemprop=\"telephone\" title=\"Call us\">+49 3030 010 9800\u00a0<\/a><\/p><\/div><\/div><\/div><div class=\"standorte-sidebar-item close\" data-id=\"3\"><div class=\"standorte-sidebar-item-title\"><h3>Olomouc<\/h3><\/div><div class=\"standorte-sidebar-item-content\"><p><strong>granaagro Czechia s.r.o.<br><\/strong>Jungmannova 802<br>Hodolany<br>779 00 Olomouc<br>Tschechische Republik<\/p><div class=\"standorte-sidebar-item-content-footer\"><p><span>Tel.<\/span> <a href=\"tel:+420585757100\" itemprop=\"telephone\" title=\"Call us\">+42 0585 757 100<\/a><\/p><\/div><\/div><\/div><div class=\"standorte-sidebar-item close\" data-id=\"4\"><div class=\"standorte-sidebar-item-title\"><h3>Giroc<\/h3><\/div><div class=\"standorte-sidebar-item-content\"><p><strong>granaagro Danubia s.r.l.<br><\/strong>Strada arge\u015fului no. 14\/1<br>307220 Giroc<br>Rum\u00e4nien<\/p><div class=\"standorte-sidebar-item-content-footer\"><p><span>Tel.<\/span> <a href=\"tel:+40729056114\" itemprop=\"telephone\" title=\"Call us\">+40 729 056 114<\/a><\/p><\/div><\/div><\/div>\t\t\t<\/div>\n\t\t<\/div>\n\t<\/div>\n<\/div>\n","protected":false},"excerpt":{"rendered":"<p>Locations<\/p>\n","protected":false},"author":2,"featured_media":0,"parent":0,"menu_order":0,"comment_status":"closed","ping_status":"closed","template":"","meta":{"_acf_changed":false,"inline_featured_image":false,"_genesis_hide_title":false,"_genesis_hide_breadcrumbs":false,"_genesis_hide_singular_image":false,"_genesis_hide_footer_widgets":false,"_genesis_custom_body_class":"","_genesis_custom_post_class":"","_genesis_layout":"","footnotes":""},"class_list":{"0":"post-3535","1":"page","2":"type-page","3":"status-publish","5":"entry"},"acf":[],"_links":{"self":[{"href":"https:\/\/granagroup.eu\/hu\/wp-json\/wp\/v2\/pages\/3535","targetHints":{"allow":["GET"]}}],"collection":[{"href":"https:\/\/granagroup.eu\/hu\/wp-json\/wp\/v2\/pages"}],"about":[{"href":"https:\/\/granagroup.eu\/hu\/wp-json\/wp\/v2\/types\/page"}],"author":[{"embeddable":true,"href":"https:\/\/granagroup.eu\/hu\/wp-json\/wp\/v2\/users\/2"}],"replies":[{"embeddable":true,"href":"https:\/\/granagroup.eu\/hu\/wp-json\/wp\/v2\/comments?post=3535"}],"version-history":[{"count":0,"href":"https:\/\/granagroup.eu\/hu\/wp-json\/wp\/v2\/pages\/3535\/revisions"}],"wp:attachment":[{"href":"https:\/\/granagroup.eu\/hu\/wp-json\/wp\/v2\/media?parent=3535"}],"curies":[{"name":"wp","href":"https:\/\/api.w.org\/{rel}","templated":true}]}}