{"id":3491,"date":"2023-12-22T08:15:44","date_gmt":"2023-12-22T07:15:44","guid":{"rendered":"https:\/\/granagroup.eu\/futterproteine\/"},"modified":"2025-10-24T15:18:40","modified_gmt":"2025-10-24T14:18:40","slug":"futterproteine","status":"publish","type":"page","link":"https:\/\/granagroup.eu\/it\/futterproteine\/","title":{"rendered":"Proteine adatte all\u2019alimentazione animale"},"content":{"rendered":"\n<p>Nel commercio di proteine utilizzate nei mangimi, granaagro punta su una rete europea e internazionale. Acquistiamo merce di alta qualit\u00e0 il pi\u00f9 possibile vicina al produttore per evitare catene di approvvigionamento lunghe e per influire il pi\u00f9 possibile sulla qualit\u00e0 e sulla sostenibilit\u00e0 dei prodotti.<strong><\/strong><\/p>\n\n\n\n<p>I nostri principali prodotti commercializzati sono la farina di soia (OGM e NO OGM), la farina di colza e la farina di girasole.<\/p>\n\n\n\n<hr class=\"wp-block-separator has-alpha-channel-opacity is-style-dots\"\/>\n\n\n\n<h3 class=\"wp-block-heading\"><strong>I vostri contatti per il commercio<\/strong><\/h3>\n\n\n\n<div style=\"height:10px\" aria-hidden=\"true\" class=\"wp-block-spacer\"><\/div>\n\n\n\n<div class=\"wp-block-columns\">\n<div class=\"wp-block-column\">\n<div class=\"wp-block-cloudweb-person-card is-style-with-languages wp-block-cloudweb-person-card-dynamic\">\n\t<div class=\"person-card-info\">\n\t\t<div class=\"person-card-image\">\n\t\t\t<img decoding=\"async\" src=\"https:\/\/granagroup.eu\/wp-content\/uploads\/2023\/12\/Saboureault_Alexandre_GRANA_2022.jpg\" alt=\"\" width=\"800\" height=\"800\" loading=\"lazy\" \/>\t\t<\/div>\n\t\t<div class=\"person-card-details\">\n\t\t\t<h2 class=\"person-card-name\">Alexandre Saboureault<\/h2>\n\t\t\t<p class=\"person-card-detail\">Trader<\/p><\/div>\n\t<\/div>\n\t<div class=\"person-card-contact\">\n\t\t\t\t\t<p class=\"person-card-phone\">\n\t\t\t\t<a href=\"tel:+4976215879029\" itemprop=\"telephone\" title=\"Call us\">+49 7621 587 90 29<\/a>\t\t\t<\/p>\n\t\t\t\t\t\t\t\t\t\t\t\t\t\t<p class=\"person-card-mobile\">\n\t\t\t\t\t<a href=\"tel:+491706742574\" itemprop=\"telephone\" title=\"Call us\">+49 170 674 25 74<\/a>\t\t\t\t<\/p>\n\t\t\t\t\t\t\t\t\t\t<p class=\"person-card-mail\">\n\t\t\t\t<a href=\"mailto:&#97;&#108;ex&#97;&#110;%64r&#101;&#46;%73&#97;&#98;o%75re&#97;u%6ct%40%67%72a&#110;a%67r&#111;&#117;&#112;.&#101;%75\" title=\"Email us\" itemprop=\"email\">al&#101;xand&#114;e&#46;s&#97;b&#111;&#117;reau&#108;t&#64;&#103;&#114;a&#110;ag&#114;&#111;&#117;p&#46;e&#117;<\/a>\t\t\t<\/p>\n\t\t\n\t<\/div>\n\t\t\t<div class=\"person-card-languages\">\n\t\t\t<span>Languages<\/span>\n\t\t\t<ul class=\"languages-list\">\n\t\t\t\t\t\t\t\t\t<li><i class=\"icon-lang icon-lang-fr\"><\/i><\/li>\n\t\t\t\t\t\t\t\t\t<li><i class=\"icon-lang icon-lang-en\"><\/i><\/li>\n\t\t\t\t\t\t\t\t\t<li><i class=\"icon-lang icon-lang-it\"><\/i><\/li>\n\t\t\t\t\t\t\t<\/ul>\n\t\t<\/div>\n\t<\/div>\n<\/div>\n\n\n\n<div class=\"wp-block-column\"><\/div>\n\n\n\n<div class=\"wp-block-column\"><\/div>\n<\/div>\n","protected":false},"excerpt":{"rendered":"<p>Nel commercio di proteine utilizzate nei mangimi, granaagro punta su una rete europea e internazionale. Acquistiamo merce di alta qualit\u00e0 il pi\u00f9 possibile vicina al produttore per evitare catene di approvvigionamento lunghe e per influire il pi\u00f9 possibile sulla qualit\u00e0 e sulla sostenibilit\u00e0 dei prodotti. I nostri principali prodotti commercializzati sono la farina di soia [&hellip;]<\/p>\n","protected":false},"author":5,"featured_media":0,"parent":0,"menu_order":0,"comment_status":"closed","ping_status":"closed","template":"","meta":{"_acf_changed":false,"inline_featured_image":false,"_genesis_hide_title":false,"_genesis_hide_breadcrumbs":false,"_genesis_hide_singular_image":false,"_genesis_hide_footer_widgets":false,"_genesis_custom_body_class":"","_genesis_custom_post_class":"","_genesis_layout":"","footnotes":""},"class_list":{"0":"post-3491","1":"page","2":"type-page","3":"status-publish","5":"entry"},"acf":[],"_links":{"self":[{"href":"https:\/\/granagroup.eu\/it\/wp-json\/wp\/v2\/pages\/3491","targetHints":{"allow":["GET"]}}],"collection":[{"href":"https:\/\/granagroup.eu\/it\/wp-json\/wp\/v2\/pages"}],"about":[{"href":"https:\/\/granagroup.eu\/it\/wp-json\/wp\/v2\/types\/page"}],"author":[{"embeddable":true,"href":"https:\/\/granagroup.eu\/it\/wp-json\/wp\/v2\/users\/5"}],"replies":[{"embeddable":true,"href":"https:\/\/granagroup.eu\/it\/wp-json\/wp\/v2\/comments?post=3491"}],"version-history":[{"count":0,"href":"https:\/\/granagroup.eu\/it\/wp-json\/wp\/v2\/pages\/3491\/revisions"}],"wp:attachment":[{"href":"https:\/\/granagroup.eu\/it\/wp-json\/wp\/v2\/media?parent=3491"}],"curies":[{"name":"wp","href":"https:\/\/api.w.org\/{rel}","templated":true}]}}