{"id":2568,"date":"2023-12-06T13:02:59","date_gmt":"2023-12-06T12:02:59","guid":{"rendered":"https:\/\/granagroup.wpenginepowered.com\/?page_id=2568"},"modified":"2024-01-31T10:24:50","modified_gmt":"2024-01-31T09:24:50","slug":"declaratie-de-confidentialitate","status":"publish","type":"page","link":"https:\/\/granagroup.eu\/ro\/declaratie-de-confidentialitate\/","title":{"rendered":"Declara\u021bie de confiden\u021bialitate"},"content":{"rendered":"\n<p>Subscrisa, fenaco, Erlachstrasse 5 3001 Berna (numit\u0103 \u00een continuare \u201enoi, al\/a nostru\/noastr\u0103\u201d), lu\u0103m foarte \u00een serios protec\u0163ia datelor dumneavoastr\u0103 cu caracter personal \u015fi respect\u0103m cu stricte\u021be toate legile \u0219i reglement\u0103rile aplicabile privind protec\u021bia datelor, \u00een special Regulamentul general privind protec\u021bia datelor (RGPD), Legea federal\u0103 privind protec\u021bia datelor cu caracter personal (BDSG) \u0219i Legea german\u0103 privind telemedia (Telemediengesetz \u2013 TMG). Urm\u0103toarele explica\u021bii v\u0103 ofer\u0103 o prezentare general\u0103 a modului \u00een care asigur\u0103m aceast\u0103 protec\u021bie \u0219i ce date prelucr\u0103m \u00een ce scop.<\/p>\n\n\n\n<h4 class=\"wp-block-heading\">1. RESPONSABIL \u00ceN CONFORMITATE CU RGPD<\/h4>\n\n\n\n<p>fenaco cooperative<br>Grain, Oilseeds, Feedstuffs<br>Sustainability and communication<br>Theaterstrasse 15a<br>CH-8401 Winterthur<br>Tel. +41 (0)58 433\u00a064 65<br>Fax +41 (0)58 433 64 66<br><a href=\"mailto:info.gof@fenaco.com\">info.gof@fenaco.com<\/a><\/p>\n\n\n\n<h4 class=\"wp-block-heading\">2. DATE DE UTILIZARE<\/h4>\n\n\n\n<p>La fiecare accesare a paginii noastre web \u0219i la fiecare apelare a unui fi\u0219ier, datele generale sunt salvate \u00een mod automat prin intermediul acestui proces \u00eentr-un fi\u0219ier proces-verbal. Salvarea serve\u0219te exclusiv \u00een scopuri legate de sistem \u0219i statistice (\u00een baza art. 6, alin. 1 lit. b) din RGPD), precum \u0219i \u00een cazuri excep\u021bionale, pentru afi\u0219area infrac\u021biunilor (pe baza art. 6 alin. 1 lit. e) din RGPD).<\/p>\n\n\n\n<p>Nu are loc transmiterea datelor c\u0103tre ter\u021be p\u0103r\u021bi sau orice alt\u0103 evaluare, cu excep\u021bia cazului \u00een care exist\u0103 o obliga\u021bie legal\u0103 \u00een acest scop (art. 6 alin. 1 lit. e) din RGPD).<\/p>\n\n\n\n<p>\u00cen detaliu, salvarea are loc prin fiecare apelare a urm\u0103torului set de date:<\/p>\n\n\n\n<ul class=\"wp-block-list\">\n<li>numele furnizorului dumneavoastr\u0103 de servicii de internet<\/li>\n\n\n\n<li>adresa IP sau adresa IP a serverului dumneavoastr\u0103 proxy,<\/li>\n\n\n\n<li>versiunea software-ului browserului dumneavoastr\u0103,<\/li>\n\n\n\n<li>sistemul de operare al computerului dumneavoastr\u0103,<\/li>\n\n\n\n<li>pagina web de pe care ne vizita\u021bi,<\/li>\n\n\n\n<li>paginile web, pe care le vizita\u021bi la noi,<\/li>\n\n\n\n<li>cuvinte cheie pe care le pute\u021bi utiliza la noi, resp. pe care le-a\u021bi folosit pentru a g\u0103si pagina noastr\u0103 web<\/li>\n<\/ul>\n\n\n\n<h4 class=\"wp-block-heading\">3. DATE CU CARACTER PERSONAL<\/h4>\n\n\n\n<p>Datele cu caracter personal vor fi prelucrate de noi numai dac\u0103 acest lucru este permis prin lege sau dac\u0103 ne-a\u021bi dat acordul dumneavoastr\u0103 \u00een acest sens.<\/p>\n\n\n\n<p>\u00cen detaliu:<\/p>\n\n\n\n<p><strong>A. CONTACT:<\/strong><\/p>\n\n\n\n<p>Dac\u0103 lua\u021bi leg\u0103tura cu noi, v\u0103 salv\u0103m datele pe baza art. 6 alin. 1 lit. b) din RGPD \u00een scopul prelucr\u0103rii solicit\u0103rii dumneavoastr\u0103, precum \u0219i \u00een cazul \u00een care ar trebui s\u0103 aib\u0103 loc o coresponden\u021b\u0103 ulterioar\u0103.<\/p>\n\n\n\n<p><strong>B. \u00ceNREGISTRARE:<\/strong><\/p>\n\n\n\n<p>Ave\u021bi posibilitatea de a crea un profil propriu.<\/p>\n\n\n\n<p>\u00cen acest scop, avem nevoie de informa\u021bii diferite de la dumneavoastr\u0103, cum ar fi: numele \u0219i prenumele, adresa, adresa de e-mail. \u00cen plus, vi se va solicita s\u0103 introduce\u021bi un nume de utilizator \u0219i s\u0103 configura\u021bi o parol\u0103 pentru securizarea contului.<\/p>\n\n\n\n<p>\u0218i \u00een acest caz, \u00een vederea verific\u0103rii de c\u0103tre noi, ve\u021bi primi un e-mail la adresa de e-mail furnizat\u0103 de c\u0103tre dumneavoastr\u0103, \u00een care trebuie s\u0103 face\u021bi clic pe un link de confirmare.<\/p>\n\n\n\n<p>Datele dumneavoastr\u0103 vor fi utilizate de c\u0103tre noi numai \u00een scopul administr\u0103rii profilului dumneavoastr\u0103 \u0219i, dac\u0103 este necesar, pentru stabilirea unui contact asociat \u00eenregistr\u0103rii dumneavoastr\u0103.<\/p>\n\n\n\n<p>Profilul dumneavoastr\u0103 v\u0103 ofer\u0103, de asemenea, posibilitatea de a v\u0103 completa sau actualiza datele \u00een orice moment.<\/p>\n\n\n\n<p>Baza legal\u0103 pentru aceast\u0103 prelucrare a datelor o reprezint\u0103 art. 6 alin. 1 lit. b) din RGPD, resp. cu consim\u021b\u0103m\u00e2ntul dumneavoastr\u0103 \u0219i, astfel, la finalul \u00eenregistr\u0103rii potrivit art. 6 alin. 1 lit. a) din RGPD.<\/p>\n\n\n\n<h4 class=\"wp-block-heading\">4. COOKIE-URI<\/h4>\n\n\n\n<p>Folosim a\u0219a-numitele cookie-uri \u00een anumite domenii ale paginii noastre web. Astfel de elemente de fi\u0219ier v\u0103 pot identifica computerul ca unitate tehnic\u0103 \u00een timpul vizitei dumneavoastr\u0103 pe aceast\u0103 pagin\u0103 web, pentru a v\u0103 ajuta \u00een vederea utiliz\u0103rii ofertei noastre, inclusiv \u00een cazul vizitelor repetate.<\/p>\n\n\n\n<p>Cu toate acestea, de obicei, ave\u021bi posibilitatea de a seta browserul dumneavoastr\u0103 de internet, astfel \u00eenc\u00e2t s\u0103 fi\u021bi informat cu privire la apari\u021bia cookie-urilor, pentru a le accepta sau respinge sau pentru a putea \u0219terge cookie-urile deja existente.<\/p>\n\n\n\n<p>V\u0103 rug\u0103m s\u0103 utiliza\u021bi func\u021bia de ajutor a browserului dumneavoastr\u0103 de internet pentru a ob\u021bine informa\u021bii despre modificarea acestor set\u0103ri. Re\u021bine\u021bi c\u0103 func\u021biile individuale ale paginii noastre web ar putea s\u0103 nu func\u021bioneze dac\u0103 a\u021bi dezactivat utilizarea cookie-urilor.<\/p>\n\n\n\n<p>Cookie-urile nu permit unui server s\u0103 citeasc\u0103 datele private de pe computerul dumneavoastr\u0103 sau date stocate de un alt server. Acestea nu d\u0103uneaz\u0103 computerului dumneavoastr\u0103 \u0219i nu con\u021bin viru\u0219i.<\/p>\n\n\n\n<p>Sus\u021binem utilizarea cookie-urilor conform art. 6 alin. 1 lit. f) din RGPD: prelucrarea este efectuat\u0103 pentru a \u00eembun\u0103t\u0103\u021bi func\u021bionarea paginii noastre web. De aceea, este necesar s\u0103 ne protej\u0103m interesele legitime.<\/p>\n\n\n\n<h4 class=\"wp-block-heading\">5. GOOGLE ANALYTICS<\/h4>\n\n\n\n<p>Folosim Google Analytics, un serviciu de analiz\u0103 web apar\u021bin\u00e2nd Google Inc., 1600 Amphitheatre Parkway, Mountain View, CA 94043, SUA. Google Analytics folose\u0219te a\u0219a-numitele \u201ecookie-uri\u201d, fi\u0219iere text stocate \u00een computerul dumneavoastr\u0103 \u0219i care permit o analiz\u0103 a felului \u00een care folosi\u021bi pagina web. Informa\u021biile generate de cookie-uri cu privire la utilizarea acestei pagini web sunt de obicei transmise \u0219i salvate pe un server Google din SUA. \u00cen cazul activ\u0103rii anonimiz\u0103rii IP pe aceast\u0103 pagin\u0103 web, adresa dumneavoastr\u0103 IP este scurtat\u0103 \u00eenc\u0103 de la \u00eenceput de Google, pe teritoriul statelor membre ale Uniunii Europene sau \u00een cel al altor state parte a Acordului referitor la Spa\u021biul economic european. Doar \u00een cazuri excep\u021bionale va fi transmis\u0103 \u00eentreaga adres\u0103 IP c\u0103tre un server Google din SUA, urm\u00e2nd ca scurtarea s\u0103 aib\u0103 loc acolo. La solicitarea noastr\u0103, Google va folosi aceste informa\u021bii pentru a evalua felul \u00een care utiliza\u021bi pagina web, pentru a compila rapoarte despre activit\u0103\u021bile desf\u0103\u0219urate pe pagina web \u0219i pentru a furniza alte servicii cu privire la folosirea paginilor web \u0219i a internetului. Adresa de IP transmis\u0103 din browserul dumneavoastr\u0103, \u00een cadrul Google Analytics, nu va fi amestecat\u0103 cu alte date de\u021binute de Google. Pute\u021bi \u00eempiedica stocarea cookie-urilor printr-o setare a extensiei din browserul dumneavoastr\u0103; ave\u021bi totu\u0219i \u00een vedere faptul c\u0103 \u00eentr-un asemenea caz este posibil s\u0103 nu pute\u021bi utiliza toate func\u021biile acestei pagini web. \u00cen plus, pute\u021bi \u00eempiedica \u00eenregistrarea de c\u0103tre Google a datelor generate de cookie-uri \u0219i legate de utilizarea de c\u0103tre dumneavoastr\u0103 a paginii web (inclusiv adresa dumneavoastr\u0103 IP), precum \u0219i prelucrarea acestor date de c\u0103tre Google, utiliz\u00e2nd linkul de mai jos (http:\/\/tools.google.com\/dlpage\/gaoptout?hl=de) pentru a desc\u0103rca \u0219i instala plugin-ul browserului disponibil. (http:\/\/tools.google.com\/dlpage\/gaoptout?hl=de) verf\u00fcgbare Browser-Plugin herunterladen und installieren.<\/p>\n\n\n\n<p>Re\u021bine\u021bi c\u0103 Google Analytics a fost extins pe aceast\u0103 pagin\u0103 web cu codul \u201egat._anonymizeIp();\u201d pentru a asigura \u00eenregistrarea anonim\u0103 a adreselor IP (a\u0219a-numita mascare IP).<\/p>\n\n\n\n<p>\u00cen plus, pute\u021bi preveni \u00eenregistrarea Google Analytics f\u0103c\u00e2nd clic pe urm\u0103torul link. Se va seta un cookie Opt-Out care \u00eempiedic\u0103 \u00eenregistrarea ulterioar\u0103 a datelor dumneavoastr\u0103 \u00een cazul vizit\u0103rii acestei pagini web. Aceast\u0103 procedur\u0103 este recomandat\u0103 \u00een mod special atunci c\u00e2nd accesa\u021bi pagina noastr\u0103 prin intermediul dispozitivelor mobile.<\/p>\n\n\n\n<p>Informa\u021bii suplimentare privind condi\u021biile de utilizare \u0219i protec\u021bia datelor g\u0103si\u021bi la www.google.com\/analytics\/terms\/de.html, resp. la www.google.com\/intl\/de\/analytics\/privacyoverview.html.<\/p>\n\n\n\n<p>Sus\u021binem utilizarea instrumentului de analiz\u0103 men\u021bionat anterior la art. 6 alin. 1 lit. f) din RGPD: prelucrarea are loc \u00een vederea analizei comportamentului utilizatorilor \u0219i, prin urmare, este necesar\u0103 protejarea intereselor noastre legitime.<\/p>\n\n\n\n<h4 class=\"wp-block-heading\">6. LEADRECORD<\/h4>\n\n\n\n<p>\u00cen scopuri de marketing \u0219i optimizare, pe aceast\u0103 pagin\u0103 web este furnizat un serviciu (web-tracking) al MovePeople GmbH, Aargauerstrasse 250, CH-8048 Z\u00fcrich, e-mail: info(a)movepeople.ch, tel.: tel. +41 44 542 33 55, www.movepeople.ch. Serviciul este operat de MovePeople GmbH sub numele \u201eLeadRecord\u201d (www.leadrecord.com).<\/p>\n\n\n\n<p>\u00cen timpul vizitei dumneavoastr\u0103 sunt colectate, prelucrate \u0219i stocate date (adresa IP, ora \u0219i data vizitei dumneavoastr\u0103, durata vizitei, paginile vizitate, \u021bara, codul po\u0219tal, localitatea, latitudinea, longitudinea, numele furnizorului de servicii de internet, domeniul, precum \u0219i adresa paginii web de pe care a\u021bi ajuns pe pagina noastr\u0103 web f\u0103c\u00e2nd clic pe un link). Datele colectate, care pot con\u021bine \u0219i date cu caracter personal, sunt stocate pe serverele MovePeople GmbH (loca\u021biile serverului: Elve\u021bia, Austria, Germania).<\/p>\n\n\n\n<p>MovePeople poate utiliza informa\u021biile furnizate de vizitele pe paginile web pentru a crea profiluri de utilizare anonimizate. Adresele IP colectate sunt anonimizate dup\u0103 colectare prin \u0219tergerea ultimului bloc de numere.<\/p>\n\n\n\n<p>Colectarea, prelucrarea \u0219i stocarea datelor pot fi contestate \u00een orice moment cu efect \u00een viitor. Pute\u021bi renun\u021ba la urm\u0103rirea web LeadRecord f\u0103c\u00e2nd clic pe urm\u0103torul link https:\/\/app.leadrecord.com\/de\/ip-opt-out.<\/p>\n\n\n\n<p>Dac\u0103 ave\u021bi \u00eentreb\u0103ri cu privire la datele dumneavoastr\u0103 deja colectate, v\u0103 rug\u0103m s\u0103 contacta\u021bi direct MovePeople GmbH.<\/p>\n\n\n\n<p>Re\u021bine\u021bi c\u0103 datele pot fi accesibile ter\u021bilor neautoriza\u021bi din \u021bar\u0103 sau str\u0103in\u0103tate \u00een cazul transmiterii pe internet. Pentru protec\u021bie, se aplic\u0103 m\u0103suri adecvate pentru a asigura o transmitere sigur\u0103 a datelor, f\u0103r\u0103 a se asuma responsabilitatea sau r\u0103spunderea.<\/p>\n\n\n\n<p>Informa\u021bii suplimentare privind protec\u021bia datelor g\u0103si\u021bi la http:\/\/www.leadrecord.com\/datenschutz\/. Dac\u0103 ave\u021bi \u00eentreb\u0103ri sau preocup\u0103ri legate de prelucrarea datelor dumneavoastr\u0103 cu caracter personal, ne pute\u021bi contacta dup\u0103 cum urmeaz\u0103:\u00a0<a href=\"mailto:info.gof@fenaco.com.\">info.gof@fenaco.com<\/a>.<\/p>\n\n\n\n<p>Sus\u021binem utilizarea instrumentului men\u021bionat anterior la art. 6 alin. 1 lit. f) din RGPD: prelucrarea are loc \u00een scopuri de marketing \u0219i optimizare \u0219i, prin urmare, este necesar\u0103 protejarea intereselor noastre legitime.<\/p>\n\n\n\n<h4 class=\"wp-block-heading\">7. AUMAGO DISCOVER<\/h4>\n\n\n\n<p>Colabor\u0103m cu Aumago GmbH, un furnizor de servicii de analiz\u0103 web \u0219i marketing pentru grupuri-\u021bint\u0103. Aumago utilizeaz\u0103 a\u0219a-numitele cookie-uri, un fi\u0219ier text stocat \u00een browserul computerului \u0219i colecteaz\u0103\/con\u021bine date de utilizare anonime. Din aceste date pot fi create profiluri de utilizatori sub un pseudonim. Cu toate acestea, nu sunt colectate informa\u021bii cu caracter personal. \u00cen ceea ce prive\u0219te colectarea adreselor IP, acestea sunt stocate \u00een mod anonimizat prin \u0219tergerea ultimului bloc de numere \u0219i nu prin fuzionarea cu cookie-uri. \u00cen cazul cookie-urilor este vorba fie despre cookie-uri Aumago sau cookie-uri de la furnizorii de servicii care folosesc Aumago, cum ar fi krux digital Inc., Google Inc. etc. Utilizatorul poate \u0219terge cookie-urile \u00een orice moment direct din browserul s\u0103u. Aumago utilizeaz\u0103 aceste date pentru a evalua utilizarea paginii web de c\u0103tre vizitatori \u0219i \u00een scopul publicit\u0103\u021bii online bazate pe utilizare (OBA). Sus\u021binem utilizarea instrumentului men\u021bionat anterior la art. 6 alin. 1 lit. f) din RGPD: prelucrarea are loc \u00een scopuri publicitare \u0219i, prin urmare, este necesar\u0103 protejarea intereselor noastre legitime.<\/p>\n\n\n\n<h4 class=\"wp-block-heading\">8. DURATA STOC\u0102RII<\/h4>\n\n\n\n<p>Datele dumneavoastr\u0103 cu caracter personal sunt stocate pe durata respectivei perioade de stocare legale \u0219i ulterior vor fi \u0219terse \u00een mod sistematic, cu excep\u021bia cazului \u00een care datele dumneavoastr\u0103 cu caracter personal sunt \u00eenc\u0103 necesare pentru atingerea respectivului scop al stoc\u0103rii (de ex. pentru \u00eendeplinirea contractul sau pentru ini\u021bierea unui contract). Cel mai t\u00e2rziu dup\u0103 trecerea a 3 ani verific\u0103m dac\u0103 datele dumneavoastr\u0103 sunt \u00eenc\u0103 necesare \u0219i dac\u0103 exist\u0103 cerin\u021be legale de p\u0103strare care se opun \u0219tergerii.<\/p>\n\n\n\n<h4 class=\"wp-block-heading\">9. DREPTURILE PERSOANELOR VIZATE<\/h4>\n\n\n\n<p><strong>A. DREPTUL LA INFORMARE:<\/strong><\/p>\n\n\n\n<p>Ave\u021bi dreptul s\u0103 ne solicita\u021bi confirmarea dac\u0103 sunt prelucrate date cu caracter personal care v\u0103 privesc.<\/p>\n\n\n\n<p>V\u0103 rug\u0103m s\u0103 ne trimite\u021bi \u00een acest scop un e-mail la\u00a0<a href=\"mailto:info.gof@fenaco.com.\">info.gof@fenaco.com<\/a>.<\/p>\n\n\n\n<p><strong>B. RECTIFICAREA\/\u0218TERGEREA\/RESTRIC\u021aIONAREA PRELUCR\u0102RII:<\/strong><\/p>\n\n\n\n<p>\u00cen plus, ave\u021bi dreptul de a ne solicita \u2022 rectificarea imediat\u0103 a datelor cu caracter personal incorecte, care se refer\u0103 la dumneavoastr\u0103 (dreptul la rectificare); \u2022 \u0219tergerea imediat\u0103 a datelor cu caracter personal care se refer\u0103 la dumneavoastr\u0103 (dreptul la \u0219tergere) \u0219i \u2022 restric\u021bionarea prelucr\u0103rii (dreptul la restric\u021bionarea prelucr\u0103rii).<\/p>\n\n\n\n<p>V\u0103 rug\u0103m s\u0103 ne trimite\u021bi \u00een acest scop un e-mail la\u00a0<a href=\"mailto:info.gof@fenaco.com.\">info.gof@fenaco.com<\/a>.<\/p>\n\n\n\n<p><strong>C. DREPTUL LA PORTABILITATEA DATELOR:<\/strong><\/p>\n\n\n\n<p>Ave\u021bi dreptul s\u0103 ob\u021bine\u021bi datele dumneavoastr\u0103 cu caracter personal pe care ni le-a\u021bi pus la dispozi\u021bie, \u00eentr-un format structurat, accesibil \u0219i care s\u0103 poat\u0103 fi citit cu ajutorul dispozitivelor electronice, sau s\u0103 solicita\u021bi transmiterea acestor date c\u0103tre alt responsabil.<\/p>\n\n\n\n<p>V\u0103 rug\u0103m s\u0103 ne trimite\u021bi \u00een acest scop un e-mail la\u00a0<a href=\"mailto:info.gof@fenaco.com.\">info.gof@fenaco.com<\/a>.<\/p>\n\n\n\n<p><strong>D. DREPTUL LA REVOCARE:<\/strong><\/p>\n\n\n\n<p>Ave\u021bi dreptul s\u0103 revoca\u021bi \u00een orice moment consim\u021b\u0103m\u00e2ntul exprimat. Revocarea consim\u021b\u0103m\u00e2ntului nu afecteaz\u0103 legalitatea prelucr\u0103rii efectuate pe baza consim\u021b\u0103m\u00e2ntului exprimat p\u00e2n\u0103 la revocare.<\/p>\n\n\n\n<p>V\u0103 rug\u0103m s\u0103 ne trimite\u021bi \u00een acest scop un e-mail la&nbsp;<a href=\"mailto:datenschutz@fenaco.com\">datenschutz@fenaco.com<\/a>.<\/p>\n\n\n\n<p><strong>E. DREPTUL LA OBIEC\u021aIE:<\/strong><\/p>\n\n\n\n<p>Dac\u0103 prelucrarea datelor cu caracter personal care v\u0103 privesc este necesar\u0103 pentru \u00eendeplinirea unei sarcini de interes public (art. 6 alin. 1 lit. e) din RGPD) sau pentru protejarea intereselor noastre legitime (art. 6 alin. 1 lit. f) din RGPD), ave\u021bi dreptul la obiec\u021bie.<\/p>\n\n\n\n<p>V\u0103 rug\u0103m s\u0103 ne trimite\u021bi \u00een acest scop un e-mail la\u00a0<a href=\"mailto:info.gof@fenaco.com.\">info.gof@fenaco.com<\/a>.<\/p>\n\n\n\n<p><strong>F. DREPTUL LA RECLAMA\u021aIE:<\/strong><\/p>\n\n\n\n<p>Dac\u0103 sunte\u021bi de p\u0103rere c\u0103 prelucrarea datelor cu caracter personal referitoare la dumneavoastr\u0103 contravine RGPD, ave\u021bi dreptul s\u0103 depune\u021bi o reclama\u021bie la o autoritate de supraveghere, f\u0103r\u0103 a aduce atingere altor c\u0103i de atac.<\/p>\n\n\n\n<h4 class=\"wp-block-heading\">10. RESPONSABILUL NOSTRU CU PROTEC\u021aIA DATELOR<\/h4>\n\n\n\n<p><strong>fenaco Genossenschaft<\/strong><br>Responsabil cu protec\u021bia datelor<br>Allee 1a<br>CH-6210 Sursee<br><a href=\"mailto:datenschutz@fenaco.com\">datenschutz@fenaco.com<\/a><\/p>\n\n\n\n<h4 class=\"wp-block-heading\">11. SIGURAN\u0162\u0102<\/h4>\n\n\n\n<p>Pentru siguran\u021ba datelor dumneavoastr\u0103 folosim cele mai moderne tehnologii de internet. \u00cen timpul procesului de solicitare online, informa\u021biile dumneavoastr\u0103 sunt securizate prin criptare SSL. Pentru stocarea \u00een siguran\u021b\u0103 a datelor, sistemele noastre sunt protejate de firewall-uri care \u00eempiedic\u0103 accesul neautorizat din exterior.<\/p>\n\n\n\n<p>\u00cen plus, folosim m\u0103suri de securitate tehnice \u0219i organizatorice pentru a proteja datele dumneavoastr\u0103 cu caracter personal pe care ni le-a\u021bi pus la dispozi\u021bie \u00eempotriva manipul\u0103rii, pierderii, distrugerii sau acces\u0103rii de c\u0103tre persoane neautorizate. Partenerii no\u0219tri contractuali, care primesc acces la datele dumneavoastr\u0103 pentru a v\u0103 oferi servicii \u00een numele nostru, sunt obliga\u021bi contractual s\u0103 asigure protec\u021bia \u0219i s\u0103 p\u0103streze confiden\u021bialitatea datelor.<\/p>\n\n\n\n<h4 class=\"wp-block-heading\">12. DREPT DE EFECTUARE A MODIFIC\u0102RILOR REZERVAT<\/h4>\n\n\n\n<p>Ne rezerv\u0103m dreptul de a ajusta ocazional aceast\u0103 declara\u021bie de protec\u021bie a datelor pentru ca aceasta s\u0103 corespund\u0103 cerin\u021belor legale actuale sau pentru a implementa \u00een declara\u021bia de protec\u021bie a datelor modific\u0103rile aduse serviciilor noastre, de ex. la introducerea de noi servicii. Pentru noua dumneavoastr\u0103 vizit\u0103 se aplic\u0103 noua declara\u021bie privind protec\u021bia datelor.<\/p>\n\n\n\n<h4 class=\"wp-block-heading\">13. LINKURI C\u0102TRE ALTE PAGINI WEB<\/h4>\n\n\n\n<p>Oferta noastr\u0103 online con\u021bine linkuri c\u0103tre pagini web ale altor furnizori. Nu avem nicio influen\u021b\u0103 asupra respect\u0103rii de c\u0103tre operatorii acestora a dispozi\u021biilor privind protec\u021bia datelor.<\/p>\n","protected":false},"excerpt":{"rendered":"<p>Subscrisa, fenaco, Erlachstrasse 5 3001 Berna (numit\u0103 \u00een continuare \u201enoi, al\/a nostru\/noastr\u0103\u201d), lu\u0103m foarte \u00een serios protec\u0163ia datelor dumneavoastr\u0103 cu caracter personal \u015fi respect\u0103m cu stricte\u021be toate legile \u0219i reglement\u0103rile aplicabile privind protec\u021bia datelor, \u00een special Regulamentul general privind protec\u021bia datelor (RGPD), Legea federal\u0103 privind protec\u021bia datelor cu caracter personal (BDSG) \u0219i Legea german\u0103 privind [&hellip;]<\/p>\n","protected":false},"author":4,"featured_media":0,"parent":0,"menu_order":0,"comment_status":"closed","ping_status":"closed","template":"","meta":{"_acf_changed":false,"inline_featured_image":false,"_genesis_hide_title":false,"_genesis_hide_breadcrumbs":false,"_genesis_hide_singular_image":false,"_genesis_hide_footer_widgets":false,"_genesis_custom_body_class":"","_genesis_custom_post_class":"","_genesis_layout":"","footnotes":""},"class_list":{"0":"post-2568","1":"page","2":"type-page","3":"status-publish","5":"entry"},"acf":[],"_links":{"self":[{"href":"https:\/\/granagroup.eu\/ro\/wp-json\/wp\/v2\/pages\/2568","targetHints":{"allow":["GET"]}}],"collection":[{"href":"https:\/\/granagroup.eu\/ro\/wp-json\/wp\/v2\/pages"}],"about":[{"href":"https:\/\/granagroup.eu\/ro\/wp-json\/wp\/v2\/types\/page"}],"author":[{"embeddable":true,"href":"https:\/\/granagroup.eu\/ro\/wp-json\/wp\/v2\/users\/4"}],"replies":[{"embeddable":true,"href":"https:\/\/granagroup.eu\/ro\/wp-json\/wp\/v2\/comments?post=2568"}],"version-history":[{"count":0,"href":"https:\/\/granagroup.eu\/ro\/wp-json\/wp\/v2\/pages\/2568\/revisions"}],"wp:attachment":[{"href":"https:\/\/granagroup.eu\/ro\/wp-json\/wp\/v2\/media?parent=2568"}],"curies":[{"name":"wp","href":"https:\/\/api.w.org\/{rel}","templated":true}]}}