{"id":3502,"date":"2023-12-22T08:14:51","date_gmt":"2023-12-22T07:14:51","guid":{"rendered":"https:\/\/granagroup.eu\/oelsaaten-und-pflanzenoele\/"},"modified":"2025-10-24T15:16:32","modified_gmt":"2025-10-24T14:16:32","slug":"oelsaaten-und-pflanzenoele","status":"publish","type":"page","link":"https:\/\/granagroup.eu\/ro\/oelsaaten-und-pflanzenoele\/","title":{"rendered":"Semin\u021be oleaginoase \u0219i uleiuri vegetale"},"content":{"rendered":"\n<p>Pentru comercializarea semin\u021belor oleaginoase \u0219i uleiurilor vegetale colabor\u0103m str\u00e2ns cu o re\u021bea vast\u0103 de furnizori \u0219i procesatori. Achizi\u021bion\u0103m \u0219i vindem at\u00e2t semin\u021bele oleaginoase, c\u00e2t \u0219i uleiurile rezultate din acestea, pentru industria alimentar\u0103 \u0219i a furajelor.<\/p>\n\n\n\n<p>Cele mai importante produse pe care le comercializ\u0103m sunt s\u0103m\u00e2n\u021ba de rapi\u021b\u0103, semin\u021bele de floarea soarelui, uleiul de rapi\u021b\u0103, uleiul de floarea soarelui, uleiul de in, uleiul de soia \u0219i uleiul de palmier.<\/p>\n\n\n\n<hr class=\"wp-block-separator has-alpha-channel-opacity is-style-dots\"\/>\n\n\n\n<h3 class=\"wp-block-heading\"><strong>Contactele dumneavoastr\u0103 \u00een materie de comer\u021b<\/strong><\/h3>\n\n\n\n<div style=\"height:10px\" aria-hidden=\"true\" class=\"wp-block-spacer\"><\/div>\n\n\n\n<div class=\"wp-block-columns\">\n<div class=\"wp-block-column\">\n<div class=\"wp-block-cloudweb-person-card is-style-with-languages wp-block-cloudweb-person-card-dynamic\">\n\t<div class=\"person-card-info\">\n\t\t<div class=\"person-card-image\">\n\t\t\t<img decoding=\"async\" src=\"https:\/\/granagroup.eu\/wp-content\/uploads\/2023\/12\/Windlin_Marco_GRANA_2022.jpg\" alt=\"\" width=\"443\" height=\"443\" loading=\"lazy\" \/>\t\t<\/div>\n\t\t<div class=\"person-card-details\">\n\t\t\t<h2 class=\"person-card-name\">Marco Windlin<\/h2>\n\t\t\t<p class=\"person-card-detail\">H\u00e4ndler<\/p><\/div>\n\t<\/div>\n\t<div class=\"person-card-contact\">\n\t\t\t\t\t<p class=\"person-card-phone\">\n\t\t\t\t<a href=\"tel:+4980333046618\" itemprop=\"telephone\" title=\"Call us\">+49 8033 304 66 18<\/a>\t\t\t<\/p>\n\t\t\t\t\t\t\t\t\t\t\t\t\t\t<p class=\"person-card-mobile\">\n\t\t\t\t\t<a href=\"tel:+491604075419\" itemprop=\"telephone\" title=\"Call us\">+49 1604 07 54 19<\/a>\t\t\t\t<\/p>\n\t\t\t\t\t\t\t\t\t\t<p class=\"person-card-mail\">\n\t\t\t\t<a href=\"mailto:%6d%61&#114;c%6f%2ewi&#110;dl&#105;%6e&#64;%67&#114;anag%72%6f&#117;&#112;&#46;&#101;&#117;\" title=\"Email us\" itemprop=\"email\">mar&#99;o.wind&#108;i&#110;&#64;gr&#97;&#110;&#97;&#103;&#114;ou&#112;.e&#117;<\/a>\t\t\t<\/p>\n\t\t\n\t<\/div>\n\t\t\t<div class=\"person-card-languages\">\n\t\t\t<span>Languages<\/span>\n\t\t\t<ul class=\"languages-list\">\n\t\t\t\t\t\t\t\t\t<li><i class=\"icon-lang icon-lang-de\"><\/i><\/li>\n\t\t\t\t\t\t\t\t\t<li><i class=\"icon-lang icon-lang-fr\"><\/i><\/li>\n\t\t\t\t\t\t\t\t\t<li><i class=\"icon-lang icon-lang-en\"><\/i><\/li>\n\t\t\t\t\t\t\t<\/ul>\n\t\t<\/div>\n\t<\/div>\n<\/div>\n\n\n\n<div class=\"wp-block-column\"><\/div>\n\n\n\n<div class=\"wp-block-column\"><\/div>\n<\/div>\n","protected":false},"excerpt":{"rendered":"<p>Pentru comercializarea semin\u021belor oleaginoase \u0219i uleiurilor vegetale colabor\u0103m str\u00e2ns cu o re\u021bea vast\u0103 de furnizori \u0219i procesatori. Achizi\u021bion\u0103m \u0219i vindem at\u00e2t semin\u021bele oleaginoase, c\u00e2t \u0219i uleiurile rezultate din acestea, pentru industria alimentar\u0103 \u0219i a furajelor. Cele mai importante produse pe care le comercializ\u0103m sunt s\u0103m\u00e2n\u021ba de rapi\u021b\u0103, semin\u021bele de floarea soarelui, uleiul de rapi\u021b\u0103, uleiul [&hellip;]<\/p>\n","protected":false},"author":5,"featured_media":0,"parent":0,"menu_order":0,"comment_status":"closed","ping_status":"closed","template":"","meta":{"_acf_changed":false,"inline_featured_image":false,"_genesis_hide_title":false,"_genesis_hide_breadcrumbs":false,"_genesis_hide_singular_image":false,"_genesis_hide_footer_widgets":false,"_genesis_custom_body_class":"","_genesis_custom_post_class":"","_genesis_layout":"","footnotes":""},"class_list":{"0":"post-3502","1":"page","2":"type-page","3":"status-publish","5":"entry"},"acf":[],"_links":{"self":[{"href":"https:\/\/granagroup.eu\/ro\/wp-json\/wp\/v2\/pages\/3502","targetHints":{"allow":["GET"]}}],"collection":[{"href":"https:\/\/granagroup.eu\/ro\/wp-json\/wp\/v2\/pages"}],"about":[{"href":"https:\/\/granagroup.eu\/ro\/wp-json\/wp\/v2\/types\/page"}],"author":[{"embeddable":true,"href":"https:\/\/granagroup.eu\/ro\/wp-json\/wp\/v2\/users\/5"}],"replies":[{"embeddable":true,"href":"https:\/\/granagroup.eu\/ro\/wp-json\/wp\/v2\/comments?post=3502"}],"version-history":[{"count":0,"href":"https:\/\/granagroup.eu\/ro\/wp-json\/wp\/v2\/pages\/3502\/revisions"}],"wp:attachment":[{"href":"https:\/\/granagroup.eu\/ro\/wp-json\/wp\/v2\/media?parent=3502"}],"curies":[{"name":"wp","href":"https:\/\/api.w.org\/{rel}","templated":true}]}}