{"id":3503,"date":"2023-12-22T08:15:44","date_gmt":"2023-12-22T07:15:44","guid":{"rendered":"https:\/\/granagroup.eu\/futterproteine\/"},"modified":"2025-10-24T15:18:56","modified_gmt":"2025-10-24T14:18:56","slug":"futterproteine","status":"publish","type":"page","link":"https:\/\/granagroup.eu\/ro\/futterproteine\/","title":{"rendered":"Proteine furajere"},"content":{"rendered":"\n<p>\u00cen comer\u021bul cu proteine furajere, Granaagro se bazeaz\u0103 pe o re\u021bea european\u0103 \u0219i interna\u021bional\u0103. Achizi\u021bion\u0103m marfa de foarte bun\u0103 calitate c\u00e2t mai aproape posibil de produc\u0103tor, pentru a evita lan\u021burile de aprovizionare lungi \u0219i a putea influen\u021ba c\u00e2t mai mult posibil calitatea \u0219i sustenabilitatea produselor.<\/p>\n\n\n\n<p>Cele mai importante produse pe care le comercializ\u0103m sunt f\u0103ina din soia (GMO \u0219i NON GMO), f\u0103ina din rapi\u021b\u0103 \u0219i f\u0103ina din floarea soarelui.<\/p>\n\n\n\n<hr class=\"wp-block-separator has-alpha-channel-opacity is-style-dots\"\/>\n\n\n\n<h3 class=\"wp-block-heading\"><strong>Contactele dumneavoastr\u0103 \u00een materie de comer\u021b<\/strong><\/h3>\n\n\n\n<div style=\"height:10px\" aria-hidden=\"true\" class=\"wp-block-spacer\"><\/div>\n\n\n\n<div class=\"wp-block-columns\">\n<div class=\"wp-block-column\">\n<div class=\"wp-block-cloudweb-person-card is-style-with-languages wp-block-cloudweb-person-card-dynamic\">\n\t<div class=\"person-card-info\">\n\t\t<div class=\"person-card-image\">\n\t\t\t<img decoding=\"async\" src=\"https:\/\/granagroup.eu\/wp-content\/uploads\/2023\/12\/Saboureault_Alexandre_GRANA_2022.jpg\" alt=\"\" width=\"800\" height=\"800\" loading=\"lazy\" \/>\t\t<\/div>\n\t\t<div class=\"person-card-details\">\n\t\t\t<h2 class=\"person-card-name\">Alexandre Saboureault<\/h2>\n\t\t\t<p class=\"person-card-detail\">Trader<\/p><\/div>\n\t<\/div>\n\t<div class=\"person-card-contact\">\n\t\t\t\t\t<p class=\"person-card-phone\">\n\t\t\t\t<a href=\"tel:+4976215879029\" itemprop=\"telephone\" title=\"Call us\">+49 7621 587 90 29<\/a>\t\t\t<\/p>\n\t\t\t\t\t\t\t\t\t\t\t\t\t\t<p class=\"person-card-mobile\">\n\t\t\t\t\t<a href=\"tel:+491706742574\" itemprop=\"telephone\" title=\"Call us\">+49 170 674 25 74<\/a>\t\t\t\t<\/p>\n\t\t\t\t\t\t\t\t\t\t<p class=\"person-card-mail\">\n\t\t\t\t<a href=\"mailto:&#97;%6c%65x%61%6e%64&#114;e&#46;%73&#97;b&#111;%75r&#101;a&#117;%6c%74&#64;&#103;%72%61na&#103;&#114;%6f%75p%2e&#101;&#117;\" title=\"Email us\" itemprop=\"email\">&#97;le&#120;&#97;ndre.&#115;&#97;&#98;&#111;&#117;&#114;&#101;&#97;&#117;lt&#64;&#103;&#114;&#97;na&#103;&#114;o&#117;&#112;.e&#117;<\/a>\t\t\t<\/p>\n\t\t\n\t<\/div>\n\t\t\t<div class=\"person-card-languages\">\n\t\t\t<span>Languages<\/span>\n\t\t\t<ul class=\"languages-list\">\n\t\t\t\t\t\t\t\t\t<li><i class=\"icon-lang icon-lang-fr\"><\/i><\/li>\n\t\t\t\t\t\t\t\t\t<li><i class=\"icon-lang icon-lang-en\"><\/i><\/li>\n\t\t\t\t\t\t\t\t\t<li><i class=\"icon-lang icon-lang-it\"><\/i><\/li>\n\t\t\t\t\t\t\t<\/ul>\n\t\t<\/div>\n\t<\/div>\n<\/div>\n\n\n\n<div class=\"wp-block-column\"><\/div>\n\n\n\n<div class=\"wp-block-column\"><\/div>\n<\/div>\n","protected":false},"excerpt":{"rendered":"<p>\u00cen comer\u021bul cu proteine furajere, Granaagro se bazeaz\u0103 pe o re\u021bea european\u0103 \u0219i interna\u021bional\u0103. Achizi\u021bion\u0103m marfa de foarte bun\u0103 calitate c\u00e2t mai aproape posibil de produc\u0103tor, pentru a evita lan\u021burile de aprovizionare lungi \u0219i a putea influen\u021ba c\u00e2t mai mult posibil calitatea \u0219i sustenabilitatea produselor. Cele mai importante produse pe care le comercializ\u0103m sunt f\u0103ina [&hellip;]<\/p>\n","protected":false},"author":5,"featured_media":0,"parent":0,"menu_order":0,"comment_status":"closed","ping_status":"closed","template":"","meta":{"_acf_changed":false,"inline_featured_image":false,"_genesis_hide_title":false,"_genesis_hide_breadcrumbs":false,"_genesis_hide_singular_image":false,"_genesis_hide_footer_widgets":false,"_genesis_custom_body_class":"","_genesis_custom_post_class":"","_genesis_layout":"","footnotes":""},"class_list":{"0":"post-3503","1":"page","2":"type-page","3":"status-publish","5":"entry"},"acf":[],"_links":{"self":[{"href":"https:\/\/granagroup.eu\/ro\/wp-json\/wp\/v2\/pages\/3503","targetHints":{"allow":["GET"]}}],"collection":[{"href":"https:\/\/granagroup.eu\/ro\/wp-json\/wp\/v2\/pages"}],"about":[{"href":"https:\/\/granagroup.eu\/ro\/wp-json\/wp\/v2\/types\/page"}],"author":[{"embeddable":true,"href":"https:\/\/granagroup.eu\/ro\/wp-json\/wp\/v2\/users\/5"}],"replies":[{"embeddable":true,"href":"https:\/\/granagroup.eu\/ro\/wp-json\/wp\/v2\/comments?post=3503"}],"version-history":[{"count":0,"href":"https:\/\/granagroup.eu\/ro\/wp-json\/wp\/v2\/pages\/3503\/revisions"}],"wp:attachment":[{"href":"https:\/\/granagroup.eu\/ro\/wp-json\/wp\/v2\/media?parent=3503"}],"curies":[{"name":"wp","href":"https:\/\/api.w.org\/{rel}","templated":true}]}}