{"id":3504,"date":"2023-12-22T08:17:04","date_gmt":"2023-12-22T07:17:04","guid":{"rendered":"https:\/\/granagroup.eu\/nebenprodukte\/"},"modified":"2025-10-22T07:39:45","modified_gmt":"2025-10-22T06:39:45","slug":"nebenprodukte","status":"publish","type":"page","link":"https:\/\/granagroup.eu\/ro\/nebenprodukte\/","title":{"rendered":"Produse secundare"},"content":{"rendered":"\n<p>Granaagro comercializeaz\u0103 o gam\u0103 larg\u0103 de produse secundare pentru produc\u021bia de furaje. Datorit\u0103 re\u021belei noastre vaste, putem prelua produse secundare valoroase din diverse industrii \u0219i le putem comercializa spre utilizare ulterioar\u0103. <\/p>\n\n\n\n<p>Cele mai importante produse pe care le comercializ\u0103m sunt produse secundare de mor\u0103rit, borhot furajer din porumb, radice de mal\u021b, borhot de bere, pele\u021bi din pulp\u0103 de melas\u0103, tescovin\u0103 de mere, coji de cacao, gluten de gr\u00e2u \u0219i porumb \u0219i furaje brute.<\/p>\n\n\n\n<hr class=\"wp-block-separator has-alpha-channel-opacity is-style-dots\"\/>\n\n\n\n<h3 class=\"wp-block-heading\"><strong>Contactele dumneavoastr\u0103 \u00een materie de comer\u021b<\/strong><\/h3>\n\n\n\n<div style=\"height:10px\" aria-hidden=\"true\" class=\"wp-block-spacer\"><\/div>\n\n\n\n<div class=\"wp-block-columns\">\n<div class=\"wp-block-column\">\n<div class=\"wp-block-cloudweb-person-card is-style-with-languages wp-block-cloudweb-person-card-dynamic\">\n\t<div class=\"person-card-info\">\n\t\t<div class=\"person-card-image\">\n\t\t\t<img decoding=\"async\" src=\"https:\/\/granagroup.eu\/wp-content\/uploads\/2025\/05\/Christopher-Schreiner-V2_thb.jpg\" alt=\"\" width=\"1200\" height=\"1200\" loading=\"lazy\" \/>\t\t<\/div>\n\t\t<div class=\"person-card-details\">\n\t\t\t<h2 class=\"person-card-name\">Christopher Schreiner<\/h2>\n\t\t\t<p class=\"person-card-detail\">H\u00e4ndler<\/p><\/div>\n\t<\/div>\n\t<div class=\"person-card-contact\">\n\t\t\t\t\t<p class=\"person-card-phone\">\n\t\t\t\t<a href=\"tel:+4980333046616\" itemprop=\"telephone\" title=\"Call us\">+49 8033 304 66 16<\/a>\t\t\t<\/p>\n\t\t\t\t\t\t\t\t\t\t\t\t\t\t<p class=\"person-card-mobile\">\n\t\t\t\t\t<a href=\"tel:+4915151510398\" itemprop=\"telephone\" title=\"Call us\">+49 1515 151 03 98<\/a>\t\t\t\t<\/p>\n\t\t\t\t\t\t\t\t\t\t<p class=\"person-card-mail\">\n\t\t\t\t<a href=\"mailto:&#99;&#104;&#114;&#105;&#115;%74&#111;p&#104;er&#46;&#115;%63&#104;&#114;&#101;%69&#110;%65%72&#64;&#103;&#114;%61na%67%72%6f%75%70.&#101;%75\" title=\"Email us\" itemprop=\"email\">c&#104;ri&#115;&#116;&#111;&#112;h&#101;r&#46;s&#99;h&#114;e&#105;n&#101;&#114;&#64;&#103;r&#97;nag&#114;&#111;&#117;p.&#101;&#117;<\/a>\t\t\t<\/p>\n\t\t\n\t<\/div>\n\t\t\t<div class=\"person-card-languages\">\n\t\t\t<span>Languages<\/span>\n\t\t\t<ul class=\"languages-list\">\n\t\t\t\t\t\t\t\t\t<li><i class=\"icon-lang icon-lang-de\"><\/i><\/li>\n\t\t\t\t\t\t\t\t\t<li><i class=\"icon-lang icon-lang-en\"><\/i><\/li>\n\t\t\t\t\t\t\t\t\t<li><i class=\"icon-lang icon-lang-es\"><\/i><\/li>\n\t\t\t\t\t\t\t<\/ul>\n\t\t<\/div>\n\t<\/div>\n<\/div>\n\n\n\n<div class=\"wp-block-column\">\n<div class=\"wp-block-cloudweb-person-card is-style-with-languages wp-block-cloudweb-person-card-dynamic\">\n\t<div class=\"person-card-info\">\n\t\t<div class=\"person-card-image\">\n\t\t\t<img decoding=\"async\" src=\"https:\/\/granagroup.eu\/wp-content\/uploads\/2025\/05\/Souita-Sami_thb-1-scaled-1.jpg\" alt=\"\" width=\"2560\" height=\"2560\" loading=\"lazy\" \/>\t\t<\/div>\n\t\t<div class=\"person-card-details\">\n\t\t\t<h2 class=\"person-card-name\">Sami Souita<\/h2>\n\t\t\t<p class=\"person-card-detail\">H\u00e4ndler<\/p><\/div>\n\t<\/div>\n\t<div class=\"person-card-contact\">\n\t\t\t\t\t<p class=\"person-card-phone\">\n\t\t\t\t<a href=\"tel:+4976211543973\" itemprop=\"telephone\" title=\"Call us\">+49 7621 154 39 73<\/a>\t\t\t<\/p>\n\t\t\t\t\t\t\t\t\t\t\t\t\t\t<p class=\"person-card-mobile\">\n\t\t\t\t\t<a href=\"tel:+4915167985260\" itemprop=\"telephone\" title=\"Call us\">+49 1516 798 52 60<\/a>\t\t\t\t<\/p>\n\t\t\t\t\t\t\t\t\t\t<p class=\"person-card-mail\">\n\t\t\t\t<a href=\"mailto:&#115;%61mi&#46;so&#117;%69ta&#64;%67r&#97;%6ea&#103;r&#111;%75%70&#46;eu\" title=\"Email us\" itemprop=\"email\">&#115;a&#109;i.s&#111;&#117;&#105;&#116;a&#64;&#103;&#114;anagr&#111;&#117;&#112;&#46;&#101;u<\/a>\t\t\t<\/p>\n\t\t\n\t<\/div>\n\t\t\t<div class=\"person-card-languages\">\n\t\t\t<span>Languages<\/span>\n\t\t\t<ul class=\"languages-list\">\n\t\t\t\t\t\t\t\t\t<li><i class=\"icon-lang icon-lang-de\"><\/i><\/li>\n\t\t\t\t\t\t\t\t\t<li><i class=\"icon-lang icon-lang-fr\"><\/i><\/li>\n\t\t\t\t\t\t\t\t\t<li><i class=\"icon-lang icon-lang-en\"><\/i><\/li>\n\t\t\t\t\t\t\t<\/ul>\n\t\t<\/div>\n\t<\/div>\n<\/div>\n\n\n\n<div class=\"wp-block-column\"><\/div>\n<\/div>\n","protected":false},"excerpt":{"rendered":"<p>Granaagro comercializeaz\u0103 o gam\u0103 larg\u0103 de produse secundare pentru produc\u021bia de furaje. Datorit\u0103 re\u021belei noastre vaste, putem prelua produse secundare valoroase din diverse industrii \u0219i le putem comercializa spre utilizare ulterioar\u0103. Cele mai importante produse pe care le comercializ\u0103m sunt produse secundare de mor\u0103rit, borhot furajer din porumb, radice de mal\u021b, borhot de bere, pele\u021bi [&hellip;]<\/p>\n","protected":false},"author":5,"featured_media":0,"parent":0,"menu_order":0,"comment_status":"closed","ping_status":"closed","template":"","meta":{"_acf_changed":false,"inline_featured_image":false,"_genesis_hide_title":false,"_genesis_hide_breadcrumbs":false,"_genesis_hide_singular_image":false,"_genesis_hide_footer_widgets":false,"_genesis_custom_body_class":"","_genesis_custom_post_class":"","_genesis_layout":"","footnotes":""},"class_list":{"0":"post-3504","1":"page","2":"type-page","3":"status-publish","5":"entry"},"acf":[],"_links":{"self":[{"href":"https:\/\/granagroup.eu\/ro\/wp-json\/wp\/v2\/pages\/3504","targetHints":{"allow":["GET"]}}],"collection":[{"href":"https:\/\/granagroup.eu\/ro\/wp-json\/wp\/v2\/pages"}],"about":[{"href":"https:\/\/granagroup.eu\/ro\/wp-json\/wp\/v2\/types\/page"}],"author":[{"embeddable":true,"href":"https:\/\/granagroup.eu\/ro\/wp-json\/wp\/v2\/users\/5"}],"replies":[{"embeddable":true,"href":"https:\/\/granagroup.eu\/ro\/wp-json\/wp\/v2\/comments?post=3504"}],"version-history":[{"count":0,"href":"https:\/\/granagroup.eu\/ro\/wp-json\/wp\/v2\/pages\/3504\/revisions"}],"wp:attachment":[{"href":"https:\/\/granagroup.eu\/ro\/wp-json\/wp\/v2\/media?parent=3504"}],"curies":[{"name":"wp","href":"https:\/\/api.w.org\/{rel}","templated":true}]}}