{"id":3529,"date":"2023-12-15T10:04:13","date_gmt":"2023-12-15T09:04:13","guid":{"rendered":"https:\/\/granagroup.eu\/qualitaet\/"},"modified":"2026-03-23T16:29:51","modified_gmt":"2026-03-23T15:29:51","slug":"qualitaet","status":"publish","type":"page","link":"https:\/\/granagroup.eu\/ro\/qualitaet\/","title":{"rendered":"Calitate"},"content":{"rendered":"\n<p>Granaagro este o parte component\u0103 a lan\u021bului de aprovizionare la scar\u0103 larg\u0103 a clien\u021bilor no\u0219tri. De aceea, suntem foarte familiariza\u021bi cu riscurile privind siguran\u021ba care exist\u0103 la toate produsele comercializate pe care le vindem. Pentru c\u0103 dorim s\u0103 fim un lider pe pia\u021b\u0103 \u00een furnizarea tuturor proceselor \u0219i serviciilor noastre, calitatea \u0219i controlul sunt aspecte foarte importante pentru noi.<\/p>\n\n\n\n<p>Folosim un sistem propriu de management al calit\u0103\u021bii pentru men\u021binerea standardelor ridicate de calitate, care corespunde sau dep\u0103\u0219e\u0219te urm\u0103toarele standarde:<\/p>\n\n\n\n<div style=\"height:25px\" aria-hidden=\"true\" class=\"wp-block-spacer\"><\/div>\n\n\n\n<div class=\"wp-block-cloudweb-accordion alignfull alignwide\"><div class=\"accordion\">\n<div class=\"wp-block-cloudweb-accordion-item\"><div class=\"accordion-item\"><div class=\"accordion-item-header\"><h3 class=\"accordion-title\">Certificates granaagro Deutschland GmbH L\u00f6rrach<\/h3><\/div><div class=\"accordion-content\">\n<p class=\"is-style-accordion-link\"><a href=\"https:\/\/granagroup.eu\/wp-content\/uploads\/2024\/05\/240503_Zertifikat_EN_gaDE_GMP.pdf\" target=\"_blank\" rel=\"noreferrer noopener\">GMP+<\/a><\/p>\n\n\n\n<p class=\"is-style-accordion-link\"><a href=\"https:\/\/granagroup.eu\/wp-content\/uploads\/2025\/05\/granaagro-Deutschland_EU-Bio_bis-31.01.2027_ABCert.pdf\" target=\"_blank\" rel=\"noreferrer noopener\">EU Bio<\/a><\/p>\n\n\n\n<p class=\"is-style-accordion-link\"><a href=\"https:\/\/granagroup.eu\/wp-content\/uploads\/2025\/05\/granaagro-Deutschland_Bio-Suisse_bis-30.09.2026.pdf\" target=\"_blank\" rel=\"noreferrer noopener\">Bio Suisse<\/a><\/p>\n\n\n\n<p class=\"is-style-accordion-link\"><a href=\"https:\/\/granagroup.eu\/wp-content\/uploads\/2025\/08\/Zertifikat_Europe-Soya_bis-31.12.2026_Loerrach.pdf\" target=\"_blank\" rel=\"noreferrer noopener\">Europe Soya<\/a><\/p>\n\n\n\n<p class=\"is-style-accordion-link\"><a href=\"https:\/\/granagroup.eu\/wp-content\/uploads\/2025\/08\/Zertifikat_Donau-Soja_bis-31.12.2026_Loerrach.pdf\" target=\"_blank\" rel=\"noreferrer noopener\">Donau Soja<\/a><\/p>\n<\/div><\/div><\/div>\n\n\n\n<div class=\"wp-block-cloudweb-accordion-item\"><div class=\"accordion-item\"><div class=\"accordion-item-header\"><h3 class=\"accordion-title\">Certificates granaagro Deutschland GmbH Berlin<\/h3><\/div><div class=\"accordion-content\">\n<p class=\"is-style-accordion-link\"><a href=\"https:\/\/granagroup.eu\/wp-content\/uploads\/2024\/05\/240503_Zertifikat_EN_gaDE_GMP.pdf\" target=\"_blank\" rel=\"noreferrer noopener\">GMP+<\/a><\/p>\n\n\n\n<p class=\"is-style-accordion-link\"><a href=\"https:\/\/granagroup.eu\/wp-content\/uploads\/2025\/05\/granaagro-Deutschland_EU-Bio_bis-31.01.2027_ABCert.pdf\" target=\"_blank\" rel=\"noreferrer noopener\">EU Bio<\/a><\/p>\n\n\n\n<p class=\"is-style-accordion-link\"><a href=\"https:\/\/granagroup.eu\/wp-content\/uploads\/2025\/05\/granaagro-Deutschland_Bio-Suisse_bis-30.09.2026.pdf\" target=\"_blank\" rel=\"noreferrer noopener\">Bio Suisse<\/a><\/p>\n\n\n\n<p class=\"is-style-accordion-link\"><a href=\"https:\/\/granagroup.eu\/wp-content\/uploads\/2024\/05\/granaagro-Deutschland_Biokreis_bis-31.03.2026-1.pdf\" data-type=\"link\" data-id=\"https:\/\/granagroup.eu\/wp-content\/uploads\/2024\/05\/granaagro-Deutschland_Biokreis_bis-31.03.2026-1.pdf\" target=\"_blank\" rel=\"noreferrer noopener\">Biokreis<\/a><\/p>\n\n\n\n<p class=\"is-style-accordion-link\"><a href=\"https:\/\/granagroup.eu\/wp-content\/uploads\/2025\/08\/Zertifikat_Donau-Soja_bis-31.12.2027_Berlin.pdf\" target=\"_blank\" data-type=\"link\" data-id=\"https:\/\/granagroup.eu\/wp-content\/uploads\/2024\/05\/granaagro-Deutschland_Biokreis_bis-31.03.2026-1.pdf\" rel=\"noreferrer noopener\">Donau Soja<\/a><\/p>\n\n\n\n<p class=\"is-style-accordion-link\"><a href=\"https:\/\/granagroup.eu\/wp-content\/uploads\/2025\/08\/Zertifikat_Europe-Soya_bis-31.12.2027_Berlin.pdf\" data-type=\"link\" data-id=\"https:\/\/granagroup.eu\/wp-content\/uploads\/2024\/05\/granaagro-Deutschland_Biokreis_bis-31.03.2026-1.pdf\" target=\"_blank\" rel=\"noreferrer noopener\">Europe Soya<\/a><\/p>\n<\/div><\/div><\/div>\n\n\n\n<div class=\"wp-block-cloudweb-accordion-item\"><div class=\"accordion-item\"><div class=\"accordion-item-header\"><h3 class=\"accordion-title\">Certificates granaagro Deutschland GmbH Kiefersfelden<\/h3><\/div><div class=\"accordion-content\">\n<p class=\"is-style-accordion-link\"><a href=\"https:\/\/granagroup.eu\/wp-content\/uploads\/2024\/05\/240503_Zertifikat_EN_gaDE_GMP.pdf\" target=\"_blank\" rel=\"noreferrer noopener\">GMP+<\/a><\/p>\n\n\n\n<p class=\"is-style-accordion-link\"><a href=\"https:\/\/granagroup.eu\/wp-content\/uploads\/2025\/05\/granaagro-Deutschland_EU-Bio_bis-31.01.2027_ABCert.pdf\" target=\"_blank\" rel=\"noreferrer noopener\">EU Bio<\/a><\/p>\n\n\n\n<p class=\"is-style-accordion-link\"><a href=\"https:\/\/granagroup.eu\/wp-content\/uploads\/2025\/07\/ISCC-certificate-1.pdf\" target=\"_blank\" rel=\"noreferrer noopener\">ISCC<\/a> EU<\/p>\n<\/div><\/div><\/div>\n<\/div><\/div>\n\n\n\n<h3 class=\"wp-block-heading\">HACCP concept<\/h3>\n\n\n\n<p>The companies granaagro Deutschland GmbH, granaagro Czechia s.r.o. and granaagro Danubia s.r.l. also have an HACCP concept in accordance with the 12 HACCP stages of the codex alimentarius. Among other things, this requires comprehensive hazard analyses for all our products, the identification of critical control points and continuous monitoring of the system.<\/p>\n\n\n\n<hr class=\"wp-block-separator has-alpha-channel-opacity is-style-dots\"\/>\n\n\n\n<h3 class=\"wp-block-heading\">Your contacts for quality management<\/h3>\n\n\n\n<div class=\"wp-block-columns\">\n<div class=\"wp-block-column\">\n<p>L\u00f6rrach and Kiefersfelden (Conventional)<\/p>\n<\/div>\n\n\n\n<div class=\"wp-block-column\"><\/div>\n\n\n\n<div class=\"wp-block-column\"><\/div>\n<\/div>\n\n\n\n<div class=\"wp-block-columns\">\n<div class=\"wp-block-column\">\n<div class=\"wp-block-cloudweb-person-card is-style-without-languages wp-block-cloudweb-person-card-dynamic\">\n\t<div class=\"person-card-info\">\n\t\t<div class=\"person-card-image\">\n\t\t\t<img decoding=\"async\" src=\"https:\/\/granagroup.eu\/wp-content\/uploads\/2023\/12\/Nabe_Mykola_GRANA_2022.jpg\" alt=\"\" width=\"800\" height=\"800\" loading=\"lazy\" \/>\t\t<\/div>\n\t\t<div class=\"person-card-details\">\n\t\t\t<h2 class=\"person-card-name\">Mykola Nabe<\/h2>\n\t\t\t<p class=\"person-card-detail\">Teamleader logistics \/ contract execution<\/p><\/div>\n\t<\/div>\n\t<div class=\"person-card-contact\">\n\t\t\t\t\t<p class=\"person-card-phone\">\n\t\t\t\t<a href=\"tel:+4930300109807\" itemprop=\"telephone\" title=\"Call us\">+49 303 0010 9807<\/a>\t\t\t<\/p>\n\t\t\t\t\t\t\t\t\t<p class=\"person-card-mail\">\n\t\t\t\t<a href=\"mailto:&#109;y%6b&#111;l%61%2e%6e%61b%65%40&#103;%72&#97;na&#103;r&#111;%75%70.eu\" title=\"Email us\" itemprop=\"email\">&#109;&#121;k&#111;&#108;&#97;.nabe&#64;g&#114;a&#110;a&#103;r&#111;up.eu<\/a>\t\t\t<\/p>\n\t\t\n\t<\/div>\n\t<\/div>\n<\/div>\n\n\n\n<div class=\"wp-block-column\"><\/div>\n\n\n\n<div class=\"wp-block-column\"><\/div>\n<\/div>\n\n\n\n<div class=\"wp-block-columns\">\n<div class=\"wp-block-column\">\n<p>Berlin (Organic)<\/p>\n<\/div>\n\n\n\n<div class=\"wp-block-column\"><\/div>\n\n\n\n<div class=\"wp-block-column\"><\/div>\n<\/div>\n\n\n\n<div class=\"wp-block-columns\">\n<div class=\"wp-block-column\">\n<div class=\"wp-block-cloudweb-person-card is-style-without-languages wp-block-cloudweb-person-card-dynamic\">\n\t<div class=\"person-card-info\">\n\t\t<div class=\"person-card-image\">\n\t\t\t<img decoding=\"async\" src=\"https:\/\/granagroup.eu\/wp-content\/uploads\/2023\/12\/Nabe_Mykola_GRANA_2022.jpg\" alt=\"\" width=\"800\" height=\"800\" loading=\"lazy\" \/>\t\t<\/div>\n\t\t<div class=\"person-card-details\">\n\t\t\t<h2 class=\"person-card-name\">Mykola Nabe<\/h2>\n\t\t\t<p class=\"person-card-detail\">Teamleader logistics \/ contract execution<\/p><\/div>\n\t<\/div>\n\t<div class=\"person-card-contact\">\n\t\t\t\t\t<p class=\"person-card-phone\">\n\t\t\t\t<a href=\"tel:+4930300109807\" itemprop=\"telephone\" title=\"Call us\">+49 303 0010 9807<\/a>\t\t\t<\/p>\n\t\t\t\t\t\t\t\t\t<p class=\"person-card-mail\">\n\t\t\t\t<a href=\"mailto:&#109;&#121;%6b%6f&#108;&#97;&#46;&#110;&#97;&#98;&#101;&#64;&#103;%72%61n&#97;g&#114;%6f&#117;%70&#46;&#101;&#117;\" title=\"Email us\" itemprop=\"email\">my&#107;&#111;&#108;&#97;&#46;&#110;ab&#101;&#64;&#103;r&#97;n&#97;gr&#111;u&#112;.&#101;&#117;<\/a>\t\t\t<\/p>\n\t\t\n\t<\/div>\n\t<\/div>\n<\/div>\n\n\n\n<div class=\"wp-block-column\">\n<div class=\"wp-block-cloudweb-person-card is-style-without-languages wp-block-cloudweb-person-card-dynamic\">\n\t<div class=\"person-card-info\">\n\t\t<div class=\"person-card-image\">\n\t\t\t<img decoding=\"async\" src=\"https:\/\/granagroup.eu\/wp-content\/uploads\/2024\/12\/Dominique_Hartmann_2024_thb.jpg\" alt=\"\" width=\"1200\" height=\"1200\" loading=\"lazy\" \/>\t\t<\/div>\n\t\t<div class=\"person-card-details\">\n\t\t\t<h2 class=\"person-card-name\">Dominique Hartmann<\/h2>\n\t\t\t<p class=\"person-card-detail\">Administration \/ Quality management<\/p><\/div>\n\t<\/div>\n\t<div class=\"person-card-contact\">\n\t\t\t\t\t<p class=\"person-card-phone\">\n\t\t\t\t<a href=\"tel:+4930300109809\" itemprop=\"telephone\" title=\"Call us\">+49 303 0010 9809<\/a>\t\t\t<\/p>\n\t\t\t\t\t\t\t\t\t<p class=\"person-card-mail\">\n\t\t\t\t<a href=\"mailto:&#100;%6fm%69&#110;i%71&#117;e.%68artma&#110;%6e&#64;g%72%61&#110;%61gr%6f%75&#112;%2e%65&#117;\" title=\"Email us\" itemprop=\"email\">&#100;ominiq&#117;&#101;&#46;ha&#114;&#116;ma&#110;&#110;&#64;&#103;&#114;a&#110;agr&#111;up&#46;eu<\/a>\t\t\t<\/p>\n\t\t\n\t<\/div>\n\t<\/div>\n<\/div>\n\n\n\n<div class=\"wp-block-column\"><\/div>\n<\/div>\n","protected":false},"excerpt":{"rendered":"<p>Granaagro este o parte component\u0103 a lan\u021bului de aprovizionare la scar\u0103 larg\u0103 a clien\u021bilor no\u0219tri. De aceea, suntem foarte familiariza\u021bi cu riscurile privind siguran\u021ba care exist\u0103 la toate produsele comercializate pe care le vindem. Pentru c\u0103 dorim s\u0103 fim un lider pe pia\u021b\u0103 \u00een furnizarea tuturor proceselor \u0219i serviciilor noastre, calitatea \u0219i controlul sunt aspecte [&hellip;]<\/p>\n","protected":false},"author":5,"featured_media":0,"parent":0,"menu_order":0,"comment_status":"closed","ping_status":"closed","template":"","meta":{"_acf_changed":false,"inline_featured_image":false,"_genesis_hide_title":false,"_genesis_hide_breadcrumbs":false,"_genesis_hide_singular_image":false,"_genesis_hide_footer_widgets":false,"_genesis_custom_body_class":"","_genesis_custom_post_class":"","_genesis_layout":"","footnotes":""},"class_list":{"0":"post-3529","1":"page","2":"type-page","3":"status-publish","5":"entry"},"acf":[],"_links":{"self":[{"href":"https:\/\/granagroup.eu\/ro\/wp-json\/wp\/v2\/pages\/3529","targetHints":{"allow":["GET"]}}],"collection":[{"href":"https:\/\/granagroup.eu\/ro\/wp-json\/wp\/v2\/pages"}],"about":[{"href":"https:\/\/granagroup.eu\/ro\/wp-json\/wp\/v2\/types\/page"}],"author":[{"embeddable":true,"href":"https:\/\/granagroup.eu\/ro\/wp-json\/wp\/v2\/users\/5"}],"replies":[{"embeddable":true,"href":"https:\/\/granagroup.eu\/ro\/wp-json\/wp\/v2\/comments?post=3529"}],"version-history":[{"count":0,"href":"https:\/\/granagroup.eu\/ro\/wp-json\/wp\/v2\/pages\/3529\/revisions"}],"wp:attachment":[{"href":"https:\/\/granagroup.eu\/ro\/wp-json\/wp\/v2\/media?parent=3529"}],"curies":[{"name":"wp","href":"https:\/\/api.w.org\/{rel}","templated":true}]}}