{"id":3640,"date":"2023-12-29T10:33:48","date_gmt":"2023-12-29T09:33:48","guid":{"rendered":"https:\/\/granagroup.eu\/haccp\/"},"modified":"2026-03-25T10:35:32","modified_gmt":"2026-03-25T09:35:32","slug":"informationen-zu-covid-19","status":"publish","type":"page","link":"https:\/\/granagroup.eu\/ro\/informationen-zu-covid-19\/","title":{"rendered":"HACCP"},"content":{"rendered":"\n<h1 class=\"wp-block-heading\"><strong>1. INFORMATIONEN ZU ASP<\/strong><\/h1>\n\n\n\n<figure class=\"wp-block-image\"><img decoding=\"async\" src=\"https:\/\/granagroup.eu\/images\/bilder\/08-01-_2020_14-02-23.png\" alt=\"\"\/><\/figure>\n\n\n\n<p><strong>Deutsch:<\/strong><\/p>\n\n\n\n<p>Die mit dem Transport beauftragten Personen nehmen Kenntnis von den dringenden Hinweisen der Beh\u00f6rde betreffend Schweinepest (ASP) und ber\u00fccksichtigen diese bei ihren Transporten und Reisen.<br><a href=\"https:\/\/www.bmel.de\/DE\/themen\/tiere\/tiergesundheit\/tierseuchen\/asp.html\" target=\"_blank\" rel=\"noopener\">https:\/\/www.bmel.de\/DE\/themen\/tiere\/tiergesundheit\/tierseuchen\/asp.html<\/a><\/p>\n\n\n\n<p><strong>Fran\u00e7ais:<\/strong><\/p>\n\n\n\n<p>les personnes charg\u00e9es de la prise de transport note des instructions urgentes de l&#8217;Autorit\u00e9 concernant la peste porcine (PPA) et consid\u00e8rent ceux-ci dans leurs transports et voyages.<br><a href=\"https:\/\/www.bmel.de\/DE\/themen\/tiere\/tiergesundheit\/tierseuchen\/asp.html\" target=\"_blank\" rel=\"noopener\">https:\/\/www.bmel.de\/DE\/themen\/tiere\/tiergesundheit\/tierseuchen\/asp.html<\/a><\/p>\n\n\n\n<p><strong><\/strong><strong>English:<\/strong><\/p>\n\n\n\n<p>The persons charged with the transport take note of the urgent instructions of the Authority concerning swine fever (ASF) and consider these in their transports and travels.&nbsp;<br><a href=\"https:\/\/www.bmel.de\/DE\/themen\/tiere\/tiergesundheit\/tierseuchen\/asp.html\" target=\"_blank\" rel=\"noopener\">https:\/\/www.bmel.de\/DE\/themen\/tiere\/tiergesundheit\/tierseuchen\/asp.html<\/a><\/p>\n","protected":false},"excerpt":{"rendered":"<p>1. INFORMATIONEN ZU ASP Deutsch: Die mit dem Transport beauftragten Personen nehmen Kenntnis von den dringenden Hinweisen der Beh\u00f6rde betreffend Schweinepest (ASP) und ber\u00fccksichtigen diese bei ihren Transporten und Reisen.https:\/\/www.bmel.de\/DE\/themen\/tiere\/tiergesundheit\/tierseuchen\/asp.html Fran\u00e7ais: les personnes charg\u00e9es de la prise de transport note des instructions urgentes de l&#8217;Autorit\u00e9 concernant la peste porcine (PPA) et consid\u00e8rent ceux-ci dans leurs [&hellip;]<\/p>\n","protected":false},"author":4,"featured_media":0,"parent":0,"menu_order":0,"comment_status":"closed","ping_status":"closed","template":"","meta":{"_acf_changed":false,"inline_featured_image":false,"_genesis_hide_title":false,"_genesis_hide_breadcrumbs":false,"_genesis_hide_singular_image":false,"_genesis_hide_footer_widgets":false,"_genesis_custom_body_class":"","_genesis_custom_post_class":"","_genesis_layout":"","footnotes":""},"class_list":{"0":"post-3640","1":"page","2":"type-page","3":"status-publish","5":"entry"},"acf":[],"_links":{"self":[{"href":"https:\/\/granagroup.eu\/ro\/wp-json\/wp\/v2\/pages\/3640","targetHints":{"allow":["GET"]}}],"collection":[{"href":"https:\/\/granagroup.eu\/ro\/wp-json\/wp\/v2\/pages"}],"about":[{"href":"https:\/\/granagroup.eu\/ro\/wp-json\/wp\/v2\/types\/page"}],"author":[{"embeddable":true,"href":"https:\/\/granagroup.eu\/ro\/wp-json\/wp\/v2\/users\/4"}],"replies":[{"embeddable":true,"href":"https:\/\/granagroup.eu\/ro\/wp-json\/wp\/v2\/comments?post=3640"}],"version-history":[{"count":0,"href":"https:\/\/granagroup.eu\/ro\/wp-json\/wp\/v2\/pages\/3640\/revisions"}],"wp:attachment":[{"href":"https:\/\/granagroup.eu\/ro\/wp-json\/wp\/v2\/media?parent=3640"}],"curies":[{"name":"wp","href":"https:\/\/api.w.org\/{rel}","templated":true}]}}