{"id":1759,"date":"2023-12-20T23:16:03","date_gmt":"2023-12-20T22:16:03","guid":{"rendered":"https:\/\/granagroup.wpenginepowered.com\/handel-bio\/"},"modified":"2025-11-03T13:32:51","modified_gmt":"2025-11-03T12:32:51","slug":"handel-bio","status":"publish","type":"page","link":"https:\/\/granagroup.eu\/sk\/handel-bio\/","title":{"rendered":"Bio Obchod"},"content":{"rendered":"\n<p>Pod ozna\u010den\u00edm granabio pracuje t\u00edm \u0161pecialistov spolo\u010dnosti granaagro deutschland gmbh na eur\u00f3pskom bio trhu z pobo\u010dky v berl\u00edne. Odtia\u013e zabezpe\u010dujeme n\u00e1kup nielen pre dru\u017estvo fenaco vo \u0160vaj\u010diarsku, ale vedieme aj cel\u00fd eur\u00f3psky bio obchod.&nbsp;<\/p>\n\n\n\n<p>Skupina granaagro Deutschland GmbH pon\u00faka so svoj\u00edm t\u00edmom bezpe\u010dn\u00fd n\u00e1kup biologicky vyroben\u00fdch surov\u00edn od fariem, prvotn\u00fdch zbern\u00fdch miest alebo spracovate\u013eov. Sme jedn\u00fdm z popredn\u00fdch dod\u00e1vate\u013eov kompletn\u00e9ho sortimentu surov\u00edn na trhu. T\u00edm granabio v Berl\u00edne je akt\u00edvny u\u017e nieko\u013eko rokov na bio trhu a vyzna\u010duje sa vysok\u00fdm know how nielen v obchode, ale aj v logistike s bio surovinami.<\/p>\n\n\n\n<p>N\u00e1\u0161 sortiment zah\u0155\u0148a potravin\u00e1rske a k\u0155mne obilie, strukoviny, olejnat\u00e9 semen\u00e1 a rastlinn\u00e9 oleje, bielkovinov\u00e9 krmiv\u00e1 a in\u00e9 k\u0155mne suroviny a ved\u013eaj\u0161ie produkty.<\/p>\n\n\n\n<p>Na\u0161im partnerom na trhu pon\u00fakame:<\/p>\n\n\n\n<ul class=\"wp-block-list\">\n<li>bezpe\u010dn\u00fd n\u00e1kup biologicky vyroben\u00fdch surov\u00edn<\/li>\n\n\n\n<li>spo\u013eahliv\u00e9 spracovanie zmluvy a f\u00e9rov\u00e9 zmluvn\u00e9 podmienky<\/li>\n\n\n\n<li>vysok\u00e9 know how v obchode s bio surovinami a jeho priebeh<\/li>\n\n\n\n<li>jednozna\u010dn\u00fa orient\u00e1ciu na rie\u0161enia<\/li>\n\n\n\n<li>zaobstaranie a predaj bio surov\u00edn<\/li>\n\n\n\n<li>efekt\u00edvnu logistiku bio surov\u00edn<\/li>\n<\/ul>\n\n\n\n<hr class=\"wp-block-separator has-alpha-channel-opacity is-style-dots\"\/>\n\n\n\n<h3 class=\"wp-block-heading\"><strong>Va\u0161e kontakty pre obchod<\/strong><\/h3>\n\n\n\n<div style=\"height:10px\" aria-hidden=\"true\" class=\"wp-block-spacer\"><\/div>\n\n\n\n<div class=\"wp-block-columns\">\n<div class=\"wp-block-column\">\n<p>Severn\u00e9 Nemecko, \u0160kandin\u00e1via, Ve\u013ek\u00e1 Brit\u00e1nia, Rumunsko, Taliansko<\/p>\n<\/div>\n\n\n\n<div class=\"wp-block-column\">\n<p>Severn\u00e9 Nemecko, Po\u013esko<\/p>\n<\/div>\n\n\n\n<div class=\"wp-block-column\">\n<p>Nemecko, Rak\u00fasko, Ma\u010farsko a Rumunsko<\/p>\n<\/div>\n<\/div>\n\n\n\n<div class=\"wp-block-columns\">\n<div class=\"wp-block-column\">\n<div class=\"wp-block-cloudweb-person-card is-style-with-languages wp-block-cloudweb-person-card-dynamic\">\n\t<div class=\"person-card-info\">\n\t\t<div class=\"person-card-image\">\n\t\t\t<img decoding=\"async\" src=\"https:\/\/granagroup.eu\/wp-content\/uploads\/2024\/03\/Loeschke_Jana_GRANA_2022.jpg\" alt=\"\" width=\"800\" height=\"800\" loading=\"lazy\" \/>\t\t<\/div>\n\t\t<div class=\"person-card-details\">\n\t\t\t<h2 class=\"person-card-name\">Jana L\u00f6schke<\/h2>\n\t\t\t<p class=\"person-card-detail\">Trader \/ site manager Berlin<\/p><\/div>\n\t<\/div>\n\t<div class=\"person-card-contact\">\n\t\t\t\t\t<p class=\"person-card-phone\">\n\t\t\t\t<a href=\"tel:+4930300109803\" itemprop=\"telephone\" title=\"Call us\">+49 303 0010 9803<\/a>\t\t\t<\/p>\n\t\t\t\t\t\t\t\t\t\t\t\t\t\t<p class=\"person-card-mobile\">\n\t\t\t\t\t<a href=\"tel:+491607212432\" itemprop=\"telephone\" title=\"Call us\">+49 160 7212 432<\/a>\t\t\t\t<\/p>\n\t\t\t\t\t\t\t\t\t\t<p class=\"person-card-mail\">\n\t\t\t\t<a href=\"mailto:%4aa%6e%61&#46;l%6fe%73%63%68%6b&#101;&#64;%67%72&#97;&#110;%61&#103;%72%6fu%70&#46;e&#117;\" title=\"Email us\" itemprop=\"email\">&#74;&#97;&#110;&#97;&#46;&#108;&#111;es&#99;&#104;ke&#64;g&#114;&#97;&#110;&#97;&#103;&#114;&#111;&#117;&#112;.e&#117;<\/a>\t\t\t<\/p>\n\t\t\n\t<\/div>\n\t\t\t<div class=\"person-card-languages\">\n\t\t\t<span>Languages<\/span>\n\t\t\t<ul class=\"languages-list\">\n\t\t\t\t\t\t\t\t\t<li><i class=\"icon-lang icon-lang-de\"><\/i><\/li>\n\t\t\t\t\t\t\t\t\t<li><i class=\"icon-lang icon-lang-en\"><\/i><\/li>\n\t\t\t\t\t\t\t\t\t<li><i class=\"icon-lang icon-lang-it\"><\/i><\/li>\n\t\t\t\t\t\t\t<\/ul>\n\t\t<\/div>\n\t<\/div>\n<\/div>\n\n\n\n<div class=\"wp-block-column\">\n<div class=\"wp-block-cloudweb-person-card is-style-with-languages wp-block-cloudweb-person-card-dynamic\">\n\t<div class=\"person-card-info\">\n\t\t<div class=\"person-card-image\">\n\t\t\t<img decoding=\"async\" src=\"https:\/\/granagroup.eu\/wp-content\/uploads\/2023\/12\/Cysewski_Max_GRANA_2022.jpg\" alt=\"\" width=\"800\" height=\"800\" loading=\"lazy\" \/>\t\t<\/div>\n\t\t<div class=\"person-card-details\">\n\t\t\t<h2 class=\"person-card-name\">Maximilian von Cysewski<\/h2>\n\t\t\t<p class=\"person-card-detail\">Trader &amp; Field sourcing<\/p><\/div>\n\t<\/div>\n\t<div class=\"person-card-contact\">\n\t\t\t\t\t<p class=\"person-card-phone\">\n\t\t\t\t<a href=\"tel:+4930300109805\" itemprop=\"telephone\" title=\"Call us\">+49 303 0010 9805<\/a>\t\t\t<\/p>\n\t\t\t\t\t\t\t\t\t\t\t\t\t\t<p class=\"person-card-mobile\">\n\t\t\t\t\t<a href=\"tel:+491712708799\" itemprop=\"telephone\" title=\"Call us\">+49 171 270 8799<\/a>\t\t\t\t<\/p>\n\t\t\t\t\t\t\t\t\t\t<p class=\"person-card-mail\">\n\t\t\t\t<a href=\"mailto:%6d&#97;%78%69%6d%69&#108;&#105;%61%6e&#46;%63%79&#115;e&#119;%73%6b&#105;&#64;&#103;r&#97;n&#97;%67ro&#117;%70%2ee&#117;\" title=\"Email us\" itemprop=\"email\">ma&#120;&#105;&#109;&#105;&#108;&#105;&#97;n.c&#121;s&#101;&#119;s&#107;i&#64;gran&#97;gro&#117;&#112;&#46;&#101;&#117;<\/a>\t\t\t<\/p>\n\t\t\n\t<\/div>\n\t\t\t<div class=\"person-card-languages\">\n\t\t\t<span>Languages<\/span>\n\t\t\t<ul class=\"languages-list\">\n\t\t\t\t\t\t\t\t\t<li><i class=\"icon-lang icon-lang-de\"><\/i><\/li>\n\t\t\t\t\t\t\t\t\t<li><i class=\"icon-lang icon-lang-en\"><\/i><\/li>\n\t\t\t\t\t\t\t<\/ul>\n\t\t<\/div>\n\t<\/div>\n<\/div>\n\n\n\n<div class=\"wp-block-column\">\n<div class=\"wp-block-cloudweb-person-card is-style-with-languages wp-block-cloudweb-person-card-dynamic\">\n\t<div class=\"person-card-info\">\n\t\t<div class=\"person-card-image\">\n\t\t\t<img decoding=\"async\" src=\"https:\/\/granagroup.eu\/wp-content\/uploads\/2024\/07\/Friedrich_Mechler_GRANA_2024-1.jpg\" alt=\"\" width=\"472\" height=\"463\" loading=\"lazy\" \/>\t\t<\/div>\n\t\t<div class=\"person-card-details\">\n\t\t\t<h2 class=\"person-card-name\">Friedrich Mechler<\/h2>\n\t\t\t<p class=\"person-card-detail\">H\u00e4ndler<\/p><\/div>\n\t<\/div>\n\t<div class=\"person-card-contact\">\n\t\t\t\t\t<p class=\"person-card-phone\">\n\t\t\t\t<a href=\"tel:+4930300109802\" itemprop=\"telephone\" title=\"Call us\">+49 303 0010 9802<\/a>\t\t\t<\/p>\n\t\t\t\t\t\t\t\t\t\t\t\t\t\t<p class=\"person-card-mobile\">\n\t\t\t\t\t<a href=\"tel:+4915153434516\" itemprop=\"telephone\" title=\"Call us\">+49 151 5343 4516<\/a>\t\t\t\t<\/p>\n\t\t\t\t\t\t\t\t\t\t<p class=\"person-card-mail\">\n\t\t\t\t<a href=\"mailto:fr%69ed&#114;%69%63h&#46;%6de&#99;hle%72&#64;&#103;&#114;%61&#110;%61g%72%6f%75&#112;&#46;e&#117;\" title=\"Email us\" itemprop=\"email\">fr&#105;&#101;&#100;&#114;i&#99;&#104;.me&#99;h&#108;e&#114;&#64;&#103;ran&#97;&#103;r&#111;up.&#101;u<\/a>\t\t\t<\/p>\n\t\t\n\t<\/div>\n\t\t\t<div class=\"person-card-languages\">\n\t\t\t<span>Languages<\/span>\n\t\t\t<ul class=\"languages-list\">\n\t\t\t\t\t\t\t\t\t<li><i class=\"icon-lang icon-lang-de\"><\/i><\/li>\n\t\t\t\t\t\t\t\t\t<li><i class=\"icon-lang icon-lang-en\"><\/i><\/li>\n\t\t\t\t\t\t\t<\/ul>\n\t\t<\/div>\n\t<\/div>\n<\/div>\n<\/div>\n\n\n\n<div class=\"wp-block-columns\">\n<div class=\"wp-block-column\">\n<p>Ju\u017en\u00e9 Nemecko, Rak\u00fasko, Ma\u010farsko, \u010cesk\u00e1 republika<\/p>\n<\/div>\n\n\n\n<div class=\"wp-block-column\">\n<p><\/p>\n<\/div>\n\n\n\n<div class=\"wp-block-column\">\n<p><\/p>\n<\/div>\n<\/div>\n\n\n\n<div class=\"wp-block-columns\">\n<div class=\"wp-block-column\">\n<div class=\"wp-block-cloudweb-person-card is-style-with-languages wp-block-cloudweb-person-card-dynamic\">\n\t<div class=\"person-card-info\">\n\t\t<div class=\"person-card-image\">\n\t\t\t<img decoding=\"async\" src=\"https:\/\/granagroup.eu\/wp-content\/uploads\/2023\/12\/Zacek_Vaclav_GRANA_2023.jpg\" alt=\"\" width=\"475\" height=\"475\" loading=\"lazy\" \/>\t\t<\/div>\n\t\t<div class=\"person-card-details\">\n\t\t\t<h2 class=\"person-card-name\">Vaclav Zacek<\/h2>\n\t\t\t<p class=\"person-card-detail\">Field sourcing<\/p><\/div>\n\t<\/div>\n\t<div class=\"person-card-contact\">\n\t\t\t\t\t<p class=\"person-card-phone\">\n\t\t\t\t<a href=\"tel:+4930300109808\" itemprop=\"telephone\" title=\"Call us\">+49 303 0010 9808<\/a>\t\t\t<\/p>\n\t\t\t\t\t\t\t\t\t\t\t\t\t\t<p class=\"person-card-mobile\">\n\t\t\t\t\t<a href=\"tel:+491704505200\" itemprop=\"telephone\" title=\"Call us\">+49 170 4505 200<\/a>\t\t\t\t<\/p>\n\t\t\t\t\t\t\t\t\t\t<p class=\"person-card-mail\">\n\t\t\t\t<a href=\"mailto:&#118;%61&#99;%6c%61%76.%7aace&#107;%40&#103;r&#97;n&#97;&#103;&#114;o%75p%2e&#101;&#117;\" title=\"Email us\" itemprop=\"email\">&#118;&#97;&#99;lav&#46;za&#99;&#101;&#107;&#64;&#103;&#114;&#97;na&#103;&#114;&#111;up&#46;&#101;&#117;<\/a>\t\t\t<\/p>\n\t\t\n\t<\/div>\n\t\t\t<div class=\"person-card-languages\">\n\t\t\t<span>Languages<\/span>\n\t\t\t<ul class=\"languages-list\">\n\t\t\t\t\t\t\t\t\t<li><i class=\"icon-lang icon-lang-de\"><\/i><\/li>\n\t\t\t\t\t\t\t\t\t<li><i class=\"icon-lang icon-lang-cz\"><\/i><\/li>\n\t\t\t\t\t\t\t<\/ul>\n\t\t<\/div>\n\t<\/div>\n<\/div>\n\n\n\n<div class=\"wp-block-column\"><\/div>\n\n\n\n<div class=\"wp-block-column\"><\/div>\n<\/div>\n\n\n\n<div class=\"wp-block-buttons\">\n<div class=\"wp-block-button is-style-fill is-style-fill--1\"><a class=\"wp-block-button__link wp-element-button\" href=\"https:\/\/granagroup.eu\/sk\/granabio-das-bio-team\/\">The entire organic team<\/a><\/div>\n<\/div>\n","protected":false},"excerpt":{"rendered":"<p>Pod ozna\u010den\u00edm granabio pracuje t\u00edm \u0161pecialistov spolo\u010dnosti granaagro deutschland gmbh na eur\u00f3pskom bio trhu z pobo\u010dky v berl\u00edne. Odtia\u013e zabezpe\u010dujeme n\u00e1kup nielen pre dru\u017estvo fenaco vo \u0160vaj\u010diarsku, ale vedieme aj cel\u00fd eur\u00f3psky bio obchod.&nbsp; Skupina granaagro Deutschland GmbH pon\u00faka so svoj\u00edm t\u00edmom bezpe\u010dn\u00fd n\u00e1kup biologicky vyroben\u00fdch surov\u00edn od fariem, prvotn\u00fdch zbern\u00fdch miest alebo spracovate\u013eov. Sme [&hellip;]<\/p>\n","protected":false},"author":4,"featured_media":0,"parent":0,"menu_order":0,"comment_status":"closed","ping_status":"closed","template":"","meta":{"_acf_changed":false,"inline_featured_image":false,"_genesis_hide_title":false,"_genesis_hide_breadcrumbs":false,"_genesis_hide_singular_image":false,"_genesis_hide_footer_widgets":false,"_genesis_custom_body_class":"","_genesis_custom_post_class":"","_genesis_layout":"","footnotes":""},"class_list":{"0":"post-1759","1":"page","2":"type-page","3":"status-publish","5":"entry"},"acf":[],"_links":{"self":[{"href":"https:\/\/granagroup.eu\/sk\/wp-json\/wp\/v2\/pages\/1759","targetHints":{"allow":["GET"]}}],"collection":[{"href":"https:\/\/granagroup.eu\/sk\/wp-json\/wp\/v2\/pages"}],"about":[{"href":"https:\/\/granagroup.eu\/sk\/wp-json\/wp\/v2\/types\/page"}],"author":[{"embeddable":true,"href":"https:\/\/granagroup.eu\/sk\/wp-json\/wp\/v2\/users\/4"}],"replies":[{"embeddable":true,"href":"https:\/\/granagroup.eu\/sk\/wp-json\/wp\/v2\/comments?post=1759"}],"version-history":[{"count":0,"href":"https:\/\/granagroup.eu\/sk\/wp-json\/wp\/v2\/pages\/1759\/revisions"}],"wp:attachment":[{"href":"https:\/\/granagroup.eu\/sk\/wp-json\/wp\/v2\/media?parent=1759"}],"curies":[{"name":"wp","href":"https:\/\/api.w.org\/{rel}","templated":true}]}}