{"id":3511,"date":"2023-12-22T08:11:04","date_gmt":"2023-12-22T07:11:04","guid":{"rendered":"https:\/\/granagroup.eu\/getreide\/"},"modified":"2025-10-22T09:23:58","modified_gmt":"2025-10-22T08:23:58","slug":"getreide","status":"publish","type":"page","link":"https:\/\/granagroup.eu\/sk\/getreide\/","title":{"rendered":"Obilniny"},"content":{"rendered":"\n<p>Obchodovanie s obil\u00edm je u\u017e viac ako 100 rokov z\u00e1kladn\u00fdm pilierom na\u0161ej \u010dinnosti. Spolo\u010dnos\u0165 granaagro nakupuje a pred\u00e1va potravin\u00e1rske ako aj k\u0155mne obilie a v\u010faka svojej medzin\u00e1rodnej sieti je siln\u00fdm partnerom pre z\u00e1kazn\u00edkov.<\/p>\n\n\n\n<p>Na\u0161imi najd\u00f4le\u017eitej\u0161\u00edmi obchodn\u00fdmi produktmi s\u00fa p\u0161enica, kukurica, ja\u010dme\u0148, ovos, ra\u017e, tritikale, \u0161palda, dvojzrnn\u00e1 p\u0161enica, jednozrnn\u00e1 p\u0161enica, poh\u00e1nka, cirok, cirok dvojfarebn\u00fd, ry\u017ea a tvrd\u00e1 p\u0161enica.<\/p>\n\n\n\n<hr class=\"wp-block-separator has-alpha-channel-opacity is-style-dots\"\/>\n\n\n\n<h3 class=\"wp-block-heading\"><strong>Va\u0161e kontakty pre obchod<\/strong><\/h3>\n\n\n\n<div class=\"wp-block-columns\">\n<div class=\"wp-block-column\">\n<p>V\u0161etky regi\u00f3ny<\/p>\n<\/div>\n\n\n\n<div class=\"wp-block-column\">\n<p>Nemecko, Taliansko, Rumunsko, \u0160vaj\u010diarsko, Ma\u010farsko, Ukrajina<\/p>\n<\/div>\n\n\n\n<div class=\"wp-block-column\">\n<p>Belgicko, Franc\u00fazsko, Luxembursko, Holandsko, \u0160vaj\u010diarsko<\/p>\n<\/div>\n<\/div>\n\n\n\n<div class=\"wp-block-columns\">\n<div class=\"wp-block-column\">\n<div class=\"wp-block-cloudweb-person-card is-style-with-languages wp-block-cloudweb-person-card-dynamic\">\n\t<div class=\"person-card-info\">\n\t\t<div class=\"person-card-image\">\n\t\t\t<img decoding=\"async\" src=\"https:\/\/granagroup.eu\/wp-content\/uploads\/2024\/03\/Berner_Juerg_GOF_2019.jpg\" alt=\"\" width=\"800\" height=\"800\" loading=\"lazy\" \/>\t\t<\/div>\n\t\t<div class=\"person-card-details\">\n\t\t\t<h2 class=\"person-card-name\">J\u00fcrg Berner<\/h2>\n\t\t\t<p class=\"person-card-detail\">Head of business division trading conventional \/ Member of the extended Managing board<\/p><\/div>\n\t<\/div>\n\t<div class=\"person-card-contact\">\n\t\t\t\t\t<p class=\"person-card-phone\">\n\t\t\t\t<a href=\"tel:+42588884316\" itemprop=\"telephone\" title=\"Call us\">+42 588 884 316<\/a>\t\t\t<\/p>\n\t\t\t\t\t\t\t\t\t\t\t\t\t\t<p class=\"person-card-mobile\">\n\t\t\t\t\t<a href=\"tel:+41796474923\" itemprop=\"telephone\" title=\"Call us\">+41 79 647 49 23<\/a>\t\t\t\t<\/p>\n\t\t\t\t\t\t\t\t\t\t<p class=\"person-card-mail\">\n\t\t\t\t<a href=\"mailto:j&#117;e%72g%2e&#98;&#101;%72&#110;e%72&#64;&#103;%72%61&#110;&#97;g%72&#111;&#117;&#112;.%65%75\" title=\"Email us\" itemprop=\"email\">&#106;&#117;&#101;rg.&#98;&#101;r&#110;er&#64;&#103;ran&#97;&#103;&#114;&#111;up&#46;e&#117;<\/a>\t\t\t<\/p>\n\t\t\n\t<\/div>\n\t\t\t<div class=\"person-card-languages\">\n\t\t\t<span>Languages<\/span>\n\t\t\t<ul class=\"languages-list\">\n\t\t\t\t\t\t\t\t\t<li><i class=\"icon-lang icon-lang-de\"><\/i><\/li>\n\t\t\t\t\t\t\t\t\t<li><i class=\"icon-lang icon-lang-fr\"><\/i><\/li>\n\t\t\t\t\t\t\t\t\t<li><i class=\"icon-lang icon-lang-en\"><\/i><\/li>\n\t\t\t\t\t\t\t\t\t<li><i class=\"icon-lang icon-lang-cz\"><\/i><\/li>\n\t\t\t\t\t\t\t\t\t<li><i class=\"icon-lang icon-lang-it\"><\/i><\/li>\n\t\t\t\t\t\t\t<\/ul>\n\t\t<\/div>\n\t<\/div>\n<\/div>\n\n\n\n<div class=\"wp-block-column\">\n<div class=\"wp-block-cloudweb-person-card is-style-with-languages wp-block-cloudweb-person-card-dynamic\">\n\t<div class=\"person-card-info\">\n\t\t<div class=\"person-card-image\">\n\t\t\t<img decoding=\"async\" src=\"https:\/\/granagroup.eu\/wp-content\/uploads\/2023\/12\/Windlin_Marco_GRANA_2022.jpg\" alt=\"\" width=\"443\" height=\"443\" loading=\"lazy\" \/>\t\t<\/div>\n\t\t<div class=\"person-card-details\">\n\t\t\t<h2 class=\"person-card-name\">Marco Windlin<\/h2>\n\t\t\t<p class=\"person-card-detail\">Trader<\/p><\/div>\n\t<\/div>\n\t<div class=\"person-card-contact\">\n\t\t\t\t\t<p class=\"person-card-phone\">\n\t\t\t\t<a href=\"tel:+4980333046618\" itemprop=\"telephone\" title=\"Call us\">+49 8033 304 66 18<\/a>\t\t\t<\/p>\n\t\t\t\t\t\t\t\t\t\t\t\t\t\t<p class=\"person-card-mobile\">\n\t\t\t\t\t<a href=\"tel:+491604075419\" itemprop=\"telephone\" title=\"Call us\">+49 1604 07 54 19<\/a>\t\t\t\t<\/p>\n\t\t\t\t\t\t\t\t\t\t<p class=\"person-card-mail\">\n\t\t\t\t<a href=\"mailto:m%61r%63%6f&#46;w&#105;n%64%6ci%6e%40&#103;ra&#110;%61g&#114;&#111;%75&#112;&#46;e&#117;\" title=\"Email us\" itemprop=\"email\">&#109;&#97;rco&#46;w&#105;ndlin&#64;&#103;ra&#110;&#97;g&#114;ou&#112;.&#101;u<\/a>\t\t\t<\/p>\n\t\t\n\t<\/div>\n\t\t\t<div class=\"person-card-languages\">\n\t\t\t<span>Languages<\/span>\n\t\t\t<ul class=\"languages-list\">\n\t\t\t\t\t\t\t\t\t<li><i class=\"icon-lang icon-lang-de\"><\/i><\/li>\n\t\t\t\t\t\t\t\t\t<li><i class=\"icon-lang icon-lang-fr\"><\/i><\/li>\n\t\t\t\t\t\t\t\t\t<li><i class=\"icon-lang icon-lang-en\"><\/i><\/li>\n\t\t\t\t\t\t\t<\/ul>\n\t\t<\/div>\n\t<\/div>\n<\/div>\n\n\n\n<div class=\"wp-block-column\">\n<div class=\"wp-block-cloudweb-person-card is-style-with-languages wp-block-cloudweb-person-card-dynamic\">\n\t<div class=\"person-card-info\">\n\t\t<div class=\"person-card-image\">\n\t\t\t<img decoding=\"async\" src=\"https:\/\/granagroup.eu\/wp-content\/uploads\/2023\/12\/Jakob_Stephan_GRANA_2022.jpg\" alt=\"\" width=\"800\" height=\"800\" loading=\"lazy\" \/>\t\t<\/div>\n\t\t<div class=\"person-card-details\">\n\t\t\t<h2 class=\"person-card-name\">Stephan Jakob<\/h2>\n\t\t\t<p class=\"person-card-detail\">Trader<\/p><\/div>\n\t<\/div>\n\t<div class=\"person-card-contact\">\n\t\t\t\t\t<p class=\"person-card-phone\">\n\t\t\t\t<a href=\"tel:+4976215879024\" itemprop=\"telephone\" title=\"Call us\">+49 7621 587 90 24<\/a>\t\t\t<\/p>\n\t\t\t\t\t\t\t\t\t\t\t\t\t\t\t\t\t<p class=\"person-card-mail\">\n\t\t\t\t<a href=\"mailto:%73t&#101;&#112;%68a%6e%2eja%6b&#111;b&#64;%67r%61n%61g&#114;&#111;%75&#112;&#46;&#101;&#117;\" title=\"Email us\" itemprop=\"email\">&#115;&#116;&#101;p&#104;an.jak&#111;b&#64;&#103;&#114;a&#110;&#97;gro&#117;&#112;.&#101;u<\/a>\t\t\t<\/p>\n\t\t\n\t<\/div>\n\t\t\t<div class=\"person-card-languages\">\n\t\t\t<span>Languages<\/span>\n\t\t\t<ul class=\"languages-list\">\n\t\t\t\t\t\t\t\t\t<li><i class=\"icon-lang icon-lang-fr\"><\/i><\/li>\n\t\t\t\t\t\t\t\t\t<li><i class=\"icon-lang icon-lang-de\"><\/i><\/li>\n\t\t\t\t\t\t\t\t\t<li><i class=\"icon-lang icon-lang-en\"><\/i><\/li>\n\t\t\t\t\t\t\t<\/ul>\n\t\t<\/div>\n\t<\/div>\n<\/div>\n<\/div>\n\n\n\n<div class=\"wp-block-columns\">\n<div class=\"wp-block-column\">\n<p>Nemecko, Taliansko, \u0160vaj\u010diarsko<\/p>\n<\/div>\n\n\n\n<div class=\"wp-block-column\">\n<p><\/p>\n<\/div>\n\n\n\n<div class=\"wp-block-column\"><\/div>\n<\/div>\n\n\n\n<div class=\"wp-block-columns\">\n<div class=\"wp-block-column\">\n<div class=\"wp-block-cloudweb-person-card is-style-with-languages wp-block-cloudweb-person-card-dynamic\">\n\t<div class=\"person-card-info\">\n\t\t<div class=\"person-card-image\">\n\t\t\t<img decoding=\"async\" src=\"https:\/\/granagroup.eu\/wp-content\/uploads\/2023\/12\/Hund_Werner_GRANA_2023.jpg\" alt=\"\" width=\"476\" height=\"476\" loading=\"lazy\" \/>\t\t<\/div>\n\t\t<div class=\"person-card-details\">\n\t\t\t<h2 class=\"person-card-name\">Werner Hund<\/h2>\n\t\t\t<p class=\"person-card-detail\">Trader<\/p><\/div>\n\t<\/div>\n\t<div class=\"person-card-contact\">\n\t\t\t\t\t<p class=\"person-card-phone\">\n\t\t\t\t<a href=\"tel:+4975849278930\" itemprop=\"telephone\" title=\"Call us\">+49 7584 927 89 30<\/a>\t\t\t<\/p>\n\t\t\t\t\t\t\t\t\t\t\t\t\t\t<p class=\"person-card-mobile\">\n\t\t\t\t\t<a href=\"tel:+4915140714445\" itemprop=\"telephone\" title=\"Call us\">+49 1514 071 44 45<\/a>\t\t\t\t<\/p>\n\t\t\t\t\t\t\t\t\t\t<p class=\"person-card-mail\">\n\t\t\t\t<a href=\"mailto:%77%65&#114;%6e%65r&#46;hu%6ed&#64;&#103;ra&#110;a&#103;&#114;%6f%75p&#46;%65%75\" title=\"Email us\" itemprop=\"email\">&#119;e&#114;&#110;er&#46;&#104;u&#110;&#100;&#64;&#103;&#114;&#97;&#110;ag&#114;o&#117;p&#46;&#101;u<\/a>\t\t\t<\/p>\n\t\t\n\t<\/div>\n\t\t\t<div class=\"person-card-languages\">\n\t\t\t<span>Languages<\/span>\n\t\t\t<ul class=\"languages-list\">\n\t\t\t\t\t\t\t\t\t<li><i class=\"icon-lang icon-lang-de\"><\/i><\/li>\n\t\t\t\t\t\t\t<\/ul>\n\t\t<\/div>\n\t<\/div>\n<\/div>\n\n\n\n<div class=\"wp-block-column\"><\/div>\n\n\n\n<div class=\"wp-block-column\"><\/div>\n<\/div>\n\n\n\n<div class=\"wp-block-columns\">\n<div class=\"wp-block-column\"><\/div>\n\n\n\n<div class=\"wp-block-column\"><\/div>\n\n\n\n<div class=\"wp-block-column\"><\/div>\n\n\n\n<div class=\"wp-block-column\"><\/div>\n<\/div>\n","protected":false},"excerpt":{"rendered":"<p>Obchodovanie s obil\u00edm je u\u017e viac ako 100 rokov z\u00e1kladn\u00fdm pilierom na\u0161ej \u010dinnosti. Spolo\u010dnos\u0165 granaagro nakupuje a pred\u00e1va potravin\u00e1rske ako aj k\u0155mne obilie a v\u010faka svojej medzin\u00e1rodnej sieti je siln\u00fdm partnerom pre z\u00e1kazn\u00edkov. Na\u0161imi najd\u00f4le\u017eitej\u0161\u00edmi obchodn\u00fdmi produktmi s\u00fa p\u0161enica, kukurica, ja\u010dme\u0148, ovos, ra\u017e, tritikale, \u0161palda, dvojzrnn\u00e1 p\u0161enica, jednozrnn\u00e1 p\u0161enica, poh\u00e1nka, cirok, cirok dvojfarebn\u00fd, ry\u017ea a [&hellip;]<\/p>\n","protected":false},"author":5,"featured_media":0,"parent":0,"menu_order":0,"comment_status":"closed","ping_status":"closed","template":"","meta":{"_acf_changed":false,"inline_featured_image":false,"_genesis_hide_title":false,"_genesis_hide_breadcrumbs":false,"_genesis_hide_singular_image":false,"_genesis_hide_footer_widgets":false,"_genesis_custom_body_class":"","_genesis_custom_post_class":"","_genesis_layout":"","footnotes":""},"class_list":{"0":"post-3511","1":"page","2":"type-page","3":"status-publish","5":"entry"},"acf":[],"_links":{"self":[{"href":"https:\/\/granagroup.eu\/sk\/wp-json\/wp\/v2\/pages\/3511","targetHints":{"allow":["GET"]}}],"collection":[{"href":"https:\/\/granagroup.eu\/sk\/wp-json\/wp\/v2\/pages"}],"about":[{"href":"https:\/\/granagroup.eu\/sk\/wp-json\/wp\/v2\/types\/page"}],"author":[{"embeddable":true,"href":"https:\/\/granagroup.eu\/sk\/wp-json\/wp\/v2\/users\/5"}],"replies":[{"embeddable":true,"href":"https:\/\/granagroup.eu\/sk\/wp-json\/wp\/v2\/comments?post=3511"}],"version-history":[{"count":0,"href":"https:\/\/granagroup.eu\/sk\/wp-json\/wp\/v2\/pages\/3511\/revisions"}],"wp:attachment":[{"href":"https:\/\/granagroup.eu\/sk\/wp-json\/wp\/v2\/media?parent=3511"}],"curies":[{"name":"wp","href":"https:\/\/api.w.org\/{rel}","templated":true}]}}