{"id":3513,"date":"2023-12-22T08:13:46","date_gmt":"2023-12-22T07:13:46","guid":{"rendered":"https:\/\/granagroup.eu\/leguminosen\/"},"modified":"2025-10-22T09:39:49","modified_gmt":"2025-10-22T08:39:49","slug":"leguminosen","status":"publish","type":"page","link":"https:\/\/granagroup.eu\/sk\/leguminosen\/","title":{"rendered":"Strukoviny"},"content":{"rendered":"\n<p>Spolo\u010dnos\u0165 granaagro nakupuje a pred\u00e1va plodiny bohat\u00e9 na bielkoviny po celej Eur\u00f3pe. Na\u0161imi najd\u00f4le\u017eitej\u0161\u00edmi obchodn\u00fdmi produktmi s\u00fa hrach, fazu\u013ea, b\u00f4b a \u0161o\u0161ovica.<\/p>\n\n\n\n<hr class=\"wp-block-separator has-alpha-channel-opacity is-style-dots\"\/>\n\n\n\n<h3 class=\"wp-block-heading\"><strong>Va\u0161e kontakty pre obchod<\/strong><\/h3>\n\n\n\n<div style=\"height:10px\" aria-hidden=\"true\" class=\"wp-block-spacer\"><\/div>\n\n\n\n<div class=\"wp-block-columns\">\n<div class=\"wp-block-column\">\n<p>Belgicko, Franc\u00fazsko, Luxembursko, Holandsko, \u0160vaj\u010diarsko<\/p>\n<\/div>\n\n\n\n<div class=\"wp-block-column\">\n<p>Nemecko, Taliansko, \u0160vaj\u010diarsko<\/p>\n<\/div>\n\n\n\n<div class=\"wp-block-column\">\n<p>Rak\u00fasko, Slovensko, \u0160vaj\u010diarsko, \u010cesk\u00e1 republika<\/p>\n<\/div>\n<\/div>\n\n\n\n<div class=\"wp-block-columns\">\n<div class=\"wp-block-column\">\n<div class=\"wp-block-cloudweb-person-card is-style-with-languages wp-block-cloudweb-person-card-dynamic\">\n\t<div class=\"person-card-info\">\n\t\t<div class=\"person-card-image\">\n\t\t\t<img decoding=\"async\" src=\"https:\/\/granagroup.eu\/wp-content\/uploads\/2023\/12\/Jakob_Stephan_GRANA_2022.jpg\" alt=\"\" width=\"800\" height=\"800\" loading=\"lazy\" \/>\t\t<\/div>\n\t\t<div class=\"person-card-details\">\n\t\t\t<h2 class=\"person-card-name\">Stephan Jakob<\/h2>\n\t\t\t<p class=\"person-card-detail\">H\u00e4ndler<\/p><\/div>\n\t<\/div>\n\t<div class=\"person-card-contact\">\n\t\t\t\t\t<p class=\"person-card-phone\">\n\t\t\t\t<a href=\"tel:+4976215879024\" itemprop=\"telephone\" title=\"Call us\">+49 7621 587 90 24<\/a>\t\t\t<\/p>\n\t\t\t\t\t\t\t\t\t\t\t\t\t\t\t\t\t<p class=\"person-card-mail\">\n\t\t\t\t<a href=\"mailto:%73te%70h%61n%2e&#106;%61%6b%6fb%40&#103;ra&#110;a%67&#114;&#111;u&#112;%2ee%75\" title=\"Email us\" itemprop=\"email\">st&#101;p&#104;a&#110;.ja&#107;o&#98;&#64;g&#114;&#97;n&#97;&#103;ro&#117;&#112;&#46;&#101;u<\/a>\t\t\t<\/p>\n\t\t\n\t<\/div>\n\t\t\t<div class=\"person-card-languages\">\n\t\t\t<span>Languages<\/span>\n\t\t\t<ul class=\"languages-list\">\n\t\t\t\t\t\t\t\t\t<li><i class=\"icon-lang icon-lang-fr\"><\/i><\/li>\n\t\t\t\t\t\t\t\t\t<li><i class=\"icon-lang icon-lang-de\"><\/i><\/li>\n\t\t\t\t\t\t\t\t\t<li><i class=\"icon-lang icon-lang-en\"><\/i><\/li>\n\t\t\t\t\t\t\t<\/ul>\n\t\t<\/div>\n\t<\/div>\n<\/div>\n\n\n\n<div class=\"wp-block-column\">\n<div class=\"wp-block-cloudweb-person-card is-style-with-languages wp-block-cloudweb-person-card-dynamic\">\n\t<div class=\"person-card-info\">\n\t\t<div class=\"person-card-image\">\n\t\t\t<img decoding=\"async\" src=\"https:\/\/granagroup.eu\/wp-content\/uploads\/2023\/12\/Hund_Werner_GRANA_2023.jpg\" alt=\"\" width=\"476\" height=\"476\" loading=\"lazy\" \/>\t\t<\/div>\n\t\t<div class=\"person-card-details\">\n\t\t\t<h2 class=\"person-card-name\">Werner Hund<\/h2>\n\t\t\t<p class=\"person-card-detail\">H\u00e4ndler<\/p><\/div>\n\t<\/div>\n\t<div class=\"person-card-contact\">\n\t\t\t\t\t<p class=\"person-card-phone\">\n\t\t\t\t<a href=\"tel:+4975849278930\" itemprop=\"telephone\" title=\"Call us\">+49 7584 927 89 30<\/a>\t\t\t<\/p>\n\t\t\t\t\t\t\t\t\t\t\t\t\t\t<p class=\"person-card-mobile\">\n\t\t\t\t\t<a href=\"tel:+4915140714445\" itemprop=\"telephone\" title=\"Call us\">+49 1514 071 44 45<\/a>\t\t\t\t<\/p>\n\t\t\t\t\t\t\t\t\t\t<p class=\"person-card-mail\">\n\t\t\t\t<a href=\"mailto:%77%65r%6e&#101;r.&#104;u&#110;%64%40%67r%61&#110;%61%67%72o%75&#112;%2e%65&#117;\" title=\"Email us\" itemprop=\"email\">&#119;erner.hu&#110;d&#64;&#103;&#114;ana&#103;&#114;oup.&#101;&#117;<\/a>\t\t\t<\/p>\n\t\t\n\t<\/div>\n\t\t\t<div class=\"person-card-languages\">\n\t\t\t<span>Languages<\/span>\n\t\t\t<ul class=\"languages-list\">\n\t\t\t\t\t\t\t\t\t<li><i class=\"icon-lang icon-lang-de\"><\/i><\/li>\n\t\t\t\t\t\t\t<\/ul>\n\t\t<\/div>\n\t<\/div>\n<\/div>\n\n\n\n<div class=\"wp-block-column\">\n<div class=\"wp-block-cloudweb-person-card is-style-with-languages wp-block-cloudweb-person-card-dynamic\">\n\t<div class=\"person-card-info\">\n\t\t<div class=\"person-card-image\">\n\t\t\t<img decoding=\"async\" src=\"https:\/\/granagroup.eu\/wp-content\/uploads\/2024\/03\/Berner_Juerg_GOF_2019.jpg\" alt=\"\" width=\"800\" height=\"800\" loading=\"lazy\" \/>\t\t<\/div>\n\t\t<div class=\"person-card-details\">\n\t\t\t<h2 class=\"person-card-name\">J\u00fcrg Berner<\/h2>\n\t\t\t<p class=\"person-card-detail\">Head of business division trading conventional \/ Member of the extended Managing board<\/p><\/div>\n\t<\/div>\n\t<div class=\"person-card-contact\">\n\t\t\t\t\t<p class=\"person-card-phone\">\n\t\t\t\t<a href=\"tel:+42588884316\" itemprop=\"telephone\" title=\"Call us\">+42 588 884 316<\/a>\t\t\t<\/p>\n\t\t\t\t\t\t\t\t\t\t\t\t\t\t<p class=\"person-card-mobile\">\n\t\t\t\t\t<a href=\"tel:+41796474923\" itemprop=\"telephone\" title=\"Call us\">+41 79 647 49 23<\/a>\t\t\t\t<\/p>\n\t\t\t\t\t\t\t\t\t\t<p class=\"person-card-mail\">\n\t\t\t\t<a href=\"mailto:%6auerg&#46;&#98;%65%72ne&#114;&#64;%67&#114;an&#97;%67%72o%75%70.e%75\" title=\"Email us\" itemprop=\"email\">j&#117;&#101;rg&#46;ber&#110;e&#114;&#64;gra&#110;a&#103;&#114;ou&#112;.e&#117;<\/a>\t\t\t<\/p>\n\t\t\n\t<\/div>\n\t\t\t<div class=\"person-card-languages\">\n\t\t\t<span>Languages<\/span>\n\t\t\t<ul class=\"languages-list\">\n\t\t\t\t\t\t\t\t\t<li><i class=\"icon-lang icon-lang-de\"><\/i><\/li>\n\t\t\t\t\t\t\t\t\t<li><i class=\"icon-lang icon-lang-fr\"><\/i><\/li>\n\t\t\t\t\t\t\t\t\t<li><i class=\"icon-lang icon-lang-en\"><\/i><\/li>\n\t\t\t\t\t\t\t\t\t<li><i class=\"icon-lang icon-lang-cz\"><\/i><\/li>\n\t\t\t\t\t\t\t\t\t<li><i class=\"icon-lang icon-lang-it\"><\/i><\/li>\n\t\t\t\t\t\t\t<\/ul>\n\t\t<\/div>\n\t<\/div>\n<\/div>\n<\/div>\n","protected":false},"excerpt":{"rendered":"<p>Spolo\u010dnos\u0165 granaagro nakupuje a pred\u00e1va plodiny bohat\u00e9 na bielkoviny po celej Eur\u00f3pe. Na\u0161imi najd\u00f4le\u017eitej\u0161\u00edmi obchodn\u00fdmi produktmi s\u00fa hrach, fazu\u013ea, b\u00f4b a \u0161o\u0161ovica. Va\u0161e kontakty pre obchod Belgicko, Franc\u00fazsko, Luxembursko, Holandsko, \u0160vaj\u010diarsko Nemecko, Taliansko, \u0160vaj\u010diarsko Rak\u00fasko, Slovensko, \u0160vaj\u010diarsko, \u010cesk\u00e1 republika<\/p>\n","protected":false},"author":5,"featured_media":0,"parent":0,"menu_order":0,"comment_status":"closed","ping_status":"closed","template":"","meta":{"_acf_changed":false,"inline_featured_image":false,"_genesis_hide_title":false,"_genesis_hide_breadcrumbs":false,"_genesis_hide_singular_image":false,"_genesis_hide_footer_widgets":false,"_genesis_custom_body_class":"","_genesis_custom_post_class":"","_genesis_layout":"","footnotes":""},"class_list":{"0":"post-3513","1":"page","2":"type-page","3":"status-publish","5":"entry"},"acf":[],"_links":{"self":[{"href":"https:\/\/granagroup.eu\/sk\/wp-json\/wp\/v2\/pages\/3513","targetHints":{"allow":["GET"]}}],"collection":[{"href":"https:\/\/granagroup.eu\/sk\/wp-json\/wp\/v2\/pages"}],"about":[{"href":"https:\/\/granagroup.eu\/sk\/wp-json\/wp\/v2\/types\/page"}],"author":[{"embeddable":true,"href":"https:\/\/granagroup.eu\/sk\/wp-json\/wp\/v2\/users\/5"}],"replies":[{"embeddable":true,"href":"https:\/\/granagroup.eu\/sk\/wp-json\/wp\/v2\/comments?post=3513"}],"version-history":[{"count":0,"href":"https:\/\/granagroup.eu\/sk\/wp-json\/wp\/v2\/pages\/3513\/revisions"}],"wp:attachment":[{"href":"https:\/\/granagroup.eu\/sk\/wp-json\/wp\/v2\/media?parent=3513"}],"curies":[{"name":"wp","href":"https:\/\/api.w.org\/{rel}","templated":true}]}}