{"id":3515,"date":"2023-12-22T08:14:51","date_gmt":"2023-12-22T07:14:51","guid":{"rendered":"https:\/\/granagroup.eu\/oelsaaten-und-pflanzenoele\/"},"modified":"2025-10-22T09:44:42","modified_gmt":"2025-10-22T08:44:42","slug":"oelsaaten-und-pflanzenoele","status":"publish","type":"page","link":"https:\/\/granagroup.eu\/sk\/oelsaaten-und-pflanzenoele\/","title":{"rendered":"Olejnat\u00e9 semen\u00e1 a rastlinn\u00e9 oleje"},"content":{"rendered":"\n<p>Pri obchodovan\u00ed olejnat\u00fdch semien a rastlinn\u00fdch olejov \u00fazko spolupracujeme s rozsiahlou sie\u0165ou dod\u00e1vate\u013eov a spracovate\u013eov. Nakupujeme a pred\u00e1vame olejnat\u00e9 semen\u00e1 ako aj z nich vyroben\u00e9 oleje pre potravin\u00e1rske a krmovin\u00e1rske odvetvie.<\/p>\n\n\n\n<p>Na\u0161imi najd\u00f4le\u017eitej\u0161\u00edmi obchodn\u00fdmi produktmi s\u00fa repkov\u00e9 semen\u00e1, slne\u010dnicov\u00e9 semen\u00e1, repkov\u00fd olej, slne\u010dnicov\u00fd olej, \u013eanov\u00fd olej, s\u00f3jov\u00fd olej a palmov\u00fd olej.<\/p>\n\n\n\n<hr class=\"wp-block-separator has-alpha-channel-opacity is-style-dots\"\/>\n\n\n\n<h3 class=\"wp-block-heading\"><strong>Va\u0161e kontakty pre obchod<\/strong><\/h3>\n\n\n\n<div style=\"height:10px\" aria-hidden=\"true\" class=\"wp-block-spacer\"><\/div>\n\n\n\n<div class=\"wp-block-columns\">\n<div class=\"wp-block-column\">\n<div class=\"wp-block-cloudweb-person-card is-style-with-languages wp-block-cloudweb-person-card-dynamic\">\n\t<div class=\"person-card-info\">\n\t\t<div class=\"person-card-image\">\n\t\t\t<img decoding=\"async\" src=\"https:\/\/granagroup.eu\/wp-content\/uploads\/2023\/12\/Windlin_Marco_GRANA_2022.jpg\" alt=\"\" width=\"443\" height=\"443\" loading=\"lazy\" \/>\t\t<\/div>\n\t\t<div class=\"person-card-details\">\n\t\t\t<h2 class=\"person-card-name\">Marco Windlin<\/h2>\n\t\t\t<p class=\"person-card-detail\">H\u00e4ndler<\/p><\/div>\n\t<\/div>\n\t<div class=\"person-card-contact\">\n\t\t\t\t\t<p class=\"person-card-phone\">\n\t\t\t\t<a href=\"tel:+4980333046618\" itemprop=\"telephone\" title=\"Call us\">+49 8033 304 66 18<\/a>\t\t\t<\/p>\n\t\t\t\t\t\t\t\t\t\t\t\t\t\t<p class=\"person-card-mobile\">\n\t\t\t\t\t<a href=\"tel:+491604075419\" itemprop=\"telephone\" title=\"Call us\">+49 1604 07 54 19<\/a>\t\t\t\t<\/p>\n\t\t\t\t\t\t\t\t\t\t<p class=\"person-card-mail\">\n\t\t\t\t<a href=\"mailto:%6da%72%63o.w%69&#110;d%6c%69%6e%40%67r&#97;n&#97;%67&#114;o&#117;%70%2e&#101;u\" title=\"Email us\" itemprop=\"email\">&#109;ar&#99;&#111;&#46;wind&#108;i&#110;&#64;&#103;&#114;&#97;nag&#114;&#111;up&#46;&#101;u<\/a>\t\t\t<\/p>\n\t\t\n\t<\/div>\n\t\t\t<div class=\"person-card-languages\">\n\t\t\t<span>Languages<\/span>\n\t\t\t<ul class=\"languages-list\">\n\t\t\t\t\t\t\t\t\t<li><i class=\"icon-lang icon-lang-de\"><\/i><\/li>\n\t\t\t\t\t\t\t\t\t<li><i class=\"icon-lang icon-lang-fr\"><\/i><\/li>\n\t\t\t\t\t\t\t\t\t<li><i class=\"icon-lang icon-lang-en\"><\/i><\/li>\n\t\t\t\t\t\t\t<\/ul>\n\t\t<\/div>\n\t<\/div>\n<\/div>\n\n\n\n<div class=\"wp-block-column\"><\/div>\n\n\n\n<div class=\"wp-block-column\"><\/div>\n<\/div>\n","protected":false},"excerpt":{"rendered":"<p>Pri obchodovan\u00ed olejnat\u00fdch semien a rastlinn\u00fdch olejov \u00fazko spolupracujeme s rozsiahlou sie\u0165ou dod\u00e1vate\u013eov a spracovate\u013eov. Nakupujeme a pred\u00e1vame olejnat\u00e9 semen\u00e1 ako aj z nich vyroben\u00e9 oleje pre potravin\u00e1rske a krmovin\u00e1rske odvetvie. Na\u0161imi najd\u00f4le\u017eitej\u0161\u00edmi obchodn\u00fdmi produktmi s\u00fa repkov\u00e9 semen\u00e1, slne\u010dnicov\u00e9 semen\u00e1, repkov\u00fd olej, slne\u010dnicov\u00fd olej, \u013eanov\u00fd olej, s\u00f3jov\u00fd olej a palmov\u00fd olej. Va\u0161e kontakty pre obchod<\/p>\n","protected":false},"author":5,"featured_media":0,"parent":0,"menu_order":0,"comment_status":"closed","ping_status":"closed","template":"","meta":{"_acf_changed":false,"inline_featured_image":false,"_genesis_hide_title":false,"_genesis_hide_breadcrumbs":false,"_genesis_hide_singular_image":false,"_genesis_hide_footer_widgets":false,"_genesis_custom_body_class":"","_genesis_custom_post_class":"","_genesis_layout":"","footnotes":""},"class_list":{"0":"post-3515","1":"page","2":"type-page","3":"status-publish","5":"entry"},"acf":[],"_links":{"self":[{"href":"https:\/\/granagroup.eu\/sk\/wp-json\/wp\/v2\/pages\/3515","targetHints":{"allow":["GET"]}}],"collection":[{"href":"https:\/\/granagroup.eu\/sk\/wp-json\/wp\/v2\/pages"}],"about":[{"href":"https:\/\/granagroup.eu\/sk\/wp-json\/wp\/v2\/types\/page"}],"author":[{"embeddable":true,"href":"https:\/\/granagroup.eu\/sk\/wp-json\/wp\/v2\/users\/5"}],"replies":[{"embeddable":true,"href":"https:\/\/granagroup.eu\/sk\/wp-json\/wp\/v2\/comments?post=3515"}],"version-history":[{"count":0,"href":"https:\/\/granagroup.eu\/sk\/wp-json\/wp\/v2\/pages\/3515\/revisions"}],"wp:attachment":[{"href":"https:\/\/granagroup.eu\/sk\/wp-json\/wp\/v2\/media?parent=3515"}],"curies":[{"name":"wp","href":"https:\/\/api.w.org\/{rel}","templated":true}]}}