{"id":3516,"date":"2023-12-22T08:15:44","date_gmt":"2023-12-22T07:15:44","guid":{"rendered":"https:\/\/granagroup.eu\/futterproteine\/"},"modified":"2025-10-24T15:19:12","modified_gmt":"2025-10-24T14:19:12","slug":"futterproteine","status":"publish","type":"page","link":"https:\/\/granagroup.eu\/sk\/futterproteine\/","title":{"rendered":"Bielkovinov\u00e9 krmiv\u00e1"},"content":{"rendered":"\n<p>Pri obchodovan\u00ed s&nbsp;bielkovinov\u00fdmi krmivami sa spolo\u010dnos\u0165 granaagro spolieha na celoeur\u00f3psku a medzin\u00e1rodn\u00fa sie\u0165. Kvalitn\u00fd tovar nakupujeme \u010do najbli\u017e\u0161ie k v\u00fdrobcovi, aby sme sa vyhli dlh\u00fdm dod\u00e1vate\u013esk\u00fdm re\u0165azcom a mohli \u010do najlep\u0161ie ovplyvni\u0165 kvalitu a trvanlivos\u0165 v\u00fdrobkov.<\/p>\n\n\n\n<p>Na\u0161imi najd\u00f4le\u017eitej\u0161\u00edmi obchodn\u00fdmi produktmi s\u00fa s\u00f3jov\u00fd \u0161rot (s GMO a bez GMO), repkov\u00fd \u0161rot a slne\u010dnicov\u00fd \u0161rot.<\/p>\n\n\n\n<hr class=\"wp-block-separator has-alpha-channel-opacity is-style-dots\"\/>\n\n\n\n<h3 class=\"wp-block-heading\"><strong>Va\u0161e kontakty pre obchod<\/strong><\/h3>\n\n\n\n<div style=\"height:10px\" aria-hidden=\"true\" class=\"wp-block-spacer\"><\/div>\n\n\n\n<div class=\"wp-block-columns\">\n<div class=\"wp-block-column\">\n<div class=\"wp-block-cloudweb-person-card is-style-with-languages wp-block-cloudweb-person-card-dynamic\">\n\t<div class=\"person-card-info\">\n\t\t<div class=\"person-card-image\">\n\t\t\t<img decoding=\"async\" src=\"https:\/\/granagroup.eu\/wp-content\/uploads\/2023\/12\/Saboureault_Alexandre_GRANA_2022.jpg\" alt=\"\" width=\"800\" height=\"800\" loading=\"lazy\" \/>\t\t<\/div>\n\t\t<div class=\"person-card-details\">\n\t\t\t<h2 class=\"person-card-name\">Alexandre Saboureault<\/h2>\n\t\t\t<p class=\"person-card-detail\">Trader<\/p><\/div>\n\t<\/div>\n\t<div class=\"person-card-contact\">\n\t\t\t\t\t<p class=\"person-card-phone\">\n\t\t\t\t<a href=\"tel:+4976215879029\" itemprop=\"telephone\" title=\"Call us\">+49 7621 587 90 29<\/a>\t\t\t<\/p>\n\t\t\t\t\t\t\t\t\t\t\t\t\t\t<p class=\"person-card-mobile\">\n\t\t\t\t\t<a href=\"tel:+491706742574\" itemprop=\"telephone\" title=\"Call us\">+49 170 674 25 74<\/a>\t\t\t\t<\/p>\n\t\t\t\t\t\t\t\t\t\t<p class=\"person-card-mail\">\n\t\t\t\t<a href=\"mailto:%61&#108;&#101;%78%61nd&#114;%65%2e%73&#97;&#98;&#111;%75&#114;%65%61u%6c%74&#64;%67%72%61%6ea%67r%6f&#117;p&#46;%65u\" title=\"Email us\" itemprop=\"email\">&#97;l&#101;xa&#110;dr&#101;&#46;&#115;&#97;b&#111;&#117;rea&#117;l&#116;&#64;g&#114;&#97;&#110;ag&#114;ou&#112;&#46;eu<\/a>\t\t\t<\/p>\n\t\t\n\t<\/div>\n\t\t\t<div class=\"person-card-languages\">\n\t\t\t<span>Languages<\/span>\n\t\t\t<ul class=\"languages-list\">\n\t\t\t\t\t\t\t\t\t<li><i class=\"icon-lang icon-lang-fr\"><\/i><\/li>\n\t\t\t\t\t\t\t\t\t<li><i class=\"icon-lang icon-lang-en\"><\/i><\/li>\n\t\t\t\t\t\t\t\t\t<li><i class=\"icon-lang icon-lang-it\"><\/i><\/li>\n\t\t\t\t\t\t\t<\/ul>\n\t\t<\/div>\n\t<\/div>\n<\/div>\n\n\n\n<div class=\"wp-block-column\"><\/div>\n\n\n\n<div class=\"wp-block-column\"><\/div>\n<\/div>\n","protected":false},"excerpt":{"rendered":"<p>Pri obchodovan\u00ed s&nbsp;bielkovinov\u00fdmi krmivami sa spolo\u010dnos\u0165 granaagro spolieha na celoeur\u00f3psku a medzin\u00e1rodn\u00fa sie\u0165. Kvalitn\u00fd tovar nakupujeme \u010do najbli\u017e\u0161ie k v\u00fdrobcovi, aby sme sa vyhli dlh\u00fdm dod\u00e1vate\u013esk\u00fdm re\u0165azcom a mohli \u010do najlep\u0161ie ovplyvni\u0165 kvalitu a trvanlivos\u0165 v\u00fdrobkov. Na\u0161imi najd\u00f4le\u017eitej\u0161\u00edmi obchodn\u00fdmi produktmi s\u00fa s\u00f3jov\u00fd \u0161rot (s GMO a bez GMO), repkov\u00fd \u0161rot a slne\u010dnicov\u00fd \u0161rot. Va\u0161e kontakty [&hellip;]<\/p>\n","protected":false},"author":5,"featured_media":0,"parent":0,"menu_order":0,"comment_status":"closed","ping_status":"closed","template":"","meta":{"_acf_changed":false,"inline_featured_image":false,"_genesis_hide_title":false,"_genesis_hide_breadcrumbs":false,"_genesis_hide_singular_image":false,"_genesis_hide_footer_widgets":false,"_genesis_custom_body_class":"","_genesis_custom_post_class":"","_genesis_layout":"","footnotes":""},"class_list":{"0":"post-3516","1":"page","2":"type-page","3":"status-publish","5":"entry"},"acf":[],"_links":{"self":[{"href":"https:\/\/granagroup.eu\/sk\/wp-json\/wp\/v2\/pages\/3516","targetHints":{"allow":["GET"]}}],"collection":[{"href":"https:\/\/granagroup.eu\/sk\/wp-json\/wp\/v2\/pages"}],"about":[{"href":"https:\/\/granagroup.eu\/sk\/wp-json\/wp\/v2\/types\/page"}],"author":[{"embeddable":true,"href":"https:\/\/granagroup.eu\/sk\/wp-json\/wp\/v2\/users\/5"}],"replies":[{"embeddable":true,"href":"https:\/\/granagroup.eu\/sk\/wp-json\/wp\/v2\/comments?post=3516"}],"version-history":[{"count":0,"href":"https:\/\/granagroup.eu\/sk\/wp-json\/wp\/v2\/pages\/3516\/revisions"}],"wp:attachment":[{"href":"https:\/\/granagroup.eu\/sk\/wp-json\/wp\/v2\/media?parent=3516"}],"curies":[{"name":"wp","href":"https:\/\/api.w.org\/{rel}","templated":true}]}}