{"id":3517,"date":"2023-12-22T08:17:04","date_gmt":"2023-12-22T07:17:04","guid":{"rendered":"https:\/\/granagroup.eu\/nebenprodukte\/"},"modified":"2025-10-22T07:40:18","modified_gmt":"2025-10-22T06:40:18","slug":"nebenprodukte","status":"publish","type":"page","link":"https:\/\/granagroup.eu\/sk\/nebenprodukte\/","title":{"rendered":"Ved\u013eaj\u0161ie produkty"},"content":{"rendered":"\n<p>Spolo\u010dnos\u0165 granaagro obchoduje so \u0161irokou \u0161k\u00e1lou ved\u013eaj\u0161\u00edch produktov na v\u00fdrobu krm\u00edv pre zvierat\u00e1. V\u010faka na\u0161ej rozsiahlej sieti dok\u00e1\u017eeme nakupova\u0165 hodnotn\u00e9 ved\u013eaj\u0161ie produkty z r\u00f4znych priemyseln\u00fdch odvetv\u00ed a pred\u00e1va\u0165 ich na \u010fal\u0161ie vyu\u017eitie.<\/p>\n\n\n\n<p>Na\u0161imi najd\u00f4le\u017eitej\u0161\u00edmi obchodn\u00fdmi produktmi s\u00fa ved\u013eaj\u0161ie mlynsk\u00e9 produkty, kukuri\u010dn\u00e9 v\u00fdpalky DDGS, sladov\u00e9 kl\u00ed\u010dky, pivovarsk\u00e9 ml\u00e1to, melasov\u00e9 pelety, jablkov\u00e9 v\u00fdlisky, kakaov\u00e9 \u0161upky, p\u0161eni\u010dn\u00fd a kukuri\u010dn\u00fd lepok a objemov\u00e9 krmivo.<\/p>\n\n\n\n<hr class=\"wp-block-separator has-alpha-channel-opacity is-style-dots\"\/>\n\n\n\n<h3 class=\"wp-block-heading\"><strong>Va\u0161e kontakty pre obchod<\/strong><\/h3>\n\n\n\n<div style=\"height:10px\" aria-hidden=\"true\" class=\"wp-block-spacer\"><\/div>\n\n\n\n<div class=\"wp-block-columns\">\n<div class=\"wp-block-column\">\n<div class=\"wp-block-cloudweb-person-card is-style-with-languages wp-block-cloudweb-person-card-dynamic\">\n\t<div class=\"person-card-info\">\n\t\t<div class=\"person-card-image\">\n\t\t\t<img decoding=\"async\" src=\"https:\/\/granagroup.eu\/wp-content\/uploads\/2025\/05\/Christopher-Schreiner-V2_thb.jpg\" alt=\"\" width=\"1200\" height=\"1200\" loading=\"lazy\" \/>\t\t<\/div>\n\t\t<div class=\"person-card-details\">\n\t\t\t<h2 class=\"person-card-name\">Christopher Schreiner<\/h2>\n\t\t\t<p class=\"person-card-detail\">H\u00e4ndler<\/p><\/div>\n\t<\/div>\n\t<div class=\"person-card-contact\">\n\t\t\t\t\t<p class=\"person-card-phone\">\n\t\t\t\t<a href=\"tel:+4980333046616\" itemprop=\"telephone\" title=\"Call us\">+49 8033 304 66 16<\/a>\t\t\t<\/p>\n\t\t\t\t\t\t\t\t\t\t\t\t\t\t<p class=\"person-card-mobile\">\n\t\t\t\t\t<a href=\"tel:+4915151510398\" itemprop=\"telephone\" title=\"Call us\">+49 1515 151 03 98<\/a>\t\t\t\t<\/p>\n\t\t\t\t\t\t\t\t\t\t<p class=\"person-card-mail\">\n\t\t\t\t<a href=\"mailto:&#99;%68%72%69s%74o&#112;&#104;&#101;%72&#46;%73c%68%72e%69&#110;e%72&#64;%67&#114;%61&#110;&#97;&#103;r&#111;up%2ee&#117;\" title=\"Email us\" itemprop=\"email\">&#99;&#104;&#114;i&#115;&#116;&#111;p&#104;er&#46;&#115;c&#104;&#114;&#101;&#105;&#110;e&#114;&#64;&#103;&#114;&#97;na&#103;ro&#117;&#112;&#46;&#101;u<\/a>\t\t\t<\/p>\n\t\t\n\t<\/div>\n\t\t\t<div class=\"person-card-languages\">\n\t\t\t<span>Languages<\/span>\n\t\t\t<ul class=\"languages-list\">\n\t\t\t\t\t\t\t\t\t<li><i class=\"icon-lang icon-lang-de\"><\/i><\/li>\n\t\t\t\t\t\t\t\t\t<li><i class=\"icon-lang icon-lang-en\"><\/i><\/li>\n\t\t\t\t\t\t\t\t\t<li><i class=\"icon-lang icon-lang-es\"><\/i><\/li>\n\t\t\t\t\t\t\t<\/ul>\n\t\t<\/div>\n\t<\/div>\n<\/div>\n\n\n\n<div class=\"wp-block-column\">\n<div class=\"wp-block-cloudweb-person-card is-style-with-languages wp-block-cloudweb-person-card-dynamic\">\n\t<div class=\"person-card-info\">\n\t\t<div class=\"person-card-image\">\n\t\t\t<img decoding=\"async\" src=\"https:\/\/granagroup.eu\/wp-content\/uploads\/2025\/05\/Souita-Sami_thb-1-scaled-1.jpg\" alt=\"\" width=\"2560\" height=\"2560\" loading=\"lazy\" \/>\t\t<\/div>\n\t\t<div class=\"person-card-details\">\n\t\t\t<h2 class=\"person-card-name\">Sami Souita<\/h2>\n\t\t\t<p class=\"person-card-detail\">H\u00e4ndler<\/p><\/div>\n\t<\/div>\n\t<div class=\"person-card-contact\">\n\t\t\t\t\t<p class=\"person-card-phone\">\n\t\t\t\t<a href=\"tel:+4976211543973\" itemprop=\"telephone\" title=\"Call us\">+49 7621 154 39 73<\/a>\t\t\t<\/p>\n\t\t\t\t\t\t\t\t\t\t\t\t\t\t<p class=\"person-card-mobile\">\n\t\t\t\t\t<a href=\"tel:+4915167985260\" itemprop=\"telephone\" title=\"Call us\">+49 1516 798 52 60<\/a>\t\t\t\t<\/p>\n\t\t\t\t\t\t\t\t\t\t<p class=\"person-card-mail\">\n\t\t\t\t<a href=\"mailto:%73&#97;&#109;i.&#115;&#111;%75%69&#116;a%40&#103;r%61&#110;ag&#114;&#111;%75p.&#101;%75\" title=\"Email us\" itemprop=\"email\">s&#97;mi&#46;so&#117;ita&#64;g&#114;&#97;&#110;ag&#114;&#111;up.&#101;u<\/a>\t\t\t<\/p>\n\t\t\n\t<\/div>\n\t\t\t<div class=\"person-card-languages\">\n\t\t\t<span>Languages<\/span>\n\t\t\t<ul class=\"languages-list\">\n\t\t\t\t\t\t\t\t\t<li><i class=\"icon-lang icon-lang-de\"><\/i><\/li>\n\t\t\t\t\t\t\t\t\t<li><i class=\"icon-lang icon-lang-fr\"><\/i><\/li>\n\t\t\t\t\t\t\t\t\t<li><i class=\"icon-lang icon-lang-en\"><\/i><\/li>\n\t\t\t\t\t\t\t<\/ul>\n\t\t<\/div>\n\t<\/div>\n<\/div>\n\n\n\n<div class=\"wp-block-column\"><\/div>\n<\/div>\n","protected":false},"excerpt":{"rendered":"<p>Spolo\u010dnos\u0165 granaagro obchoduje so \u0161irokou \u0161k\u00e1lou ved\u013eaj\u0161\u00edch produktov na v\u00fdrobu krm\u00edv pre zvierat\u00e1. V\u010faka na\u0161ej rozsiahlej sieti dok\u00e1\u017eeme nakupova\u0165 hodnotn\u00e9 ved\u013eaj\u0161ie produkty z r\u00f4znych priemyseln\u00fdch odvetv\u00ed a pred\u00e1va\u0165 ich na \u010fal\u0161ie vyu\u017eitie. Na\u0161imi najd\u00f4le\u017eitej\u0161\u00edmi obchodn\u00fdmi produktmi s\u00fa ved\u013eaj\u0161ie mlynsk\u00e9 produkty, kukuri\u010dn\u00e9 v\u00fdpalky DDGS, sladov\u00e9 kl\u00ed\u010dky, pivovarsk\u00e9 ml\u00e1to, melasov\u00e9 pelety, jablkov\u00e9 v\u00fdlisky, kakaov\u00e9 \u0161upky, p\u0161eni\u010dn\u00fd a [&hellip;]<\/p>\n","protected":false},"author":5,"featured_media":0,"parent":0,"menu_order":0,"comment_status":"closed","ping_status":"closed","template":"","meta":{"_acf_changed":false,"inline_featured_image":false,"_genesis_hide_title":false,"_genesis_hide_breadcrumbs":false,"_genesis_hide_singular_image":false,"_genesis_hide_footer_widgets":false,"_genesis_custom_body_class":"","_genesis_custom_post_class":"","_genesis_layout":"","footnotes":""},"class_list":{"0":"post-3517","1":"page","2":"type-page","3":"status-publish","5":"entry"},"acf":[],"_links":{"self":[{"href":"https:\/\/granagroup.eu\/sk\/wp-json\/wp\/v2\/pages\/3517","targetHints":{"allow":["GET"]}}],"collection":[{"href":"https:\/\/granagroup.eu\/sk\/wp-json\/wp\/v2\/pages"}],"about":[{"href":"https:\/\/granagroup.eu\/sk\/wp-json\/wp\/v2\/types\/page"}],"author":[{"embeddable":true,"href":"https:\/\/granagroup.eu\/sk\/wp-json\/wp\/v2\/users\/5"}],"replies":[{"embeddable":true,"href":"https:\/\/granagroup.eu\/sk\/wp-json\/wp\/v2\/comments?post=3517"}],"version-history":[{"count":0,"href":"https:\/\/granagroup.eu\/sk\/wp-json\/wp\/v2\/pages\/3517\/revisions"}],"wp:attachment":[{"href":"https:\/\/granagroup.eu\/sk\/wp-json\/wp\/v2\/media?parent=3517"}],"curies":[{"name":"wp","href":"https:\/\/api.w.org\/{rel}","templated":true}]}}