{"id":3521,"date":"2023-12-20T23:16:21","date_gmt":"2023-12-20T22:16:21","guid":{"rendered":"https:\/\/granagroup.eu\/?page_id=3521"},"modified":"2025-11-26T13:21:12","modified_gmt":"2025-11-26T12:21:12","slug":"logistika","status":"publish","type":"page","link":"https:\/\/granagroup.eu\/sk\/logistika\/","title":{"rendered":"Logistika"},"content":{"rendered":"\n<p>V medzin\u00e1rodnej logistike sa spolo\u010dnos\u0165 granaagro opiera o dlhoro\u010dn\u00e9 sk\u00fasenosti v oblasti dopravy a manipul\u00e1cie s tovarom, ako aj o profesion\u00e1lnu a siln\u00fa sie\u0165 logistick\u00fdch spolo\u010dnost\u00ed pre cestn\u00fa, \u017eelezni\u010dn\u00fa, lodn\u00fa dopravu a skladovacie zariadenia. T\u00edm vysokokvalifikovan\u00fdch a viacjazy\u010dn\u00fdch zamestnancov sprev\u00e1dza z\u00e1kazn\u00edkov na ka\u017edom kroku, aby prisp\u00f4sobil slu\u017eby ich individu\u00e1lnym potreb\u00e1m.<\/p>\n\n\n\n<p>V spolupr\u00e1ci s na\u0161ou sie\u0165ou pon\u00fakame individu\u00e1lne dopravn\u00e9 rie\u0161enia, ako aj siln\u00e9 a spo\u013eahliv\u00e9 vz\u0165ahy pri platobn\u00fdch transakci\u00e1ch.<\/p>\n\n\n\n<hr class=\"wp-block-separator has-alpha-channel-opacity is-style-dots\"\/>\n\n\n\n<h3 class=\"wp-block-heading\">V\u00e1\u0161 kontakt pre logistiku<\/h3>\n\n\n\n<div class=\"wp-block-columns\">\n<div class=\"wp-block-column\">\n<p>Head of Operations International<\/p>\n<\/div>\n\n\n\n<div class=\"wp-block-column\">\n<p>Teamlead logistics Kiefersfelden<\/p>\n<\/div>\n\n\n\n<div class=\"wp-block-column\">\n<p>Teamlead logistics L\u00f6rrach<\/p>\n<\/div>\n<\/div>\n\n\n\n<div class=\"wp-block-columns\">\n<div class=\"wp-block-column\">\n<div class=\"wp-block-cloudweb-person-card is-style-with-languages wp-block-cloudweb-person-card-dynamic\">\n\t<div class=\"person-card-info\">\n\t\t<div class=\"person-card-image\">\n\t\t\t<img decoding=\"async\" src=\"https:\/\/granagroup.eu\/wp-content\/uploads\/2023\/12\/Jumuga_Alexandru_GRANA_2023.jpg\" alt=\"\" width=\"800\" height=\"800\" loading=\"lazy\" \/>\t\t<\/div>\n\t\t<div class=\"person-card-details\">\n\t\t\t<h2 class=\"person-card-name\">Alexandru Jumuga<\/h2>\n\t\t\t<p class=\"person-card-detail\">Head of Operations International \/  Member of the extended Managing board<\/p><\/div>\n\t<\/div>\n\t<div class=\"person-card-contact\">\n\t\t\t\t\t<p class=\"person-card-phone\">\n\t\t\t\t<a href=\"tel:+4980333046615\" itemprop=\"telephone\" title=\"Call us\">+49 8033 304 66 15<\/a>\t\t\t<\/p>\n\t\t\t\t\t\t\t\t\t\t\t\t\t\t<p class=\"person-card-mobile\">\n\t\t\t\t\t<a href=\"tel:+4915156590298\" itemprop=\"telephone\" title=\"Call us\">+49 151 565 90 298<\/a>\t\t\t\t<\/p>\n\t\t\t\t\t\t\t\t\t\t<p class=\"person-card-mail\">\n\t\t\t\t<a href=\"mailto:&#97;%6c%65%78%61%6e%64%72&#117;%2ej%75m&#117;%67%61&#64;&#103;%72%61&#110;%61g%72%6f%75p%2eeu\" title=\"Email us\" itemprop=\"email\">a&#108;e&#120;an&#100;&#114;u.ju&#109;ug&#97;&#64;gr&#97;na&#103;ro&#117;p.e&#117;<\/a>\t\t\t<\/p>\n\t\t\n\t<\/div>\n\t\t\t<div class=\"person-card-languages\">\n\t\t\t<span>Languages<\/span>\n\t\t\t<ul class=\"languages-list\">\n\t\t\t\t\t\t\t\t\t<li><i class=\"icon-lang icon-lang-ro\"><\/i><\/li>\n\t\t\t\t\t\t\t\t\t<li><i class=\"icon-lang icon-lang-de\"><\/i><\/li>\n\t\t\t\t\t\t\t\t\t<li><i class=\"icon-lang icon-lang-en\"><\/i><\/li>\n\t\t\t\t\t\t\t<\/ul>\n\t\t<\/div>\n\t<\/div>\n<\/div>\n\n\n\n<div class=\"wp-block-column\">\n<div class=\"wp-block-cloudweb-person-card is-style-with-languages wp-block-cloudweb-person-card-dynamic\">\n\t<div class=\"person-card-info\">\n\t\t<div class=\"person-card-image\">\n\t\t\t<img decoding=\"async\" src=\"https:\/\/granagroup.eu\/wp-content\/uploads\/2025\/12\/MA-Fotos-4.jpg\" alt=\"\" width=\"658\" height=\"658\" loading=\"lazy\" \/>\t\t<\/div>\n\t\t<div class=\"person-card-details\">\n\t\t\t<h2 class=\"person-card-name\">Calogero Antonino Barone<\/h2>\n\t\t\t<p class=\"person-card-detail\">Standortleitung \/ Teamleitung Abwicklung und Logistik<\/p><\/div>\n\t<\/div>\n\t<div class=\"person-card-contact\">\n\t\t\t\t\t<p class=\"person-card-phone\">\n\t\t\t\t<a href=\"tel:+4980333046600\" itemprop=\"telephone\" title=\"Call us\">+49 8033 304 66 00<\/a>\t\t\t<\/p>\n\t\t\t\t\t\t\t\t\t\t\t\t\t\t<p class=\"person-card-mobile\">\n\t\t\t\t\t<a href=\"tel:+4915141491554\" itemprop=\"telephone\" title=\"Call us\">+49 1514 149 15 54<\/a>\t\t\t\t<\/p>\n\t\t\t\t\t\t\t\t\t\t<p class=\"person-card-mail\">\n\t\t\t\t<a href=\"mailto:c&#97;&#108;og&#101;r&#111;&#46;ba%72&#111;&#110;&#101;&#64;g&#114;a%6ea%67r&#111;%75&#112;&#46;&#101;%75\" title=\"Email us\" itemprop=\"email\">c&#97;&#108;og&#101;&#114;o.baro&#110;&#101;&#64;&#103;&#114;&#97;&#110;a&#103;&#114;&#111;&#117;&#112;.e&#117;<\/a>\t\t\t<\/p>\n\t\t\n\t<\/div>\n\t\t\t<div class=\"person-card-languages\">\n\t\t\t<span>Languages<\/span>\n\t\t\t<ul class=\"languages-list\">\n\t\t\t\t\t\t\t\t\t<li><i class=\"icon-lang icon-lang-de\"><\/i><\/li>\n\t\t\t\t\t\t\t\t\t<li><i class=\"icon-lang icon-lang-it\"><\/i><\/li>\n\t\t\t\t\t\t\t\t\t<li><i class=\"icon-lang icon-lang-en\"><\/i><\/li>\n\t\t\t\t\t\t\t\t\t<li><i class=\"icon-lang icon-lang-fr\"><\/i><\/li>\n\t\t\t\t\t\t\t<\/ul>\n\t\t<\/div>\n\t<\/div>\n<\/div>\n\n\n\n<div class=\"wp-block-column\">\n<div class=\"wp-block-cloudweb-person-card is-style-with-languages wp-block-cloudweb-person-card-dynamic\">\n\t<div class=\"person-card-info\">\n\t\t<div class=\"person-card-image\">\n\t\t\t<img decoding=\"async\" src=\"https:\/\/granagroup.eu\/wp-content\/uploads\/2023\/12\/Sabrina_Chaillaud_GRANA_2023.jpg\" alt=\"\" width=\"800\" height=\"800\" loading=\"lazy\" \/>\t\t<\/div>\n\t\t<div class=\"person-card-details\">\n\t\t\t<h2 class=\"person-card-name\">Sabrina Chaillaud<\/h2>\n\t\t\t<p class=\"person-card-detail\">Teamleiterin Logistik \/ Vertragsabwicklung<\/p><\/div>\n\t<\/div>\n\t<div class=\"person-card-contact\">\n\t\t\t\t\t<p class=\"person-card-phone\">\n\t\t\t\t<a href=\"tel:+4976215879025\" itemprop=\"telephone\" title=\"Call us\">+49 7621 587 90 25<\/a>\t\t\t<\/p>\n\t\t\t\t\t\t\t\t\t\t\t\t\t\t\t\t\t<p class=\"person-card-mail\">\n\t\t\t\t<a href=\"mailto:&#115;a&#98;r&#105;n&#97;&#46;&#99;&#104;ai&#108;&#108;a&#117;d&#64;&#103;r%61%6e%61&#103;r%6f&#117;p%2eeu\" title=\"Email us\" itemprop=\"email\">&#115;a&#98;&#114;&#105;&#110;a&#46;&#99;&#104;a&#105;ll&#97;&#117;d&#64;g&#114;&#97;&#110;agro&#117;&#112;&#46;eu<\/a>\t\t\t<\/p>\n\t\t\n\t<\/div>\n\t\t\t<div class=\"person-card-languages\">\n\t\t\t<span>Languages<\/span>\n\t\t\t<ul class=\"languages-list\">\n\t\t\t\t\t\t\t\t\t<li><i class=\"icon-lang icon-lang-fr\"><\/i><\/li>\n\t\t\t\t\t\t\t\t\t<li><i class=\"icon-lang icon-lang-de\"><\/i><\/li>\n\t\t\t\t\t\t\t\t\t<li><i class=\"icon-lang icon-lang-en\"><\/i><\/li>\n\t\t\t\t\t\t\t<\/ul>\n\t\t<\/div>\n\t<\/div>\n<\/div>\n<\/div>\n\n\n\n<div class=\"wp-block-columns\">\n<div class=\"wp-block-column\">\n<p>Teamlead logistics Bio Berlin<\/p>\n<\/div>\n\n\n\n<div class=\"wp-block-column\"><\/div>\n\n\n\n<div class=\"wp-block-column\"><\/div>\n<\/div>\n\n\n\n<div class=\"wp-block-columns\">\n<div class=\"wp-block-column\">\n<div class=\"wp-block-cloudweb-person-card is-style-with-languages wp-block-cloudweb-person-card-dynamic\">\n\t<div class=\"person-card-info\">\n\t\t<div class=\"person-card-image\">\n\t\t\t<img decoding=\"async\" src=\"https:\/\/granagroup.eu\/wp-content\/uploads\/2023\/12\/Nabe_Mykola_GRANA_2022.jpg\" alt=\"\" width=\"800\" height=\"800\" loading=\"lazy\" \/>\t\t<\/div>\n\t\t<div class=\"person-card-details\">\n\t\t\t<h2 class=\"person-card-name\">Mykola Nabe<\/h2>\n\t\t\t<p class=\"person-card-detail\">Teamleiter Logistik \/ Vertragsabwicklung<\/p><\/div>\n\t<\/div>\n\t<div class=\"person-card-contact\">\n\t\t\t\t\t<p class=\"person-card-phone\">\n\t\t\t\t<a href=\"tel:+4930300109807\" itemprop=\"telephone\" title=\"Call us\">+49 303 0010 9807<\/a>\t\t\t<\/p>\n\t\t\t\t\t\t\t\t\t\t\t\t\t\t<p class=\"person-card-mobile\">\n\t\t\t\t\t<a href=\"tel:+491704500221\" itemprop=\"telephone\" title=\"Call us\">+49 170 4500 221<\/a>\t\t\t\t<\/p>\n\t\t\t\t\t\t\t\t\t\t<p class=\"person-card-mail\">\n\t\t\t\t<a href=\"mailto:my&#107;%6f%6c&#97;.n%61b&#101;&#64;&#103;&#114;a%6e%61&#103;r&#111;&#117;p%2ee%75\" title=\"Email us\" itemprop=\"email\">&#109;&#121;ko&#108;a&#46;&#110;&#97;be&#64;granag&#114;ou&#112;.&#101;&#117;<\/a>\t\t\t<\/p>\n\t\t\n\t<\/div>\n\t\t\t<div class=\"person-card-languages\">\n\t\t\t<span>Languages<\/span>\n\t\t\t<ul class=\"languages-list\">\n\t\t\t\t\t\t\t\t\t<li><i class=\"icon-lang icon-lang-de\"><\/i><\/li>\n\t\t\t\t\t\t\t\t\t<li><i class=\"icon-lang icon-lang-uk\"><\/i><\/li>\n\t\t\t\t\t\t\t\t\t<li><i class=\"icon-lang icon-lang-ru\"><\/i><\/li>\n\t\t\t\t\t\t\t<\/ul>\n\t\t<\/div>\n\t<\/div>\n<\/div>\n\n\n\n<div class=\"wp-block-column\"><\/div>\n\n\n\n<div class=\"wp-block-column\"><\/div>\n<\/div>\n","protected":false},"excerpt":{"rendered":"<p>V medzin\u00e1rodnej logistike sa spolo\u010dnos\u0165 granaagro opiera o dlhoro\u010dn\u00e9 sk\u00fasenosti v oblasti dopravy a manipul\u00e1cie s tovarom, ako aj o profesion\u00e1lnu a siln\u00fa sie\u0165 logistick\u00fdch spolo\u010dnost\u00ed pre cestn\u00fa, \u017eelezni\u010dn\u00fa, lodn\u00fa dopravu a skladovacie zariadenia. T\u00edm vysokokvalifikovan\u00fdch a viacjazy\u010dn\u00fdch zamestnancov sprev\u00e1dza z\u00e1kazn\u00edkov na ka\u017edom kroku, aby prisp\u00f4sobil slu\u017eby ich individu\u00e1lnym potreb\u00e1m. V spolupr\u00e1ci s na\u0161ou sie\u0165ou [&hellip;]<\/p>\n","protected":false},"author":5,"featured_media":0,"parent":0,"menu_order":0,"comment_status":"closed","ping_status":"closed","template":"","meta":{"_acf_changed":false,"inline_featured_image":false,"_genesis_hide_title":false,"_genesis_hide_breadcrumbs":false,"_genesis_hide_singular_image":false,"_genesis_hide_footer_widgets":false,"_genesis_custom_body_class":"","_genesis_custom_post_class":"","_genesis_layout":"","footnotes":""},"class_list":{"0":"post-3521","1":"page","2":"type-page","3":"status-publish","5":"entry"},"acf":[],"_links":{"self":[{"href":"https:\/\/granagroup.eu\/sk\/wp-json\/wp\/v2\/pages\/3521","targetHints":{"allow":["GET"]}}],"collection":[{"href":"https:\/\/granagroup.eu\/sk\/wp-json\/wp\/v2\/pages"}],"about":[{"href":"https:\/\/granagroup.eu\/sk\/wp-json\/wp\/v2\/types\/page"}],"author":[{"embeddable":true,"href":"https:\/\/granagroup.eu\/sk\/wp-json\/wp\/v2\/users\/5"}],"replies":[{"embeddable":true,"href":"https:\/\/granagroup.eu\/sk\/wp-json\/wp\/v2\/comments?post=3521"}],"version-history":[{"count":0,"href":"https:\/\/granagroup.eu\/sk\/wp-json\/wp\/v2\/pages\/3521\/revisions"}],"wp:attachment":[{"href":"https:\/\/granagroup.eu\/sk\/wp-json\/wp\/v2\/media?parent=3521"}],"curies":[{"name":"wp","href":"https:\/\/api.w.org\/{rel}","templated":true}]}}