{"id":3523,"date":"2023-11-22T11:51:31","date_gmt":"2023-11-22T10:51:31","guid":{"rendered":"https:\/\/granagroup.eu\/geschichte\/"},"modified":"2024-03-15T09:47:07","modified_gmt":"2024-03-15T08:47:07","slug":"geschichte","status":"publish","type":"page","link":"https:\/\/granagroup.eu\/sk\/geschichte\/","title":{"rendered":"O n\u00e1s"},"content":{"rendered":"\n<p>Hist\u00f3ria spolo\u010dnosti granaagro siaha k po\u010diatkom spolo\u010dnosti Calcium AG (zalo\u017eenej v roku 1918) a \u00faspe\u0161ne p\u00f4sob\u00ed na medzin\u00e1rodn\u00fdch po\u013enohospod\u00e1rskych trhoch s obil\u00edm, k\u0155mnymi surovinami, \u0161peci\u00e1lnymi a ved\u013eaj\u0161\u00edmi mlynsk\u00fdmi produktmi a olejnat\u00fdmi semenami.<\/p>\n\n\n\n<p>Skupinu tvoria dc\u00e9rske spolo\u010dnosti granaagro Deutschland GmbH, granaagro Czechia s.r.o. a granaagro Danubia s.r.l. Od roku 2018 sme d\u00f4le\u017eitou s\u00fa\u010das\u0165ou medzin\u00e1rodn\u00fdch obchodn\u00fdch aktiv\u00edt spolo\u010dnosti fenaco Genossenschaft Schweiz.<\/p>\n\n\n\n<p>Na\u0161i sk\u00fasen\u00ed predajcovia a kompetentn\u00fd logistick\u00fd t\u00edm zabezpe\u010duj\u00fa bezprobl\u00e9mov\u00e9 spracovanie aktu\u00e1lnych pon\u00fak. Sme akt\u00edvnym \u00fa\u010dastn\u00edkom na eur\u00f3pskych trhoch s obilninami, olejnat\u00fdmi semenami, bielkovinov\u00fdmi krmivami, ved\u013eaj\u0161\u00edmi mlynsk\u00fdmi produktmi a krmivami pre zvierat\u00e1. S cie\u013eom p\u00f4sobi\u0165 na \u0161vaj\u010diarskych a medzin\u00e1rodn\u00fdch trhoch spolo\u010dnos\u0165 granaagro zalo\u017eila vlastn\u00e9 dc\u00e9rske spolo\u010dnosti alebo uzavrela dohody o akt\u00edvnej spolupr\u00e1ci na vybran\u00fdch miestach obstar\u00e1vania a predaja (\u010cesk\u00e1 republika, Nemecko, Rumunsko). Aby sme splnili svoju \u00falohu v oblasti bezpe\u010dnosti potrav\u00edn, absolvovali sme certifik\u00e1ciu GMP+. To znamen\u00e1, \u017ee sme uznan\u00fdm obchodn\u00edkom na predaj tovaru ur\u010den\u00e9ho na v\u00fdrobu citliv\u00fdch potrav\u00edn.<\/p>\n\n\n\n<div class=\"wp-block-cloudweb-timeline\"><div class=\"timeline-items\" data-autoplay-speed=\"{&quot;autoplaySpeed&quot;:2000}\">\n<div class=\"wp-block-cloudweb-timeline-item\"><div class=\"timeline-item\"><div class=\"timeline-item-year\"><span>2021<\/span><\/div><div class=\"timeline-item-details\"><p>Otvorenie pobo\u010dky v Berl\u00edne \u2013 zameranie na bio odbornos\u0165<\/p><\/div><\/div><\/div>\n\n\n\n<div class=\"wp-block-cloudweb-timeline-item\"><div class=\"timeline-item\"><div class=\"timeline-item-year\"><span>2021<\/span><\/div><div class=\"timeline-item-details\"><p>Zl\u00fa\u010denie spolo\u010dnosti Grana agro GmbH s granaagro Deutschland GmbH<\/p><\/div><\/div><\/div>\n\n\n\n<div class=\"wp-block-cloudweb-timeline-item\"><div class=\"timeline-item\"><div class=\"timeline-item-year\"><span>2020<\/span><\/div><div class=\"timeline-item-details\"><p>Zalo\u017eenie spolo\u010dnosti granaagro Danubia s.r.l. v Rumunsku<\/p><\/div><\/div><\/div>\n\n\n\n<div class=\"wp-block-cloudweb-timeline-item\"><div class=\"timeline-item\"><div class=\"timeline-item-year\"><span><strong>2020<\/strong><\/span><\/div><div class=\"timeline-item-details\"><p>Premenovanie spolo\u010dnosti DALZ agro trading s.r.o na granaagro Czechia s.r.o.<\/p><\/div><\/div><\/div>\n\n\n\n<div class=\"wp-block-cloudweb-timeline-item\"><div class=\"timeline-item\"><div class=\"timeline-item-year\"><span><strong>2020<\/strong><\/span><\/div><div class=\"timeline-item-details\"><p>Premenovanie spolo\u010dnosti Interagra GmbH na granaagro Deutschland GmbH<\/p><\/div><\/div><\/div>\n\n\n\n<div class=\"wp-block-cloudweb-timeline-item\"><div class=\"timeline-item\"><div class=\"timeline-item-year\"><span>2018<\/span><\/div><div class=\"timeline-item-details\"><p>Presun s\u00eddla spolo\u010dnosti Interagra GmbH z Planeggu (Bavorsko) do L\u00f6rrachu (B\u00e1densko W\u00fcrttembersko)<\/p><\/div><\/div><\/div>\n\n\n\n<div class=\"wp-block-cloudweb-timeline-item\"><div class=\"timeline-item\"><div class=\"timeline-item-year\"><span><strong>2018<\/strong><\/span><\/div><div class=\"timeline-item-details\"><p>Prevzatie skupinou fenaco a spojenie \u0161vaj\u010diarskych spolo\u010dnost\u00ed do skupiny Swiss Grana Group AG<\/p><\/div><\/div><\/div>\n\n\n\n<div class=\"wp-block-cloudweb-timeline-item\"><div class=\"timeline-item\"><div class=\"timeline-item-year\"><span>2015<\/span><\/div><div class=\"timeline-item-details\"><p>Centraliz\u00e1cia logistiky v Kiefersfeldene<\/p><\/div><\/div><\/div>\n\n\n\n<div class=\"wp-block-cloudweb-timeline-item\"><div class=\"timeline-item\"><div class=\"timeline-item-year\"><span><strong>2010<\/strong><\/span><\/div><div class=\"timeline-item-details\"><p>Zalo\u017eenie spolo\u010dnosti \u201eRBR agro AG\u201c (holdingov\u00e1 spolo\u010dnos\u0165 pre ved\u00facich pracovn\u00edkov)<\/p><\/div><\/div><\/div>\n\n\n\n<div class=\"wp-block-cloudweb-timeline-item\"><div class=\"timeline-item\"><div class=\"timeline-item-year\"><span><strong>2008<\/strong><\/span><\/div><div class=\"timeline-item-details\"><p>Zalo\u017eenie spolo\u010dnosti Grana Holding AG a Grana agro GmbH v Nemecku<\/p><\/div><\/div><\/div>\n\n\n\n<div class=\"wp-block-cloudweb-timeline-item\"><div class=\"timeline-item\"><div class=\"timeline-item-year\"><span>2006<\/span><\/div><div class=\"timeline-item-details\"><p>Zalo\u017eenie spolo\u010dnosti Dalz agro trading s.r.o v Olomouci<\/p><\/div><\/div><\/div>\n\n\n\n<div class=\"wp-block-cloudweb-timeline-item\"><div class=\"timeline-item\"><div class=\"timeline-item-year\"><span>2005<\/span><\/div><div class=\"timeline-item-details\"><p>Prevzatie obchodn\u00e9ho podnikania a silovej \u00fa\u010dasti spolo\u010dnosti Blattmann und Co. AG<\/p><\/div><\/div><\/div>\n\n\n\n<div class=\"wp-block-cloudweb-timeline-item\"><div class=\"timeline-item\"><div class=\"timeline-item-year\"><span>2002<\/span><\/div><div class=\"timeline-item-details\"><p>Zalo\u017eenie spolo\u010dnosti Interagra GmbH v Planeggu (Bavorsko)<\/p><\/div><\/div><\/div>\n\n\n\n<div class=\"wp-block-cloudweb-timeline-item\"><div class=\"timeline-item\"><div class=\"timeline-item-year\"><span>2002<\/span><\/div><div class=\"timeline-item-details\"><p>Oddelenie obchodn\u00e9ho podnikania\/investi\u010dn\u00e9ho podnikania v spolo\u010dnosti Calcium agro AG\/Calcium Invest IAG<\/p><\/div><\/div><\/div>\n\n\n\n<div class=\"wp-block-cloudweb-timeline-item\"><div class=\"timeline-item\"><div class=\"timeline-item-year\"><span>2001<\/span><\/div><div class=\"timeline-item-details\"><p>Prevzatie spolo\u010dnosti Silo Olten AG<\/p><\/div><\/div><\/div>\n\n\n\n<div class=\"wp-block-cloudweb-timeline-item\"><div class=\"timeline-item\"><div class=\"timeline-item-year\"><span>1996<\/span><\/div><div class=\"timeline-item-details\"><p>Re\u0161trukturaliz\u00e1cia rodinn\u00e9ho podniku a s\u0165ahovanie do Oltenu<\/p><\/div><\/div><\/div>\n\n\n\n<div class=\"wp-block-cloudweb-timeline-item\"><div class=\"timeline-item\"><div class=\"timeline-item-year\"><span>1995<\/span><\/div><div class=\"timeline-item-details\"><p>K\u00fapa spolo\u010dnosti Lemax AG (spolo\u010dnos\u0165 s hnojivami) v Zofingene<\/p><\/div><\/div><\/div>\n\n\n\n<div class=\"wp-block-cloudweb-timeline-item\"><div class=\"timeline-item\"><div class=\"timeline-item-year\"><span>1918<\/span><\/div><div class=\"timeline-item-details\"><p>Zalo\u017eenie spolo\u010dnosti Calicum AG so s\u00eddlom v Niederbippe (SO)<\/p><\/div><\/div><\/div>\n<\/div><\/div>\n\n\n\n<p><\/p>\n","protected":false},"excerpt":{"rendered":"<p>Hist\u00f3ria spolo\u010dnosti granaagro siaha k po\u010diatkom spolo\u010dnosti Calcium AG (zalo\u017eenej v roku 1918) a \u00faspe\u0161ne p\u00f4sob\u00ed na medzin\u00e1rodn\u00fdch po\u013enohospod\u00e1rskych trhoch s obil\u00edm, k\u0155mnymi surovinami, \u0161peci\u00e1lnymi a ved\u013eaj\u0161\u00edmi mlynsk\u00fdmi produktmi a olejnat\u00fdmi semenami. Skupinu tvoria dc\u00e9rske spolo\u010dnosti granaagro Deutschland GmbH, granaagro Czechia s.r.o. a granaagro Danubia s.r.l. Od roku 2018 sme d\u00f4le\u017eitou s\u00fa\u010das\u0165ou medzin\u00e1rodn\u00fdch obchodn\u00fdch aktiv\u00edt [&hellip;]<\/p>\n","protected":false},"author":3,"featured_media":0,"parent":0,"menu_order":0,"comment_status":"closed","ping_status":"closed","template":"","meta":{"_acf_changed":false,"inline_featured_image":false,"_genesis_hide_title":false,"_genesis_hide_breadcrumbs":false,"_genesis_hide_singular_image":false,"_genesis_hide_footer_widgets":false,"_genesis_custom_body_class":"","_genesis_custom_post_class":"","_genesis_layout":"","footnotes":""},"class_list":{"0":"post-3523","1":"page","2":"type-page","3":"status-publish","5":"entry"},"acf":[],"_links":{"self":[{"href":"https:\/\/granagroup.eu\/sk\/wp-json\/wp\/v2\/pages\/3523","targetHints":{"allow":["GET"]}}],"collection":[{"href":"https:\/\/granagroup.eu\/sk\/wp-json\/wp\/v2\/pages"}],"about":[{"href":"https:\/\/granagroup.eu\/sk\/wp-json\/wp\/v2\/types\/page"}],"author":[{"embeddable":true,"href":"https:\/\/granagroup.eu\/sk\/wp-json\/wp\/v2\/users\/3"}],"replies":[{"embeddable":true,"href":"https:\/\/granagroup.eu\/sk\/wp-json\/wp\/v2\/comments?post=3523"}],"version-history":[{"count":0,"href":"https:\/\/granagroup.eu\/sk\/wp-json\/wp\/v2\/pages\/3523\/revisions"}],"wp:attachment":[{"href":"https:\/\/granagroup.eu\/sk\/wp-json\/wp\/v2\/media?parent=3523"}],"curies":[{"name":"wp","href":"https:\/\/api.w.org\/{rel}","templated":true}]}}