{"id":3530,"date":"2023-12-15T10:04:13","date_gmt":"2023-12-15T09:04:13","guid":{"rendered":"https:\/\/granagroup.eu\/qualitaet\/"},"modified":"2026-03-23T16:30:23","modified_gmt":"2026-03-23T15:30:23","slug":"qualitaet","status":"publish","type":"page","link":"https:\/\/granagroup.eu\/sk\/qualitaet\/","title":{"rendered":"Kvalita"},"content":{"rendered":"\n<p>Granaagro sa pova\u017euje za s\u00fa\u010das\u0165 \u0161iroko rozvetven\u00e9ho dod\u00e1vate\u013esk\u00e9ho re\u0165azca svojich z\u00e1kazn\u00edkov. Preto najlep\u0161ie pozn\u00e1me bezpe\u010dnostn\u00e9 rizik\u00e1, vyskytuj\u00face sa pri v\u0161etk\u00fdch produktoch, s ktor\u00fdmi obchodujeme. Preto\u017ee chceme na\u010falej zosta\u0165 l\u00eddrom v poskytovan\u00ed vysokej \u00farovne kvality na\u0161ich produktov a slu\u017eieb, kvalita a kontrola u n\u00e1s zohr\u00e1va v\u00fdznamn\u00fa \u00falohu.<\/p>\n\n\n\n<p>Na udr\u017eanie vysok\u00fdch \u0161tandardov kvality pou\u017e\u00edvame vlastn\u00fd syst\u00e9m riadenia kvality, ktor\u00fd sp\u013a\u0148a alebo prevy\u0161uje tieto normy:<\/p>\n\n\n\n<div style=\"height:25px\" aria-hidden=\"true\" class=\"wp-block-spacer\"><\/div>\n\n\n\n<div class=\"wp-block-cloudweb-accordion alignfull alignwide\"><div class=\"accordion\">\n<div class=\"wp-block-cloudweb-accordion-item\"><div class=\"accordion-item\"><div class=\"accordion-item-header\"><h3 class=\"accordion-title\">Certificates granaagro Deutschland GmbH L\u00f6rrach<\/h3><\/div><div class=\"accordion-content\">\n<p class=\"is-style-accordion-link\"><a href=\"https:\/\/granagroup.eu\/wp-content\/uploads\/2024\/05\/240503_Zertifikat_EN_gaDE_GMP.pdf\" target=\"_blank\" rel=\"noreferrer noopener\">GMP+<\/a><\/p>\n\n\n\n<p class=\"is-style-accordion-link\"><a href=\"https:\/\/granagroup.eu\/wp-content\/uploads\/2026\/04\/DE-OeKO-006.276-0072602.2026.001.pdf\" target=\"_blank\" rel=\"noreferrer noopener\">EU Bio<\/a><\/p>\n\n\n\n<p class=\"is-style-accordion-link\"><a href=\"https:\/\/granagroup.eu\/wp-content\/uploads\/2025\/05\/granaagro-Deutschland_Bio-Suisse_bis-30.09.2026.pdf\" target=\"_blank\" rel=\"noreferrer noopener\">Bio Suisse<\/a><\/p>\n\n\n\n<p class=\"is-style-accordion-link\"><a href=\"https:\/\/granagroup.eu\/wp-content\/uploads\/2025\/08\/Zertifikat_Europe-Soya_bis-31.12.2026_Loerrach.pdf\" target=\"_blank\" rel=\"noreferrer noopener\">Europe Soya<\/a><\/p>\n\n\n\n<p class=\"is-style-accordion-link\"><a href=\"https:\/\/granagroup.eu\/wp-content\/uploads\/2025\/08\/Zertifikat_Donau-Soja_bis-31.12.2026_Loerrach.pdf\" target=\"_blank\" rel=\"noreferrer noopener\">Donau Soja<\/a><\/p>\n<\/div><\/div><\/div>\n\n\n\n<div class=\"wp-block-cloudweb-accordion-item\"><div class=\"accordion-item\"><div class=\"accordion-item-header\"><h3 class=\"accordion-title\">Certificates granaagro Deutschland GmbH Berlin<\/h3><\/div><div class=\"accordion-content\">\n<p class=\"is-style-accordion-link\"><a href=\"https:\/\/granagroup.eu\/wp-content\/uploads\/2024\/05\/240503_Zertifikat_EN_gaDE_GMP.pdf\" target=\"_blank\" rel=\"noreferrer noopener\">GMP+<\/a><\/p>\n\n\n\n<p class=\"is-style-accordion-link\"><a href=\"https:\/\/granagroup.eu\/wp-content\/uploads\/2026\/04\/DE-OeKO-006.276-0072602.2026.001.pdf\" target=\"_blank\" rel=\"noreferrer noopener\">EU Bio<\/a><\/p>\n\n\n\n<p class=\"is-style-accordion-link\"><a href=\"https:\/\/granagroup.eu\/wp-content\/uploads\/2025\/05\/granaagro-Deutschland_Bio-Suisse_bis-30.09.2026.pdf\" target=\"_blank\" rel=\"noreferrer noopener\">Bio Suisse<\/a><\/p>\n\n\n\n<p class=\"is-style-accordion-link\"><a href=\"https:\/\/granagroup.eu\/wp-content\/uploads\/2026\/04\/2025_Biokreis_Zertifikat_Granaagro.pdf\" target=\"_blank\" data-type=\"link\" data-id=\"https:\/\/granagroup.eu\/wp-content\/uploads\/2024\/05\/granaagro-Deutschland_Biokreis_bis-31.03.2026-1.pdf\" rel=\"noreferrer noopener\">Biokreis<\/a><\/p>\n\n\n\n<p class=\"is-style-accordion-link\"><a href=\"https:\/\/granagroup.eu\/wp-content\/uploads\/2025\/08\/Zertifikat_Donau-Soja_bis-31.12.2027_Berlin.pdf\" target=\"_blank\" data-type=\"link\" data-id=\"https:\/\/granagroup.eu\/wp-content\/uploads\/2024\/05\/granaagro-Deutschland_Biokreis_bis-31.03.2026-1.pdf\" rel=\"noreferrer noopener\">Donau Soja<\/a><\/p>\n\n\n\n<p class=\"is-style-accordion-link\"><a href=\"https:\/\/granagroup.eu\/wp-content\/uploads\/2025\/08\/Zertifikat_Europe-Soya_bis-31.12.2027_Berlin.pdf\" data-type=\"link\" data-id=\"https:\/\/granagroup.eu\/wp-content\/uploads\/2024\/05\/granaagro-Deutschland_Biokreis_bis-31.03.2026-1.pdf\" target=\"_blank\" rel=\"noreferrer noopener\">Europe Soya<\/a><\/p>\n<\/div><\/div><\/div>\n\n\n\n<div class=\"wp-block-cloudweb-accordion-item\"><div class=\"accordion-item\"><div class=\"accordion-item-header\"><h3 class=\"accordion-title\">Certificates granaagro Deutschland GmbH Kiefersfelden<\/h3><\/div><div class=\"accordion-content\">\n<p class=\"is-style-accordion-link\"><a href=\"https:\/\/granagroup.eu\/wp-content\/uploads\/2024\/05\/240503_Zertifikat_EN_gaDE_GMP.pdf\" target=\"_blank\" rel=\"noreferrer noopener\">GMP+<\/a><\/p>\n\n\n\n<p class=\"is-style-accordion-link\"><a href=\"https:\/\/granagroup.eu\/wp-content\/uploads\/2026\/04\/DE-OeKO-006.276-0072602.2026.001.pdf\" target=\"_blank\" rel=\"noreferrer noopener\">EU Bio<\/a><\/p>\n\n\n\n<p class=\"is-style-accordion-link\"><a href=\"https:\/\/granagroup.eu\/wp-content\/uploads\/2025\/07\/ISCC-certificate-1.pdf\" target=\"_blank\" rel=\"noreferrer noopener\">ISCC<\/a> EU<\/p>\n<\/div><\/div><\/div>\n<\/div><\/div>\n\n\n\n<h3 class=\"wp-block-heading\">HACCP concept<\/h3>\n\n\n\n<p>The companies granaagro Deutschland GmbH, granaagro Czechia s.r.o. and granaagro Danubia s.r.l. also have an HACCP concept in accordance with the 12 HACCP stages of the codex alimentarius. Among other things, this requires comprehensive hazard analyses for all our products, the identification of critical control points and continuous monitoring of the system.<\/p>\n\n\n\n<hr class=\"wp-block-separator has-alpha-channel-opacity is-style-dots\"\/>\n\n\n\n<h3 class=\"wp-block-heading\">Your contacts for quality management<\/h3>\n\n\n\n<div class=\"wp-block-columns\">\n<div class=\"wp-block-column\">\n<p>L\u00f6rrach and Kiefersfelden (Conventional)<\/p>\n<\/div>\n<\/div>\n\n\n\n<div class=\"wp-block-columns\">\n<div class=\"wp-block-column\">\n<div class=\"wp-block-cloudweb-person-card is-style-without-languages wp-block-cloudweb-person-card-dynamic\">\n\t<div class=\"person-card-info\">\n\t\t<div class=\"person-card-image\">\n\t\t\t<img decoding=\"async\" src=\"https:\/\/granagroup.eu\/wp-content\/uploads\/2023\/12\/Nabe_Mykola_GRANA_2022.jpg\" alt=\"\" width=\"800\" height=\"800\" loading=\"lazy\" \/>\t\t<\/div>\n\t\t<div class=\"person-card-details\">\n\t\t\t<h2 class=\"person-card-name\">Mykola Nabe<\/h2>\n\t\t\t<p class=\"person-card-detail\">Teamleader logistics \/ contract execution<\/p><\/div>\n\t<\/div>\n\t<div class=\"person-card-contact\">\n\t\t\t\t\t<p class=\"person-card-phone\">\n\t\t\t\t<a href=\"tel:+4930300109807\" itemprop=\"telephone\" title=\"Call us\">+49 303 0010 9807<\/a>\t\t\t<\/p>\n\t\t\t\t\t\t\t\t\t<p class=\"person-card-mail\">\n\t\t\t\t<a href=\"mailto:m&#121;%6bo&#108;a%2en&#97;&#98;e&#64;gr%61n&#97;&#103;r%6fu&#112;%2e%65&#117;\" title=\"Email us\" itemprop=\"email\">myk&#111;&#108;&#97;&#46;n&#97;b&#101;&#64;&#103;&#114;a&#110;ag&#114;ou&#112;.e&#117;<\/a>\t\t\t<\/p>\n\t\t\n\t<\/div>\n\t<\/div>\n<\/div>\n\n\n\n<div class=\"wp-block-column\"><\/div>\n\n\n\n<div class=\"wp-block-column\"><\/div>\n<\/div>\n\n\n\n<div class=\"wp-block-columns\">\n<div class=\"wp-block-column\">\n<p>Berlin (Organic)<\/p>\n<\/div>\n\n\n\n<div class=\"wp-block-column\"><\/div>\n\n\n\n<div class=\"wp-block-column\"><\/div>\n<\/div>\n\n\n\n<div class=\"wp-block-columns\">\n<div class=\"wp-block-column\">\n<div class=\"wp-block-cloudweb-person-card is-style-without-languages wp-block-cloudweb-person-card-dynamic\">\n\t<div class=\"person-card-info\">\n\t\t<div class=\"person-card-image\">\n\t\t\t<img decoding=\"async\" src=\"https:\/\/granagroup.eu\/wp-content\/uploads\/2023\/12\/Nabe_Mykola_GRANA_2022.jpg\" alt=\"\" width=\"800\" height=\"800\" loading=\"lazy\" \/>\t\t<\/div>\n\t\t<div class=\"person-card-details\">\n\t\t\t<h2 class=\"person-card-name\">Mykola Nabe<\/h2>\n\t\t\t<p class=\"person-card-detail\">Teamleader logistics \/ contract execution<\/p><\/div>\n\t<\/div>\n\t<div class=\"person-card-contact\">\n\t\t\t\t\t<p class=\"person-card-phone\">\n\t\t\t\t<a href=\"tel:+4930300109807\" itemprop=\"telephone\" title=\"Call us\">+49 303 0010 9807<\/a>\t\t\t<\/p>\n\t\t\t\t\t\t\t\t\t<p class=\"person-card-mail\">\n\t\t\t\t<a href=\"mailto:m%79ko%6c&#97;%2e%6e&#97;b&#101;&#64;%67ran%61g%72o%75%70.%65%75\" title=\"Email us\" itemprop=\"email\">&#109;&#121;k&#111;&#108;a.&#110;a&#98;e&#64;gr&#97;nag&#114;o&#117;p&#46;&#101;&#117;<\/a>\t\t\t<\/p>\n\t\t\n\t<\/div>\n\t<\/div>\n<\/div>\n\n\n\n<div class=\"wp-block-column\">\n<div class=\"wp-block-cloudweb-person-card is-style-without-languages wp-block-cloudweb-person-card-dynamic\">\n\t<div class=\"person-card-info\">\n\t\t<div class=\"person-card-image\">\n\t\t\t<img decoding=\"async\" src=\"https:\/\/granagroup.eu\/wp-content\/uploads\/2024\/12\/Dominique_Hartmann_2024_thb.jpg\" alt=\"\" width=\"1200\" height=\"1200\" loading=\"lazy\" \/>\t\t<\/div>\n\t\t<div class=\"person-card-details\">\n\t\t\t<h2 class=\"person-card-name\">Dominique Hartmann<\/h2>\n\t\t\t<p class=\"person-card-detail\">Administration \/ Quality management<\/p><\/div>\n\t<\/div>\n\t<div class=\"person-card-contact\">\n\t\t\t\t\t<p class=\"person-card-phone\">\n\t\t\t\t<a href=\"tel:+4930300109809\" itemprop=\"telephone\" title=\"Call us\">+49 303 0010 9809<\/a>\t\t\t<\/p>\n\t\t\t\t\t\t\t\t\t<p class=\"person-card-mail\">\n\t\t\t\t<a href=\"mailto:&#100;%6f&#109;%69n&#105;&#113;&#117;e%2eh&#97;&#114;t%6d%61n&#110;%40g%72%61%6ea&#103;r&#111;&#117;&#112;&#46;&#101;&#117;\" title=\"Email us\" itemprop=\"email\">do&#109;i&#110;&#105;q&#117;e&#46;&#104;&#97;rtmann&#64;g&#114;a&#110;agro&#117;p.&#101;&#117;<\/a>\t\t\t<\/p>\n\t\t\n\t<\/div>\n\t<\/div>\n<\/div>\n\n\n\n<div class=\"wp-block-column\"><\/div>\n<\/div>\n","protected":false},"excerpt":{"rendered":"<p>Granaagro sa pova\u017euje za s\u00fa\u010das\u0165 \u0161iroko rozvetven\u00e9ho dod\u00e1vate\u013esk\u00e9ho re\u0165azca svojich z\u00e1kazn\u00edkov. Preto najlep\u0161ie pozn\u00e1me bezpe\u010dnostn\u00e9 rizik\u00e1, vyskytuj\u00face sa pri v\u0161etk\u00fdch produktoch, s ktor\u00fdmi obchodujeme. Preto\u017ee chceme na\u010falej zosta\u0165 l\u00eddrom v poskytovan\u00ed vysokej \u00farovne kvality na\u0161ich produktov a slu\u017eieb, kvalita a kontrola u n\u00e1s zohr\u00e1va v\u00fdznamn\u00fa \u00falohu. Na udr\u017eanie vysok\u00fdch \u0161tandardov kvality pou\u017e\u00edvame vlastn\u00fd syst\u00e9m riadenia [&hellip;]<\/p>\n","protected":false},"author":5,"featured_media":0,"parent":0,"menu_order":0,"comment_status":"closed","ping_status":"closed","template":"","meta":{"_acf_changed":false,"inline_featured_image":false,"_genesis_hide_title":false,"_genesis_hide_breadcrumbs":false,"_genesis_hide_singular_image":false,"_genesis_hide_footer_widgets":false,"_genesis_custom_body_class":"","_genesis_custom_post_class":"","_genesis_layout":"","footnotes":""},"class_list":{"0":"post-3530","1":"page","2":"type-page","3":"status-publish","5":"entry"},"acf":[],"_links":{"self":[{"href":"https:\/\/granagroup.eu\/sk\/wp-json\/wp\/v2\/pages\/3530","targetHints":{"allow":["GET"]}}],"collection":[{"href":"https:\/\/granagroup.eu\/sk\/wp-json\/wp\/v2\/pages"}],"about":[{"href":"https:\/\/granagroup.eu\/sk\/wp-json\/wp\/v2\/types\/page"}],"author":[{"embeddable":true,"href":"https:\/\/granagroup.eu\/sk\/wp-json\/wp\/v2\/users\/5"}],"replies":[{"embeddable":true,"href":"https:\/\/granagroup.eu\/sk\/wp-json\/wp\/v2\/comments?post=3530"}],"version-history":[{"count":0,"href":"https:\/\/granagroup.eu\/sk\/wp-json\/wp\/v2\/pages\/3530\/revisions"}],"wp:attachment":[{"href":"https:\/\/granagroup.eu\/sk\/wp-json\/wp\/v2\/media?parent=3530"}],"curies":[{"name":"wp","href":"https:\/\/api.w.org\/{rel}","templated":true}]}}