{"id":3544,"date":"2023-10-18T12:25:31","date_gmt":"2023-10-18T11:25:31","guid":{"rendered":"https:\/\/granagroup.eu\/front-page\/"},"modified":"2024-03-20T11:26:48","modified_gmt":"2024-03-20T10:26:48","slug":"front-page","status":"publish","type":"page","link":"https:\/\/granagroup.eu\/sk\/","title":{"rendered":"Front Page"},"content":{"rendered":"\n<div class=\"wp-block-cloudweb-hero-slider alignfull\" style=\"--bg-color: null\" data-settings=\"{&quot;dots&quot;:false,&quot;arrows&quot;:false,&quot;infinite&quot;:false,&quot;speed&quot;:300,&quot;slidesToShow&quot;:1,&quot;slidesToScroll&quot;:1,&quot;autoplay&quot;:false,&quot;autoplaySpeed&quot;:3000}\">\n<div class=\"wp-block-cloudweb-hero-slide\"><img loading=\"lazy\" decoding=\"async\" class=\"wp-image-1100\" src=\"https:\/\/granagroup.eu\/wp-content\/uploads\/2023\/12\/shutterstock_107643413-scaled.jpg\" alt=\"\" width=\"2560\" height=\"1707\" srcset=\"https:\/\/granagroup.eu\/wp-content\/uploads\/2023\/12\/shutterstock_107643413-scaled.jpg 2560w, https:\/\/granagroup.eu\/wp-content\/uploads\/2023\/12\/shutterstock_107643413-300x200.jpg 300w, https:\/\/granagroup.eu\/wp-content\/uploads\/2023\/12\/shutterstock_107643413-1024x683.jpg 1024w, https:\/\/granagroup.eu\/wp-content\/uploads\/2023\/12\/shutterstock_107643413-768x512.jpg 768w, https:\/\/granagroup.eu\/wp-content\/uploads\/2023\/12\/shutterstock_107643413-1536x1024.jpg 1536w, https:\/\/granagroup.eu\/wp-content\/uploads\/2023\/12\/shutterstock_107643413-2048x1365.jpg 2048w\" sizes=\"auto, (max-width: 2560px) 100vw, 2560px\" \/><\/div>\n<\/div>\n\n\n\n<div style=\"height:50px\" aria-hidden=\"true\" class=\"wp-block-spacer\"><\/div>\n\n\n\n<div class=\"wp-block-cloudweb-partnership\">\n<div class=\"wp-block-cloudweb-partnership-intro\">\n<h2 class=\"wp-block-heading\"><strong><strong>Siln\u00fd partner<\/strong><\/strong><\/h2>\n\n\n\n<p>Kvalitn\u00e9 v\u00fdrobky a spo\u013eahliv\u00e9 slu\u017eby.<\/p>\n\n\n\n<p>Produsele cu calitate verificat\u0103 \u0219i serviciile de logistic\u0103 punctuale sunt cheia succesului nostru. Datorit\u0103 experien\u021bei \u00eendelungate \u0219i comer\u021bului eficient \u0219i de succes cu cereale, oferim asisten\u021b\u0103 optim\u0103 clien\u021bilor dumneavoastr\u0103. Angaja\u021bi interna\u021bionali la toate nivelurile \u0219i speciali\u0219ti cu cuno\u0219tin\u021be excelente \u00een comer\u021b, logistic\u0103 \u0219i asigurarea calit\u0103\u021bii garanteaz\u0103 un nivel constant ridicat al serviciilor.<\/p>\n\n\n\n<div class=\"wp-block-button is-style-fill is-style-fill--1\"><a class=\"wp-block-button__link wp-element-button\" href=\"https:\/\/granagroup.eu\/en\/contact-2\/\">Contact us<\/a><\/div>\n<\/div>\n\n\n\n<div class=\"wp-block-cloudweb-partnership-boxes\">\n<div class=\"wp-block-cloudweb-partnership-box\"><div class=\"partnership-box-icon\"><img loading=\"lazy\" decoding=\"async\" width=\"52\" height=\"56\" class=\"wp-image-1936\" src=\"https:\/\/granagroup.eu\/wp-content\/uploads\/2023\/12\/people_grana.svg\" alt=\"\"\/><\/div><h3><a href=\"https:\/\/granagroup.eu\/en\/mitarbeitende\/\" data-type=\"page\" data-id=\"305\">Competent team<\/a><\/h3><p>Our team of experts is always there to help and support you.<\/p><\/div>\n\n\n\n<div class=\"wp-block-cloudweb-partnership-box\"><div class=\"partnership-box-icon\"><img loading=\"lazy\" decoding=\"async\" width=\"50\" height=\"50\" class=\"wp-image-1984\" src=\"https:\/\/granagroup.eu\/wp-content\/uploads\/2023\/12\/home_grana-2.svg\" alt=\"\"\/><\/div><h3><a href=\"https:\/\/granagroup.eu\/en\/standorte\/\" data-type=\"page\" data-id=\"306\">5 locations<\/a><\/h3><p>Our geographical presence enables efficient and effective services.<\/p><\/div>\n\n\n\n<div class=\"wp-block-cloudweb-partnership-box\"><div class=\"partnership-box-icon\"><img loading=\"lazy\" decoding=\"async\" width=\"52\" height=\"49\" class=\"wp-image-1919\" src=\"https:\/\/granagroup.eu\/wp-content\/uploads\/2023\/12\/signature_grana.svg\" alt=\"\"\/><\/div><h3>Certification<\/h3><p>Our certificates emphasise our commitment to quality and safety.<\/p><\/div>\n\n\n\n<div class=\"wp-block-cloudweb-partnership-box\"><div class=\"partnership-box-icon\"><img loading=\"lazy\" decoding=\"async\" width=\"52\" height=\"53\" class=\"wp-image-1944\" src=\"https:\/\/granagroup.eu\/wp-content\/uploads\/2023\/12\/star_grana.svg\" alt=\"\"\/><\/div><h3><a href=\"https:\/\/granagroup.eu\/en\/geschichte\/\" data-type=\"page\" data-id=\"304\">Innovation<\/a><\/h3><p>We have been promoting innovation and building sustainable partnerships since 1918.<\/p><\/div>\n<\/div>\n<\/div>\n\n\n\n<div class=\"wp-block-cloudweb-offer-boxes\"><div class=\"offer-boxes-title\"><h2>What we offer<\/h2><\/div><div class=\"offer-boxes\">\n<div class=\"wp-block-cloudweb-offer-box\"><div class=\"offer-box\"><img loading=\"lazy\" decoding=\"async\" src=\"https:\/\/granagroup.eu\/wp-content\/uploads\/2023\/12\/shutterstock_1218690271-620x1242.jpg\" alt=\"\" width=\"2560\" height=\"1704\"\/><div class=\"offer-box-content\">\n<h2 class=\"wp-block-heading\">Konven\u010dn\u00fd obchod<\/h2>\n\n\n\n<p><strong><a href=\"https:\/\/granagroup.eu\/sk\/getreide\/\" data-type=\"page\" data-id=\"3511\">Obilniny<\/a><\/strong><\/p>\n\n\n\n<p><strong><a href=\"https:\/\/granagroup.eu\/sk\/leguminosen\/\" data-type=\"page\" data-id=\"3513\">Strukoviny<\/a><\/strong><\/p>\n\n\n\n<p><a href=\"https:\/\/granagroup.eu\/sk\/oelsaaten-und-pflanzenoele\/\" data-type=\"page\" data-id=\"3515\">Oilseeds and vegetable oils<\/a><\/p>\n\n\n\n<p><a href=\"https:\/\/granagroup.eu\/sk\/futterproteine\/\" data-type=\"page\" data-id=\"3516\"><strong>Bielkovinov\u00e9 krmiv\u00e1<\/strong><\/a><\/p>\n\n\n\n<p><strong><a href=\"https:\/\/granagroup.eu\/sk\/nebenprodukte\/\" data-type=\"page\" data-id=\"3517\">Ved\u013eaj\u0161ie produkty<\/a><\/strong><\/p>\n<\/div><\/div><\/div>\n\n\n\n<div class=\"wp-block-cloudweb-offer-box\"><div class=\"offer-box\"><img loading=\"lazy\" decoding=\"async\" src=\"https:\/\/granagroup.eu\/wp-content\/uploads\/2023\/11\/lebensmittel-620x1242.jpg\" alt=\"\" width=\"1080\" height=\"1863\"\/><div class=\"offer-box-content\">\n<h2 class=\"wp-block-heading\"><a href=\"https:\/\/granagroup.eu\/sk\/handel-bio\/\" data-type=\"page\" data-id=\"1759\">Bio Obchod<\/a><\/h2>\n<\/div><\/div><\/div>\n\n\n\n<div class=\"wp-block-cloudweb-offer-box\"><div class=\"offer-box\"><img loading=\"lazy\" decoding=\"async\" src=\"https:\/\/granagroup.eu\/wp-content\/uploads\/2023\/11\/lager-logistik-620x1242.jpg\" alt=\"\" width=\"1080\" height=\"1863\"\/><div class=\"offer-box-content\">\n<h2 class=\"wp-block-heading\"><a href=\"https:\/\/granagroup.eu\/sk\/logistika\/\" data-type=\"page\" data-id=\"3521\">Logistika<\/a><\/h2>\n<\/div><\/div><\/div>\n<\/div><\/div>\n\n\n\n<h2 class=\"wp-block-heading\">Locations<\/h2>\n\n\n<div class=\"wp-block-cloudweb-standorte\">\n\t<div class=\"standorte\">\n\t\t<div class=\"standorte-title\">\n\t\t\t<h2><\/h2>\n\t\t<\/div>\n\t\t<div class=\"standorte-content\">\n\t\t\t<div class=\"standorte-map-wrapper\">\n\t\t\t\t<div class=\"standorte-map\">\n\t\t\t\t\t<img decoding=\"async\" class=\"standorte-map-img\" src=\"https:\/\/granagroup.eu\/wp-content\/uploads\/2023\/12\/karte_fe-standorte-Europa.png\"\n\t\t\t\t\t\t alt=\"\">\n\t\t\t\t<\/div>\n\t\t\t\t<div class=\"standorte-map-pins\">\n\t\t\t\t\t<div class=\"standorte-map-pin\" data-x=\"42.406445593\" data-y=\"71.8902169373\" data-id=\"0\"><i class=\"icon icon-pin\"><\/i><\/div><div class=\"standorte-map-pin\" data-x=\"49.0559770026\" data-y=\"71.7647540805\" data-id=\"1\"><i class=\"icon icon-pin\"><\/i><\/div><div class=\"standorte-map-pin\" data-x=\"51.0633827111\" data-y=\"60.8494855403\" data-id=\"2\"><i class=\"icon icon-pin\"><\/i><\/div><div class=\"standorte-map-pin\" data-x=\"58.7166169749\" data-y=\"67.1226283795\" data-id=\"3\"><i class=\"icon icon-pin\"><\/i><\/div><div class=\"standorte-map-pin\" data-x=\"66.4618461204\" data-y=\"75.3652255063\" data-id=\"4\"><i class=\"icon icon-pin\"><\/i><\/div>\t\t\t\t<\/div>\n\t\t\t<\/div>\n\t\t\t<div class=\"standorte-sidebar\">\n\t\t\t\t<div class=\"standorte-sidebar-item close\" data-id=\"0\"><div class=\"standorte-sidebar-item-title\"><h3>L\u00f6rrach<\/h3><\/div><div class=\"standorte-sidebar-item-content\"><p><strong>granaagro Deutschland GmbH<br><\/strong>Weiler Strasse 7<br>79540\u00a0L\u00f6rrach<br>Deutschland<\/p><div class=\"standorte-sidebar-item-content-footer\"><p><span>Tel.<\/span> <a href=\"tel:+4976215879020\" itemprop=\"telephone\" title=\"Call us\">+49 7621 587 9020<\/a><\/p><\/div><\/div><\/div><div class=\"standorte-sidebar-item close\" data-id=\"1\"><div class=\"standorte-sidebar-item-title\"><h3>Kiefersfelden<\/h3><\/div><div class=\"standorte-sidebar-item-content\"><p><strong>granaagro Deutschland GmbH<br><\/strong>Marmorwerkstrasse 60<br>83088 Kiefersfelden<br>Deutschland<\/p><div class=\"standorte-sidebar-item-content-footer\"><p><span>Tel.<\/span> <a href=\"tel:+4980333046620\" itemprop=\"telephone\" title=\"Call us\">+49 8033 304 6620<\/a><\/p><\/div><\/div><\/div><div class=\"standorte-sidebar-item close\" data-id=\"2\"><div class=\"standorte-sidebar-item-title\"><h3>Berlin<\/h3><\/div><div class=\"standorte-sidebar-item-content\"><p><strong>granaagro Deutschland GmbH<br><\/strong>Alte Jakobstrasse 85\/86<br>10179 Berlin<br>Deutschland<\/p><div class=\"standorte-sidebar-item-content-footer\"><p><span>Tel.<\/span> <a href=\"tel:+4930300109800\u00a0\" itemprop=\"telephone\" title=\"Call us\">+49 3030 010 9800\u00a0<\/a><\/p><\/div><\/div><\/div><div class=\"standorte-sidebar-item close\" data-id=\"3\"><div class=\"standorte-sidebar-item-title\"><h3>Olomouc<\/h3><\/div><div class=\"standorte-sidebar-item-content\"><p><strong>granaagro Czechia s.r.o.<br><\/strong>Jungmannova 802<br>Hodolany<br>779 00 Olomouc<br>Tschechische Republik<\/p><div class=\"standorte-sidebar-item-content-footer\"><p><span>Tel.<\/span> <a href=\"tel:+420585757100\" itemprop=\"telephone\" title=\"Call us\">+42 0585 757 100<\/a><\/p><\/div><\/div><\/div><div class=\"standorte-sidebar-item close\" data-id=\"4\"><div class=\"standorte-sidebar-item-title\"><h3>Giroc<\/h3><\/div><div class=\"standorte-sidebar-item-content\"><p><strong>granaagro Danubia s.r.l.<br><\/strong>Strada arge\u015fului no. 14\/1<br>307220 Giroc<br>Rum\u00e4nien<\/p><div class=\"standorte-sidebar-item-content-footer\"><p><span>Tel.<\/span> <a href=\"tel:+40729056114\" itemprop=\"telephone\" title=\"Call us\">+40 729 056 114<\/a><\/p><\/div><\/div><\/div>\t\t\t<\/div>\n\t\t<\/div>\n\t<\/div>\n<\/div>\n","protected":false},"excerpt":{"rendered":"<p>Locations<\/p>\n","protected":false},"author":2,"featured_media":0,"parent":0,"menu_order":0,"comment_status":"closed","ping_status":"closed","template":"","meta":{"_acf_changed":false,"inline_featured_image":false,"_genesis_hide_title":false,"_genesis_hide_breadcrumbs":false,"_genesis_hide_singular_image":false,"_genesis_hide_footer_widgets":false,"_genesis_custom_body_class":"","_genesis_custom_post_class":"","_genesis_layout":"","footnotes":""},"class_list":{"0":"post-3544","1":"page","2":"type-page","3":"status-publish","5":"entry"},"acf":[],"_links":{"self":[{"href":"https:\/\/granagroup.eu\/sk\/wp-json\/wp\/v2\/pages\/3544","targetHints":{"allow":["GET"]}}],"collection":[{"href":"https:\/\/granagroup.eu\/sk\/wp-json\/wp\/v2\/pages"}],"about":[{"href":"https:\/\/granagroup.eu\/sk\/wp-json\/wp\/v2\/types\/page"}],"author":[{"embeddable":true,"href":"https:\/\/granagroup.eu\/sk\/wp-json\/wp\/v2\/users\/2"}],"replies":[{"embeddable":true,"href":"https:\/\/granagroup.eu\/sk\/wp-json\/wp\/v2\/comments?post=3544"}],"version-history":[{"count":0,"href":"https:\/\/granagroup.eu\/sk\/wp-json\/wp\/v2\/pages\/3544\/revisions"}],"wp:attachment":[{"href":"https:\/\/granagroup.eu\/sk\/wp-json\/wp\/v2\/media?parent=3544"}],"curies":[{"name":"wp","href":"https:\/\/api.w.org\/{rel}","templated":true}]}}